{"id":14491,"date":"2025-01-19T15:04:46","date_gmt":"2025-01-19T14:04:46","guid":{"rendered":"https:\/\/dekohra.eu\/?post_type=product&#038;p=14491"},"modified":"2025-06-09T09:54:12","modified_gmt":"2025-06-09T07:54:12","slug":"svatebni-visacka-na-dvere-nerusit-3ks","status":"publish","type":"product","link":"https:\/\/dekohra.eu\/de\/produkt\/svatebni-visacka-na-dvere-nerusit-3ks\/","title":{"rendered":"H\u00f6lzernes T\u00fcrschild zur Hochzeit. Bitte nicht st\u00f6ren! 3 St\u00fcck"},"content":{"rendered":"<h2 style=\"text-align: left;\">T\u00fcrschild aus Holz f\u00fcr die Hochzeit. Bitte nicht st\u00f6ren! 3 St\u00fcck<\/h2>\n<p>T\u00fcrschild aus Holz f\u00fcr die Hochzeit. Bitte nicht st\u00f6ren! Es ist das perfekte Accessoire f\u00fcr Brautpaare oder Hochzeitsg\u00e4ste. Ideal, um an Ihrem Hochzeitstag, in den Flitterwochen oder in der Hochzeitsnacht Privatsph\u00e4re zu gew\u00e4hrleisten. Diese stilvollen Anh\u00e4nger sind nicht nur praktisch, sondern auch ein romantisches und geschmackvolles Detail.<\/p>\n<h3>Hauptmerkmale:<\/h3>\n<ul>\n<li>Einfach an die T\u00fcrklinke zu h\u00e4ngen<\/li>\n<li>Geeignet als Geschenk oder praktische Erg\u00e4nzung zum Hochzeitspaket<\/li>\n<li>Stilvolles Design passend zur romantischen Atmosph\u00e4re des Hochzeitstages<\/li>\n<\/ul>\n<p>Das Paket enth\u00e4lt 3 Anh\u00e4nger, die Sie beispielsweise an der T\u00fcr einer Hochzeitssuite oder eines Hotelzimmers anbringen k\u00f6nnen. Die ideale M\u00f6glichkeit, Ihrer Hochzeit und ihren Details eine einzigartige und pers\u00f6nliche Note zu verleihen!<\/p>\n<h3>Parameter:<\/h3>\n<ul>\n<li><strong>Material:<\/strong> Pappelsperrholz<\/li>\n<li><strong>Produktdicke:\u00a0<\/strong>3 mm<\/li>\n<li><strong>Hersteller:\u00a0<\/strong><a href=\"http:\/\/dekohra.de\/\" target=\"_blank\" rel=\"noopener\">Dekohra.eu<\/a><\/li>\n<li><strong>Kategorie: <\/strong><a href=\"https:\/\/dekohra.eu\/de\/produkt-kategorie\/svatebni-vyzdoba\/\">Hochzeitsdekoration<\/a><\/li>\n<li><strong style=\"font-size: 16px;\">Produktabmessungen: 16 x 6 cm (3 St\u00fcck)<\/strong><\/li>\n<li>Paket: 3 st\u00fccke<\/li>\n<\/ul>\n<p>&nbsp;<\/p>","protected":false},"excerpt":{"rendered":"<p>D\u0159ev\u011bn\u00e1 svatebn\u00ed visa\u010dka na dve\u0159e Neru\u0161it! 3ks. D\u0159ev\u011bn\u00e1 svatebn\u00ed visa\u010dka na dve\u0159e Neru\u0161it!\u00a0 je perfektn\u00edm dopl\u0148kem pro novoman\u017eele nebo svatebn\u00ed [&hellip;]<\/p>","protected":false},"featured_media":15954,"comment_status":"open","ping_status":"closed","template":"","meta":{"site-sidebar-layout":"default","site-content-layout":"","ast-site-content-layout":"default","site-content-style":"default","site-sidebar-style":"default","ast-global-header-display":"","ast-banner-title-visibility":"","ast-main-header-display":"","ast-hfb-above-header-display":"","ast-hfb-below-header-display":"","ast-hfb-mobile-header-display":"","site-post-title":"","ast-breadcrumbs-content":"","ast-featured-img":"","footer-sml-layout":"","theme-transparent-header-meta":"default","adv-header-id-meta":"","stick-header-meta":"","header-above-stick-meta":"","header-main-stick-meta":"","header-below-stick-meta":"","astra-migrate-meta-layouts":"set","ast-page-background-enabled":"default","ast-page-background-meta":{"desktop":{"background-color":"var(--ast-global-color-4)","background-image":"","background-repeat":"repeat","background-position":"center center","background-size":"auto","background-attachment":"scroll","background-type":"","background-media":"","overlay-type":"","overlay-color":"","overlay-opacity":"","overlay-gradient":""},"tablet":{"background-color":"","background-image":"","background-repeat":"repeat","background-position":"center center","background-size":"auto","background-attachment":"scroll","background-type":"","background-media":"","overlay-type":"","overlay-color":"","overlay-opacity":"","overlay-gradient":""},"mobile":{"background-color":"","background-image":"","background-repeat":"repeat","background-position":"center center","background-size":"auto","background-attachment":"scroll","background-type":"","background-media":"","overlay-type":"","overlay-color":"","overlay-opacity":"","overlay-gradient":""}},"ast-content-background-meta":{"desktop":{"background-color":"var(--ast-global-color-5)","background-image":"","background-repeat":"repeat","background-position":"center center","background-size":"auto","background-attachment":"scroll","background-type":"","background-media":"","overlay-type":"","overlay-color":"","overlay-opacity":"","overlay-gradient":""},"tablet":{"background-color":"var(--ast-global-color-5)","background-image":"","background-repeat":"repeat","background-position":"center center","background-size":"auto","background-attachment":"scroll","background-type":"","background-media":"","overlay-type":"","overlay-color":"","overlay-opacity":"","overlay-gradient":""},"mobile":{"background-color":"var(--ast-global-color-5)","background-image":"","background-repeat":"repeat","background-position":"center center","background-size":"auto","background-attachment":"scroll","background-type":"","background-media":"","overlay-type":"","overlay-color":"","overlay-opacity":"","overlay-gradient":""}},"jetpack_post_was_ever_published":false},"product_brand":[],"product_cat":[558],"product_tag":[],"class_list":{"0":"post-14491","1":"product","2":"type-product","3":"status-publish","4":"has-post-thumbnail","6":"product_cat-svatebni-vyzdoba","7":"pa_vlastni-text-bez-vlastniho-textu","8":"pa_vlastni-text-s-vlastnim-textem","9":"desktop-align-left","10":"tablet-align-left","11":"mobile-align-left","13":"first","14":"instock","15":"featured","16":"shipping-taxable","17":"purchasable","18":"product-type-variable"},"jetpack_sharing_enabled":true,"_links":{"self":[{"href":"https:\/\/dekohra.eu\/de\/wp-json\/wp\/v2\/product\/14491","targetHints":{"allow":["GET"]}}],"collection":[{"href":"https:\/\/dekohra.eu\/de\/wp-json\/wp\/v2\/product"}],"about":[{"href":"https:\/\/dekohra.eu\/de\/wp-json\/wp\/v2\/types\/product"}],"replies":[{"embeddable":true,"href":"https:\/\/dekohra.eu\/de\/wp-json\/wp\/v2\/comments?post=14491"}],"wp:featuredmedia":[{"embeddable":true,"href":"https:\/\/dekohra.eu\/de\/wp-json\/wp\/v2\/media\/15954"}],"wp:attachment":[{"href":"https:\/\/dekohra.eu\/de\/wp-json\/wp\/v2\/media?parent=14491"}],"wp:term":[{"taxonomy":"product_brand","embeddable":true,"href":"https:\/\/dekohra.eu\/de\/wp-json\/wp\/v2\/product_brand?post=14491"},{"taxonomy":"product_cat","embeddable":true,"href":"https:\/\/dekohra.eu\/de\/wp-json\/wp\/v2\/product_cat?post=14491"},{"taxonomy":"product_tag","embeddable":true,"href":"https:\/\/dekohra.eu\/de\/wp-json\/wp\/v2\/product_tag?post=14491"}],"curies":[{"name":"wp","href":"https:\/\/api.w.org\/{rel}","templated":true}]}}