{"id":14497,"date":"2025-01-19T15:16:54","date_gmt":"2025-01-19T14:16:54","guid":{"rendered":"https:\/\/dekohra.eu\/?post_type=product&#038;p=14497"},"modified":"2025-06-02T13:20:57","modified_gmt":"2025-06-02T11:20:57","slug":"drevena-pokladnicka-kadibudka","status":"publish","type":"product","link":"https:\/\/dekohra.eu\/de\/produkt\/drevena-pokladnicka-kadibudka\/","title":{"rendered":"Spardose aus Holz \u2013 Kadibudka"},"content":{"rendered":"<h2 style=\"text-align: left;\">Spardose aus Holz \u2013 Kadibudka.<\/h2>\n<div class=\"group\/conversation-turn relative flex w-full min-w-0 flex-col agent-turn\">\n<div class=\"flex-col gap-1 md:gap-3\">\n<div class=\"flex flex-grow flex-col max-w-full\">\n<div class=\"min-h-[20px] text-message flex w-full flex-col items-end gap-2 whitespace-pre-wrap break-words [.text-message+&amp;]:mt-5 overflow-x-auto\" dir=\"auto\" data-message-author-role=\"assistant\" data-message-id=\"78d9b41f-f71f-4932-8465-41e2605e60c6\">\n<div class=\"flex w-full flex-col gap-1 empty:hidden first:pt-[3px]\">\n<div class=\"markdown prose w-full break-words dark:prose-invert light\">\n<p>Die originelle Spardose aus Holz in Form einer Schatulle ist eine lustige und praktische Erg\u00e4nzung f\u00fcr jeden Haushalt. Diese handgefertigte Spardose begeistert nicht nur durch ihr originelles Design, sondern auch durch ihre Funktionalit\u00e4t. Ein tolles Geschenk f\u00fcr alle mit Sinn f\u00fcr Humor!<\/p>\n<h3>Produktspezifikationen:<\/h3>\n<ul>\n<li><strong>Material:<\/strong> Qualit\u00e4tsholz (Pappelsperrholz)<\/li>\n<li><strong>Design:<\/strong> Detaillierte Verarbeitung in Form einer Toilette mit witzigen Elementen<\/li>\n<li><strong>M\u00fcnzeinwurf:<\/strong> Auf dem Dach der H\u00fctte<\/li>\n<li><strong>Geld abladen:<\/strong> Boden oder T\u00fcr leicht abnehmbar<\/li>\n<\/ul>\n<h3>Hauptmerkmale:<\/h3>\n<ul>\n<li>Handgefertigt und \u00f6kologisch<\/li>\n<li>Praktisch und dekorativ zugleich<\/li>\n<li>Ein tolles Geschenk f\u00fcr Freunde, Familie oder Kollegen<\/li>\n<\/ul>\n<p>Die Spardose \u201eKadibudka\u201c ist nicht nur ein Ort zum Sparen, sondern auch ein fr\u00f6hliches St\u00fcck, das das Interieur aufhellt und jedem Betrachter ein L\u00e4cheln ins Gesicht zaubert.<\/p>\n<\/div>\n<h3>Parameter:<\/h3>\n<ul>\n<li style=\"list-style-type: none;\">\n<ul>\n<li style=\"list-style-type: none;\">\n<ul>\n<li style=\"list-style-type: none;\">\n<ul>\n<li><strong>Material:<\/strong> Pappelsperrholz<\/li>\n<li><strong>Produktdicke:\u00a0<\/strong>3 mm<\/li>\n<li><strong>Hersteller:\u00a0<\/strong><a href=\"http:\/\/dekohra.de\/\" target=\"_blank\" rel=\"noopener\">Dekohra.eu<\/a><\/li>\n<li><strong>Kategorie: <\/strong><a href=\"https:\/\/dekohra.eu\/de\/produkt-kategorie\/darky\/drevene-pokladnicky\/\">Spardosen aus Holz<\/a><\/li>\n<li><strong>Technologie:\u00a0<\/strong><a href=\"https:\/\/dekohra.eu\/de\/moderni-laserova-technologie-rezani-a-gravirovani\/\">Moderne Laserschneidtechnologie<\/a><\/li>\n<li><strong>Abmessungen:<\/strong> 8,5 x 8,5 x 11 cm<\/li>\n<li><strong>Benutzerdefinierter Text:<\/strong> M\u00f6glichkeit, den Text auf der Toilettent\u00fcr zu \u00e4ndern<\/li>\n<\/ul>\n<\/li>\n<\/ul>\n<\/li>\n<\/ul>\n<\/li>\n<\/ul>\n<\/div>\n<\/div>\n<\/div>\n<\/div>\n<\/div>\n<p><img decoding=\"async\" class=\"lazyloaded\" src=\"https:\/\/dekohra.eu\/_obchody\/go4874\/prilohy\/4\/vyber-velikosti.jpg.big.jpg\" alt=\"\" width=\"500\" data-src=\"https:\/\/dekohra.eu\/_obchody\/go4874\/prilohy\/4\/vyber-velikosti.jpg.big.jpg\" \/><\/p>\n<p>&nbsp;<\/p>\n<p>&nbsp;<\/p>","protected":false},"excerpt":{"rendered":"<p>D\u0159ev\u011bn\u00e1 pokladni\u010dka &#8211; Kadibudka. Origin\u00e1ln\u00ed d\u0159ev\u011bn\u00e1 pokladni\u010dka ve tvaru kadibudky je z\u00e1bavn\u00fdm a praktick\u00fdm dopl\u0148kem do ka\u017ed\u00e9 dom\u00e1cnosti. Tato ru\u010dn\u011b [&hellip;]<\/p>","protected":false},"featured_media":15975,"comment_status":"open","ping_status":"closed","template":"","meta":{"site-sidebar-layout":"default","site-content-layout":"","ast-site-content-layout":"default","site-content-style":"default","site-sidebar-style":"default","ast-global-header-display":"","ast-banner-title-visibility":"","ast-main-header-display":"","ast-hfb-above-header-display":"","ast-hfb-below-header-display":"","ast-hfb-mobile-header-display":"","site-post-title":"","ast-breadcrumbs-content":"","ast-featured-img":"","footer-sml-layout":"","theme-transparent-header-meta":"default","adv-header-id-meta":"","stick-header-meta":"","header-above-stick-meta":"","header-main-stick-meta":"","header-below-stick-meta":"","astra-migrate-meta-layouts":"set","ast-page-background-enabled":"default","ast-page-background-meta":{"desktop":{"background-color":"var(--ast-global-color-4)","background-image":"","background-repeat":"repeat","background-position":"center center","background-size":"auto","background-attachment":"scroll","background-type":"","background-media":"","overlay-type":"","overlay-color":"","overlay-opacity":"","overlay-gradient":""},"tablet":{"background-color":"","background-image":"","background-repeat":"repeat","background-position":"center center","background-size":"auto","background-attachment":"scroll","background-type":"","background-media":"","overlay-type":"","overlay-color":"","overlay-opacity":"","overlay-gradient":""},"mobile":{"background-color":"","background-image":"","background-repeat":"repeat","background-position":"center center","background-size":"auto","background-attachment":"scroll","background-type":"","background-media":"","overlay-type":"","overlay-color":"","overlay-opacity":"","overlay-gradient":""}},"ast-content-background-meta":{"desktop":{"background-color":"var(--ast-global-color-5)","background-image":"","background-repeat":"repeat","background-position":"center center","background-size":"auto","background-attachment":"scroll","background-type":"","background-media":"","overlay-type":"","overlay-color":"","overlay-opacity":"","overlay-gradient":""},"tablet":{"background-color":"var(--ast-global-color-5)","background-image":"","background-repeat":"repeat","background-position":"center center","background-size":"auto","background-attachment":"scroll","background-type":"","background-media":"","overlay-type":"","overlay-color":"","overlay-opacity":"","overlay-gradient":""},"mobile":{"background-color":"var(--ast-global-color-5)","background-image":"","background-repeat":"repeat","background-position":"center center","background-size":"auto","background-attachment":"scroll","background-type":"","background-media":"","overlay-type":"","overlay-color":"","overlay-opacity":"","overlay-gradient":""}},"jetpack_post_was_ever_published":false},"product_brand":[],"product_cat":[856],"product_tag":[],"class_list":{"0":"post-14497","1":"product","2":"type-product","3":"status-publish","4":"has-post-thumbnail","6":"product_cat-drevene-pokladnicky-a-krabicky","7":"pa_vlastni-text-bez-vlastniho-textu","8":"pa_vlastni-text-s-vlastnim-textem","9":"desktop-align-left","10":"tablet-align-left","11":"mobile-align-left","13":"first","14":"instock","15":"shipping-taxable","16":"purchasable","17":"product-type-variable"},"jetpack_sharing_enabled":true,"_links":{"self":[{"href":"https:\/\/dekohra.eu\/de\/wp-json\/wp\/v2\/product\/14497","targetHints":{"allow":["GET"]}}],"collection":[{"href":"https:\/\/dekohra.eu\/de\/wp-json\/wp\/v2\/product"}],"about":[{"href":"https:\/\/dekohra.eu\/de\/wp-json\/wp\/v2\/types\/product"}],"replies":[{"embeddable":true,"href":"https:\/\/dekohra.eu\/de\/wp-json\/wp\/v2\/comments?post=14497"}],"wp:featuredmedia":[{"embeddable":true,"href":"https:\/\/dekohra.eu\/de\/wp-json\/wp\/v2\/media\/15975"}],"wp:attachment":[{"href":"https:\/\/dekohra.eu\/de\/wp-json\/wp\/v2\/media?parent=14497"}],"wp:term":[{"taxonomy":"product_brand","embeddable":true,"href":"https:\/\/dekohra.eu\/de\/wp-json\/wp\/v2\/product_brand?post=14497"},{"taxonomy":"product_cat","embeddable":true,"href":"https:\/\/dekohra.eu\/de\/wp-json\/wp\/v2\/product_cat?post=14497"},{"taxonomy":"product_tag","embeddable":true,"href":"https:\/\/dekohra.eu\/de\/wp-json\/wp\/v2\/product_tag?post=14497"}],"curies":[{"name":"wp","href":"https:\/\/api.w.org\/{rel}","templated":true}]}}