{"id":14503,"date":"2025-01-19T15:29:31","date_gmt":"2025-01-19T14:29:31","guid":{"rendered":"https:\/\/dekohra.eu\/?post_type=product&#038;p=14503"},"modified":"2025-05-22T11:30:43","modified_gmt":"2025-05-22T09:30:43","slug":"originalni-pokladnicka-na-365dni","status":"publish","type":"product","link":"https:\/\/dekohra.eu\/de\/produkt\/originalni-pokladnicka-na-365dni\/","title":{"rendered":"Original 365 Tage Spardose \u2013 Gro\u00dfe XXL Spardose"},"content":{"rendered":"<h2 style=\"text-align: left;\">Originelle 365-Tage-Spardose.<\/h2>\n<div class=\"group\/conversation-turn relative flex w-full min-w-0 flex-col agent-turn\">\n<div class=\"flex-col gap-1 md:gap-3\">\n<div class=\"flex flex-grow flex-col max-w-full\">\n<div class=\"min-h-[20px] text-message flex w-full flex-col items-end gap-2 whitespace-pre-wrap break-words [.text-message+&amp;]:mt-5 overflow-x-auto\" dir=\"auto\" data-message-author-role=\"assistant\" data-message-id=\"78d9b41f-f71f-4932-8465-41e2605e60c6\">\n<div class=\"flex w-full flex-col gap-1 empty:hidden first:pt-[3px]\">\n<div class=\"markdown prose w-full break-words dark:prose-invert light\">\n<p>Das Original 365-Tage-Sparschwein - Die XXL-Gro\u00dfspardose ist ein tolles Tool zum schrittweisen Sparen und als Motivation, um Ihre finanziellen Ziele innerhalb eines Jahres zu erreichen. Sie zahlen jeden Tag einen kleinen Betrag ein, der Ihnen am Ende des Jahres eine angenehme \u00dcberraschung beschert. Ideal als Geschenk oder um sich selbst eine Freude zu machen.<\/p>\n<h3>Produktspezifikationen:<\/h3>\n<ul>\n<li><strong>Material:<\/strong> Hochwertiges Sperrholz<\/li>\n<li><strong>Design:<\/strong> Moderner und eleganter Look mit Zifferblatt und Tages-Countdown.<\/li>\n<li><strong>Geld einzahlen:<\/strong> M\u00fcnz- oder Geldscheinschlitz oben<\/li>\n<li><strong>\u00d6ffnen der Kasse:<\/strong> Einfaches System (R\u00fcckseite bzw. Boden abnehmbar)<\/li>\n<\/ul>\n<h3>Hauptmerkmale:<\/h3>\n<ul>\n<li>Ein praktisches Tool f\u00fcr die Recherche das ganze Jahr \u00fcber<\/li>\n<li>Design, das zu verschiedenen Einrichtungsstilen passt<\/li>\n<li>Geeignet als Geschenk zum Geburtstag, Neujahr oder anderen Anl\u00e4ssen<\/li>\n<\/ul>\n<p>Die 365-Tage-Spardose ist nicht nur funktional, sondern auch inspirierend. Es wird Sie jeden Tag daran erinnern, dass auch kleine Betr\u00e4ge gro\u00dfe Ergebnisse bringen k\u00f6nnen. Perfekt f\u00fcr alle, die auf spielerische Weise Geld sparen m\u00f6chten!<\/p>\n<\/div>\n<h3>Parameter:<\/h3>\n<ul>\n<li style=\"list-style-type: none;\">\n<ul>\n<li style=\"list-style-type: none;\">\n<ul>\n<li style=\"list-style-type: none;\">\n<ul>\n<li><strong>Material:<\/strong> Pappelsperrholz<\/li>\n<li><strong>Produktdicke:\u00a0<\/strong>3 mm<\/li>\n<li><strong>Hersteller:\u00a0<\/strong><a href=\"http:\/\/dekohra.de\/\" target=\"_blank\" rel=\"noopener\">Dekohra.eu<\/a><\/li>\n<li><strong>Kategorie: <\/strong><a href=\"https:\/\/dekohra.eu\/de\/produkt-kategorie\/darky\/drevene-pokladnicky\/\">Spardosen aus Holz<\/a><\/li>\n<li><strong>Technologie:\u00a0<\/strong><a href=\"https:\/\/dekohra.eu\/de\/moderni-laserova-technologie-rezani-a-gravirovani\/\">Moderne Laserschneidtechnologie<\/a><\/li>\n<li><strong>Abmessungen:<\/strong> 25 x 20 x 17cm<\/li>\n<\/ul>\n<\/li>\n<\/ul>\n<\/li>\n<\/ul>\n<\/li>\n<\/ul>\n<\/div>\n<\/div>\n<\/div>\n<\/div>\n<\/div>\n<p><img decoding=\"async\" class=\"lazyloaded\" src=\"https:\/\/dekohra.eu\/_obchody\/go4874\/prilohy\/4\/vyber-velikosti.jpg.big.jpg\" alt=\"\" width=\"500\" data-src=\"https:\/\/dekohra.eu\/_obchody\/go4874\/prilohy\/4\/vyber-velikosti.jpg.big.jpg\" \/><\/p>\n<p>&nbsp;<\/p>\n<p>&nbsp;<\/p>","protected":false},"excerpt":{"rendered":"<p>Original Spardose f\u00fcr 365 Tage. Die gro\u00dfe XXL-Spardose ist ideal zum schrittweisen Sparen und zur Motivation [\u2026]<\/p>","protected":false},"featured_media":15992,"comment_status":"open","ping_status":"closed","template":"","meta":{"site-sidebar-layout":"default","site-content-layout":"","ast-site-content-layout":"default","site-content-style":"default","site-sidebar-style":"default","ast-global-header-display":"","ast-banner-title-visibility":"","ast-main-header-display":"","ast-hfb-above-header-display":"","ast-hfb-below-header-display":"","ast-hfb-mobile-header-display":"","site-post-title":"","ast-breadcrumbs-content":"","ast-featured-img":"","footer-sml-layout":"","theme-transparent-header-meta":"default","adv-header-id-meta":"","stick-header-meta":"","header-above-stick-meta":"","header-main-stick-meta":"","header-below-stick-meta":"","astra-migrate-meta-layouts":"set","ast-page-background-enabled":"default","ast-page-background-meta":{"desktop":{"background-color":"var(--ast-global-color-4)","background-image":"","background-repeat":"repeat","background-position":"center center","background-size":"auto","background-attachment":"scroll","background-type":"","background-media":"","overlay-type":"","overlay-color":"","overlay-opacity":"","overlay-gradient":""},"tablet":{"background-color":"","background-image":"","background-repeat":"repeat","background-position":"center center","background-size":"auto","background-attachment":"scroll","background-type":"","background-media":"","overlay-type":"","overlay-color":"","overlay-opacity":"","overlay-gradient":""},"mobile":{"background-color":"","background-image":"","background-repeat":"repeat","background-position":"center center","background-size":"auto","background-attachment":"scroll","background-type":"","background-media":"","overlay-type":"","overlay-color":"","overlay-opacity":"","overlay-gradient":""}},"ast-content-background-meta":{"desktop":{"background-color":"var(--ast-global-color-5)","background-image":"","background-repeat":"repeat","background-position":"center center","background-size":"auto","background-attachment":"scroll","background-type":"","background-media":"","overlay-type":"","overlay-color":"","overlay-opacity":"","overlay-gradient":""},"tablet":{"background-color":"var(--ast-global-color-5)","background-image":"","background-repeat":"repeat","background-position":"center center","background-size":"auto","background-attachment":"scroll","background-type":"","background-media":"","overlay-type":"","overlay-color":"","overlay-opacity":"","overlay-gradient":""},"mobile":{"background-color":"var(--ast-global-color-5)","background-image":"","background-repeat":"repeat","background-position":"center center","background-size":"auto","background-attachment":"scroll","background-type":"","background-media":"","overlay-type":"","overlay-color":"","overlay-opacity":"","overlay-gradient":""}},"jetpack_post_was_ever_published":false},"product_brand":[],"product_cat":[856],"product_tag":[],"class_list":{"0":"post-14503","1":"product","2":"type-product","3":"status-publish","4":"has-post-thumbnail","6":"product_cat-drevene-pokladnicky-a-krabicky","7":"pa_vlastni-text-s-vlastnim-textem","8":"pa_vlastni-text-text-skrtni-policko-a-setri-penize-365denni-plan","9":"desktop-align-left","10":"tablet-align-left","11":"mobile-align-left","13":"first","14":"instock","15":"shipping-taxable","16":"purchasable","17":"product-type-variable","18":"has-default-attributes"},"jetpack_sharing_enabled":true,"_links":{"self":[{"href":"https:\/\/dekohra.eu\/de\/wp-json\/wp\/v2\/product\/14503","targetHints":{"allow":["GET"]}}],"collection":[{"href":"https:\/\/dekohra.eu\/de\/wp-json\/wp\/v2\/product"}],"about":[{"href":"https:\/\/dekohra.eu\/de\/wp-json\/wp\/v2\/types\/product"}],"replies":[{"embeddable":true,"href":"https:\/\/dekohra.eu\/de\/wp-json\/wp\/v2\/comments?post=14503"}],"wp:featuredmedia":[{"embeddable":true,"href":"https:\/\/dekohra.eu\/de\/wp-json\/wp\/v2\/media\/15992"}],"wp:attachment":[{"href":"https:\/\/dekohra.eu\/de\/wp-json\/wp\/v2\/media?parent=14503"}],"wp:term":[{"taxonomy":"product_brand","embeddable":true,"href":"https:\/\/dekohra.eu\/de\/wp-json\/wp\/v2\/product_brand?post=14503"},{"taxonomy":"product_cat","embeddable":true,"href":"https:\/\/dekohra.eu\/de\/wp-json\/wp\/v2\/product_cat?post=14503"},{"taxonomy":"product_tag","embeddable":true,"href":"https:\/\/dekohra.eu\/de\/wp-json\/wp\/v2\/product_tag?post=14503"}],"curies":[{"name":"wp","href":"https:\/\/api.w.org\/{rel}","templated":true}]}}