{"id":14515,"date":"2025-01-19T15:45:53","date_gmt":"2025-01-19T14:45:53","guid":{"rendered":"https:\/\/dekohra.eu\/?post_type=product&#038;p=14515"},"modified":"2025-06-09T09:52:17","modified_gmt":"2025-06-09T07:52:17","slug":"drevena-krabicka-na-prstynky","status":"publish","type":"product","link":"https:\/\/dekohra.eu\/de\/produkt\/drevena-krabicka-na-prstynky\/","title":{"rendered":"Ringschachtel aus Holz - Originelle Hochzeitsdekoration"},"content":{"rendered":"<h2 style=\"text-align: left;\">Ringschachtel aus Holz \u2013 Originelle Hochzeitsdekoration.<\/h2>\n<p>Eine Ringschachtel aus Holz ist das perfekte Accessoire f\u00fcr Ihren gro\u00dfen Tag. Es wurde von Hand aus hochwertigem Holz gefertigt und bietet ein romantisches und zeitloses Design, das Ihre Ringe sicher aufbewahrt und Ihrer Hochzeitszeremonie gleichzeitig Charme verleiht.<\/p>\n<h3>Produktspezifikationen:<\/h3>\n<ul>\n<li><strong>Material:<\/strong> Naturholz (Pappelsperrholz)<\/li>\n<li><strong>Design:<\/strong> Edle Gravuren oder Verzierungen nach Wunsch (z.B. Initialen, Hochzeitsdatum oder romantische Motive)<\/li>\n<\/ul>\n<h3>Hauptmerkmale:<\/h3>\n<ul>\n<li>Handgefertigt mit Liebe zum Detail<\/li>\n<li>\u00d6kologisches Produkt aus nat\u00fcrlichen Materialien<\/li>\n<li>M\u00f6glichkeit der Personalisierung nach Ihren W\u00fcnschen<\/li>\n<li>Ideal f\u00fcr den Einsatz bei der Zeremonie oder als Andenken an Ihrem Hochzeitstag.<\/li>\n<\/ul>\n<p>Eine Ringschachtel aus Holz ist nicht nur praktisch, sondern auch eine sch\u00f6ne Erinnerung an Ihren Hochzeitstag. Bewahren Sie Ihre Ringe mit Liebe und Stil auf!<\/p>\n<h3>Parameter:<\/h3>\n<ul>\n<li><strong>Material:<\/strong> Pappelsperrholz<\/li>\n<li><strong>Hersteller:\u00a0<\/strong><a href=\"http:\/\/dekohra.de\/\" target=\"_blank\" rel=\"noopener\">Dekohra.eu<\/a><\/li>\n<li><strong>Kategorie: <\/strong><a href=\"https:\/\/dekohra.eu\/de\/produkt-kategorie\/svatebni-vyzdoba\/\">Hochzeitsdekoration<\/a><\/li>\n<li><strong style=\"font-size: 16px;\">Produktabmessungen: 12,5 x 12,5 x 2 cm<\/strong><\/li>\n<\/ul>\n<p>&nbsp;<\/p>","protected":false},"excerpt":{"rendered":"<p>D\u0159ev\u011bn\u00e1 krabi\u010dka na prst\u00fdnky &#8211; Origin\u00e1ln\u00ed svatebn\u00ed dekorace. D\u0159ev\u011bn\u00e1 krabi\u010dka na prst\u00fdnky je dokonal\u00fdm dopl\u0148kem va\u0161eho velk\u00e9ho dne. Ru\u010dn\u011b vyr\u00e1b\u011bn\u00e1 [&hellip;]<\/p>","protected":false},"featured_media":15969,"comment_status":"open","ping_status":"closed","template":"","meta":{"site-sidebar-layout":"default","site-content-layout":"","ast-site-content-layout":"default","site-content-style":"default","site-sidebar-style":"default","ast-global-header-display":"","ast-banner-title-visibility":"","ast-main-header-display":"","ast-hfb-above-header-display":"","ast-hfb-below-header-display":"","ast-hfb-mobile-header-display":"","site-post-title":"","ast-breadcrumbs-content":"","ast-featured-img":"","footer-sml-layout":"","theme-transparent-header-meta":"default","adv-header-id-meta":"","stick-header-meta":"","header-above-stick-meta":"","header-main-stick-meta":"","header-below-stick-meta":"","astra-migrate-meta-layouts":"set","ast-page-background-enabled":"default","ast-page-background-meta":{"desktop":{"background-color":"var(--ast-global-color-4)","background-image":"","background-repeat":"repeat","background-position":"center center","background-size":"auto","background-attachment":"scroll","background-type":"","background-media":"","overlay-type":"","overlay-color":"","overlay-opacity":"","overlay-gradient":""},"tablet":{"background-color":"","background-image":"","background-repeat":"repeat","background-position":"center center","background-size":"auto","background-attachment":"scroll","background-type":"","background-media":"","overlay-type":"","overlay-color":"","overlay-opacity":"","overlay-gradient":""},"mobile":{"background-color":"","background-image":"","background-repeat":"repeat","background-position":"center center","background-size":"auto","background-attachment":"scroll","background-type":"","background-media":"","overlay-type":"","overlay-color":"","overlay-opacity":"","overlay-gradient":""}},"ast-content-background-meta":{"desktop":{"background-color":"var(--ast-global-color-5)","background-image":"","background-repeat":"repeat","background-position":"center center","background-size":"auto","background-attachment":"scroll","background-type":"","background-media":"","overlay-type":"","overlay-color":"","overlay-opacity":"","overlay-gradient":""},"tablet":{"background-color":"var(--ast-global-color-5)","background-image":"","background-repeat":"repeat","background-position":"center center","background-size":"auto","background-attachment":"scroll","background-type":"","background-media":"","overlay-type":"","overlay-color":"","overlay-opacity":"","overlay-gradient":""},"mobile":{"background-color":"var(--ast-global-color-5)","background-image":"","background-repeat":"repeat","background-position":"center center","background-size":"auto","background-attachment":"scroll","background-type":"","background-media":"","overlay-type":"","overlay-color":"","overlay-opacity":"","overlay-gradient":""}},"jetpack_post_was_ever_published":false},"product_brand":[],"product_cat":[558],"product_tag":[],"class_list":{"0":"post-14515","1":"product","2":"type-product","3":"status-publish","4":"has-post-thumbnail","6":"product_cat-svatebni-vyzdoba","7":"desktop-align-left","8":"tablet-align-left","9":"mobile-align-left","11":"first","12":"instock","13":"featured","14":"shipping-taxable","15":"purchasable","16":"product-type-simple"},"jetpack_sharing_enabled":true,"_links":{"self":[{"href":"https:\/\/dekohra.eu\/de\/wp-json\/wp\/v2\/product\/14515","targetHints":{"allow":["GET"]}}],"collection":[{"href":"https:\/\/dekohra.eu\/de\/wp-json\/wp\/v2\/product"}],"about":[{"href":"https:\/\/dekohra.eu\/de\/wp-json\/wp\/v2\/types\/product"}],"replies":[{"embeddable":true,"href":"https:\/\/dekohra.eu\/de\/wp-json\/wp\/v2\/comments?post=14515"}],"wp:featuredmedia":[{"embeddable":true,"href":"https:\/\/dekohra.eu\/de\/wp-json\/wp\/v2\/media\/15969"}],"wp:attachment":[{"href":"https:\/\/dekohra.eu\/de\/wp-json\/wp\/v2\/media?parent=14515"}],"wp:term":[{"taxonomy":"product_brand","embeddable":true,"href":"https:\/\/dekohra.eu\/de\/wp-json\/wp\/v2\/product_brand?post=14515"},{"taxonomy":"product_cat","embeddable":true,"href":"https:\/\/dekohra.eu\/de\/wp-json\/wp\/v2\/product_cat?post=14515"},{"taxonomy":"product_tag","embeddable":true,"href":"https:\/\/dekohra.eu\/de\/wp-json\/wp\/v2\/product_tag?post=14515"}],"curies":[{"name":"wp","href":"https:\/\/api.w.org\/{rel}","templated":true}]}}