{"id":14520,"date":"2025-01-19T17:25:54","date_gmt":"2025-01-19T16:25:54","guid":{"rendered":"https:\/\/dekohra.eu\/?post_type=product&#038;p=14520"},"modified":"2026-03-26T16:01:16","modified_gmt":"2026-03-26T15:01:16","slug":"drevena-svatebni-krabicka-na-penize","status":"publish","type":"product","link":"https:\/\/dekohra.eu\/de\/produkt\/drevena-svatebni-krabicka-na-penize\/","title":{"rendered":"Spardose aus Holz f\u00fcr Hochzeiten"},"content":{"rendered":"<h2 style=\"text-align: left;\">Spardose aus Holz f\u00fcr die Hochzeit.<\/h2>\n<div class=\"group\/conversation-turn relative flex w-full min-w-0 flex-col agent-turn\">\n<div class=\"flex-col gap-1 md:gap-3\">\n<div class=\"flex flex-grow flex-col max-w-full\">\n<div class=\"min-h-[20px] text-message flex w-full flex-col items-end gap-2 whitespace-pre-wrap break-words [.text-message+&amp;]:mt-5 overflow-x-auto\" dir=\"auto\" data-message-author-role=\"assistant\" data-message-id=\"78d9b41f-f71f-4932-8465-41e2605e60c6\">\n<div class=\"flex w-full flex-col gap-1 empty:hidden first:pt-[3px]\">\n<div class=\"markdown prose w-full break-words dark:prose-invert light\">\n<p>Spardose aus Holz zur Hochzeit \u2013 eine Geldb\u00f6rse aus Holz ist das perfekte Accessoire f\u00fcr Ihren Hochzeitstag! Es dient nicht nur als stilvoller \u00dcberbringer von Hochzeitsgeschenken, sondern auch als wundersch\u00f6ne Erinnerung an Ihren gro\u00dfen Tag. Durch die M\u00f6glichkeit der Personalisierung mit einem eigenen Text oder Motiv erh\u00e4lt die Registrierkasse einen individuellen Charakter.<\/p>\n<div class=\"ast-oembed-container\" style=\"height: 100%;\"><iframe title=\"Hochzeitsspendenbox aus Holz\" width=\"422\" height=\"750\" src=\"https:\/\/www.youtube.com\/embed\/jUkj7mgtpF4?feature=oembed&#038;enablejsapi=1&#038;origin=https:\/\/dekohra.eu\" frameborder=\"0\" allow=\"accelerometer; autoplay; clipboard-write; encrypted-media; gyroscope; picture-in-picture; web-share\" referrerpolicy=\"strict-origin-when-cross-origin\" allowfullscreen><\/iframe><\/div>\n<h3>Produktspezifikationen:<\/h3>\n<ul>\n<li><strong>Material:<\/strong> Hochwertiges Naturholz (Pappel)<\/li>\n<li><strong>Design:<\/strong> Geldb\u00f6rsenform mit subtilen Details, die Authentizit\u00e4t verleihen<\/li>\n<li><strong>Personalisierung:<\/strong> Eingravierter Text, Initialen, Hochzeitsdatum oder eine kurze Nachricht nach Ihren W\u00fcnschen<\/li>\n<li><strong>\u00d6ffnung:<\/strong> Einfaches System zur bequemen Entnahme des Inhalts<\/li>\n<\/ul>\n<h3><\/h3>\n<p>&nbsp;<\/p>\n<h3>Hauptmerkmale:<\/h3>\n<ul>\n<li>Elegantes und originelles Design, inspiriert von Hochzeitsthemen<\/li>\n<li>Handgefertigtes Produkt mit Liebe zum Detail<\/li>\n<li>\u00d6kologisches und nachhaltiges Material<\/li>\n<li>Kostenlose Anpassung f\u00fcr einen einzigartigen Look<\/li>\n<\/ul>\n<p>Der h\u00f6lzerne Geldumschlag WEDDING in Form einer Geldb\u00f6rse ist nicht nur ein praktisches Accessoire f\u00fcr Ihren Hochzeitstag, sondern auch ein sch\u00f6nes Andenken, das Sie ein Leben lang behalten werden. Verleihen Sie Ihrer Hochzeit mit dieser einzigartigen Spardose aus Holz Ihre pers\u00f6nliche Note!<\/p>\n<\/div>\n<h3>Parameter:<\/h3>\n<ul>\n<li style=\"list-style-type: none;\">\n<ul>\n<li style=\"list-style-type: none;\">\n<ul>\n<li style=\"list-style-type: none;\">\n<ul>\n<li><strong>Material:<\/strong> Pappelsperrholz<\/li>\n<li><strong>Produktdicke:\u00a0<\/strong>3 mm<\/li>\n<li><strong>Hersteller:\u00a0<\/strong><a href=\"http:\/\/dekohra.de\/\" target=\"_blank\" rel=\"noopener\">Dekohra.eu<\/a><\/li>\n<li><strong>Kategorie: <\/strong><a href=\"https:\/\/dekohra.eu\/de\/produkt-kategorie\/darky\/drevene-pokladnicky\/\">Spardosen aus Holz<\/a><\/li>\n<li><strong>Technologie:\u00a0<\/strong><a href=\"https:\/\/dekohra.eu\/de\/moderni-laserova-technologie-rezani-a-gravirovani\/\">Moderne Laserschneidtechnologie<\/a><\/li>\n<li><strong>Abmessungen:<\/strong> 20 x 11 x 2,8 cm<\/li>\n<\/ul>\n<\/li>\n<\/ul>\n<\/li>\n<\/ul>\n<\/li>\n<\/ul>\n<\/div>\n<\/div>\n<\/div>\n<\/div>\n<\/div>\n<p><img decoding=\"async\" class=\"lazyloaded\" src=\"https:\/\/dekohra.eu\/_obchody\/go4874\/prilohy\/4\/vyber-velikosti.jpg.big.jpg\" alt=\"\" width=\"500\" data-src=\"https:\/\/dekohra.eu\/_obchody\/go4874\/prilohy\/4\/vyber-velikosti.jpg.big.jpg\" \/><\/p>\n<p>&nbsp;<\/p>\n<p>&nbsp;<\/p>","protected":false},"excerpt":{"rendered":"<p>D\u0159ev\u011bn\u00e1 svatebn\u00ed krabi\u010dka na pen\u00edze. D\u0159ev\u011bn\u00e1 svatebn\u00ed krabi\u010dka na pen\u00edze &#8211; d\u0159ev\u011bn\u00e1 pen\u011b\u017eenka je perfektn\u00edm dopl\u0148kem pro svatebn\u00ed den! Slou\u017e\u00ed [&hellip;]<\/p>","protected":false},"featured_media":16499,"comment_status":"open","ping_status":"closed","template":"","meta":{"site-sidebar-layout":"default","site-content-layout":"","ast-site-content-layout":"default","site-content-style":"default","site-sidebar-style":"default","ast-global-header-display":"","ast-banner-title-visibility":"","ast-main-header-display":"","ast-hfb-above-header-display":"","ast-hfb-below-header-display":"","ast-hfb-mobile-header-display":"","site-post-title":"","ast-breadcrumbs-content":"","ast-featured-img":"","footer-sml-layout":"","theme-transparent-header-meta":"default","adv-header-id-meta":"","stick-header-meta":"","header-above-stick-meta":"","header-main-stick-meta":"","header-below-stick-meta":"","astra-migrate-meta-layouts":"set","ast-page-background-enabled":"default","ast-page-background-meta":{"desktop":{"background-color":"var(--ast-global-color-4)","background-image":"","background-repeat":"repeat","background-position":"center center","background-size":"auto","background-attachment":"scroll","background-type":"","background-media":"","overlay-type":"","overlay-color":"","overlay-opacity":"","overlay-gradient":""},"tablet":{"background-color":"","background-image":"","background-repeat":"repeat","background-position":"center center","background-size":"auto","background-attachment":"scroll","background-type":"","background-media":"","overlay-type":"","overlay-color":"","overlay-opacity":"","overlay-gradient":""},"mobile":{"background-color":"","background-image":"","background-repeat":"repeat","background-position":"center center","background-size":"auto","background-attachment":"scroll","background-type":"","background-media":"","overlay-type":"","overlay-color":"","overlay-opacity":"","overlay-gradient":""}},"ast-content-background-meta":{"desktop":{"background-color":"var(--ast-global-color-5)","background-image":"","background-repeat":"repeat","background-position":"center center","background-size":"auto","background-attachment":"scroll","background-type":"","background-media":"","overlay-type":"","overlay-color":"","overlay-opacity":"","overlay-gradient":""},"tablet":{"background-color":"var(--ast-global-color-5)","background-image":"","background-repeat":"repeat","background-position":"center center","background-size":"auto","background-attachment":"scroll","background-type":"","background-media":"","overlay-type":"","overlay-color":"","overlay-opacity":"","overlay-gradient":""},"mobile":{"background-color":"var(--ast-global-color-5)","background-image":"","background-repeat":"repeat","background-position":"center center","background-size":"auto","background-attachment":"scroll","background-type":"","background-media":"","overlay-type":"","overlay-color":"","overlay-opacity":"","overlay-gradient":""}},"jetpack_post_was_ever_published":false},"product_brand":[],"product_cat":[856,558],"product_tag":[],"class_list":{"0":"post-14520","1":"product","2":"type-product","3":"status-publish","4":"has-post-thumbnail","6":"product_cat-drevene-pokladnicky-a-krabicky","7":"product_cat-svatebni-vyzdoba","8":"pa_rozmery-20-x-16-x-6cm","9":"pa_rozmery-36-x-28-x-10cm","10":"pa_rozmery-54-x-43-x-16cm","11":"desktop-align-left","12":"tablet-align-left","13":"mobile-align-left","15":"first","16":"instock","17":"shipping-taxable","18":"purchasable","19":"product-type-simple"},"jetpack_sharing_enabled":true,"_links":{"self":[{"href":"https:\/\/dekohra.eu\/de\/wp-json\/wp\/v2\/product\/14520","targetHints":{"allow":["GET"]}}],"collection":[{"href":"https:\/\/dekohra.eu\/de\/wp-json\/wp\/v2\/product"}],"about":[{"href":"https:\/\/dekohra.eu\/de\/wp-json\/wp\/v2\/types\/product"}],"replies":[{"embeddable":true,"href":"https:\/\/dekohra.eu\/de\/wp-json\/wp\/v2\/comments?post=14520"}],"wp:featuredmedia":[{"embeddable":true,"href":"https:\/\/dekohra.eu\/de\/wp-json\/wp\/v2\/media\/16499"}],"wp:attachment":[{"href":"https:\/\/dekohra.eu\/de\/wp-json\/wp\/v2\/media?parent=14520"}],"wp:term":[{"taxonomy":"product_brand","embeddable":true,"href":"https:\/\/dekohra.eu\/de\/wp-json\/wp\/v2\/product_brand?post=14520"},{"taxonomy":"product_cat","embeddable":true,"href":"https:\/\/dekohra.eu\/de\/wp-json\/wp\/v2\/product_cat?post=14520"},{"taxonomy":"product_tag","embeddable":true,"href":"https:\/\/dekohra.eu\/de\/wp-json\/wp\/v2\/product_tag?post=14520"}],"curies":[{"name":"wp","href":"https:\/\/api.w.org\/{rel}","templated":true}]}}