{"id":14528,"date":"2025-01-19T17:58:09","date_gmt":"2025-01-19T16:58:09","guid":{"rendered":"https:\/\/dekohra.eu\/?post_type=product&#038;p=14528"},"modified":"2025-06-09T09:46:12","modified_gmt":"2025-06-09T07:46:12","slug":"privesky-pro-zamilovane-pary","status":"publish","type":"product","link":"https:\/\/dekohra.eu\/de\/produkt\/privesky-pro-zamilovane-pary\/","title":{"rendered":"Anh\u00e4nger f\u00fcr verliebte Paare - Herz und Schl\u00fcssel mit Text"},"content":{"rendered":"<h2 style=\"text-align: left;\">Anh\u00e4nger f\u00fcr verliebte Paare - Herz und Schl\u00fcssel mit Text.<\/h2>\n<p>Anh\u00e4nger f\u00fcr verliebte Paare sind ein originelles Geschenk zum Valentinstag. Der Anh\u00e4nger ist ein romantisches Geschenk zum Valentinstag, das die Liebe und Verbundenheit zwischen zwei Menschen symbolisiert. Ein Herz und ein Schl\u00fcssel aus hochwertigem Holz sind eine einzigartige M\u00f6glichkeit, Ihre Gef\u00fchle auszudr\u00fccken. Ein individueller Text verleiht dem Geschenk eine pers\u00f6nliche und einpr\u00e4gsame Bedeutung.<\/p>\n<h3>Produktspezifikationen:<\/h3>\n<ul>\n<li><strong>Material:<\/strong> Naturholz (Pappel)<\/li>\n<li><strong>Gr\u00f6\u00dfe:<\/strong>\n<ul>\n<li>Herz: 6\u00d76 cm<\/li>\n<li>Schl\u00fcssel: 7\u00d73 cm<\/li>\n<\/ul>\n<\/li>\n<li><strong>Design:<\/strong> Edle Verarbeitung mit feinen Details<\/li>\n<li><strong>Text:<\/strong> Personalisierungsoption \u2013 Namen, Datum, Zitat oder kurze Nachricht<\/li>\n<\/ul>\n<h3>Hauptmerkmale:<\/h3>\n<ul>\n<li>Handgefertigtes Produkt mit sorgf\u00e4ltiger Verarbeitung<\/li>\n<li>Ein symbolisches Geschenk, das Liebe und Verbundenheit ausdr\u00fcckt<\/li>\n<li>Personalisierung im Preis inbegriffen<\/li>\n<li>Geeignet als Dekoration oder Andenken<\/li>\n<\/ul>\n<p>Mit diesem Geschenk zeigen Sie perfekt, dass Ihre Liebe einzigartig ist. Geben Sie Ihrem Partner den Schl\u00fcssel zu Ihrem Herzen und gestalten Sie gemeinsam einen unvergesslichen Valentinstag!<\/p>\n<h3>Parameter:<\/h3>\n<ul>\n<li><strong>Material:<\/strong> Pappelsperrholz<\/li>\n<li><strong>Produktdicke:\u00a0<\/strong>3 mm<\/li>\n<li><strong>Hersteller:\u00a0<\/strong><a href=\"http:\/\/dekohra.de\/\" target=\"_blank\" rel=\"noopener\">Dekohra.eu<\/a><\/li>\n<li><strong>Kategorie:\u00a0<\/strong><a href=\"https:\/\/dekohra.eu\/de\/produkt-kategorie\/vyroba-na-zakazku\/jmenovky\/\">Namensschilder<\/a><\/li>\n<li><strong>Loch: <strong style=\"font-size: 16px;\">Durchmesser 5mm<\/strong><\/strong><\/li>\n<li><strong>Verpackung:<\/strong> 1x Herz, 1x Schl\u00fcssel alle mit Schl\u00fcsselringen<\/li>\n<\/ul>\n<p>&nbsp;<\/p>","protected":false},"excerpt":{"rendered":"<p>P\u0159\u00edv\u011bsky pro zamilovan\u00e9 p\u00e1ry &#8211; Srdce a kl\u00ed\u010d s textem. P\u0159\u00edv\u011bsky pro zamilovan\u00e9 p\u00e1ry jsou origin\u00e1ln\u00ed Valent\u00fdnsk\u00fd d\u00e1rek. P\u0159\u00edv\u011bsek je [&hellip;]<\/p>","protected":false},"featured_media":16164,"comment_status":"open","ping_status":"closed","template":"","meta":{"site-sidebar-layout":"default","site-content-layout":"","ast-site-content-layout":"default","site-content-style":"default","site-sidebar-style":"default","ast-global-header-display":"","ast-banner-title-visibility":"","ast-main-header-display":"","ast-hfb-above-header-display":"","ast-hfb-below-header-display":"","ast-hfb-mobile-header-display":"","site-post-title":"","ast-breadcrumbs-content":"","ast-featured-img":"","footer-sml-layout":"","theme-transparent-header-meta":"default","adv-header-id-meta":"","stick-header-meta":"","header-above-stick-meta":"","header-main-stick-meta":"","header-below-stick-meta":"","astra-migrate-meta-layouts":"set","ast-page-background-enabled":"default","ast-page-background-meta":{"desktop":{"background-color":"var(--ast-global-color-4)","background-image":"","background-repeat":"repeat","background-position":"center center","background-size":"auto","background-attachment":"scroll","background-type":"","background-media":"","overlay-type":"","overlay-color":"","overlay-opacity":"","overlay-gradient":""},"tablet":{"background-color":"","background-image":"","background-repeat":"repeat","background-position":"center center","background-size":"auto","background-attachment":"scroll","background-type":"","background-media":"","overlay-type":"","overlay-color":"","overlay-opacity":"","overlay-gradient":""},"mobile":{"background-color":"","background-image":"","background-repeat":"repeat","background-position":"center center","background-size":"auto","background-attachment":"scroll","background-type":"","background-media":"","overlay-type":"","overlay-color":"","overlay-opacity":"","overlay-gradient":""}},"ast-content-background-meta":{"desktop":{"background-color":"var(--ast-global-color-5)","background-image":"","background-repeat":"repeat","background-position":"center center","background-size":"auto","background-attachment":"scroll","background-type":"","background-media":"","overlay-type":"","overlay-color":"","overlay-opacity":"","overlay-gradient":""},"tablet":{"background-color":"var(--ast-global-color-5)","background-image":"","background-repeat":"repeat","background-position":"center center","background-size":"auto","background-attachment":"scroll","background-type":"","background-media":"","overlay-type":"","overlay-color":"","overlay-opacity":"","overlay-gradient":""},"mobile":{"background-color":"var(--ast-global-color-5)","background-image":"","background-repeat":"repeat","background-position":"center center","background-size":"auto","background-attachment":"scroll","background-type":"","background-media":"","overlay-type":"","overlay-color":"","overlay-opacity":"","overlay-gradient":""}},"jetpack_post_was_ever_published":false},"product_brand":[],"product_cat":[563,558,566],"product_tag":[],"class_list":{"0":"post-14528","1":"product","2":"type-product","3":"status-publish","4":"has-post-thumbnail","6":"product_cat-drevene-jmenovky","7":"product_cat-svatebni-vyzdoba","8":"product_cat-valentynske-dekorace","9":"desktop-align-left","10":"tablet-align-left","11":"mobile-align-left","13":"first","14":"instock","15":"featured","16":"shipping-taxable","17":"purchasable","18":"product-type-simple"},"jetpack_sharing_enabled":true,"_links":{"self":[{"href":"https:\/\/dekohra.eu\/de\/wp-json\/wp\/v2\/product\/14528","targetHints":{"allow":["GET"]}}],"collection":[{"href":"https:\/\/dekohra.eu\/de\/wp-json\/wp\/v2\/product"}],"about":[{"href":"https:\/\/dekohra.eu\/de\/wp-json\/wp\/v2\/types\/product"}],"replies":[{"embeddable":true,"href":"https:\/\/dekohra.eu\/de\/wp-json\/wp\/v2\/comments?post=14528"}],"wp:featuredmedia":[{"embeddable":true,"href":"https:\/\/dekohra.eu\/de\/wp-json\/wp\/v2\/media\/16164"}],"wp:attachment":[{"href":"https:\/\/dekohra.eu\/de\/wp-json\/wp\/v2\/media?parent=14528"}],"wp:term":[{"taxonomy":"product_brand","embeddable":true,"href":"https:\/\/dekohra.eu\/de\/wp-json\/wp\/v2\/product_brand?post=14528"},{"taxonomy":"product_cat","embeddable":true,"href":"https:\/\/dekohra.eu\/de\/wp-json\/wp\/v2\/product_cat?post=14528"},{"taxonomy":"product_tag","embeddable":true,"href":"https:\/\/dekohra.eu\/de\/wp-json\/wp\/v2\/product_tag?post=14528"}],"curies":[{"name":"wp","href":"https:\/\/api.w.org\/{rel}","templated":true}]}}