{"id":14566,"date":"2025-01-21T11:06:47","date_gmt":"2025-01-21T10:06:47","guid":{"rendered":"https:\/\/dekohra.eu\/?post_type=product&#038;p=14566"},"modified":"2026-04-05T13:13:20","modified_gmt":"2026-04-05T11:13:20","slug":"pivni-darek-pro-muze-drevena-visacka-na-lahev","status":"publish","type":"product","link":"https:\/\/dekohra.eu\/de\/produkt\/pivni-darek-pro-muze-drevena-visacka-na-lahev\/","title":{"rendered":"Biergeschenk f\u00fcr M\u00e4nner \u2013 Individuelles Bieretikett"},"content":{"rendered":"<h2 style=\"text-align: left;\">Biergeschenk f\u00fcr M\u00e4nner \u2013 Individuelles Bieretikett<\/h2>\n<div class=\"group\/conversation-turn relative flex w-full min-w-0 flex-col agent-turn\">\n<div class=\"flex-col gap-1 md:gap-3\">\n<div class=\"flex flex-grow flex-col max-w-full\">\n<div class=\"min-h-[20px] text-message flex w-full flex-col items-end gap-2 whitespace-pre-wrap break-words [.text-message+&amp;]:mt-5 overflow-x-auto\" dir=\"auto\" data-message-author-role=\"assistant\" data-message-id=\"1667cf78-6093-441b-b75d-823845338f18\">\n<div class=\"flex w-full flex-col gap-1 empty:hidden first:pt-[3px]\">\n<div class=\"markdown prose w-full break-words dark:prose-invert light\">\n<p>Ein Biergeschenk f\u00fcr M\u00e4nner macht jede Flasche Bier zu einem einzigartigen Geschenk! Der Anh\u00e4nger kann mit einem eigenen Text individualisiert werden, sei es ein Wunsch, der Name des Empf\u00e4ngers oder eine witzige Aufschrift. Das perfekte Accessoire f\u00fcr Geburtstage, Feiern oder als Firmengeschenk.<\/p>\n<h3>Produktspezifikationen:<\/h3>\n<ul>\n<li><strong>Material:<\/strong> Naturholz (Pappel)<\/li>\n<li><strong>Farbe:<\/strong> Naturholz<\/li>\n<li><strong>Personalisierung:<\/strong> Gravur von Text oder einfacher Grafik (Logo, Motiv nach Wunsch)<\/li>\n<li><strong>Anhang:<\/strong> Loch zum einfachen Aufh\u00e4ngen am Flaschenhals<\/li>\n<\/ul>\n<h3>Verwenden:<\/h3>\n<ul>\n<li>Ein Geschenk zum Geburtstag, Feiertag oder Jubil\u00e4um<\/li>\n<li>Lustige Dekoration f\u00fcr Bierliebhaber<\/li>\n<li>Werbeartikel f\u00fcr Firmen mit Logo<\/li>\n<\/ul>\n<p><strong>So funktioniert Splitit:<\/strong><br \/>\nBitte geben Sie bei Ihrer Bestellung den gew\u00fcnschten Text bzw. die gew\u00fcnschte Grafik an. F\u00fcr komplexere Designs kontaktieren Sie uns bitte f\u00fcr weitere Einzelheiten.<\/p>\n<p>Ein Holzanh\u00e4nger verleiht Deinem Biergeschenk das gewisse Etwas und sorgt daf\u00fcr, dass der Beschenkte es nicht vergisst! \ud83c\udf7a<\/p>\n<\/div>\n<\/div>\n<\/div>\n<\/div>\n<\/div>\n<\/div>\n<h3>Parameter:<\/h3>\n<ul>\n<li style=\"list-style-type: none;\">\n<ul>\n<li style=\"list-style-type: none;\">\n<ul>\n<li style=\"list-style-type: none;\">\n<ul>\n<li style=\"list-style-type: none;\">\n<ul>\n<li><strong>Material:<\/strong> Pappelsperrholz<\/li>\n<li><strong>Produktdicke:\u00a0<\/strong>3 mm<\/li>\n<li><strong>Hersteller:\u00a0<\/strong><a href=\"http:\/\/dekohra.de\/\" target=\"_blank\" rel=\"noopener\">Dekohra.eu<\/a><\/li>\n<li><strong>Kategorie:<\/strong> <a href=\"https:\/\/dekohra.eu\/de\/produkt-kategorie\/darky\/narozeninove-darky\/\">Geburtstagsgeschenke und Dekorationen<\/a><\/li>\n<li><strong>Ma\u00dfe: 5,5 x 19cm<\/strong><\/li>\n<\/ul>\n<\/li>\n<\/ul>\n<\/li>\n<\/ul>\n<\/li>\n<\/ul>\n<\/li>\n<\/ul>","protected":false},"excerpt":{"rendered":"<p>Pivn\u00ed d\u00e1rek pro mu\u017ee &#8211; Vlastn\u00ed etiketa na pivo Pivn\u00ed d\u00e1rek pro mu\u017ee prom\u011bn\u00ed ka\u017edou l\u00e1hev piva v jedine\u010dn\u00fd d\u00e1rek! [&hellip;]<\/p>","protected":false},"featured_media":19410,"comment_status":"open","ping_status":"closed","template":"","meta":{"site-sidebar-layout":"default","site-content-layout":"","ast-site-content-layout":"default","site-content-style":"default","site-sidebar-style":"default","ast-global-header-display":"","ast-banner-title-visibility":"","ast-main-header-display":"","ast-hfb-above-header-display":"","ast-hfb-below-header-display":"","ast-hfb-mobile-header-display":"","site-post-title":"","ast-breadcrumbs-content":"","ast-featured-img":"","footer-sml-layout":"","theme-transparent-header-meta":"default","adv-header-id-meta":"","stick-header-meta":"","header-above-stick-meta":"","header-main-stick-meta":"","header-below-stick-meta":"","astra-migrate-meta-layouts":"set","ast-page-background-enabled":"default","ast-page-background-meta":{"desktop":{"background-color":"var(--ast-global-color-4)","background-image":"","background-repeat":"repeat","background-position":"center center","background-size":"auto","background-attachment":"scroll","background-type":"","background-media":"","overlay-type":"","overlay-color":"","overlay-opacity":"","overlay-gradient":""},"tablet":{"background-color":"","background-image":"","background-repeat":"repeat","background-position":"center center","background-size":"auto","background-attachment":"scroll","background-type":"","background-media":"","overlay-type":"","overlay-color":"","overlay-opacity":"","overlay-gradient":""},"mobile":{"background-color":"","background-image":"","background-repeat":"repeat","background-position":"center center","background-size":"auto","background-attachment":"scroll","background-type":"","background-media":"","overlay-type":"","overlay-color":"","overlay-opacity":"","overlay-gradient":""}},"ast-content-background-meta":{"desktop":{"background-color":"var(--ast-global-color-5)","background-image":"","background-repeat":"repeat","background-position":"center center","background-size":"auto","background-attachment":"scroll","background-type":"","background-media":"","overlay-type":"","overlay-color":"","overlay-opacity":"","overlay-gradient":""},"tablet":{"background-color":"var(--ast-global-color-5)","background-image":"","background-repeat":"repeat","background-position":"center center","background-size":"auto","background-attachment":"scroll","background-type":"","background-media":"","overlay-type":"","overlay-color":"","overlay-opacity":"","overlay-gradient":""},"mobile":{"background-color":"var(--ast-global-color-5)","background-image":"","background-repeat":"repeat","background-position":"center center","background-size":"auto","background-attachment":"scroll","background-type":"","background-media":"","overlay-type":"","overlay-color":"","overlay-opacity":"","overlay-gradient":""}},"jetpack_post_was_ever_published":false},"product_brand":[],"product_cat":[571,554],"product_tag":[],"class_list":{"0":"post-14566","1":"product","2":"type-product","3":"status-publish","4":"has-post-thumbnail","6":"product_cat-darky-pro-muze","7":"product_cat-narozeninove-darky","8":"desktop-align-left","9":"tablet-align-left","10":"mobile-align-left","12":"first","13":"instock","14":"shipping-taxable","15":"purchasable","16":"product-type-simple"},"jetpack_sharing_enabled":true,"_links":{"self":[{"href":"https:\/\/dekohra.eu\/de\/wp-json\/wp\/v2\/product\/14566","targetHints":{"allow":["GET"]}}],"collection":[{"href":"https:\/\/dekohra.eu\/de\/wp-json\/wp\/v2\/product"}],"about":[{"href":"https:\/\/dekohra.eu\/de\/wp-json\/wp\/v2\/types\/product"}],"replies":[{"embeddable":true,"href":"https:\/\/dekohra.eu\/de\/wp-json\/wp\/v2\/comments?post=14566"}],"wp:featuredmedia":[{"embeddable":true,"href":"https:\/\/dekohra.eu\/de\/wp-json\/wp\/v2\/media\/19410"}],"wp:attachment":[{"href":"https:\/\/dekohra.eu\/de\/wp-json\/wp\/v2\/media?parent=14566"}],"wp:term":[{"taxonomy":"product_brand","embeddable":true,"href":"https:\/\/dekohra.eu\/de\/wp-json\/wp\/v2\/product_brand?post=14566"},{"taxonomy":"product_cat","embeddable":true,"href":"https:\/\/dekohra.eu\/de\/wp-json\/wp\/v2\/product_cat?post=14566"},{"taxonomy":"product_tag","embeddable":true,"href":"https:\/\/dekohra.eu\/de\/wp-json\/wp\/v2\/product_tag?post=14566"}],"curies":[{"name":"wp","href":"https:\/\/api.w.org\/{rel}","templated":true}]}}