{"id":14637,"date":"2025-01-22T14:28:17","date_gmt":"2025-01-22T13:28:17","guid":{"rendered":"https:\/\/dekohra.eu\/?post_type=product&#038;p=14637"},"modified":"2025-02-16T20:11:16","modified_gmt":"2025-02-16T19:11:16","slug":"drevene-fotoalbum-kolotoc-stesti","status":"publish","type":"product","link":"https:\/\/dekohra.eu\/de\/produkt\/drevene-fotoalbum-kolotoc-stesti\/","title":{"rendered":"Fotoalbum aus Holz \u2013 Karussell des Gl\u00fccks"},"content":{"rendered":"<div class=\"flex flex-grow flex-col max-w-full\">\n<div class=\"min-h-[20px] text-message flex flex-col items-start whitespace-pre-wrap break-words [.text-message+&amp;]:mt-5 juice:w-full juice:items-end overflow-x-auto gap-2\" dir=\"auto\" data-message-author-role=\"assistant\" data-message-id=\"8ad4f04d-4099-4406-86f4-005018bc1eed\">\n<div class=\"flex w-full flex-col gap-1 juice:empty:hidden juice:first:pt-[3px]\">\n<div class=\"markdown prose w-full break-words dark:prose-invert light\">\n<div class=\"flex flex-grow flex-col max-w-full\">\n<div class=\"min-h-[20px] text-message flex flex-col items-start whitespace-pre-wrap break-words [.text-message+&amp;]:mt-5 juice:w-full juice:items-end overflow-x-auto gap-2\" dir=\"auto\" data-message-author-role=\"assistant\" data-message-id=\"8ad4f04d-4099-4406-86f4-005018bc1eed\">\n<div class=\"flex w-full flex-col gap-1 juice:empty:hidden juice:first:pt-[3px]\">\n<h2 class=\"markdown prose w-full break-words dark:prose-invert light\">Fotoalbum aus Holz \u2013 Karussell des Gl\u00fccks.<\/h2>\n<p>Das Fotoalbum aus Holz \u201eCarousel of Happiness\u201c ist die perfekte Wahl, um Ihre sch\u00f6nsten Erinnerungen aufzubewahren. Es verbindet Funktionalit\u00e4t mit einzigartigem Design und bringt den Charme der Nostalgie in jedes Interieur.<\/p>\n<h3><strong>Produkteigenschaften:<\/strong><\/h3>\n<ul>\n<li><strong>Material:<\/strong> Hergestellt aus hochwertigem Naturholz, mit glatter Oberfl\u00e4che und \u00f6kologischer Veredelung.<\/li>\n<li><strong>Kapazit\u00e4t:<\/strong> Bietet Platz f\u00fcr bis zu 5 Fotos im Format 10\u00d715 cm.<\/li>\n<li><strong>Design:<\/strong> Ein elegantes und detailliertes Karussell, das sich dreht und eine einfache Anzeige aller Fotos erm\u00f6glicht.<\/li>\n<li><strong>Farben:<\/strong> Erh\u00e4ltlich in Naturholz.<\/li>\n<li><strong>Verwenden:<\/strong> Ideal f\u00fcr Kinderfotos, Familienerinnerungen oder als stilvolle Dekoration.<\/li>\n<\/ul>\n<h3><strong>Warum verlieben Sie sich darin?<\/strong><\/h3>\n<ul>\n<li><strong>Einzigartiges Design:<\/strong> Das Motiv f\u00e4llt auf den ersten Blick auf und verleiht jedem Raum eine fr\u00f6hliche Note.<\/li>\n<li><strong>Tolles Geschenk:<\/strong> Eine perfekte Wahl f\u00fcr Geburtstage, Hochzeiten, Weihnachten oder andere besondere Anl\u00e4sse.<\/li>\n<li><strong>\u00d6kologische Wahl:<\/strong> Hergestellt aus nachhaltigen Materialien mit Respekt f\u00fcr die Umwelt.<\/li>\n<\/ul>\n<\/div>\n<\/div>\n<\/div>\n<\/div>\n<\/div>\n<\/div>\n<\/div>\n<h3>Parameter:<\/h3>\n<ul>\n<li><strong>Material:<\/strong>\u00a0Pappelsperrholz<\/li>\n<li><strong>Produktdicke:\u00a0<\/strong>3 mm<\/li>\n<li><strong>Hersteller:\u00a0<\/strong><a href=\"http:\/\/dekohra.de\/\" target=\"_blank\" rel=\"noopener\">Dekohra.eu<\/a><\/li>\n<li><strong>Kategorie: <\/strong><a href=\"https:\/\/dekohra.eu\/de\/produkt-kategorie\/svatebni-vyzdoba\/\">Hochzeitsdekoration<\/a><\/li>\n<li><strong>Technologie: <\/strong><a href=\"https:\/\/dekohra.eu\/de\/moderni-laserova-technologie-rezani-a-gravirovani\/\">Moderne Laserschneidtechnologie<\/a><\/li>\n<li><strong>Abmessungen:<\/strong> 37 x 25 x 41 cm<\/li>\n<\/ul>","protected":false},"excerpt":{"rendered":"<p>D\u0159ev\u011bn\u00e9 fotoalbum &#8211; Koloto\u010d \u0160t\u011bst\u00ed. D\u0159ev\u011bn\u00e9 fotoalbum &#8211; Koloto\u010d \u0160t\u011bst\u00ed je perfektn\u00ed volbou pro uchov\u00e1n\u00ed va\u0161ich nejkr\u00e1sn\u011bj\u0161\u00edch vzpom\u00ednek. Kombinuje prakti\u010dnost [&hellip;]<\/p>","protected":false},"featured_media":14641,"comment_status":"open","ping_status":"closed","template":"","meta":{"site-sidebar-layout":"default","site-content-layout":"","ast-site-content-layout":"default","site-content-style":"default","site-sidebar-style":"default","ast-global-header-display":"","ast-banner-title-visibility":"","ast-main-header-display":"","ast-hfb-above-header-display":"","ast-hfb-below-header-display":"","ast-hfb-mobile-header-display":"","site-post-title":"","ast-breadcrumbs-content":"","ast-featured-img":"","footer-sml-layout":"","theme-transparent-header-meta":"default","adv-header-id-meta":"","stick-header-meta":"","header-above-stick-meta":"","header-main-stick-meta":"","header-below-stick-meta":"","astra-migrate-meta-layouts":"set","ast-page-background-enabled":"default","ast-page-background-meta":{"desktop":{"background-color":"var(--ast-global-color-4)","background-image":"","background-repeat":"repeat","background-position":"center center","background-size":"auto","background-attachment":"scroll","background-type":"","background-media":"","overlay-type":"","overlay-color":"","overlay-opacity":"","overlay-gradient":""},"tablet":{"background-color":"","background-image":"","background-repeat":"repeat","background-position":"center center","background-size":"auto","background-attachment":"scroll","background-type":"","background-media":"","overlay-type":"","overlay-color":"","overlay-opacity":"","overlay-gradient":""},"mobile":{"background-color":"","background-image":"","background-repeat":"repeat","background-position":"center center","background-size":"auto","background-attachment":"scroll","background-type":"","background-media":"","overlay-type":"","overlay-color":"","overlay-opacity":"","overlay-gradient":""}},"ast-content-background-meta":{"desktop":{"background-color":"var(--ast-global-color-5)","background-image":"","background-repeat":"repeat","background-position":"center center","background-size":"auto","background-attachment":"scroll","background-type":"","background-media":"","overlay-type":"","overlay-color":"","overlay-opacity":"","overlay-gradient":""},"tablet":{"background-color":"var(--ast-global-color-5)","background-image":"","background-repeat":"repeat","background-position":"center center","background-size":"auto","background-attachment":"scroll","background-type":"","background-media":"","overlay-type":"","overlay-color":"","overlay-opacity":"","overlay-gradient":""},"mobile":{"background-color":"var(--ast-global-color-5)","background-image":"","background-repeat":"repeat","background-position":"center center","background-size":"auto","background-attachment":"scroll","background-type":"","background-media":"","overlay-type":"","overlay-color":"","overlay-opacity":"","overlay-gradient":""}},"jetpack_post_was_ever_published":false},"product_brand":[],"product_cat":[562,558],"product_tag":[],"class_list":{"0":"post-14637","1":"product","2":"type-product","3":"status-publish","4":"has-post-thumbnail","6":"product_cat-drevene-fotoramecky","7":"product_cat-svatebni-vyzdoba","8":"pa_rozmery-pro-fotografie-10-x15cm-rozmer-23-x-23cm","9":"pa_rozmery-pro-fotografie-15-x-21cm-rozmer-32-x-32cm","10":"desktop-align-left","11":"tablet-align-left","12":"mobile-align-left","14":"first","15":"instock","16":"shipping-taxable","17":"purchasable","18":"product-type-simple"},"jetpack_sharing_enabled":true,"_links":{"self":[{"href":"https:\/\/dekohra.eu\/de\/wp-json\/wp\/v2\/product\/14637","targetHints":{"allow":["GET"]}}],"collection":[{"href":"https:\/\/dekohra.eu\/de\/wp-json\/wp\/v2\/product"}],"about":[{"href":"https:\/\/dekohra.eu\/de\/wp-json\/wp\/v2\/types\/product"}],"replies":[{"embeddable":true,"href":"https:\/\/dekohra.eu\/de\/wp-json\/wp\/v2\/comments?post=14637"}],"wp:featuredmedia":[{"embeddable":true,"href":"https:\/\/dekohra.eu\/de\/wp-json\/wp\/v2\/media\/14641"}],"wp:attachment":[{"href":"https:\/\/dekohra.eu\/de\/wp-json\/wp\/v2\/media?parent=14637"}],"wp:term":[{"taxonomy":"product_brand","embeddable":true,"href":"https:\/\/dekohra.eu\/de\/wp-json\/wp\/v2\/product_brand?post=14637"},{"taxonomy":"product_cat","embeddable":true,"href":"https:\/\/dekohra.eu\/de\/wp-json\/wp\/v2\/product_cat?post=14637"},{"taxonomy":"product_tag","embeddable":true,"href":"https:\/\/dekohra.eu\/de\/wp-json\/wp\/v2\/product_tag?post=14637"}],"curies":[{"name":"wp","href":"https:\/\/api.w.org\/{rel}","templated":true}]}}