{"id":14643,"date":"2025-01-22T14:39:57","date_gmt":"2025-01-22T13:39:57","guid":{"rendered":"https:\/\/dekohra.eu\/?post_type=product&#038;p=14643"},"modified":"2025-09-04T09:46:17","modified_gmt":"2025-09-04T07:46:17","slug":"dreveny-svatebni-fotoramecek","status":"publish","type":"product","link":"https:\/\/dekohra.eu\/de\/produkt\/dreveny-svatebni-fotoramecek\/","title":{"rendered":"Hochzeitsfotorahmen aus Holz - Lebensbaum"},"content":{"rendered":"<div class=\"flex flex-grow flex-col max-w-full\">\n<div class=\"min-h-[20px] text-message flex flex-col items-start whitespace-pre-wrap break-words [.text-message+&amp;]:mt-5 juice:w-full juice:items-end overflow-x-auto gap-2\" dir=\"auto\" data-message-author-role=\"assistant\" data-message-id=\"8ad4f04d-4099-4406-86f4-005018bc1eed\">\n<div class=\"flex w-full flex-col gap-1 juice:empty:hidden juice:first:pt-[3px]\">\n<div class=\"markdown prose w-full break-words dark:prose-invert light\">\n<div class=\"flex flex-grow flex-col max-w-full\">\n<div class=\"min-h-[20px] text-message flex flex-col items-start whitespace-pre-wrap break-words [.text-message+&amp;]:mt-5 juice:w-full juice:items-end overflow-x-auto gap-2\" dir=\"auto\" data-message-author-role=\"assistant\" data-message-id=\"8ad4f04d-4099-4406-86f4-005018bc1eed\">\n<div class=\"flex w-full flex-col gap-1 juice:empty:hidden juice:first:pt-[3px]\">\n<h2 class=\"markdown prose w-full break-words dark:prose-invert light\">H\u00f6lzerner Hochzeitsfotorahmen - Baum des Lebens.<\/h2>\n<p><strong>H\u00f6lzerner Hochzeitsfotorahmen - Lebensbaum mit St\u00e4nder <\/strong>\u00a0ist die ideale L\u00f6sung zum Pr\u00e4sentieren Ihrer sch\u00f6nsten Erinnerungen. Dieser stilvolle Rahmen ist aus<strong> aus hochwertigem Pappelsperrholz<\/strong>\u00a0Die Dicke von 3 mm gew\u00e4hrleistet Robustheit und lange Lebensdauer. Dank moderner Laserschnitttechnik ist das Rahmendesign<strong>\u00a0pr\u00e4zise und elegant,<\/strong>\u00a0das Ihren Fotos eine einzigartige Note verleiht.<\/p>\n<h3>Hochwertige Materialien<\/h3>\n<ul>\n<li>Die Dekoration besteht aus\u00a0<strong>hochwertiges Pappelsperrholz<\/strong>\u00a03 mm dick, was Robustheit und lange Lebensdauer gew\u00e4hrleistet. Die Oberfl\u00e4che ist langlebig und pflegeleicht, sodass der Bilderrahmen\u00a0<strong>es wird viele Jahre lang gro\u00dfartig aussehen.<\/strong><\/li>\n<\/ul>\n<h3>\u00c4sthetisches Design<\/h3>\n<ul>\n<li><strong>Modernes Laserschneiden<\/strong>\u00a0sorgt f\u00fcr ein pr\u00e4zises und \u00e4sthetisch ansprechendes Design, das in jedes Interieur passt. Dies macht diesen Bilderrahmen zu einer idealen Erg\u00e4nzung f\u00fcr jedes Zuhause.<\/li>\n<\/ul>\n<p><strong>Verleihen Sie Ihrem Zuhause einen Hauch von Eleganz und bewahren Sie die Erinnerungen an Ihre wertvollsten Momente mit diesem einzigartigen und wundersch\u00f6nen Bilderrahmen.<\/strong><\/p>\n<\/div>\n<\/div>\n<\/div>\n<\/div>\n<\/div>\n<\/div>\n<\/div>\n<h3>Parameter:<\/h3>\n<ul>\n<li><strong>Material:<\/strong>\u00a0Pappelsperrholz<\/li>\n<li><strong>Produktdicke:\u00a0<\/strong>3 mm<\/li>\n<li><strong>Hersteller:\u00a0<\/strong><a href=\"http:\/\/dekohra.de\/\" target=\"_blank\" rel=\"noopener\">Dekohra.eu<\/a><\/li>\n<li><strong>Kategorie: <\/strong><a href=\"https:\/\/dekohra.eu\/de\/produkt-kategorie\/svatebni-vyzdoba\/\">Hochzeitsdekoration<\/a><\/li>\n<li><strong>Technologie: <\/strong><a href=\"https:\/\/dekohra.eu\/de\/moderni-laserova-technologie-rezani-a-gravirovani\/\">Moderne Laserschneidtechnologie<\/a><\/li>\n<li><strong>Abmessungen:<\/strong> 27 x 57 x 26cm<\/li>\n<\/ul>","protected":false},"excerpt":{"rendered":"<p>D\u0159ev\u011bn\u00fd svatebn\u00ed fotor\u00e1me\u010dek &#8211; Strom \u017divota. D\u0159ev\u011bn\u00fd svatebn\u00ed fotor\u00e1me\u010dek &#8211; Strom \u017divota se stoj\u00e1nkem \u00a0je ide\u00e1ln\u00edm \u0159e\u0161en\u00edm pro vystaven\u00ed va\u0161ich [&hellip;]<\/p>","protected":false},"featured_media":17368,"comment_status":"open","ping_status":"closed","template":"","meta":{"site-sidebar-layout":"default","site-content-layout":"","ast-site-content-layout":"default","site-content-style":"default","site-sidebar-style":"default","ast-global-header-display":"","ast-banner-title-visibility":"","ast-main-header-display":"","ast-hfb-above-header-display":"","ast-hfb-below-header-display":"","ast-hfb-mobile-header-display":"","site-post-title":"","ast-breadcrumbs-content":"","ast-featured-img":"","footer-sml-layout":"","theme-transparent-header-meta":"default","adv-header-id-meta":"","stick-header-meta":"","header-above-stick-meta":"","header-main-stick-meta":"","header-below-stick-meta":"","astra-migrate-meta-layouts":"set","ast-page-background-enabled":"default","ast-page-background-meta":{"desktop":{"background-color":"var(--ast-global-color-4)","background-image":"","background-repeat":"repeat","background-position":"center center","background-size":"auto","background-attachment":"scroll","background-type":"","background-media":"","overlay-type":"","overlay-color":"","overlay-opacity":"","overlay-gradient":""},"tablet":{"background-color":"","background-image":"","background-repeat":"repeat","background-position":"center center","background-size":"auto","background-attachment":"scroll","background-type":"","background-media":"","overlay-type":"","overlay-color":"","overlay-opacity":"","overlay-gradient":""},"mobile":{"background-color":"","background-image":"","background-repeat":"repeat","background-position":"center center","background-size":"auto","background-attachment":"scroll","background-type":"","background-media":"","overlay-type":"","overlay-color":"","overlay-opacity":"","overlay-gradient":""}},"ast-content-background-meta":{"desktop":{"background-color":"var(--ast-global-color-5)","background-image":"","background-repeat":"repeat","background-position":"center center","background-size":"auto","background-attachment":"scroll","background-type":"","background-media":"","overlay-type":"","overlay-color":"","overlay-opacity":"","overlay-gradient":""},"tablet":{"background-color":"var(--ast-global-color-5)","background-image":"","background-repeat":"repeat","background-position":"center center","background-size":"auto","background-attachment":"scroll","background-type":"","background-media":"","overlay-type":"","overlay-color":"","overlay-opacity":"","overlay-gradient":""},"mobile":{"background-color":"var(--ast-global-color-5)","background-image":"","background-repeat":"repeat","background-position":"center center","background-size":"auto","background-attachment":"scroll","background-type":"","background-media":"","overlay-type":"","overlay-color":"","overlay-opacity":"","overlay-gradient":""}},"jetpack_post_was_ever_published":false},"product_brand":[],"product_cat":[562,558,566],"product_tag":[],"class_list":{"0":"post-14643","1":"product","2":"type-product","3":"status-publish","4":"has-post-thumbnail","6":"product_cat-drevene-fotoramecky","7":"product_cat-svatebni-vyzdoba","8":"product_cat-valentynske-dekorace","9":"pa_rozmery-pro-fotografie-10-x15cm-rozmer-23-x-23cm","10":"pa_rozmery-pro-fotografie-15-x-21cm-rozmer-32-x-32cm","11":"desktop-align-left","12":"tablet-align-left","13":"mobile-align-left","15":"first","16":"instock","17":"shipping-taxable","18":"purchasable","19":"product-type-simple"},"jetpack_sharing_enabled":true,"_links":{"self":[{"href":"https:\/\/dekohra.eu\/de\/wp-json\/wp\/v2\/product\/14643","targetHints":{"allow":["GET"]}}],"collection":[{"href":"https:\/\/dekohra.eu\/de\/wp-json\/wp\/v2\/product"}],"about":[{"href":"https:\/\/dekohra.eu\/de\/wp-json\/wp\/v2\/types\/product"}],"replies":[{"embeddable":true,"href":"https:\/\/dekohra.eu\/de\/wp-json\/wp\/v2\/comments?post=14643"}],"wp:featuredmedia":[{"embeddable":true,"href":"https:\/\/dekohra.eu\/de\/wp-json\/wp\/v2\/media\/17368"}],"wp:attachment":[{"href":"https:\/\/dekohra.eu\/de\/wp-json\/wp\/v2\/media?parent=14643"}],"wp:term":[{"taxonomy":"product_brand","embeddable":true,"href":"https:\/\/dekohra.eu\/de\/wp-json\/wp\/v2\/product_brand?post=14643"},{"taxonomy":"product_cat","embeddable":true,"href":"https:\/\/dekohra.eu\/de\/wp-json\/wp\/v2\/product_cat?post=14643"},{"taxonomy":"product_tag","embeddable":true,"href":"https:\/\/dekohra.eu\/de\/wp-json\/wp\/v2\/product_tag?post=14643"}],"curies":[{"name":"wp","href":"https:\/\/api.w.org\/{rel}","templated":true}]}}