{"id":14664,"date":"2025-01-23T21:18:43","date_gmt":"2025-01-23T20:18:43","guid":{"rendered":"https:\/\/dekohra.eu\/?post_type=product&#038;p=14664"},"modified":"2025-05-22T13:14:42","modified_gmt":"2025-05-22T11:14:42","slug":"stojan-na-vajicko-kinder","status":"publish","type":"product","link":"https:\/\/dekohra.eu\/de\/produkt\/stojan-na-vajicko-kinder\/","title":{"rendered":"Kinder Eierst\u00e4nder \u2013 Osterhase aus Holz mit Wagen"},"content":{"rendered":"<h2 style=\"text-align: left;\">Eierst\u00e4nder aus Holz \u2013 Osterhase aus Holz mit Wagen.<\/h2>\n<p>&nbsp;<\/p>\n<p><strong>\u00dcberkinder-Eierst\u00e4nder<\/strong> ist eine einzigartige Osterdekoration, die Spa\u00df und Funktionalit\u00e4t vereint. Ein s\u00fc\u00dfer Hase zieht einen Wagen, der genau auf ein Kinder-Schokoladenei zugeschnitten ist. Dieses Produkt eignet sich hervorragend als Geschenk, Osterdeko oder als originelles Element zur festlichen Tischdekoration.<\/p>\n<h3><strong>Produkteigenschaften:<\/strong><\/h3>\n<ul>\n<li><strong>Material<\/strong>: Hergestellt aus hochwertigem Sperrholz oder MDF mit einer Dicke von 3\u20136 mm, umweltfreundliches und langlebiges Material.<\/li>\n<li><strong>Design<\/strong>:\n<ul>\n<li>Holzhase mit lasergravierten Details (Augen, Bart, Ostermotive).<\/li>\n<li>Der Wagen verf\u00fcgt \u00fcber eine passgenaue \u00d6ffnung mit 35 mm Durchmesser f\u00fcr ein \u00dcberraschungsei.<\/li>\n<\/ul>\n<\/li>\n<li><strong>Gr\u00f6\u00dfe<\/strong>:\n<ul>\n<li>Gr\u00f6\u00dfe des Hasen: ca. 10 cm.<\/li>\n<li>L\u00e4nge mit Trolley: ca. 13 cm.<\/li>\n<\/ul>\n<\/li>\n<li><strong>Oberfl\u00e4chenbehandlung<\/strong>:\n<ul>\n<li>Erh\u00e4ltlich in der nat\u00fcrlichen Version.<\/li>\n<\/ul>\n<\/li>\n<li><strong>Verwenden<\/strong>:\n<ul>\n<li>Dekoration f\u00fcr Tisch, Regal oder Fenster.<\/li>\n<li>Ein ideales Ostergeschenk f\u00fcr Kinder und Erwachsene.<\/li>\n<\/ul>\n<\/li>\n<\/ul>\n<h3><strong>Vorteile:<\/strong><\/h3>\n<ul>\n<li>Originelles und praktisches Design \u2013 eine Kombination aus traditioneller Osterdekoration mit einem modernen Element.<\/li>\n<li>\u00d6kologisches Produkt, umweltfreundlich.<\/li>\n<li>Ein toller Osterspa\u00df - Kinder k\u00f6nnen die Dekoration nach Lust und Laune gestalten.<\/li>\n<li>Ideal zum Verpacken von Geschenken mit einem Schokoladenei.<\/li>\n<\/ul>\n<p>Dieser h\u00f6lzerne Ostereierhalter wird durch seine Kreativit\u00e4t beeindrucken und zu einer beliebten Osterdekoration in Ihrem Zuhause werden.<\/p>\n<h3>Parameter:<\/h3>\n<ul>\n<li><strong>Material:<\/strong>\u00a0Pappelsperrholz<\/li>\n<li><strong>Produktdicke:\u00a0<\/strong>3 mm<\/li>\n<li><strong>Hersteller:\u00a0<\/strong><a href=\"http:\/\/dekohra.de\/\" target=\"_blank\" rel=\"noopener\">Dekohra.eu<\/a><\/li>\n<li><strong>Kategorie: <\/strong><a href=\"https:\/\/dekohra.eu\/de\/produkt-kategorie\/sezonni-dekorace\/velikonoce\/\">Osterdekoration<\/a><\/li>\n<li><strong>Abmessungen:<\/strong> 13 x 6 x 10 cm<\/li>\n<li><strong>Menge:<\/strong> 1 St\u00fcck<\/li>\n<\/ul>","protected":false},"excerpt":{"rendered":"<p>Stojan na vaj\u00ed\u010dko Kinder &#8211; D\u0159ev\u011bn\u00fd velikono\u010dn\u00ed zaj\u00edc s voz\u00edkem. &nbsp; Stojan na vaj\u00ed\u010dko Kinder je jedine\u010dn\u00e1 velikono\u010dn\u00ed dekorace, kter\u00e1 [&hellip;]<\/p>","protected":false},"featured_media":16049,"comment_status":"open","ping_status":"closed","template":"","meta":{"site-sidebar-layout":"default","site-content-layout":"","ast-site-content-layout":"default","site-content-style":"default","site-sidebar-style":"default","ast-global-header-display":"","ast-banner-title-visibility":"","ast-main-header-display":"","ast-hfb-above-header-display":"","ast-hfb-below-header-display":"","ast-hfb-mobile-header-display":"","site-post-title":"","ast-breadcrumbs-content":"","ast-featured-img":"","footer-sml-layout":"","theme-transparent-header-meta":"default","adv-header-id-meta":"","stick-header-meta":"","header-above-stick-meta":"","header-main-stick-meta":"","header-below-stick-meta":"","astra-migrate-meta-layouts":"set","ast-page-background-enabled":"default","ast-page-background-meta":{"desktop":{"background-color":"var(--ast-global-color-4)","background-image":"","background-repeat":"repeat","background-position":"center center","background-size":"auto","background-attachment":"scroll","background-type":"","background-media":"","overlay-type":"","overlay-color":"","overlay-opacity":"","overlay-gradient":""},"tablet":{"background-color":"","background-image":"","background-repeat":"repeat","background-position":"center center","background-size":"auto","background-attachment":"scroll","background-type":"","background-media":"","overlay-type":"","overlay-color":"","overlay-opacity":"","overlay-gradient":""},"mobile":{"background-color":"","background-image":"","background-repeat":"repeat","background-position":"center center","background-size":"auto","background-attachment":"scroll","background-type":"","background-media":"","overlay-type":"","overlay-color":"","overlay-opacity":"","overlay-gradient":""}},"ast-content-background-meta":{"desktop":{"background-color":"var(--ast-global-color-5)","background-image":"","background-repeat":"repeat","background-position":"center center","background-size":"auto","background-attachment":"scroll","background-type":"","background-media":"","overlay-type":"","overlay-color":"","overlay-opacity":"","overlay-gradient":""},"tablet":{"background-color":"var(--ast-global-color-5)","background-image":"","background-repeat":"repeat","background-position":"center center","background-size":"auto","background-attachment":"scroll","background-type":"","background-media":"","overlay-type":"","overlay-color":"","overlay-opacity":"","overlay-gradient":""},"mobile":{"background-color":"var(--ast-global-color-5)","background-image":"","background-repeat":"repeat","background-position":"center center","background-size":"auto","background-attachment":"scroll","background-type":"","background-media":"","overlay-type":"","overlay-color":"","overlay-opacity":"","overlay-gradient":""}},"jetpack_post_was_ever_published":false},"product_brand":[],"product_cat":[842],"product_tag":[],"class_list":{"0":"post-14664","1":"product","2":"type-product","3":"status-publish","4":"has-post-thumbnail","6":"product_cat-velikonocni-dekorace","7":"pa_barva-topolova-preklizka","8":"desktop-align-left","9":"tablet-align-left","10":"mobile-align-left","12":"first","13":"instock","14":"shipping-taxable","15":"purchasable","16":"product-type-simple"},"jetpack_sharing_enabled":true,"_links":{"self":[{"href":"https:\/\/dekohra.eu\/de\/wp-json\/wp\/v2\/product\/14664","targetHints":{"allow":["GET"]}}],"collection":[{"href":"https:\/\/dekohra.eu\/de\/wp-json\/wp\/v2\/product"}],"about":[{"href":"https:\/\/dekohra.eu\/de\/wp-json\/wp\/v2\/types\/product"}],"replies":[{"embeddable":true,"href":"https:\/\/dekohra.eu\/de\/wp-json\/wp\/v2\/comments?post=14664"}],"wp:featuredmedia":[{"embeddable":true,"href":"https:\/\/dekohra.eu\/de\/wp-json\/wp\/v2\/media\/16049"}],"wp:attachment":[{"href":"https:\/\/dekohra.eu\/de\/wp-json\/wp\/v2\/media?parent=14664"}],"wp:term":[{"taxonomy":"product_brand","embeddable":true,"href":"https:\/\/dekohra.eu\/de\/wp-json\/wp\/v2\/product_brand?post=14664"},{"taxonomy":"product_cat","embeddable":true,"href":"https:\/\/dekohra.eu\/de\/wp-json\/wp\/v2\/product_cat?post=14664"},{"taxonomy":"product_tag","embeddable":true,"href":"https:\/\/dekohra.eu\/de\/wp-json\/wp\/v2\/product_tag?post=14664"}],"curies":[{"name":"wp","href":"https:\/\/api.w.org\/{rel}","templated":true}]}}