{"id":14675,"date":"2025-01-24T08:59:55","date_gmt":"2025-01-24T07:59:55","guid":{"rendered":"https:\/\/dekohra.eu\/?post_type=product&#038;p=14675"},"modified":"2025-06-09T09:09:00","modified_gmt":"2025-06-09T07:09:00","slug":"drevena-ruze-love","status":"publish","type":"product","link":"https:\/\/dekohra.eu\/de\/produkt\/drevena-ruze-love\/","title":{"rendered":"Holzrose \u2013 Liebe"},"content":{"rendered":"<h2 style=\"text-align: left;\"><strong>Holzrose \u2013 Liebe.<\/strong><\/h2>\n<p>Diese Holzrose \u2013 Love ist ein ideales Geschenk, um Ihre Liebe auszudr\u00fccken. Sie ist aus hochwertigem Pappelsperrholz gefertigt und verleiht jedem Interieur einen Hauch von Natur.<\/p>\n<ul>\n<li><strong>Abmessungen:<\/strong>\u00a0 30 cm H\u00f6he, 7 cm Breite, 6 mm Dicke.<\/li>\n<li><strong>Material:<\/strong> Pappelsperrholz 3 mm.<\/li>\n<li><strong>Design:<\/strong> Rosenmotiv mit Herz und der Aufschrift \u201eLove\u201c. Ein einfaches, aber eindrucksvolles Detail, das jeden Raum belebt.<\/li>\n<li><strong>Verwenden:<\/strong> Dekoration f\u00fcr Regal, Schreibtisch, Nachttisch oder als schm\u00fcckendes Accessoire f\u00fcr besondere Anl\u00e4sse wie Hochzeit, Valentinstag oder Jubil\u00e4um.<\/li>\n<\/ul>\n<p>Dieses einzigartige Produkt wird nicht nur Liebhaber nat\u00fcrlicher Materialien begeistern, sondern auch diejenigen, die nach einer originellen Art suchen, \u201eIch liebe dich\u201c zu sagen. \u2764\ufe0f<\/p>\n<p>&nbsp;<\/p>\n<h3>Parameter:<\/h3>\n<ul>\n<li><strong>Material:<\/strong> Pappelsperrholz<\/li>\n<li><strong>Produktdicke:\u00a0<\/strong>3 mm<\/li>\n<li><strong>Hersteller:\u00a0<\/strong><a href=\"http:\/\/dekohra.de\/\" target=\"_blank\" rel=\"noopener\">Dekohra.eu<\/a><\/li>\n<li><strong>Kategorie:<\/strong> <a href=\"https:\/\/dekohra.eu\/de\/produkt-kategorie\/sezonni-dekorace\/valentyn\/\">Valentinstag<\/a><\/li>\n<\/ul>","protected":false},"excerpt":{"rendered":"<p>D\u0159ev\u011bn\u00e1 r\u016f\u017ee &#8211; Love. Tato d\u0159ev\u011bn\u00e1 r\u016f\u017ee &#8211; Love je ide\u00e1ln\u00edm d\u00e1rkem pro vyj\u00e1d\u0159en\u00ed l\u00e1sky. Vyrobena z kvalitn\u00ed Topolov\u00e9 p\u0159ekli\u017eky, [&hellip;]<\/p>","protected":false},"featured_media":16600,"comment_status":"open","ping_status":"closed","template":"","meta":{"site-sidebar-layout":"default","site-content-layout":"","ast-site-content-layout":"default","site-content-style":"default","site-sidebar-style":"default","ast-global-header-display":"","ast-banner-title-visibility":"","ast-main-header-display":"","ast-hfb-above-header-display":"","ast-hfb-below-header-display":"","ast-hfb-mobile-header-display":"","site-post-title":"","ast-breadcrumbs-content":"","ast-featured-img":"","footer-sml-layout":"","theme-transparent-header-meta":"default","adv-header-id-meta":"","stick-header-meta":"","header-above-stick-meta":"","header-main-stick-meta":"","header-below-stick-meta":"","astra-migrate-meta-layouts":"set","ast-page-background-enabled":"default","ast-page-background-meta":{"desktop":{"background-color":"var(--ast-global-color-4)","background-image":"","background-repeat":"repeat","background-position":"center center","background-size":"auto","background-attachment":"scroll","background-type":"","background-media":"","overlay-type":"","overlay-color":"","overlay-opacity":"","overlay-gradient":""},"tablet":{"background-color":"","background-image":"","background-repeat":"repeat","background-position":"center center","background-size":"auto","background-attachment":"scroll","background-type":"","background-media":"","overlay-type":"","overlay-color":"","overlay-opacity":"","overlay-gradient":""},"mobile":{"background-color":"","background-image":"","background-repeat":"repeat","background-position":"center center","background-size":"auto","background-attachment":"scroll","background-type":"","background-media":"","overlay-type":"","overlay-color":"","overlay-opacity":"","overlay-gradient":""}},"ast-content-background-meta":{"desktop":{"background-color":"var(--ast-global-color-5)","background-image":"","background-repeat":"repeat","background-position":"center center","background-size":"auto","background-attachment":"scroll","background-type":"","background-media":"","overlay-type":"","overlay-color":"","overlay-opacity":"","overlay-gradient":""},"tablet":{"background-color":"var(--ast-global-color-5)","background-image":"","background-repeat":"repeat","background-position":"center center","background-size":"auto","background-attachment":"scroll","background-type":"","background-media":"","overlay-type":"","overlay-color":"","overlay-opacity":"","overlay-gradient":""},"mobile":{"background-color":"var(--ast-global-color-5)","background-image":"","background-repeat":"repeat","background-position":"center center","background-size":"auto","background-attachment":"scroll","background-type":"","background-media":"","overlay-type":"","overlay-color":"","overlay-opacity":"","overlay-gradient":""}},"jetpack_post_was_ever_published":false},"product_brand":[],"product_cat":[566,573],"product_tag":[],"class_list":{"0":"post-14675","1":"product","2":"type-product","3":"status-publish","4":"has-post-thumbnail","6":"product_cat-valentynske-dekorace","7":"product_cat-darky-pro-zeny","8":"pa_rozmery-varianta-1","9":"pa_rozmery-varianta-2","10":"desktop-align-left","11":"tablet-align-left","12":"mobile-align-left","14":"first","15":"instock","16":"shipping-taxable","17":"purchasable","18":"product-type-variable"},"jetpack_sharing_enabled":true,"_links":{"self":[{"href":"https:\/\/dekohra.eu\/de\/wp-json\/wp\/v2\/product\/14675","targetHints":{"allow":["GET"]}}],"collection":[{"href":"https:\/\/dekohra.eu\/de\/wp-json\/wp\/v2\/product"}],"about":[{"href":"https:\/\/dekohra.eu\/de\/wp-json\/wp\/v2\/types\/product"}],"replies":[{"embeddable":true,"href":"https:\/\/dekohra.eu\/de\/wp-json\/wp\/v2\/comments?post=14675"}],"wp:featuredmedia":[{"embeddable":true,"href":"https:\/\/dekohra.eu\/de\/wp-json\/wp\/v2\/media\/16600"}],"wp:attachment":[{"href":"https:\/\/dekohra.eu\/de\/wp-json\/wp\/v2\/media?parent=14675"}],"wp:term":[{"taxonomy":"product_brand","embeddable":true,"href":"https:\/\/dekohra.eu\/de\/wp-json\/wp\/v2\/product_brand?post=14675"},{"taxonomy":"product_cat","embeddable":true,"href":"https:\/\/dekohra.eu\/de\/wp-json\/wp\/v2\/product_cat?post=14675"},{"taxonomy":"product_tag","embeddable":true,"href":"https:\/\/dekohra.eu\/de\/wp-json\/wp\/v2\/product_tag?post=14675"}],"curies":[{"name":"wp","href":"https:\/\/api.w.org\/{rel}","templated":true}]}}