{"id":15356,"date":"2025-03-06T10:25:19","date_gmt":"2025-03-06T09:25:19","guid":{"rendered":"https:\/\/dekohra.eu\/?post_type=product&#038;p=15356"},"modified":"2025-03-06T10:41:46","modified_gmt":"2025-03-06T09:41:46","slug":"hackovany-kosik-ovalny-s-hacovanym-podtackem","status":"publish","type":"product","link":"https:\/\/dekohra.eu\/de\/produkt\/hackovany-kosik-ovalny-s-hacovanym-podtackem\/","title":{"rendered":"Geh\u00e4kelter ovaler Korb mit geh\u00e4keltem Untersetzer"},"content":{"rendered":"<p><!-- upraveno html4output --><\/p>\n<h2>Geh\u00e4kelter ovaler Korb mit geh\u00e4keltem Untersetzer<\/h2>\n<p class=\"-wm-p3\">Der geh\u00e4kelte ovale Korb ist eine stilvolle und praktische Erg\u00e4nzung f\u00fcr jeden Haushalt. Es ist aus hochwertigem Garn handgeh\u00e4kelt und bietet nicht nur St\u00e4rke und Haltbarkeit, sondern auch ein elegantes Aussehen.<\/p>\n<h3 class=\"-wm-p4\"><span class=\"-wm-s3\">Warum unseren H\u00e4kelkorb kaufen?<\/span><\/h3>\n<p class=\"-wm-p3\"><span class=\"-wm-s2\">1. Ger\u00e4umig und funktional \u2013 Unser H\u00e4kelkorb mit Holzboden ist ideal f\u00fcr die Aufbewahrung verschiedener Kleinigkeiten. Sie k\u00f6nnen darin Kosmetikartikel, B\u00fcroutensilien oder Kinderspielzeug aufbewahren.<\/span><\/p>\n<p class=\"-wm-p3\"><span class=\"-wm-s2\">2. Stilvolles Accessoire \u2013 H\u00e4keldesign verleiht jedem Raum Gem\u00fctlichkeit und Pers\u00f6nlichkeit. Der Korb passt perfekt in Wohnzimmer, Schlafzimmer oder Badezimmer und wird zu einem tollen Gestaltungselement Ihres Zuhauses.<\/span><\/p>\n<p class=\"-wm-p3\"><span class=\"-wm-s2\">3. Hochwertige Materialien \u2013 F\u00fcr die Herstellung des Korbes haben wir hochwertiges Baumwollgarn verwendet, das dem Korb Stabilit\u00e4t verleiht und f\u00fcr eine sch\u00f6ne Formbest\u00e4ndigkeit sorgt. Holzsperrholz sorgt f\u00fcr Stabilit\u00e4t und Eleganz.<\/span><\/p>\n<p class=\"-wm-p3\"><span class=\"-wm-s2\">4. Handgefertigt \u2013 Jeder Korb ist ein Unikat, mit Liebe und Sorgfalt hergestellt. Leichte Abweichungen in den Abmessungen oder der Farbe verleihen ihm Einzigartigkeit und Authentizit\u00e4t.<\/span><\/p>\n<p class=\"-wm-p3\"><span class=\"-wm-s2\">Korbpflege \u2013 Um seine Sch\u00f6nheit zu bewahren, empfehlen wir, ihn regelm\u00e4\u00dfig mit einem trockenen Tuch abzuwischen.\u00a0<\/span><\/p>\n<p class=\"-wm-p3\"><span class=\"-wm-s2\">Das ideale Geschenk f\u00fcr jeden \u2013 Dieser geh\u00e4kelte Korb ist ein tolles Geschenk f\u00fcr jeden, der Stil und praktische L\u00f6sungen im Haushalt sch\u00e4tzt. Es wird Liebhaber des eleganten Wohnens, kreative Menschen oder alle, die auf der Suche nach originellen und handgefertigten Accessoires sind, begeistern. Ob zum Geburtstag, zu Weihnachten oder einfach als Gelegenheit, jemandem eine Freude zu machen: Dieser Korb wird Ihnen bestimmt gefallen!<\/span><\/p>\n<p class=\"-wm-p3\"><span class=\"-wm-s2\">Verleihen Sie Ihrem Zuhause noch heute mit unserem H\u00e4kelkorb ein St\u00fcck Eleganz und Funktionalit\u00e4t!<\/span><\/p>\n<h3 class=\"-wm-p3\"><\/h3>\n<p>&nbsp;<\/p>\n<h4 class=\"-wm-p3\"><strong><span class=\"-wm-s2\">Produktspezifikationen:<\/span><\/strong><\/h4>\n<p class=\"-wm-p3\"><span class=\"-wm-s2\"><strong>Korbma\u00dfe<\/strong> : 31 x 17 x 12 cm\u00a0<\/span><\/p>\n<p class=\"-wm-p3\"><span class=\"-wm-s2\"><strong>Ma\u00dfe<\/strong> <strong>Untersetzer<\/strong> : 14 x 14 cm\u00a0<\/span><\/p>\n<p class=\"-wm-p3\"><span class=\"-wm-s2\"><strong>Material:<\/strong> 100%\u00a0<span class=\"-wm-Apple-converted-space\">\u00a0<\/span>recycelte Baumwolle, Birkensperrholz\u00a0<\/span><\/p>\n<p class=\"-wm-p3\"><span class=\"-wm-s2\"><strong>Farbe:<\/strong> Gr\u00fcn<\/span><\/p>\n<p class=\"-wm-p3\"><strong><span class=\"-wm-s2\">Material: <\/span><\/strong><span class=\"-wm-s2\">Baumwolle, Polyester, Holzsperrholz\u00a0<\/span><\/p>\n<p><strong>Kategorie:<\/strong> <a href=\"https:\/\/dekohra.eu\/de\/produkt-kategorie\/hackovani\/\">H\u00e4keln<\/a><\/p>\n<p>&nbsp;<\/p>","protected":false},"excerpt":{"rendered":"<p>H\u00e1\u010dkovan\u00fd ko\u0161\u00edk ov\u00e1ln\u00fd s h\u00e1\u010dovan\u00fdm podt\u00e1ckem H\u00e1\u010dkovan\u00fd ko\u0161\u00edk ov\u00e1ln\u00fd je stylov\u00fd a praktick\u00fd dopln\u011bk do ka\u017ed\u00e9 dom\u00e1cnosti. Ru\u010dn\u011b h\u00e1\u010dkovan\u00fd z [&hellip;]<\/p>","protected":false},"featured_media":15357,"comment_status":"open","ping_status":"closed","template":"","meta":{"site-sidebar-layout":"default","site-content-layout":"","ast-site-content-layout":"default","site-content-style":"default","site-sidebar-style":"default","ast-global-header-display":"","ast-banner-title-visibility":"","ast-main-header-display":"","ast-hfb-above-header-display":"","ast-hfb-below-header-display":"","ast-hfb-mobile-header-display":"","site-post-title":"","ast-breadcrumbs-content":"","ast-featured-img":"","footer-sml-layout":"","theme-transparent-header-meta":"default","adv-header-id-meta":"","stick-header-meta":"","header-above-stick-meta":"","header-main-stick-meta":"","header-below-stick-meta":"","astra-migrate-meta-layouts":"set","ast-page-background-enabled":"default","ast-page-background-meta":{"desktop":{"background-color":"var(--ast-global-color-4)","background-image":"","background-repeat":"repeat","background-position":"center center","background-size":"auto","background-attachment":"scroll","background-type":"","background-media":"","overlay-type":"","overlay-color":"","overlay-opacity":"","overlay-gradient":""},"tablet":{"background-color":"","background-image":"","background-repeat":"repeat","background-position":"center center","background-size":"auto","background-attachment":"scroll","background-type":"","background-media":"","overlay-type":"","overlay-color":"","overlay-opacity":"","overlay-gradient":""},"mobile":{"background-color":"","background-image":"","background-repeat":"repeat","background-position":"center center","background-size":"auto","background-attachment":"scroll","background-type":"","background-media":"","overlay-type":"","overlay-color":"","overlay-opacity":"","overlay-gradient":""}},"ast-content-background-meta":{"desktop":{"background-color":"var(--ast-global-color-5)","background-image":"","background-repeat":"repeat","background-position":"center center","background-size":"auto","background-attachment":"scroll","background-type":"","background-media":"","overlay-type":"","overlay-color":"","overlay-opacity":"","overlay-gradient":""},"tablet":{"background-color":"var(--ast-global-color-5)","background-image":"","background-repeat":"repeat","background-position":"center center","background-size":"auto","background-attachment":"scroll","background-type":"","background-media":"","overlay-type":"","overlay-color":"","overlay-opacity":"","overlay-gradient":""},"mobile":{"background-color":"var(--ast-global-color-5)","background-image":"","background-repeat":"repeat","background-position":"center center","background-size":"auto","background-attachment":"scroll","background-type":"","background-media":"","overlay-type":"","overlay-color":"","overlay-opacity":"","overlay-gradient":""}},"jetpack_post_was_ever_published":false},"product_brand":[],"product_cat":[575],"product_tag":[],"class_list":{"0":"post-15356","1":"product","2":"type-product","3":"status-publish","4":"has-post-thumbnail","6":"product_cat-hackovane-vyrobky","7":"pa_barva-cerna","8":"pa_barva-antracit","9":"pa_barva-bila","10":"pa_barva-cervena","11":"pa_barva-fialova","12":"pa_barva-modra","13":"pa_barva-oranzova","14":"pa_barva-orech","15":"pa_barva-ruzova","16":"pa_barva-zelena","17":"pa_barva-zluta","18":"desktop-align-left","19":"tablet-align-left","20":"mobile-align-left","22":"first","23":"onbackorder","24":"shipping-taxable","25":"purchasable","26":"product-type-simple"},"jetpack_sharing_enabled":true,"_links":{"self":[{"href":"https:\/\/dekohra.eu\/de\/wp-json\/wp\/v2\/product\/15356","targetHints":{"allow":["GET"]}}],"collection":[{"href":"https:\/\/dekohra.eu\/de\/wp-json\/wp\/v2\/product"}],"about":[{"href":"https:\/\/dekohra.eu\/de\/wp-json\/wp\/v2\/types\/product"}],"replies":[{"embeddable":true,"href":"https:\/\/dekohra.eu\/de\/wp-json\/wp\/v2\/comments?post=15356"}],"wp:featuredmedia":[{"embeddable":true,"href":"https:\/\/dekohra.eu\/de\/wp-json\/wp\/v2\/media\/15357"}],"wp:attachment":[{"href":"https:\/\/dekohra.eu\/de\/wp-json\/wp\/v2\/media?parent=15356"}],"wp:term":[{"taxonomy":"product_brand","embeddable":true,"href":"https:\/\/dekohra.eu\/de\/wp-json\/wp\/v2\/product_brand?post=15356"},{"taxonomy":"product_cat","embeddable":true,"href":"https:\/\/dekohra.eu\/de\/wp-json\/wp\/v2\/product_cat?post=15356"},{"taxonomy":"product_tag","embeddable":true,"href":"https:\/\/dekohra.eu\/de\/wp-json\/wp\/v2\/product_tag?post=15356"}],"curies":[{"name":"wp","href":"https:\/\/api.w.org\/{rel}","templated":true}]}}