{"id":15371,"date":"2025-03-06T11:50:36","date_gmt":"2025-03-06T10:50:36","guid":{"rendered":"https:\/\/dekohra.eu\/?post_type=product&#038;p=15371"},"modified":"2025-03-06T12:03:18","modified_gmt":"2025-03-06T11:03:18","slug":"hackovany-podsalek-4-ks","status":"publish","type":"product","link":"https:\/\/dekohra.eu\/de\/produkt\/hackovany-podsalek-4-ks\/","title":{"rendered":"Geh\u00e4kelte Untertasse \u2013 Sweet Home 4 Stk"},"content":{"rendered":"<p><!-- upraveno html4output --><\/p>\n<h2 data-start=\"0\" data-end=\"29\">Geh\u00e4kelte Untertasse \u2013 Sweet Home 4 Stk<\/h2>\n<p data-start=\"102\" data-end=\"240\">Mit unserem <strong data-start=\"111\" data-end=\"135\">geh\u00e4kelte Untertassen<\/strong> Sie werden Ihr Getr\u00e4nk nicht nur besser genie\u00dfen, sondern auch jeden Schluck bereichern <strong data-start=\"209\" data-end=\"237\">eine Prise Stil und Gem\u00fctlichkeit<\/strong>!<\/p>\n<h3 data-start=\"242\" data-end=\"287\"><strong data-start=\"246\" data-end=\"285\">Warum geh\u00e4kelte Untersetzer kaufen?<\/strong><\/h3>\n<ol data-start=\"289\" data-end=\"1115\">\n<li data-start=\"289\" data-end=\"505\">\n<p data-start=\"292\" data-end=\"505\"><strong data-start=\"292\" data-end=\"308\">Sch\u00fctzt den Tisch<\/strong> - Unser <strong data-start=\"316\" data-end=\"338\">geh\u00e4kelte Untertassen<\/strong> sind nicht nur <strong data-start=\"350\" data-end=\"360\">sch\u00f6n<\/strong>, aber auch <strong data-start=\"371\" data-end=\"384\">praktisch<\/strong>. Sch\u00fctzt effektiv Ihre <strong data-start=\"407\" data-end=\"418\">M\u00f6bel<\/strong> vor <strong data-start=\"424\" data-end=\"446\">mit Getr\u00e4nkeflecken<\/strong> Und <strong data-start=\"449\" data-end=\"466\">tassen<\/strong>, wobei <strong data-start=\"473\" data-end=\"502\">verl\u00e4ngern die Lebensdauer<\/strong>.<\/p>\n<\/li>\n<li data-start=\"507\" data-end=\"683\">\n<p data-start=\"510\" data-end=\"683\"><strong data-start=\"510\" data-end=\"551\">Genie\u00dfen Sie Ihr Getr\u00e4nk mit unserem Untersetzer<\/strong> - Danke <strong data-start=\"559\" data-end=\"582\">elegantes Design<\/strong> du kannst <strong data-start=\"593\" data-end=\"616\">um jeden Schluck zu genie\u00dfen<\/strong> Ihr Lieblingsgetr\u00e4nk <strong data-start=\"641\" data-end=\"666\">ohne sich um Kratzer sorgen zu m\u00fcssen<\/strong> Tischoberfl\u00e4che.<\/p>\n<\/li>\n<li data-start=\"685\" data-end=\"949\">\n<p data-start=\"688\" data-end=\"949\"><strong data-start=\"688\" data-end=\"701\">Atmosph\u00e4re<\/strong> \u2013 <strong data-start=\"704\" data-end=\"726\">Geh\u00e4kelte Untersetzer<\/strong> sie bringen zu Ihnen nach Hause <strong data-start=\"754\" data-end=\"789\">Gem\u00fctlichkeit und einladende Atmosph\u00e4re<\/strong>. Sie sind <strong data-start=\"796\" data-end=\"816\">eine tolle Erg\u00e4nzung<\/strong>die Ihr Interieur bereichern werden <strong data-start=\"846\" data-end=\"868\">Stil und Originalit\u00e4t<\/strong>, ob bei <strong data-start=\"880\" data-end=\"911\">Festliche Anl\u00e4sse<\/strong>oder wenn <strong data-start=\"922\" data-end=\"946\">allt\u00e4gliches Sitzen<\/strong>.<\/p>\n<\/li>\n<li data-start=\"951\" data-end=\"1115\">\n<p data-start=\"954\" data-end=\"1115\"><strong data-start=\"954\" data-end=\"977\">Hochwertige Verarbeitung<\/strong> \u2013 Unsere Untersetzer sind <strong data-start=\"999\" data-end=\"1012\">einzigartig<\/strong> \u2013 jeder von ihnen ist gemacht <strong data-start=\"1039\" data-end=\"1058\">mit Liebe und Sorgfalt<\/strong> aus <strong data-start=\"1061\" data-end=\"1088\">hochwertiges Baumwollgarn<\/strong> Und <strong data-start=\"1091\" data-end=\"1112\">Birkensperrholz<\/strong>.<\/p>\n<\/li>\n<\/ol>\n<h3 data-start=\"1117\" data-end=\"1142\"><strong data-start=\"1121\" data-end=\"1140\">Untersetzerpflege<\/strong><\/h3>\n<p data-start=\"1143\" data-end=\"1196\">Bei <strong data-start=\"1147\" data-end=\"1161\">Verschmutzung<\/strong> genug <strong data-start=\"1168\" data-end=\"1193\">mit einem feuchten Tuch abwischen<\/strong>.<\/p>\n<h3 data-start=\"1198\" data-end=\"1241\"><strong data-start=\"1202\" data-end=\"1239\">F\u00fcr wen eignen sie sich ideal als Geschenk?<\/strong><\/h3>\n<p data-start=\"1242\" data-end=\"1610\">Unser <strong data-start=\"1247\" data-end=\"1269\">geh\u00e4kelte Untersetzer<\/strong> Sind <strong data-start=\"1275\" data-end=\"1296\">Das perfekte Geschenk<\/strong> f\u00fcr alle, die lieben <strong data-start=\"1326\" data-end=\"1354\">gem\u00fctliches und stilvolles Wohnen<\/strong>. Sie werden mit ihnen zufrieden sein <strong data-start=\"1370\" data-end=\"1395\">Kaffee- und Teeliebhaber<\/strong>, <strong data-start=\"1397\" data-end=\"1415\" data-is-only-node=\"\">kreative Seele<\/strong>oder diejenigen, die <strong data-start=\"1432\" data-end=\"1467\">sch\u00e4tzt Handarbeit und Originalit\u00e4t<\/strong>. Ob Sie auf der Suche nach <strong data-start=\"1483\" data-end=\"1506\">Geburtstagsgeschenk<\/strong>, <strong data-start=\"1508\" data-end=\"1519\">Weihnachten<\/strong>oder einfach so <strong data-start=\"1534\" data-end=\"1548\">zum Vergn\u00fcgen<\/strong>, diese Untersetzer zaubern <strong data-start=\"1573\" data-end=\"1591\">L\u00e4cheln auf deinem Gesicht<\/strong> Ihre Lieben.<\/p>\n<p data-start=\"1612\" data-end=\"1708\" data-is-last-node=\"\" data-is-only-node=\"\">\ud83d\udecd <strong data-start=\"1615\" data-end=\"1708\" data-is-last-node=\"\">Verleihen Sie Ihrem Zuhause noch heute mit unseren geh\u00e4kelten Untersetzern einen Hauch von Eleganz und Komfort!<\/strong><\/p>\n<h4 class=\"-wm-p3\"><span class=\"-wm-s4\">Produktspezifikationen:<\/span><\/h4>\n<ul class=\"-wm-ul1\">\n<li class=\"-wm-li3\"><span class=\"-wm-s4\"><strong>Ma\u00dfe<\/strong>:<\/span><span class=\"-wm-s2\">\u00a0Au\u00dfendurchmesser \u2013 12,5 cm Innendurchmesser f\u00fcr Getr\u00e4nke \u2013 7,5 cm\u00a0<\/span><\/li>\n<li class=\"-wm-li3\"><span class=\"-wm-s4\"><strong>Material<\/strong>:<\/span><span class=\"-wm-s2\"> Holzsperrholz, Baumwollgarn\u00a0<\/span><\/li>\n<li><strong>Kategorie:<\/strong> <a href=\"https:\/\/dekohra.eu\/de\/produkt-kategorie\/hackovani\/\">H\u00e4keln<\/a><\/li>\n<\/ul>\n<p class=\"-wm-p3\"><span class=\"-wm-s2\">Dies ist Handarbeit \u2013 Abmessungen und Farben k\u00f6nnen leicht variieren.\u00a0<\/span><\/p>\n<p>&nbsp;<\/p>\n<p>&nbsp;<\/p>","protected":false},"excerpt":{"rendered":"<p>H\u00e1\u010dkovan\u00fd pod\u0161\u00e1lek &#8211; Sladk\u00fd domov 4 ks S na\u0161imi h\u00e1\u010dkovan\u00fdmi pod\u0161\u00e1lky si v\u00e1\u0161 n\u00e1poj nejen\u017ee l\u00e9pe vychutn\u00e1te, ale tak\u00e9 p\u0159id\u00e1te [&hellip;]<\/p>","protected":false},"featured_media":15372,"comment_status":"open","ping_status":"closed","template":"","meta":{"site-sidebar-layout":"default","site-content-layout":"","ast-site-content-layout":"default","site-content-style":"default","site-sidebar-style":"default","ast-global-header-display":"","ast-banner-title-visibility":"","ast-main-header-display":"","ast-hfb-above-header-display":"","ast-hfb-below-header-display":"","ast-hfb-mobile-header-display":"","site-post-title":"","ast-breadcrumbs-content":"","ast-featured-img":"","footer-sml-layout":"","theme-transparent-header-meta":"default","adv-header-id-meta":"","stick-header-meta":"","header-above-stick-meta":"","header-main-stick-meta":"","header-below-stick-meta":"","astra-migrate-meta-layouts":"set","ast-page-background-enabled":"default","ast-page-background-meta":{"desktop":{"background-color":"var(--ast-global-color-4)","background-image":"","background-repeat":"repeat","background-position":"center center","background-size":"auto","background-attachment":"scroll","background-type":"","background-media":"","overlay-type":"","overlay-color":"","overlay-opacity":"","overlay-gradient":""},"tablet":{"background-color":"","background-image":"","background-repeat":"repeat","background-position":"center center","background-size":"auto","background-attachment":"scroll","background-type":"","background-media":"","overlay-type":"","overlay-color":"","overlay-opacity":"","overlay-gradient":""},"mobile":{"background-color":"","background-image":"","background-repeat":"repeat","background-position":"center center","background-size":"auto","background-attachment":"scroll","background-type":"","background-media":"","overlay-type":"","overlay-color":"","overlay-opacity":"","overlay-gradient":""}},"ast-content-background-meta":{"desktop":{"background-color":"var(--ast-global-color-5)","background-image":"","background-repeat":"repeat","background-position":"center center","background-size":"auto","background-attachment":"scroll","background-type":"","background-media":"","overlay-type":"","overlay-color":"","overlay-opacity":"","overlay-gradient":""},"tablet":{"background-color":"var(--ast-global-color-5)","background-image":"","background-repeat":"repeat","background-position":"center center","background-size":"auto","background-attachment":"scroll","background-type":"","background-media":"","overlay-type":"","overlay-color":"","overlay-opacity":"","overlay-gradient":""},"mobile":{"background-color":"var(--ast-global-color-5)","background-image":"","background-repeat":"repeat","background-position":"center center","background-size":"auto","background-attachment":"scroll","background-type":"","background-media":"","overlay-type":"","overlay-color":"","overlay-opacity":"","overlay-gradient":""}},"jetpack_post_was_ever_published":false},"product_brand":[],"product_cat":[575],"product_tag":[],"class_list":{"0":"post-15371","1":"product","2":"type-product","3":"status-publish","4":"has-post-thumbnail","6":"product_cat-hackovane-vyrobky","7":"pa_barva-cerna","8":"pa_barva-antracit","9":"pa_barva-bila","10":"pa_barva-cervena","11":"pa_barva-fialova","12":"pa_barva-modra","13":"pa_barva-oranzova","14":"pa_barva-orech","15":"pa_barva-ruzova","16":"pa_barva-zelena","17":"pa_barva-zluta","18":"desktop-align-left","19":"tablet-align-left","20":"mobile-align-left","22":"first","23":"onbackorder","24":"shipping-taxable","25":"purchasable","26":"product-type-simple"},"jetpack_sharing_enabled":true,"_links":{"self":[{"href":"https:\/\/dekohra.eu\/de\/wp-json\/wp\/v2\/product\/15371","targetHints":{"allow":["GET"]}}],"collection":[{"href":"https:\/\/dekohra.eu\/de\/wp-json\/wp\/v2\/product"}],"about":[{"href":"https:\/\/dekohra.eu\/de\/wp-json\/wp\/v2\/types\/product"}],"replies":[{"embeddable":true,"href":"https:\/\/dekohra.eu\/de\/wp-json\/wp\/v2\/comments?post=15371"}],"wp:featuredmedia":[{"embeddable":true,"href":"https:\/\/dekohra.eu\/de\/wp-json\/wp\/v2\/media\/15372"}],"wp:attachment":[{"href":"https:\/\/dekohra.eu\/de\/wp-json\/wp\/v2\/media?parent=15371"}],"wp:term":[{"taxonomy":"product_brand","embeddable":true,"href":"https:\/\/dekohra.eu\/de\/wp-json\/wp\/v2\/product_brand?post=15371"},{"taxonomy":"product_cat","embeddable":true,"href":"https:\/\/dekohra.eu\/de\/wp-json\/wp\/v2\/product_cat?post=15371"},{"taxonomy":"product_tag","embeddable":true,"href":"https:\/\/dekohra.eu\/de\/wp-json\/wp\/v2\/product_tag?post=15371"}],"curies":[{"name":"wp","href":"https:\/\/api.w.org\/{rel}","templated":true}]}}