{"id":15427,"date":"2025-03-06T21:56:02","date_gmt":"2025-03-06T20:56:02","guid":{"rendered":"https:\/\/dekohra.eu\/?post_type=product&#038;p=15427"},"modified":"2025-03-07T06:52:35","modified_gmt":"2025-03-07T05:52:35","slug":"dno-na-hackovani-kosiku-4ks","status":"publish","type":"product","link":"https:\/\/dekohra.eu\/de\/produkt\/dno-na-hackovani-kosiku-4ks\/","title":{"rendered":"H\u00e4kelkorbboden 4St"},"content":{"rendered":"<p><!-- upraveno html4output --><\/p>\n<h2 style=\"text-align: left;\">H\u00e4kelkorbboden 4St<\/h2>\n<p><strong>Willkommen in der Welt des Kunsthandwerks<\/strong>wo Kreativit\u00e4t und Handwerkskunst in perfekter Harmonie verschmelzen. Holzboden zum Korbflechten 4Stk ist <strong>Ein unverzichtbares Accessoire f\u00fcr jeden H\u00e4kelbegeisterten.<\/strong> Dieses Produkt soll das Herstellen sch\u00f6ner und funktionaler K\u00f6rbe einfacher und angenehmer machen.<\/p>\n<h3>Hochwertiges Material<\/h3>\n<ul>\n<li>Der Boden f\u00fcr H\u00e4kelk\u00f6rbe besteht aus hochwertigem Pappelsperrholz, das <strong>sorgt f\u00fcr Festigkeit und Haltbarkeit<\/strong>. Dieses Material ist leicht und dennoch robust genug, um die Form des Korbes zu bewahren und dem t\u00e4glichen Gebrauch standzuhalten.<\/li>\n<\/ul>\n<h3>Pr\u00e4zisionsverarbeitung<\/h3>\n<ul>\n<li>Dank moderner Technologien wird jeder Boden pr\u00e4zise geschnitzt, was eine gleichm\u00e4\u00dfige Form und glatte Kanten garantiert. Die L\u00f6cher am Umfang sind sorgf\u00e4ltig angeordnet, um das Anbringen des H\u00e4kelteils zu erleichtern.<\/li>\n<\/ul>\n<h3>Dekorative K\u00f6rbe<\/h3>\n<ul>\n<li>Verwenden Sie diese B\u00f6den, um kleine dekorative K\u00f6rbe zur Versch\u00f6nerung Ihres Zuhauses herzustellen. <strong>Geh\u00e4kelte K\u00f6rbe k\u00f6nnen als Beh\u00e4lter f\u00fcr Obst, Kosmetika oder kleine Gegenst\u00e4nde dienen<\/strong>und die Sie zur Hand haben m\u00fcssen.<\/li>\n<li><strong>Dekoration:<\/strong> Kreieren Sie farbenfrohe und stilvolle K\u00f6rbe f\u00fcr Ihr Interieur.<\/li>\n<li><strong>Praktikabilit\u00e4t:<\/strong> Ideal zur Aufbewahrung von Kleinigkeiten und Kosmetika.<\/li>\n<\/ul>\n<p>Wir haben auch f\u00fcr Sie vorbereitet <a href=\"https:\/\/dekohra.eu\/de\/navod-na-hackovany-kosik-s-drevenym-dnem\/\">Anleitung f\u00fcr einen H\u00e4kelkorb mit Holzboden<\/a><\/p>\n<h3>Bodendurchmesser:<img decoding=\"async\" style=\"font-size: 14px; float: right;\" src=\"https:\/\/dekohra.eu\/_obchody\/go4874\/prilohy\/4\/carousel-large-featured-image-c9851f0f-0.png.big.jpg\" alt=\"\" width=\"300\" \/><\/h3>\n<p><strong>1 St\u00fcck \u2013 7 cm<\/strong><\/p>\n<p><strong>1 St\u00fcck \u2013 10 cm<\/strong><\/p>\n<p><strong>1 St\u00fcck \u2013 15 cm<\/strong><\/p>\n<p><strong>1 St\u00fcck \u2013 20 cm<\/strong><\/p>\n<p><b>Lochdurchmesser: 9mm<\/b><\/p>\n<p><b>L\u00f6cher vom Rand: 3mm<\/b><\/p>\n<p><b>Lochabstand: 3mm<\/b><\/p>\n<h3>Parameter:<\/h3>\n<ul>\n<li><strong>Material:<\/strong> Pappelsperrholz<\/li>\n<li><strong>Produktdicke: <\/strong>3 mm<\/li>\n<li><strong>Hersteller: <\/strong><a href=\"https:\/\/dekohra.eu\/de\/\">Dekohra.eu<\/a><\/li>\n<li><strong><strong>Farbe:<\/strong> <\/strong>Naturholz<\/li>\n<li><strong>Verpackung:<\/strong> 4 St\u00fcck<\/li>\n<\/ul>","protected":false},"excerpt":{"rendered":"<p>Dno na h\u00e1\u010dkov\u00e1n\u00ed ko\u0161\u00edk\u016f 4ks V\u00edtejte ve sv\u011bt\u011b ru\u010dn\u00edch prac\u00ed, kde kreativita a \u0159emeslo spl\u00fdvaj\u00ed v dokonalou harmonii. D\u0159ev\u011bn\u00e9 dno [&hellip;]<\/p>","protected":false},"featured_media":15428,"comment_status":"open","ping_status":"closed","template":"","meta":{"site-sidebar-layout":"default","site-content-layout":"","ast-site-content-layout":"default","site-content-style":"default","site-sidebar-style":"default","ast-global-header-display":"","ast-banner-title-visibility":"","ast-main-header-display":"","ast-hfb-above-header-display":"","ast-hfb-below-header-display":"","ast-hfb-mobile-header-display":"","site-post-title":"","ast-breadcrumbs-content":"","ast-featured-img":"","footer-sml-layout":"","theme-transparent-header-meta":"default","adv-header-id-meta":"","stick-header-meta":"","header-above-stick-meta":"","header-main-stick-meta":"","header-below-stick-meta":"","astra-migrate-meta-layouts":"set","ast-page-background-enabled":"default","ast-page-background-meta":{"desktop":{"background-color":"var(--ast-global-color-4)","background-image":"","background-repeat":"repeat","background-position":"center center","background-size":"auto","background-attachment":"scroll","background-type":"","background-media":"","overlay-type":"","overlay-color":"","overlay-opacity":"","overlay-gradient":""},"tablet":{"background-color":"","background-image":"","background-repeat":"repeat","background-position":"center center","background-size":"auto","background-attachment":"scroll","background-type":"","background-media":"","overlay-type":"","overlay-color":"","overlay-opacity":"","overlay-gradient":""},"mobile":{"background-color":"","background-image":"","background-repeat":"repeat","background-position":"center center","background-size":"auto","background-attachment":"scroll","background-type":"","background-media":"","overlay-type":"","overlay-color":"","overlay-opacity":"","overlay-gradient":""}},"ast-content-background-meta":{"desktop":{"background-color":"var(--ast-global-color-5)","background-image":"","background-repeat":"repeat","background-position":"center center","background-size":"auto","background-attachment":"scroll","background-type":"","background-media":"","overlay-type":"","overlay-color":"","overlay-opacity":"","overlay-gradient":""},"tablet":{"background-color":"var(--ast-global-color-5)","background-image":"","background-repeat":"repeat","background-position":"center center","background-size":"auto","background-attachment":"scroll","background-type":"","background-media":"","overlay-type":"","overlay-color":"","overlay-opacity":"","overlay-gradient":""},"mobile":{"background-color":"var(--ast-global-color-5)","background-image":"","background-repeat":"repeat","background-position":"center center","background-size":"auto","background-attachment":"scroll","background-type":"","background-media":"","overlay-type":"","overlay-color":"","overlay-opacity":"","overlay-gradient":""}},"jetpack_post_was_ever_published":false},"product_brand":[],"product_cat":[575],"product_tag":[],"class_list":{"0":"post-15427","1":"product","2":"type-product","3":"status-publish","4":"has-post-thumbnail","6":"product_cat-hackovane-vyrobky","7":"pa_barva-cerna","8":"pa_barva-antracit","9":"pa_barva-bila","10":"pa_barva-cervena","11":"pa_barva-fialova","12":"pa_barva-modra","13":"pa_barva-oranzova","14":"pa_barva-orech","15":"pa_barva-ruzova","16":"pa_barva-zelena","17":"pa_barva-zluta","18":"desktop-align-left","19":"tablet-align-left","20":"mobile-align-left","22":"first","23":"instock","24":"shipping-taxable","25":"purchasable","26":"product-type-simple"},"jetpack_sharing_enabled":true,"_links":{"self":[{"href":"https:\/\/dekohra.eu\/de\/wp-json\/wp\/v2\/product\/15427","targetHints":{"allow":["GET"]}}],"collection":[{"href":"https:\/\/dekohra.eu\/de\/wp-json\/wp\/v2\/product"}],"about":[{"href":"https:\/\/dekohra.eu\/de\/wp-json\/wp\/v2\/types\/product"}],"replies":[{"embeddable":true,"href":"https:\/\/dekohra.eu\/de\/wp-json\/wp\/v2\/comments?post=15427"}],"wp:featuredmedia":[{"embeddable":true,"href":"https:\/\/dekohra.eu\/de\/wp-json\/wp\/v2\/media\/15428"}],"wp:attachment":[{"href":"https:\/\/dekohra.eu\/de\/wp-json\/wp\/v2\/media?parent=15427"}],"wp:term":[{"taxonomy":"product_brand","embeddable":true,"href":"https:\/\/dekohra.eu\/de\/wp-json\/wp\/v2\/product_brand?post=15427"},{"taxonomy":"product_cat","embeddable":true,"href":"https:\/\/dekohra.eu\/de\/wp-json\/wp\/v2\/product_cat?post=15427"},{"taxonomy":"product_tag","embeddable":true,"href":"https:\/\/dekohra.eu\/de\/wp-json\/wp\/v2\/product_tag?post=15427"}],"curies":[{"name":"wp","href":"https:\/\/api.w.org\/{rel}","templated":true}]}}