{"id":15462,"date":"2025-03-12T14:41:41","date_gmt":"2025-03-12T13:41:41","guid":{"rendered":"https:\/\/dekohra.eu\/?post_type=product&#038;p=15462"},"modified":"2026-04-10T11:10:53","modified_gmt":"2026-04-10T09:10:53","slug":"dreveny-fotoramecek-se-jmenem","status":"publish","type":"product","link":"https:\/\/dekohra.eu\/de\/produkt\/dreveny-fotoramecek-se-jmenem\/","title":{"rendered":"Holz-Fotorahmen mit Namen"},"content":{"rendered":"<h2 style=\"text-align: left;\"><strong>Bilderrahmen aus Holz mit Namen.<\/strong><\/h2>\n<p>&nbsp;<\/p>\n<p><strong>Holz-Fotorahmen mit Namen<\/strong> ist das ideale Geschenk, das diese Erinnerungen festh\u00e4lt und bewahrt<strong> die sch\u00f6nsten Momente der Ankunft eines neuen Familienmitglieds.<\/strong> Dieser sch\u00f6ne Bilderrahmen ist aus hochwertigem Pappelsperrholz gefertigt, was seine Festigkeit gew\u00e4hrleistet und <strong>lange Lebensdauer<\/strong>.<\/p>\n<h3>Hochwertige Materialien<\/h3>\n<ul>\n<li>Die Dekoration besteht aus <strong>hochwertiges Pappelsperrholz<\/strong> 3 mm dick, was Robustheit und lange Lebensdauer gew\u00e4hrleistet. Die Oberfl\u00e4che ist langlebig und pflegeleicht, sodass der Bilderrahmen <strong>es wird viele Jahre lang gro\u00dfartig aussehen.<\/strong><\/li>\n<\/ul>\n<h3>\u00c4sthetisches Design<\/h3>\n<ul>\n<li><strong>Modernes Laserschneiden<\/strong> sorgt f\u00fcr ein pr\u00e4zises und \u00e4sthetisch ansprechendes Design, das in jedes Interieur passt. Dies macht diesen Bilderrahmen zu einer idealen Erg\u00e4nzung f\u00fcr jedes Zuhause.<\/li>\n<\/ul>\n<h3>Pers\u00f6nliche Note<\/h3>\n<ul>\n<li>Der Holzbilderrahmen mit Namen dient dazu, die sch\u00f6nsten Momente ab der Geburt eines Kindes festzuhalten und aufzubewahren. <strong>M\u00f6glichkeit der Gravur des Namens des Kindes und anderer wichtiger Informationen<\/strong> Es verleiht dem Produkt eine pers\u00f6nliche und einzigartige Note, die alle Eltern zu sch\u00e4tzen wissen.<\/li>\n<\/ul>\n<p><strong>Verleihen Sie Ihrem Zuhause einen Hauch von Eleganz und bewahren Sie die Erinnerungen an Ihre wertvollsten Momente mit diesem einzigartigen und wundersch\u00f6nen Bilderrahmen.<\/strong><\/p>\n<p>&nbsp;<\/p>\n<h3>Parameter:<\/h3>\n<ul>\n<li style=\"list-style-type: none;\">\n<ul>\n<li><strong>Material:<\/strong> Pappelsperrholz<\/li>\n<li><strong>Produktdicke:\u00a0<\/strong>3 mm<\/li>\n<li><strong>Hersteller:\u00a0<\/strong><a href=\"http:\/\/dekohra.de\/\" target=\"_blank\" rel=\"noopener\">Dekohra.eu<\/a><\/li>\n<li><strong>Kategorie:<\/strong> <a href=\"https:\/\/dekohra.eu\/de\/produkt-kategorie\/bytove-dekorace\/fotoramecky\/\">Bilderrahmen<\/a><\/li>\n<\/ul>\n<\/li>\n<\/ul>\n<p>&nbsp;<\/p>","protected":false},"excerpt":{"rendered":"<p>D\u0159ev\u011bn\u00fd fotor\u00e1me\u010dek se jm\u00e9nem. &nbsp; D\u0159ev\u011bn\u00fd fotor\u00e1me\u010dek se jm\u00e9nem je ide\u00e1ln\u00edm d\u00e1rkem, kter\u00fd zachyt\u00ed a uchov\u00e1 ty nejcenn\u011bj\u0161\u00ed okam\u017eiky p\u0159\u00edchodu [&hellip;]<\/p>","protected":false},"featured_media":19559,"comment_status":"open","ping_status":"closed","template":"","meta":{"site-sidebar-layout":"default","site-content-layout":"","ast-site-content-layout":"default","site-content-style":"default","site-sidebar-style":"default","ast-global-header-display":"","ast-banner-title-visibility":"","ast-main-header-display":"","ast-hfb-above-header-display":"","ast-hfb-below-header-display":"","ast-hfb-mobile-header-display":"","site-post-title":"","ast-breadcrumbs-content":"","ast-featured-img":"","footer-sml-layout":"","theme-transparent-header-meta":"default","adv-header-id-meta":"","stick-header-meta":"","header-above-stick-meta":"","header-main-stick-meta":"","header-below-stick-meta":"","astra-migrate-meta-layouts":"set","ast-page-background-enabled":"default","ast-page-background-meta":{"desktop":{"background-color":"var(--ast-global-color-4)","background-image":"","background-repeat":"repeat","background-position":"center center","background-size":"auto","background-attachment":"scroll","background-type":"","background-media":"","overlay-type":"","overlay-color":"","overlay-opacity":"","overlay-gradient":""},"tablet":{"background-color":"","background-image":"","background-repeat":"repeat","background-position":"center center","background-size":"auto","background-attachment":"scroll","background-type":"","background-media":"","overlay-type":"","overlay-color":"","overlay-opacity":"","overlay-gradient":""},"mobile":{"background-color":"","background-image":"","background-repeat":"repeat","background-position":"center center","background-size":"auto","background-attachment":"scroll","background-type":"","background-media":"","overlay-type":"","overlay-color":"","overlay-opacity":"","overlay-gradient":""}},"ast-content-background-meta":{"desktop":{"background-color":"var(--ast-global-color-5)","background-image":"","background-repeat":"repeat","background-position":"center center","background-size":"auto","background-attachment":"scroll","background-type":"","background-media":"","overlay-type":"","overlay-color":"","overlay-opacity":"","overlay-gradient":""},"tablet":{"background-color":"var(--ast-global-color-5)","background-image":"","background-repeat":"repeat","background-position":"center center","background-size":"auto","background-attachment":"scroll","background-type":"","background-media":"","overlay-type":"","overlay-color":"","overlay-opacity":"","overlay-gradient":""},"mobile":{"background-color":"var(--ast-global-color-5)","background-image":"","background-repeat":"repeat","background-position":"center center","background-size":"auto","background-attachment":"scroll","background-type":"","background-media":"","overlay-type":"","overlay-color":"","overlay-opacity":"","overlay-gradient":""}},"jetpack_post_was_ever_published":false},"product_brand":[],"product_cat":[550,562],"product_tag":[],"class_list":{"0":"post-15462","1":"product","2":"type-product","3":"status-publish","4":"has-post-thumbnail","6":"product_cat-darky-pro-deti","7":"product_cat-drevene-fotoramecky","8":"pa_rozmery-pro-fotografie-10x15-cm","9":"desktop-align-left","10":"tablet-align-left","11":"mobile-align-left","13":"first","14":"instock","15":"shipping-taxable","16":"purchasable","17":"product-type-variable"},"jetpack_sharing_enabled":true,"_links":{"self":[{"href":"https:\/\/dekohra.eu\/de\/wp-json\/wp\/v2\/product\/15462","targetHints":{"allow":["GET"]}}],"collection":[{"href":"https:\/\/dekohra.eu\/de\/wp-json\/wp\/v2\/product"}],"about":[{"href":"https:\/\/dekohra.eu\/de\/wp-json\/wp\/v2\/types\/product"}],"replies":[{"embeddable":true,"href":"https:\/\/dekohra.eu\/de\/wp-json\/wp\/v2\/comments?post=15462"}],"wp:featuredmedia":[{"embeddable":true,"href":"https:\/\/dekohra.eu\/de\/wp-json\/wp\/v2\/media\/19559"}],"wp:attachment":[{"href":"https:\/\/dekohra.eu\/de\/wp-json\/wp\/v2\/media?parent=15462"}],"wp:term":[{"taxonomy":"product_brand","embeddable":true,"href":"https:\/\/dekohra.eu\/de\/wp-json\/wp\/v2\/product_brand?post=15462"},{"taxonomy":"product_cat","embeddable":true,"href":"https:\/\/dekohra.eu\/de\/wp-json\/wp\/v2\/product_cat?post=15462"},{"taxonomy":"product_tag","embeddable":true,"href":"https:\/\/dekohra.eu\/de\/wp-json\/wp\/v2\/product_tag?post=15462"}],"curies":[{"name":"wp","href":"https:\/\/api.w.org\/{rel}","templated":true}]}}