{"id":15507,"date":"2025-03-13T22:39:07","date_gmt":"2025-03-13T21:39:07","guid":{"rendered":"https:\/\/dekohra.eu\/?post_type=product&#038;p=15507"},"modified":"2025-03-13T22:57:07","modified_gmt":"2025-03-13T21:57:07","slug":"medvidek-dekorace-svetle-lososova","status":"publish","type":"product","link":"https:\/\/dekohra.eu\/de\/produkt\/medvidek-dekorace-svetle-lososova\/","title":{"rendered":"Teddyb\u00e4r Dekoration \u2013 Helllachs"},"content":{"rendered":"<p><!-- upraveno html4output --><\/p>\n<h2>Teddyb\u00e4r Dekoration \u2013 Helllachs<\/h2>\n<p class=\"-wm-p3\"><span class=\"-wm-s2\">Teddyb\u00e4r-Dekoration \u2013 entdecken Sie die Magie handgemachter Dekoration mit unserem geh\u00e4kelten Teddyb\u00e4ren! Dieser kleine Besch\u00fctzer verleiht Ihrem Zuhause einen Hauch von Verspieltheit und Gem\u00fctlichkeit.\u00a0<\/span><\/p>\n<h3 class=\"-wm-p4\">Warum eine Teddyb\u00e4r-Dekoration kaufen?<\/h3>\n<p class=\"-wm-p3\"><span class=\"-wm-s2\">1. Stilvolle Dekoration \u2013 Dieser s\u00fc\u00dfe Teddyb\u00e4r ist eine tolle Erg\u00e4nzung f\u00fcr jedes Interieur. Egal ob auf dem Tisch, im Regal oder im Kinderzimmer, es ist immer ein Blickfang und zaubert ein L\u00e4cheln ins Gesicht.<\/span><\/p>\n<p class=\"-wm-p3\"><span class=\"-wm-s2\">2. Mit Liebe von Hand geh\u00e4kelt \u2013 Jeder Teddyb\u00e4r ist ein Unikat und mit gr\u00f6\u00dfter Sorgfalt aus hochwertigem 100%-Polyestergarn hergestellt. Dank seiner Weichheit und Finesse ist es ideal f\u00fcr jedes Zuhause.<\/span><\/p>\n<p class=\"-wm-p3\"><span class=\"-wm-s2\">3. \u00d6kologische und sichere Materialien \u2013 Wir verwenden ausschlie\u00dflich zertifizierte Garne nach dem OEKO-TEX STANDARD 100. Das bedeutet, dass unser Teddyb\u00e4r keine Schadstoffe enth\u00e4lt, sanft zu Ihrer Haut und unserem Planeten ist.<\/span><\/p>\n<p class=\"-wm-p3\"><span class=\"-wm-s2\">4. Tolles Geschenk \u2013 Sie suchen ein originelles Geschenk f\u00fcr einen Ihnen nahestehenden Menschen? Mit einem geh\u00e4kelten Gummib\u00e4rchen machen Sie Handarbeits- und Dekorationsliebhabern eine Freude. Dieser Teddyb\u00e4r wird sowohl Erwachsene als auch Kinder begeistern und ein bisschen Freude in ihr Leben bringen.<\/span><\/p>\n<p class=\"-wm-p3\"><span class=\"-wm-s2\">Pflege des Teddyb\u00e4ren \u2013 Um seine Sch\u00f6nheit zu bewahren, empfehlen wir Handw\u00e4sche.<\/span><\/p>\n<h2>Teddyb\u00e4r Dekoration \u2013 Helllachs<\/h2>\n<p>&nbsp;<\/p>\n<h4 class=\"-wm-p3\"><strong><span class=\"-wm-s2\">Produktspezifikationen:<\/span><\/strong><\/h4>\n<p>&nbsp;<\/p>\n<p class=\"-wm-p3\"><span class=\"-wm-s2\">Gr\u00f6\u00dfe: H\u00f6he 7 cm\u00a0\u00a0<\/span><\/p>\n<p class=\"-wm-p3\"><span class=\"-wm-s2\">Material: 100% Polyester\u00a0<\/span><\/p>\n<p><strong>Kategorie:<\/strong> <a href=\"https:\/\/dekohra.eu\/de\/produkt-kategorie\/hackovani\/\">H\u00e4keln<\/a><\/p>\n<p class=\"-wm-p3\"><span class=\"-wm-s2\">Dies ist handgefertigt \u2013 Abmessungen und Farben k\u00f6nnen leicht abweichen.\u00a0<\/span><\/p>\n<p class=\"-wm-p3\"><span class=\"-wm-s2\">Verleihen Sie Ihrem Zuhause mit unserer Teddyb\u00e4r-Dekoration einen Hauch von Verspieltheit und einzigartigem Stil<\/span><\/p>\n<p class=\"-wm-p3\"><span class=\"-wm-s2\">Heute!<\/span><\/p>","protected":false},"excerpt":{"rendered":"<p>Medv\u00eddek dekorace &#8211; Sv\u011btle lososov\u00e1 Medv\u00eddek dekorace &#8211; objevte kouzlo ru\u010dn\u011b vyroben\u00e9 dekorace s na\u0161\u00edm h\u00e1\u010dkovan\u00fdm medv\u00eddkem! Tento mali\u010dk\u00fd ochr\u00e1nce [&hellip;]<\/p>","protected":false},"featured_media":15512,"comment_status":"open","ping_status":"closed","template":"","meta":{"site-sidebar-layout":"default","site-content-layout":"","ast-site-content-layout":"default","site-content-style":"default","site-sidebar-style":"default","ast-global-header-display":"","ast-banner-title-visibility":"","ast-main-header-display":"","ast-hfb-above-header-display":"","ast-hfb-below-header-display":"","ast-hfb-mobile-header-display":"","site-post-title":"","ast-breadcrumbs-content":"","ast-featured-img":"","footer-sml-layout":"","theme-transparent-header-meta":"default","adv-header-id-meta":"","stick-header-meta":"","header-above-stick-meta":"","header-main-stick-meta":"","header-below-stick-meta":"","astra-migrate-meta-layouts":"set","ast-page-background-enabled":"default","ast-page-background-meta":{"desktop":{"background-color":"var(--ast-global-color-4)","background-image":"","background-repeat":"repeat","background-position":"center center","background-size":"auto","background-attachment":"scroll","background-type":"","background-media":"","overlay-type":"","overlay-color":"","overlay-opacity":"","overlay-gradient":""},"tablet":{"background-color":"","background-image":"","background-repeat":"repeat","background-position":"center center","background-size":"auto","background-attachment":"scroll","background-type":"","background-media":"","overlay-type":"","overlay-color":"","overlay-opacity":"","overlay-gradient":""},"mobile":{"background-color":"","background-image":"","background-repeat":"repeat","background-position":"center center","background-size":"auto","background-attachment":"scroll","background-type":"","background-media":"","overlay-type":"","overlay-color":"","overlay-opacity":"","overlay-gradient":""}},"ast-content-background-meta":{"desktop":{"background-color":"var(--ast-global-color-5)","background-image":"","background-repeat":"repeat","background-position":"center center","background-size":"auto","background-attachment":"scroll","background-type":"","background-media":"","overlay-type":"","overlay-color":"","overlay-opacity":"","overlay-gradient":""},"tablet":{"background-color":"var(--ast-global-color-5)","background-image":"","background-repeat":"repeat","background-position":"center center","background-size":"auto","background-attachment":"scroll","background-type":"","background-media":"","overlay-type":"","overlay-color":"","overlay-opacity":"","overlay-gradient":""},"mobile":{"background-color":"var(--ast-global-color-5)","background-image":"","background-repeat":"repeat","background-position":"center center","background-size":"auto","background-attachment":"scroll","background-type":"","background-media":"","overlay-type":"","overlay-color":"","overlay-opacity":"","overlay-gradient":""}},"jetpack_post_was_ever_published":false},"product_brand":[],"product_cat":[575],"product_tag":[],"class_list":{"0":"post-15507","1":"product","2":"type-product","3":"status-publish","4":"has-post-thumbnail","6":"product_cat-hackovane-vyrobky","7":"pa_barva-cerna","8":"pa_barva-antracit","9":"pa_barva-bila","10":"pa_barva-cervena","11":"pa_barva-fialova","12":"pa_barva-modra","13":"pa_barva-oranzova","14":"pa_barva-orech","15":"pa_barva-ruzova","16":"pa_barva-zelena","17":"pa_barva-zluta","18":"desktop-align-left","19":"tablet-align-left","20":"mobile-align-left","22":"first","23":"onbackorder","24":"shipping-taxable","25":"purchasable","26":"product-type-simple"},"jetpack_sharing_enabled":true,"_links":{"self":[{"href":"https:\/\/dekohra.eu\/de\/wp-json\/wp\/v2\/product\/15507","targetHints":{"allow":["GET"]}}],"collection":[{"href":"https:\/\/dekohra.eu\/de\/wp-json\/wp\/v2\/product"}],"about":[{"href":"https:\/\/dekohra.eu\/de\/wp-json\/wp\/v2\/types\/product"}],"replies":[{"embeddable":true,"href":"https:\/\/dekohra.eu\/de\/wp-json\/wp\/v2\/comments?post=15507"}],"wp:featuredmedia":[{"embeddable":true,"href":"https:\/\/dekohra.eu\/de\/wp-json\/wp\/v2\/media\/15512"}],"wp:attachment":[{"href":"https:\/\/dekohra.eu\/de\/wp-json\/wp\/v2\/media?parent=15507"}],"wp:term":[{"taxonomy":"product_brand","embeddable":true,"href":"https:\/\/dekohra.eu\/de\/wp-json\/wp\/v2\/product_brand?post=15507"},{"taxonomy":"product_cat","embeddable":true,"href":"https:\/\/dekohra.eu\/de\/wp-json\/wp\/v2\/product_cat?post=15507"},{"taxonomy":"product_tag","embeddable":true,"href":"https:\/\/dekohra.eu\/de\/wp-json\/wp\/v2\/product_tag?post=15507"}],"curies":[{"name":"wp","href":"https:\/\/api.w.org\/{rel}","templated":true}]}}