{"id":1554,"date":"2024-10-18T15:16:07","date_gmt":"2024-10-18T13:16:07","guid":{"rendered":"https:\/\/bazar-komoda.cz\/?post_type=product&#038;p=1554"},"modified":"2025-02-16T20:23:58","modified_gmt":"2025-02-16T19:23:58","slug":"montazni-penova-paska","status":"publish","type":"product","link":"https:\/\/dekohra.eu\/de\/produkt\/montazni-penova-paska\/","title":{"rendered":"Montage doppelseitiges Schaumstoffklebeband 1 Meter"},"content":{"rendered":"<p>Dieses 1 mm starke doppelseitige Montageband ist ideal, um Dekorationen, Zierleisten, Spiegel und andere Gegenst\u00e4nde schnell und zuverl\u00e4ssig auf glatten Oberfl\u00e4chen zu befestigen. Durch seinen starken Grip h\u00e4lt er sicher und dauerhaft. Es eignet sich hervorragend f\u00fcr den Einsatz im Innen- und Au\u00dfenbereich, da hier eine langfristige Best\u00e4ndigkeit gegen Feuchtigkeit und Temperaturschwankungen gew\u00e4hrleistet ist.<\/p>\n<p>&nbsp;<\/p>\n<p><span>\ud83d\udccf <\/span><strong><span>Dicke:<\/span><\/strong><span> 1 mm <\/span><\/p>\n<p><span>\ud83d\udcd0 <\/span><strong><span>L\u00e4nge:<\/span><\/strong><span> Verschiedene Varianten 1 St\u00fcck = 1 Meter<\/span><\/p>\n<p><span>\ud83d\udd12 <\/span><strong><span>St\u00e4rke:<\/span><\/strong><span> Hohe Haftung und Haltbarkeit<\/span><\/p>\n<p>&nbsp;<\/p>","protected":false},"excerpt":{"rendered":"<p>Tato mont\u00e1\u017en\u00ed oboustrann\u00e1 lepic\u00ed p\u00e1ska s tlou\u0161\u0165kou 1 mm je ide\u00e1ln\u00ed pro rychl\u00e9 a spolehliv\u00e9 uchycen\u00ed dekorac\u00ed, li\u0161t, zrcadel a [&hellip;]<\/p>","protected":false},"featured_media":3595,"comment_status":"open","ping_status":"closed","template":"","meta":{"site-sidebar-layout":"default","site-content-layout":"","ast-site-content-layout":"default","site-content-style":"default","site-sidebar-style":"default","ast-global-header-display":"","ast-banner-title-visibility":"","ast-main-header-display":"","ast-hfb-above-header-display":"","ast-hfb-below-header-display":"","ast-hfb-mobile-header-display":"","site-post-title":"","ast-breadcrumbs-content":"","ast-featured-img":"","footer-sml-layout":"","theme-transparent-header-meta":"default","adv-header-id-meta":"","stick-header-meta":"","header-above-stick-meta":"","header-main-stick-meta":"","header-below-stick-meta":"","astra-migrate-meta-layouts":"set","ast-page-background-enabled":"default","ast-page-background-meta":{"desktop":{"background-color":"var(--ast-global-color-4)","background-image":"","background-repeat":"repeat","background-position":"center center","background-size":"auto","background-attachment":"scroll","background-type":"","background-media":"","overlay-type":"","overlay-color":"","overlay-opacity":"","overlay-gradient":""},"tablet":{"background-color":"","background-image":"","background-repeat":"repeat","background-position":"center center","background-size":"auto","background-attachment":"scroll","background-type":"","background-media":"","overlay-type":"","overlay-color":"","overlay-opacity":"","overlay-gradient":""},"mobile":{"background-color":"","background-image":"","background-repeat":"repeat","background-position":"center center","background-size":"auto","background-attachment":"scroll","background-type":"","background-media":"","overlay-type":"","overlay-color":"","overlay-opacity":"","overlay-gradient":""}},"ast-content-background-meta":{"desktop":{"background-color":"var(--ast-global-color-5)","background-image":"","background-repeat":"repeat","background-position":"center center","background-size":"auto","background-attachment":"scroll","background-type":"","background-media":"","overlay-type":"","overlay-color":"","overlay-opacity":"","overlay-gradient":""},"tablet":{"background-color":"var(--ast-global-color-5)","background-image":"","background-repeat":"repeat","background-position":"center center","background-size":"auto","background-attachment":"scroll","background-type":"","background-media":"","overlay-type":"","overlay-color":"","overlay-opacity":"","overlay-gradient":""},"mobile":{"background-color":"var(--ast-global-color-5)","background-image":"","background-repeat":"repeat","background-position":"center center","background-size":"auto","background-attachment":"scroll","background-type":"","background-media":"","overlay-type":"","overlay-color":"","overlay-opacity":"","overlay-gradient":""}},"jetpack_post_was_ever_published":false},"product_brand":[],"product_cat":[16],"product_tag":[],"class_list":{"0":"post-1554","1":"product","2":"type-product","3":"status-publish","4":"has-post-thumbnail","6":"product_cat-bytove-dekorace","7":"desktop-align-left","8":"tablet-align-left","9":"mobile-align-left","11":"first","12":"instock","13":"shipping-taxable","14":"purchasable","15":"product-type-simple"},"jetpack_sharing_enabled":true,"_links":{"self":[{"href":"https:\/\/dekohra.eu\/de\/wp-json\/wp\/v2\/product\/1554","targetHints":{"allow":["GET"]}}],"collection":[{"href":"https:\/\/dekohra.eu\/de\/wp-json\/wp\/v2\/product"}],"about":[{"href":"https:\/\/dekohra.eu\/de\/wp-json\/wp\/v2\/types\/product"}],"replies":[{"embeddable":true,"href":"https:\/\/dekohra.eu\/de\/wp-json\/wp\/v2\/comments?post=1554"}],"wp:featuredmedia":[{"embeddable":true,"href":"https:\/\/dekohra.eu\/de\/wp-json\/wp\/v2\/media\/3595"}],"wp:attachment":[{"href":"https:\/\/dekohra.eu\/de\/wp-json\/wp\/v2\/media?parent=1554"}],"wp:term":[{"taxonomy":"product_brand","embeddable":true,"href":"https:\/\/dekohra.eu\/de\/wp-json\/wp\/v2\/product_brand?post=1554"},{"taxonomy":"product_cat","embeddable":true,"href":"https:\/\/dekohra.eu\/de\/wp-json\/wp\/v2\/product_cat?post=1554"},{"taxonomy":"product_tag","embeddable":true,"href":"https:\/\/dekohra.eu\/de\/wp-json\/wp\/v2\/product_tag?post=1554"}],"curies":[{"name":"wp","href":"https:\/\/api.w.org\/{rel}","templated":true}]}}