{"id":1556,"date":"2024-10-18T15:21:09","date_gmt":"2024-10-18T13:21:09","guid":{"rendered":"https:\/\/bazar-komoda.cz\/?post_type=product&#038;p=1556"},"modified":"2025-02-16T20:23:57","modified_gmt":"2025-02-16T19:23:57","slug":"mini-hrebicky","status":"publish","type":"product","link":"https:\/\/dekohra.eu\/de\/produkt\/mini-hrebicky\/","title":{"rendered":"Mini-Nelken"},"content":{"rendered":"<p>\ud83d\udd28 <strong>Dimension:<\/strong> Kurz und d\u00fcnn, ideal f\u00fcr filigrane Arbeiten<\/p>\n<p>\ud83d\udce6 <strong>Verpackung:<\/strong>\u00a0 10 St\u00fcck Menge nach Bedarf<\/p>\n<p>\ud83c\udfaf <strong>Verwenden:<\/strong> Dekorationen, kleine Reparaturen, kreative Projekte<\/p>\n<p>F\u00fcr Feinmontagen und kleinere Reparaturen sind Minin\u00e4gel die perfekte Wahl. Dank seines geringen Durchmessers und seiner L\u00e4nge eignet es sich problemlos f\u00fcr Projekte, bei denen eine diskrete und pr\u00e4zise Befestigung erforderlich ist. Sie eignen sich ideal zum Einrahmen, Anbringen von Lichtdekorationen oder f\u00fcr detaillierte Tischlerarbeiten.<\/p>\n<p>Die N\u00e4gel bestehen aus hochwertigem Material, das selbst bei geringer Gr\u00f6\u00dfe f\u00fcr Stabilit\u00e4t sorgt. Empfohlen f\u00fcr Holz, d\u00fcnnere Platten und andere empfindliche Materialien.<\/p>","protected":false},"excerpt":{"rendered":"<p>\ud83d\udd28 Rozm\u011br: Kr\u00e1tk\u00e9 a tenk\u00e9, ide\u00e1ln\u00ed pro jemnou pr\u00e1ci \ud83d\udce6 Balen\u00ed:\u00a0 10 ks mno\u017estv\u00ed podle pot\u0159eb \ud83c\udfaf Pou\u017eit\u00ed: Dekorace, drobn\u00e9 [&hellip;]<\/p>","protected":false},"featured_media":12313,"comment_status":"open","ping_status":"closed","template":"","meta":{"site-sidebar-layout":"default","site-content-layout":"","ast-site-content-layout":"default","site-content-style":"default","site-sidebar-style":"default","ast-global-header-display":"","ast-banner-title-visibility":"","ast-main-header-display":"","ast-hfb-above-header-display":"","ast-hfb-below-header-display":"","ast-hfb-mobile-header-display":"","site-post-title":"","ast-breadcrumbs-content":"","ast-featured-img":"","footer-sml-layout":"","theme-transparent-header-meta":"default","adv-header-id-meta":"","stick-header-meta":"","header-above-stick-meta":"","header-main-stick-meta":"","header-below-stick-meta":"","astra-migrate-meta-layouts":"set","ast-page-background-enabled":"default","ast-page-background-meta":{"desktop":{"background-color":"var(--ast-global-color-4)","background-image":"","background-repeat":"repeat","background-position":"center center","background-size":"auto","background-attachment":"scroll","background-type":"","background-media":"","overlay-type":"","overlay-color":"","overlay-opacity":"","overlay-gradient":""},"tablet":{"background-color":"","background-image":"","background-repeat":"repeat","background-position":"center center","background-size":"auto","background-attachment":"scroll","background-type":"","background-media":"","overlay-type":"","overlay-color":"","overlay-opacity":"","overlay-gradient":""},"mobile":{"background-color":"","background-image":"","background-repeat":"repeat","background-position":"center center","background-size":"auto","background-attachment":"scroll","background-type":"","background-media":"","overlay-type":"","overlay-color":"","overlay-opacity":"","overlay-gradient":""}},"ast-content-background-meta":{"desktop":{"background-color":"var(--ast-global-color-5)","background-image":"","background-repeat":"repeat","background-position":"center center","background-size":"auto","background-attachment":"scroll","background-type":"","background-media":"","overlay-type":"","overlay-color":"","overlay-opacity":"","overlay-gradient":""},"tablet":{"background-color":"var(--ast-global-color-5)","background-image":"","background-repeat":"repeat","background-position":"center center","background-size":"auto","background-attachment":"scroll","background-type":"","background-media":"","overlay-type":"","overlay-color":"","overlay-opacity":"","overlay-gradient":""},"mobile":{"background-color":"var(--ast-global-color-5)","background-image":"","background-repeat":"repeat","background-position":"center center","background-size":"auto","background-attachment":"scroll","background-type":"","background-media":"","overlay-type":"","overlay-color":"","overlay-opacity":"","overlay-gradient":""}},"jetpack_post_was_ever_published":false},"product_brand":[],"product_cat":[16],"product_tag":[],"class_list":{"0":"post-1556","1":"product","2":"type-product","3":"status-publish","4":"has-post-thumbnail","6":"product_cat-bytove-dekorace","7":"desktop-align-left","8":"tablet-align-left","9":"mobile-align-left","11":"first","12":"instock","13":"shipping-taxable","14":"purchasable","15":"product-type-simple"},"jetpack_sharing_enabled":true,"_links":{"self":[{"href":"https:\/\/dekohra.eu\/de\/wp-json\/wp\/v2\/product\/1556","targetHints":{"allow":["GET"]}}],"collection":[{"href":"https:\/\/dekohra.eu\/de\/wp-json\/wp\/v2\/product"}],"about":[{"href":"https:\/\/dekohra.eu\/de\/wp-json\/wp\/v2\/types\/product"}],"replies":[{"embeddable":true,"href":"https:\/\/dekohra.eu\/de\/wp-json\/wp\/v2\/comments?post=1556"}],"wp:featuredmedia":[{"embeddable":true,"href":"https:\/\/dekohra.eu\/de\/wp-json\/wp\/v2\/media\/12313"}],"wp:attachment":[{"href":"https:\/\/dekohra.eu\/de\/wp-json\/wp\/v2\/media?parent=1556"}],"wp:term":[{"taxonomy":"product_brand","embeddable":true,"href":"https:\/\/dekohra.eu\/de\/wp-json\/wp\/v2\/product_brand?post=1556"},{"taxonomy":"product_cat","embeddable":true,"href":"https:\/\/dekohra.eu\/de\/wp-json\/wp\/v2\/product_cat?post=1556"},{"taxonomy":"product_tag","embeddable":true,"href":"https:\/\/dekohra.eu\/de\/wp-json\/wp\/v2\/product_tag?post=1556"}],"curies":[{"name":"wp","href":"https:\/\/api.w.org\/{rel}","templated":true}]}}