{"id":15570,"date":"2025-03-17T20:37:18","date_gmt":"2025-03-17T19:37:18","guid":{"rendered":"https:\/\/dekohra.eu\/?post_type=product&#038;p=15570"},"modified":"2025-03-17T21:16:52","modified_gmt":"2025-03-17T20:16:52","slug":"vlastni-etiketa-na-vino","status":"publish","type":"product","link":"https:\/\/dekohra.eu\/de\/produkt\/vlastni-etiketa-na-vino\/","title":{"rendered":"Individuelles Weinetikett"},"content":{"rendered":"<h2 style=\"text-align: left;\">Individuelles Weinetikett.<\/h2>\n<p data-start=\"45\" data-end=\"314\">Ein individuelles Weinetikett schm\u00fcckt jede Flasche Wein! Diese stilvollen Etiketten sind aus hochwertigem Holz gefertigt und verleihen Ihren Produkten ein einzigartiges Aussehen. Ideal f\u00fcr Winzer, Hochzeitsgeschenke oder als personalisiertes Accessoire f\u00fcr die Weinherstellung zu Hause.<\/p>\n<p data-start=\"316\" data-end=\"457\">\u2728 <strong data-start=\"318\" data-end=\"345\">Personalisierungsoptionen:<\/strong><br data-start=\"345\" data-end=\"348\" \/>\u2714 Benutzerdefinierter Text nach Wunsch<br data-start=\"410\" data-end=\"413\" \/>\u2714 Lasergravur f\u00fcr pr\u00e4zise Details<\/p>\n<p data-start=\"459\" data-end=\"479\">\ud83c\udf81 <strong data-start=\"462\" data-end=\"477\">Geeignet f\u00fcr:<\/strong><\/p>\n<ul data-start=\"480\" data-end=\"575\">\n<li data-start=\"480\" data-end=\"507\">Winzer und Weinh\u00e4ndler<\/li>\n<li data-start=\"508\" data-end=\"531\">Weingeschenkverpackung<\/li>\n<li data-start=\"532\" data-end=\"575\">Hochzeiten, Feiern und besondere Anl\u00e4sse<\/li>\n<\/ul>\n<p data-start=\"577\" data-end=\"712\">\ud83d\udce6 <strong data-start=\"580\" data-end=\"593\">Material:<\/strong> Pappelsperrholz<br data-start=\"629\" data-end=\"632\" \/>\ud83d\udccf <strong data-start=\"635\" data-end=\"647\">Abmessungen:<\/strong> 8 x 8,5 cm<br data-start=\"670\" data-end=\"673\" \/>\u23f3 <strong data-start=\"675\" data-end=\"691\">Produktionszeit:<\/strong> 3\u20135 Werktage<\/p>\n<p data-start=\"714\" data-end=\"773\" data-is-last-node=\"\" data-is-only-node=\"\">Bestellen Sie noch heute Ihre einzigartigen Holzetiketten! <strong><b>\ud83c\udf77<\/b><b>\ud83c\udf7e<\/b><\/strong><\/p>\n<p>&nbsp;<\/p>\n<h3>Parameter:<\/h3>\n<ul>\n<li><strong>Produktdicke:\u00a0<\/strong>3 mm<\/li>\n<li><strong>Hersteller:\u00a0<\/strong><a href=\"http:\/\/dekohra.de\/\" target=\"_blank\" rel=\"noopener\">Dekohra.eu<\/a><\/li>\n<li><strong>Kategorie:<\/strong>\u00a0<a href=\"https:\/\/dekohra.eu\/de\/produkt-kategorie\/vyroba-na-zakazku\/logo-firmy-a-firemni-darky\/\">Logo und Firmengeschenke<\/a><\/li>\n<li><strong style=\"font-size: 16px;\">Technologie: <\/strong><a style=\"font-size: 16px; background-color: #ffffff;\" href=\"https:\/\/dekohra.eu\/de\/moderni-laserova-technologie-rezani-a-gravirovani\/\">Moderne Laserschneidtechnologie<\/a><\/li>\n<\/ul>","protected":false},"excerpt":{"rendered":"<p>Vlastn\u00ed etiketa na v\u00edno. Vlastn\u00ed etiketa na v\u00edno ozdob\u00ed ka\u017edou l\u00e1hev v\u00edna! Tyto stylov\u00e9 \u0161t\u00edtky jsou vyrobeny z kvalitn\u00edho d\u0159eva [&hellip;]<\/p>","protected":false},"featured_media":15572,"comment_status":"open","ping_status":"closed","template":"","meta":{"site-sidebar-layout":"default","site-content-layout":"","ast-site-content-layout":"default","site-content-style":"default","site-sidebar-style":"default","ast-global-header-display":"","ast-banner-title-visibility":"","ast-main-header-display":"","ast-hfb-above-header-display":"","ast-hfb-below-header-display":"","ast-hfb-mobile-header-display":"","site-post-title":"","ast-breadcrumbs-content":"","ast-featured-img":"","footer-sml-layout":"","theme-transparent-header-meta":"default","adv-header-id-meta":"","stick-header-meta":"","header-above-stick-meta":"","header-main-stick-meta":"","header-below-stick-meta":"","astra-migrate-meta-layouts":"set","ast-page-background-enabled":"default","ast-page-background-meta":{"desktop":{"background-color":"var(--ast-global-color-4)","background-image":"","background-repeat":"repeat","background-position":"center center","background-size":"auto","background-attachment":"scroll","background-type":"","background-media":"","overlay-type":"","overlay-color":"","overlay-opacity":"","overlay-gradient":""},"tablet":{"background-color":"","background-image":"","background-repeat":"repeat","background-position":"center center","background-size":"auto","background-attachment":"scroll","background-type":"","background-media":"","overlay-type":"","overlay-color":"","overlay-opacity":"","overlay-gradient":""},"mobile":{"background-color":"","background-image":"","background-repeat":"repeat","background-position":"center center","background-size":"auto","background-attachment":"scroll","background-type":"","background-media":"","overlay-type":"","overlay-color":"","overlay-opacity":"","overlay-gradient":""}},"ast-content-background-meta":{"desktop":{"background-color":"var(--ast-global-color-5)","background-image":"","background-repeat":"repeat","background-position":"center center","background-size":"auto","background-attachment":"scroll","background-type":"","background-media":"","overlay-type":"","overlay-color":"","overlay-opacity":"","overlay-gradient":""},"tablet":{"background-color":"var(--ast-global-color-5)","background-image":"","background-repeat":"repeat","background-position":"center center","background-size":"auto","background-attachment":"scroll","background-type":"","background-media":"","overlay-type":"","overlay-color":"","overlay-opacity":"","overlay-gradient":""},"mobile":{"background-color":"var(--ast-global-color-5)","background-image":"","background-repeat":"repeat","background-position":"center center","background-size":"auto","background-attachment":"scroll","background-type":"","background-media":"","overlay-type":"","overlay-color":"","overlay-opacity":"","overlay-gradient":""}},"jetpack_post_was_ever_published":false},"product_brand":[],"product_cat":[570],"product_tag":[],"class_list":{"0":"post-15570","1":"product","2":"type-product","3":"status-publish","4":"has-post-thumbnail","6":"product_cat-reklamni-predmety-a-firemni-darky","7":"pa_barva-bila","8":"pa_barva-cervena","9":"pa_barva-fialova","10":"pa_barva-modra","11":"pa_barva-oranzova","12":"pa_barva-ruzova","13":"pa_barva-stribrna","14":"pa_barva-zelena","15":"pa_barva-zluta","16":"pa_rozmery-100x70-cm","17":"pa_rozmery-20x30-cm","18":"pa_rozmery-27x40-cm","19":"pa_rozmery-40x60-cm","20":"desktop-align-left","21":"tablet-align-left","22":"mobile-align-left","24":"first","25":"instock","26":"shipping-taxable","27":"purchasable","28":"product-type-simple"},"jetpack_sharing_enabled":true,"_links":{"self":[{"href":"https:\/\/dekohra.eu\/de\/wp-json\/wp\/v2\/product\/15570","targetHints":{"allow":["GET"]}}],"collection":[{"href":"https:\/\/dekohra.eu\/de\/wp-json\/wp\/v2\/product"}],"about":[{"href":"https:\/\/dekohra.eu\/de\/wp-json\/wp\/v2\/types\/product"}],"replies":[{"embeddable":true,"href":"https:\/\/dekohra.eu\/de\/wp-json\/wp\/v2\/comments?post=15570"}],"wp:featuredmedia":[{"embeddable":true,"href":"https:\/\/dekohra.eu\/de\/wp-json\/wp\/v2\/media\/15572"}],"wp:attachment":[{"href":"https:\/\/dekohra.eu\/de\/wp-json\/wp\/v2\/media?parent=15570"}],"wp:term":[{"taxonomy":"product_brand","embeddable":true,"href":"https:\/\/dekohra.eu\/de\/wp-json\/wp\/v2\/product_brand?post=15570"},{"taxonomy":"product_cat","embeddable":true,"href":"https:\/\/dekohra.eu\/de\/wp-json\/wp\/v2\/product_cat?post=15570"},{"taxonomy":"product_tag","embeddable":true,"href":"https:\/\/dekohra.eu\/de\/wp-json\/wp\/v2\/product_tag?post=15570"}],"curies":[{"name":"wp","href":"https:\/\/api.w.org\/{rel}","templated":true}]}}