{"id":15591,"date":"2025-03-18T14:51:46","date_gmt":"2025-03-18T13:51:46","guid":{"rendered":"https:\/\/dekohra.eu\/?post_type=product&#038;p=15591"},"modified":"2025-03-20T21:09:12","modified_gmt":"2025-03-20T20:09:12","slug":"drevene-jmeno-na-zed-pismeno-se-jmenem","status":"publish","type":"product","link":"https:\/\/dekohra.eu\/de\/produkt\/drevene-jmeno-na-zed-pismeno-se-jmenem\/","title":{"rendered":"Holzname an der Wand \u2013 Buchstabe mit Namen"},"content":{"rendered":"<h2 style=\"text-align: left;\">Holzname an der Wand \u2013 Buchstabe mit Namen.<\/h2>\n<p>Ein Name aus Holz an der Wand ist eine tolle M\u00f6glichkeit, Ihrem Zuhause eine pers\u00f6nliche Note zu verleihen. Dieser Deko-Buchstabe wird aus hochwertiger Faserplatte sorgf\u00e4ltig gefertigt und individuell nach Ihren W\u00fcnschen gestaltet. <strong>Es ist ideal f\u00fcr Kinderzimmer, Wohnzimmer <\/strong>oder als originelles Geschenk.<strong>\u00a0<\/strong><\/p>\n<h3>Hochwertige Materialien<\/h3>\n<ul>\n<li>Die Dekoration besteht aus hochwertiger 3 mm starker Faserplatte, die Stabilit\u00e4t und Haltbarkeit gew\u00e4hrleistet.<\/li>\n<li>Bei der Dekoration wurde Wert auf Details und \u00c4sthetik gelegt. <strong>Moderner Laserschnitt sorgt f\u00fcr pr\u00e4zises und elegantes Design<\/strong>, das in jedes Interieur passt. Sie k\u00f6nnen aus mehreren Gr\u00f6\u00dfen und Farboptionen w\u00e4hlen.<\/li>\n<\/ul>\n<h3>Einfache Montage<\/h3>\n<ul>\n<li>Die Dekoration ist praktisch und einfach anzubringen. Sie k\u00f6nnen es an der Wand befestigen mit <strong>doppelseitiges Klebeband oder Minin\u00e4gel<\/strong>, was eine schnelle und einfache Installation gew\u00e4hrleistet.<\/li>\n<\/ul>\n<h3>Parameter:<\/h3>\n<ul>\n<li style=\"list-style-type: none;\">\n<ul>\n<li><strong>Material:<\/strong>\u00a0<a href=\"https:\/\/dekohra.eu\/de\/drevovlaknita-deska-3mm-idealni-material-pro-vyrobu-obrazu\/\">Faserplatte, einseitig lackiert<\/a><\/li>\n<li><strong>Produktdicke:\u00a0<\/strong>3 mm<\/li>\n<li><strong>Hersteller:\u00a0<\/strong><a href=\"http:\/\/dekohra.de\/\" target=\"_blank\" rel=\"noopener\">Dekohra.eu<\/a><\/li>\n<li><strong>Kategorie:\u00a0<\/strong><a href=\"https:\/\/dekohra.eu\/de\/produkt-kategorie\/vyroba-na-zakazku\/jmenovky\/\">Namensschilder<\/a><\/li>\n<li><strong style=\"font-size: 16px;\">Montage:<\/strong><span style=\"font-size: 16px;\">\u00a0<\/span><a style=\"font-size: 16px; background-color: #ffffff;\" href=\"https:\/\/dekohra.eu\/de\/navod-k-obsluze-a-montazi\/\">Mit doppelseitigem Klebeband oder Minin\u00e4geln<\/a><\/li>\n<li><strong>Farbe:<\/strong> Ausw\u00e4hlen einer Schriftfarbe<\/li>\n<\/ul>\n<\/li>\n<\/ul>\n<p>Wandmontage durch Kleben, Kleber ist nicht im Lieferumfang enthalten.<\/p>","protected":false},"excerpt":{"rendered":"<p>D\u0159ev\u011bn\u00e9 jm\u00e9no na ze\u010f &#8211; P\u00edsmeno se jm\u00e9nem. D\u0159ev\u011bn\u00e9 jm\u00e9no na ze\u010f je skv\u011bl\u00fdm zp\u016fsobem, jak p\u0159idat osobn\u00ed dotek do [&hellip;]<\/p>","protected":false},"featured_media":15610,"comment_status":"open","ping_status":"closed","template":"","meta":{"site-sidebar-layout":"default","site-content-layout":"","ast-site-content-layout":"default","site-content-style":"default","site-sidebar-style":"default","ast-global-header-display":"","ast-banner-title-visibility":"","ast-main-header-display":"","ast-hfb-above-header-display":"","ast-hfb-below-header-display":"","ast-hfb-mobile-header-display":"","site-post-title":"","ast-breadcrumbs-content":"","ast-featured-img":"","footer-sml-layout":"","theme-transparent-header-meta":"default","adv-header-id-meta":"","stick-header-meta":"","header-above-stick-meta":"","header-main-stick-meta":"","header-below-stick-meta":"","astra-migrate-meta-layouts":"set","ast-page-background-enabled":"default","ast-page-background-meta":{"desktop":{"background-color":"var(--ast-global-color-4)","background-image":"","background-repeat":"repeat","background-position":"center center","background-size":"auto","background-attachment":"scroll","background-type":"","background-media":"","overlay-type":"","overlay-color":"","overlay-opacity":"","overlay-gradient":""},"tablet":{"background-color":"","background-image":"","background-repeat":"repeat","background-position":"center center","background-size":"auto","background-attachment":"scroll","background-type":"","background-media":"","overlay-type":"","overlay-color":"","overlay-opacity":"","overlay-gradient":""},"mobile":{"background-color":"","background-image":"","background-repeat":"repeat","background-position":"center center","background-size":"auto","background-attachment":"scroll","background-type":"","background-media":"","overlay-type":"","overlay-color":"","overlay-opacity":"","overlay-gradient":""}},"ast-content-background-meta":{"desktop":{"background-color":"var(--ast-global-color-5)","background-image":"","background-repeat":"repeat","background-position":"center center","background-size":"auto","background-attachment":"scroll","background-type":"","background-media":"","overlay-type":"","overlay-color":"","overlay-opacity":"","overlay-gradient":""},"tablet":{"background-color":"var(--ast-global-color-5)","background-image":"","background-repeat":"repeat","background-position":"center center","background-size":"auto","background-attachment":"scroll","background-type":"","background-media":"","overlay-type":"","overlay-color":"","overlay-opacity":"","overlay-gradient":""},"mobile":{"background-color":"var(--ast-global-color-5)","background-image":"","background-repeat":"repeat","background-position":"center center","background-size":"auto","background-attachment":"scroll","background-type":"","background-media":"","overlay-type":"","overlay-color":"","overlay-opacity":"","overlay-gradient":""}},"jetpack_post_was_ever_published":false},"product_brand":[],"product_cat":[550,563],"product_tag":[],"class_list":{"0":"post-15591","1":"product","2":"type-product","3":"status-publish","4":"has-post-thumbnail","6":"product_cat-darky-pro-deti","7":"product_cat-drevene-jmenovky","8":"pa_rozmery-vyska-15-cm","9":"pa_rozmery-vyska-20-cm","10":"pa_rozmery-vyska-30-cm","11":"desktop-align-left","12":"tablet-align-left","13":"mobile-align-left","15":"first","16":"instock","17":"shipping-taxable","18":"purchasable","19":"product-type-variable"},"jetpack_sharing_enabled":true,"_links":{"self":[{"href":"https:\/\/dekohra.eu\/de\/wp-json\/wp\/v2\/product\/15591","targetHints":{"allow":["GET"]}}],"collection":[{"href":"https:\/\/dekohra.eu\/de\/wp-json\/wp\/v2\/product"}],"about":[{"href":"https:\/\/dekohra.eu\/de\/wp-json\/wp\/v2\/types\/product"}],"replies":[{"embeddable":true,"href":"https:\/\/dekohra.eu\/de\/wp-json\/wp\/v2\/comments?post=15591"}],"wp:featuredmedia":[{"embeddable":true,"href":"https:\/\/dekohra.eu\/de\/wp-json\/wp\/v2\/media\/15610"}],"wp:attachment":[{"href":"https:\/\/dekohra.eu\/de\/wp-json\/wp\/v2\/media?parent=15591"}],"wp:term":[{"taxonomy":"product_brand","embeddable":true,"href":"https:\/\/dekohra.eu\/de\/wp-json\/wp\/v2\/product_brand?post=15591"},{"taxonomy":"product_cat","embeddable":true,"href":"https:\/\/dekohra.eu\/de\/wp-json\/wp\/v2\/product_cat?post=15591"},{"taxonomy":"product_tag","embeddable":true,"href":"https:\/\/dekohra.eu\/de\/wp-json\/wp\/v2\/product_tag?post=15591"}],"curies":[{"name":"wp","href":"https:\/\/api.w.org\/{rel}","templated":true}]}}