{"id":15621,"date":"2025-03-20T21:44:13","date_gmt":"2025-03-20T20:44:13","guid":{"rendered":"https:\/\/dekohra.eu\/?post_type=product&#038;p=15621"},"modified":"2026-03-28T07:36:51","modified_gmt":"2026-03-28T06:36:51","slug":"drevene-jmeno-na-miru-20-cm","status":"publish","type":"product","link":"https:\/\/dekohra.eu\/de\/produkt\/drevene-jmeno-na-miru-20-cm\/","title":{"rendered":"Individueller Holzname 20 cm \u2013 Namensschild aus Holz"},"content":{"rendered":"<h2 style=\"text-align: left;\">Individueller Holzname 20 cm - Namensschild aus Holz.<\/h2>\n<p data-start=\"83\" data-end=\"346\"><strong>Individuell angefertigter Name aus Holz, Buchstabenh\u00f6he 20cm.<\/strong> Verleihen Sie dem Zimmer Ihres Kindes mit Holzbuchstaben einen einzigartigen Look! Jeder Buchstabe wird sorgf\u00e4ltig und mit Liebe zum Detail aus hochwertigem Holz geschnitzt. Ideal zum Gestalten des Namens Ihres Kindes, seines Lieblingsworts oder einer originellen Wanddekoration.<\/p>\n<p data-start=\"348\" data-end=\"513\">\u2728 <strong data-start=\"350\" data-end=\"365\">Merkmale:<\/strong><br data-start=\"365\" data-end=\"368\" \/>\u2714\ufe0f Material: hochwertiges 3mm Pappelsperrholz<br data-start=\"395\" data-end=\"398\" \/>\u2714\ufe0f Handgefertigt \u2013 jedes St\u00fcck ist ein Original<\/p>\n<p data-start=\"515\" data-end=\"609\">\ud83c\udf81 Eine tolle Geschenkidee zur Geburt, zum Geburtstag oder als sch\u00f6ne Dekoration f\u00fcrs Kinderzimmer!<\/p>\n<p data-start=\"611\" data-end=\"667\">\ud83d\udd39 Bestellen Sie noch heute Ihren Originalbrief! \ud83d\udd39<\/p>\n<p data-start=\"669\" data-end=\"731\" data-is-last-node=\"\" data-is-only-node=\"\">M\u00fcssen Sie die Farbe oder das Design anpassen? Kontaktieren Sie uns! \ud83d\ude0a<\/p>\n<h3>Parameter:<\/h3>\n<ul>\n<li style=\"list-style-type: none;\">\n<ul>\n<li><strong>Material:<\/strong> Pappelsperrholz<\/li>\n<li><strong>Produktdicke: <\/strong>3 mm<\/li>\n<li><strong>Produkth\u00f6he:<\/strong> 20 cm<\/li>\n<li><strong>Hersteller:\u00a0<\/strong><a href=\"http:\/\/dekohra.de\/\" target=\"_blank\" rel=\"noopener\">Dekohra.eu<\/a><\/li>\n<li><strong>Kategorie:\u00a0<\/strong><a href=\"https:\/\/dekohra.eu\/de\/produkt-kategorie\/vyroba-na-zakazku\/jmenovky\/\">Namensschilder<\/a><\/li>\n<li><strong style=\"font-size: 16px;\">Montage:<\/strong><span style=\"font-size: 16px;\">\u00a0<\/span><a style=\"font-size: 16px; background-color: #ffffff;\" href=\"https:\/\/dekohra.eu\/de\/navod-k-obsluze-a-montazi\/\">Mit doppelseitigem Klebeband oder Minin\u00e4geln<\/a><\/li>\n<li>Der Preis gilt f\u00fcr 1 St\u00fcck.<\/li>\n<\/ul>\n<\/li>\n<\/ul>\n<p>Wandmontage durch Kleben, Kleber ist nicht im Lieferumfang enthalten.<\/p>\n<p><em>Notiz:<\/em>\u00a0Das Produkt ist nicht f\u00fcr Kinder unter 3 Jahren geeignet.<\/p>","protected":false},"excerpt":{"rendered":"<p>D\u0159ev\u011bn\u00e9 jm\u00e9no na m\u00edru 20 cm &#8211; D\u0159ev\u011bn\u00e1 jmenovka. D\u0159ev\u011bn\u00e9 jm\u00e9no na m\u00edru, v\u00fd\u0161ka p\u00edsmene 20cm. Dodejte d\u011btsk\u00e9mu pokoji jedine\u010dn\u00fd [&hellip;]<\/p>","protected":false},"featured_media":19221,"comment_status":"open","ping_status":"closed","template":"","meta":{"site-sidebar-layout":"default","site-content-layout":"","ast-site-content-layout":"default","site-content-style":"default","site-sidebar-style":"default","ast-global-header-display":"","ast-banner-title-visibility":"","ast-main-header-display":"","ast-hfb-above-header-display":"","ast-hfb-below-header-display":"","ast-hfb-mobile-header-display":"","site-post-title":"","ast-breadcrumbs-content":"","ast-featured-img":"","footer-sml-layout":"","theme-transparent-header-meta":"default","adv-header-id-meta":"","stick-header-meta":"","header-above-stick-meta":"","header-main-stick-meta":"","header-below-stick-meta":"","astra-migrate-meta-layouts":"set","ast-page-background-enabled":"default","ast-page-background-meta":{"desktop":{"background-color":"var(--ast-global-color-4)","background-image":"","background-repeat":"repeat","background-position":"center center","background-size":"auto","background-attachment":"scroll","background-type":"","background-media":"","overlay-type":"","overlay-color":"","overlay-opacity":"","overlay-gradient":""},"tablet":{"background-color":"","background-image":"","background-repeat":"repeat","background-position":"center center","background-size":"auto","background-attachment":"scroll","background-type":"","background-media":"","overlay-type":"","overlay-color":"","overlay-opacity":"","overlay-gradient":""},"mobile":{"background-color":"","background-image":"","background-repeat":"repeat","background-position":"center center","background-size":"auto","background-attachment":"scroll","background-type":"","background-media":"","overlay-type":"","overlay-color":"","overlay-opacity":"","overlay-gradient":""}},"ast-content-background-meta":{"desktop":{"background-color":"var(--ast-global-color-5)","background-image":"","background-repeat":"repeat","background-position":"center center","background-size":"auto","background-attachment":"scroll","background-type":"","background-media":"","overlay-type":"","overlay-color":"","overlay-opacity":"","overlay-gradient":""},"tablet":{"background-color":"var(--ast-global-color-5)","background-image":"","background-repeat":"repeat","background-position":"center center","background-size":"auto","background-attachment":"scroll","background-type":"","background-media":"","overlay-type":"","overlay-color":"","overlay-opacity":"","overlay-gradient":""},"mobile":{"background-color":"var(--ast-global-color-5)","background-image":"","background-repeat":"repeat","background-position":"center center","background-size":"auto","background-attachment":"scroll","background-type":"","background-media":"","overlay-type":"","overlay-color":"","overlay-opacity":"","overlay-gradient":""}},"jetpack_post_was_ever_published":false},"product_brand":[],"product_cat":[550,563,568],"product_tag":[],"class_list":{"0":"post-15621","1":"product","2":"type-product","3":"status-publish","4":"has-post-thumbnail","6":"product_cat-darky-pro-deti","7":"product_cat-drevene-jmenovky","8":"product_cat-hracky-pro-deti","9":"pa_barva-cerna","10":"pa_barva-antracit","11":"pa_barva-bila","12":"pa_barva-cervena","13":"pa_barva-fialova","14":"pa_barva-modra","15":"pa_barva-oranzova","16":"pa_barva-orech","17":"pa_barva-ruzova","18":"pa_barva-zelena","19":"pa_barva-zluta","20":"pa_rozmery-rozmery-40x30-cm","21":"pa_rozmery-rozmery-60x45-cm","22":"desktop-align-left","23":"tablet-align-left","24":"mobile-align-left","26":"first","27":"instock","28":"shipping-taxable","29":"purchasable","30":"product-type-simple"},"jetpack_sharing_enabled":true,"_links":{"self":[{"href":"https:\/\/dekohra.eu\/de\/wp-json\/wp\/v2\/product\/15621","targetHints":{"allow":["GET"]}}],"collection":[{"href":"https:\/\/dekohra.eu\/de\/wp-json\/wp\/v2\/product"}],"about":[{"href":"https:\/\/dekohra.eu\/de\/wp-json\/wp\/v2\/types\/product"}],"replies":[{"embeddable":true,"href":"https:\/\/dekohra.eu\/de\/wp-json\/wp\/v2\/comments?post=15621"}],"wp:featuredmedia":[{"embeddable":true,"href":"https:\/\/dekohra.eu\/de\/wp-json\/wp\/v2\/media\/19221"}],"wp:attachment":[{"href":"https:\/\/dekohra.eu\/de\/wp-json\/wp\/v2\/media?parent=15621"}],"wp:term":[{"taxonomy":"product_brand","embeddable":true,"href":"https:\/\/dekohra.eu\/de\/wp-json\/wp\/v2\/product_brand?post=15621"},{"taxonomy":"product_cat","embeddable":true,"href":"https:\/\/dekohra.eu\/de\/wp-json\/wp\/v2\/product_cat?post=15621"},{"taxonomy":"product_tag","embeddable":true,"href":"https:\/\/dekohra.eu\/de\/wp-json\/wp\/v2\/product_tag?post=15621"}],"curies":[{"name":"wp","href":"https:\/\/api.w.org\/{rel}","templated":true}]}}