{"id":15678,"date":"2025-03-21T10:11:40","date_gmt":"2025-03-21T09:11:40","guid":{"rendered":"https:\/\/dekohra.eu\/?post_type=product&#038;p=15678"},"modified":"2026-03-27T14:21:46","modified_gmt":"2026-03-27T13:21:46","slug":"drevene-darky-s-fotbalovym-motivem","status":"publish","type":"product","link":"https:\/\/dekohra.eu\/de\/produkt\/drevene-darky-s-fotbalovym-motivem\/","title":{"rendered":"Holzgeschenke mit Fu\u00dfballmotiv \u2013 Holz-Namensschild Fu\u00dfball 19 cm"},"content":{"rendered":"<h2 style=\"text-align: left;\">Holzgeschenke mit Fu\u00dfballmotiv - Holz-Namensschild Fu\u00dfball 19 cm.<\/h2>\n<p data-start=\"83\" data-end=\"346\"><strong>Holz-Namensschild Fu\u00dfball - Holzgeschenke mit Fu\u00dfballmotiv, Buchstabenh\u00f6he 18 cm.<\/strong> Verleihen Sie dem Zimmer Ihres Kindes mit Holzbuchstaben einen einzigartigen Look! Jeder Buchstabe wird sorgf\u00e4ltig und mit Liebe zum Detail aus hochwertigem Holz geschnitzt. Ideal zum Gestalten des Namens Ihres Kindes, seines Lieblingsworts oder einer originellen Wanddekoration.<\/p>\n<p data-start=\"348\" data-end=\"513\">\u2728 <strong data-start=\"350\" data-end=\"365\">Merkmale:<\/strong><br data-start=\"365\" data-end=\"368\" \/>\u2714\ufe0f Material: hochwertiges 3mm Pappelsperrholz<br data-start=\"395\" data-end=\"398\" \/>\u2714\ufe0f Handgefertigt \u2013 jedes St\u00fcck ist ein Original<\/p>\n<p data-start=\"515\" data-end=\"609\">\ud83c\udf81 Eine tolle Geschenkidee zur Geburt, zum Geburtstag oder als sch\u00f6ne Dekoration f\u00fcrs Kinderzimmer!<\/p>\n<p data-start=\"611\" data-end=\"667\">\ud83d\udd39 Bestellen Sie noch heute Ihren Originalbrief! \ud83d\udd39<\/p>\n<p data-start=\"669\" data-end=\"731\" data-is-last-node=\"\" data-is-only-node=\"\">M\u00fcssen Sie die Farbe oder das Design anpassen? Kontaktieren Sie uns! \ud83d\ude0a<\/p>\n<h3>Parameter:<\/h3>\n<ul>\n<li style=\"list-style-type: none;\">\n<ul>\n<li><strong>Material:<\/strong> Pappelsperrholz<\/li>\n<li><strong>Produktdicke: <\/strong>2 x 3 mm<\/li>\n<li><strong>Produkth\u00f6he:<\/strong> 19 cm<\/li>\n<li><strong>Hersteller:\u00a0<\/strong><a href=\"http:\/\/dekohra.de\/\" target=\"_blank\" rel=\"noopener\">Dekohra.eu<\/a><\/li>\n<li><strong>Kategorie:\u00a0<\/strong><a href=\"https:\/\/dekohra.eu\/de\/produkt-kategorie\/vyroba-na-zakazku\/jmenovky\/\">Namensschilder<\/a><\/li>\n<li><strong style=\"font-size: 16px;\">Montage:<\/strong><span style=\"font-size: 16px;\">\u00a0<\/span><a style=\"font-size: 16px; background-color: #ffffff;\" href=\"https:\/\/dekohra.eu\/de\/navod-k-obsluze-a-montazi\/\">Mit doppelseitigem Klebeband oder Minin\u00e4geln<\/a><\/li>\n<li>Der Preis gilt f\u00fcr 1 St\u00fcck.<\/li>\n<li><strong>Farbe:<\/strong> Wahl der Farbe des vorderen Teils (zweiter Teil Naturholz)<\/li>\n<\/ul>\n<\/li>\n<\/ul>\n<p>Wandmontage durch Kleben, Kleber ist nicht im Lieferumfang enthalten.<\/p>\n<p><em>Notiz:<\/em>\u00a0Das Produkt ist nicht f\u00fcr Kinder unter 3 Jahren geeignet.<\/p>","protected":false},"excerpt":{"rendered":"<p>D\u0159ev\u011bn\u00e9 d\u00e1rky s fotbalov\u00fdm motivem &#8211; D\u0159ev\u011bn\u00e1 jmenovka Fotbal 19 cm. D\u0159ev\u011bn\u00e1 jmenovka Fotbal &#8211; D\u0159ev\u011bn\u00e9 d\u00e1rky s fotbalov\u00fdm motivem [&hellip;]<\/p>","protected":false},"featured_media":19217,"comment_status":"open","ping_status":"closed","template":"","meta":{"site-sidebar-layout":"default","site-content-layout":"","ast-site-content-layout":"default","site-content-style":"default","site-sidebar-style":"default","ast-global-header-display":"","ast-banner-title-visibility":"","ast-main-header-display":"","ast-hfb-above-header-display":"","ast-hfb-below-header-display":"","ast-hfb-mobile-header-display":"","site-post-title":"","ast-breadcrumbs-content":"","ast-featured-img":"","footer-sml-layout":"","theme-transparent-header-meta":"default","adv-header-id-meta":"","stick-header-meta":"","header-above-stick-meta":"","header-main-stick-meta":"","header-below-stick-meta":"","astra-migrate-meta-layouts":"set","ast-page-background-enabled":"default","ast-page-background-meta":{"desktop":{"background-color":"var(--ast-global-color-4)","background-image":"","background-repeat":"repeat","background-position":"center center","background-size":"auto","background-attachment":"scroll","background-type":"","background-media":"","overlay-type":"","overlay-color":"","overlay-opacity":"","overlay-gradient":""},"tablet":{"background-color":"","background-image":"","background-repeat":"repeat","background-position":"center center","background-size":"auto","background-attachment":"scroll","background-type":"","background-media":"","overlay-type":"","overlay-color":"","overlay-opacity":"","overlay-gradient":""},"mobile":{"background-color":"","background-image":"","background-repeat":"repeat","background-position":"center center","background-size":"auto","background-attachment":"scroll","background-type":"","background-media":"","overlay-type":"","overlay-color":"","overlay-opacity":"","overlay-gradient":""}},"ast-content-background-meta":{"desktop":{"background-color":"var(--ast-global-color-5)","background-image":"","background-repeat":"repeat","background-position":"center center","background-size":"auto","background-attachment":"scroll","background-type":"","background-media":"","overlay-type":"","overlay-color":"","overlay-opacity":"","overlay-gradient":""},"tablet":{"background-color":"var(--ast-global-color-5)","background-image":"","background-repeat":"repeat","background-position":"center center","background-size":"auto","background-attachment":"scroll","background-type":"","background-media":"","overlay-type":"","overlay-color":"","overlay-opacity":"","overlay-gradient":""},"mobile":{"background-color":"var(--ast-global-color-5)","background-image":"","background-repeat":"repeat","background-position":"center center","background-size":"auto","background-attachment":"scroll","background-type":"","background-media":"","overlay-type":"","overlay-color":"","overlay-opacity":"","overlay-gradient":""}},"jetpack_post_was_ever_published":false},"product_brand":[],"product_cat":[550,552,563,568],"product_tag":[],"class_list":{"0":"post-15678","1":"product","2":"type-product","3":"status-publish","4":"has-post-thumbnail","6":"product_cat-darky-pro-deti","7":"product_cat-darky-pro-sportovce","8":"product_cat-drevene-jmenovky","9":"product_cat-hracky-pro-deti","10":"pa_barva-cerna","11":"pa_barva-antracit","12":"pa_barva-bila","13":"pa_barva-cervena","14":"pa_barva-fialova","15":"pa_barva-modra","16":"pa_barva-oranzova","17":"pa_barva-orech","18":"pa_barva-ruzova","19":"pa_barva-zelena","20":"pa_barva-zluta","21":"desktop-align-left","22":"tablet-align-left","23":"mobile-align-left","25":"first","26":"instock","27":"shipping-taxable","28":"purchasable","29":"product-type-variable"},"jetpack_sharing_enabled":true,"_links":{"self":[{"href":"https:\/\/dekohra.eu\/de\/wp-json\/wp\/v2\/product\/15678","targetHints":{"allow":["GET"]}}],"collection":[{"href":"https:\/\/dekohra.eu\/de\/wp-json\/wp\/v2\/product"}],"about":[{"href":"https:\/\/dekohra.eu\/de\/wp-json\/wp\/v2\/types\/product"}],"replies":[{"embeddable":true,"href":"https:\/\/dekohra.eu\/de\/wp-json\/wp\/v2\/comments?post=15678"}],"wp:featuredmedia":[{"embeddable":true,"href":"https:\/\/dekohra.eu\/de\/wp-json\/wp\/v2\/media\/19217"}],"wp:attachment":[{"href":"https:\/\/dekohra.eu\/de\/wp-json\/wp\/v2\/media?parent=15678"}],"wp:term":[{"taxonomy":"product_brand","embeddable":true,"href":"https:\/\/dekohra.eu\/de\/wp-json\/wp\/v2\/product_brand?post=15678"},{"taxonomy":"product_cat","embeddable":true,"href":"https:\/\/dekohra.eu\/de\/wp-json\/wp\/v2\/product_cat?post=15678"},{"taxonomy":"product_tag","embeddable":true,"href":"https:\/\/dekohra.eu\/de\/wp-json\/wp\/v2\/product_tag?post=15678"}],"curies":[{"name":"wp","href":"https:\/\/api.w.org\/{rel}","templated":true}]}}