{"id":16035,"date":"2025-05-22T12:53:53","date_gmt":"2025-05-22T10:53:53","guid":{"rendered":"https:\/\/dekohra.eu\/?post_type=product&#038;p=16035"},"modified":"2025-05-22T12:58:47","modified_gmt":"2025-05-22T10:58:47","slug":"drevena-obalka-nic-k-narozeninam","status":"publish","type":"product","link":"https:\/\/dekohra.eu\/de\/produkt\/drevena-obalka-nic-k-narozeninam\/","title":{"rendered":"Holzumschlag f\u00fcr Geburtstagsgeschenk"},"content":{"rendered":"<h2 style=\"text-align: left;\">Holzumschlag zum Geburtstag.<\/h2>\n<p style=\"text-align: left;\">Der h\u00f6lzerne Geburtstagsumschlag ist die perfekte M\u00f6glichkeit, Ihren Lieben eine Freude zu machen. Dieses wundersch\u00f6n gestaltete Set bietet elegante und einzigartige M\u00f6glichkeiten, den besonderen Tag Ihrer Lieben zu feiern. Au\u00dferdem ist es so konzipiert, dass es h\u00e4lt <strong>Tschechische Banknoten<\/strong>, was es zu einem praktischen und originellen Geschenk macht.<\/p>\n<h3>Design und Kreativit\u00e4t<\/h3>\n<ul>\n<li>Das Set ist mit Liebe zum Detail und \u00c4sthetik gestaltet. Durch die Gravur erh\u00e4lt jedes Teil eine individuelle, pers\u00f6nliche Note und wird so zu einer unvergesslichen \u00dcberraschung.<\/li>\n<\/ul>\n<h3>Produktvorteile<\/h3>\n<ul>\n<li>Das Set besticht durch seine elegante und stilvolle Optik. Gravierte Details verleihen jedem Element eine einzigartige und luxuri\u00f6se Note.<\/li>\n<\/ul>\n<p><strong>Geburtstags\u00fcberraschung<\/strong> ist eine gro\u00dfartige M\u00f6glichkeit, diesen wichtigen Tag mit Eleganz und Stil zu feiern. Eine moderne Lasergravur verleiht dem Set eine luxuri\u00f6se Optik und erm\u00f6glicht Ihnen die Gestaltung eines einzigartigen Geschenks. Bestellen Sie dieses einzigartige Set und <strong>Beeindrucken Sie das Geburtstagskind.<\/strong><\/p>\n<h3>Parameter:<\/h3>\n<ul>\n<li style=\"list-style-type: none;\">\n<ul>\n<li style=\"list-style-type: none;\">\n<ul>\n<li style=\"list-style-type: none;\">\n<ul>\n<li style=\"list-style-type: none;\">\n<ul>\n<li><strong>Material:<\/strong> Pappelsperrholz<\/li>\n<li><strong>Produktdicke:\u00a0<\/strong>3 mm<\/li>\n<li><strong>Hersteller:\u00a0<\/strong><a href=\"http:\/\/dekohra.de\/\" target=\"_blank\" rel=\"noopener\">Dekohra.eu<\/a><\/li>\n<li><strong>Kategorie:<\/strong> <a href=\"https:\/\/dekohra.eu\/de\/produkt-kategorie\/darky\/narozeninove-darky\/\">Geburtstagsgeschenke und Dekorationen<\/a><\/li>\n<li><strong>Abmessungen: <\/strong>9\u00d716,2 cm<\/li>\n<li><strong>Farbe: <\/strong>Naturholz<\/li>\n<\/ul>\n<\/li>\n<\/ul>\n<\/li>\n<\/ul>\n<\/li>\n<\/ul>\n<\/li>\n<\/ul>","protected":false},"excerpt":{"rendered":"<p>D\u0159ev\u011bn\u00e1 ob\u00e1lka nic k narozenin\u00e1m. D\u0159ev\u011bn\u00e1 ob\u00e1lka nic k narozenin\u00e1m je dokonal\u00fdm zp\u016fsobem, jak ud\u011blat radost sv\u00fdm bl\u00edzk\u00fdm. Tato kr\u00e1sn\u011b [&hellip;]<\/p>","protected":false},"featured_media":16042,"comment_status":"open","ping_status":"closed","template":"","meta":{"site-sidebar-layout":"default","site-content-layout":"","ast-site-content-layout":"default","site-content-style":"default","site-sidebar-style":"default","ast-global-header-display":"","ast-banner-title-visibility":"","ast-main-header-display":"","ast-hfb-above-header-display":"","ast-hfb-below-header-display":"","ast-hfb-mobile-header-display":"","site-post-title":"","ast-breadcrumbs-content":"","ast-featured-img":"","footer-sml-layout":"","theme-transparent-header-meta":"default","adv-header-id-meta":"","stick-header-meta":"","header-above-stick-meta":"","header-main-stick-meta":"","header-below-stick-meta":"","astra-migrate-meta-layouts":"set","ast-page-background-enabled":"default","ast-page-background-meta":{"desktop":{"background-color":"var(--ast-global-color-4)","background-image":"","background-repeat":"repeat","background-position":"center center","background-size":"auto","background-attachment":"scroll","background-type":"","background-media":"","overlay-type":"","overlay-color":"","overlay-opacity":"","overlay-gradient":""},"tablet":{"background-color":"","background-image":"","background-repeat":"repeat","background-position":"center center","background-size":"auto","background-attachment":"scroll","background-type":"","background-media":"","overlay-type":"","overlay-color":"","overlay-opacity":"","overlay-gradient":""},"mobile":{"background-color":"","background-image":"","background-repeat":"repeat","background-position":"center center","background-size":"auto","background-attachment":"scroll","background-type":"","background-media":"","overlay-type":"","overlay-color":"","overlay-opacity":"","overlay-gradient":""}},"ast-content-background-meta":{"desktop":{"background-color":"var(--ast-global-color-5)","background-image":"","background-repeat":"repeat","background-position":"center center","background-size":"auto","background-attachment":"scroll","background-type":"","background-media":"","overlay-type":"","overlay-color":"","overlay-opacity":"","overlay-gradient":""},"tablet":{"background-color":"var(--ast-global-color-5)","background-image":"","background-repeat":"repeat","background-position":"center center","background-size":"auto","background-attachment":"scroll","background-type":"","background-media":"","overlay-type":"","overlay-color":"","overlay-opacity":"","overlay-gradient":""},"mobile":{"background-color":"var(--ast-global-color-5)","background-image":"","background-repeat":"repeat","background-position":"center center","background-size":"auto","background-attachment":"scroll","background-type":"","background-media":"","overlay-type":"","overlay-color":"","overlay-opacity":"","overlay-gradient":""}},"jetpack_post_was_ever_published":false},"product_brand":[],"product_cat":[554],"product_tag":[],"class_list":{"0":"post-16035","1":"product","2":"type-product","3":"status-publish","4":"has-post-thumbnail","6":"product_cat-narozeninove-darky","7":"pa_barva-cerna","8":"pa_barva-antracit","9":"pa_barva-bila","10":"pa_barva-cervena","11":"pa_barva-fialova","12":"pa_barva-modra","13":"pa_barva-oranzova","14":"pa_barva-orech","15":"pa_barva-ruzova","16":"pa_barva-zelena","17":"pa_barva-zluta","18":"desktop-align-left","19":"tablet-align-left","20":"mobile-align-left","22":"first","23":"instock","24":"shipping-taxable","25":"purchasable","26":"product-type-simple"},"jetpack_sharing_enabled":true,"_links":{"self":[{"href":"https:\/\/dekohra.eu\/de\/wp-json\/wp\/v2\/product\/16035","targetHints":{"allow":["GET"]}}],"collection":[{"href":"https:\/\/dekohra.eu\/de\/wp-json\/wp\/v2\/product"}],"about":[{"href":"https:\/\/dekohra.eu\/de\/wp-json\/wp\/v2\/types\/product"}],"replies":[{"embeddable":true,"href":"https:\/\/dekohra.eu\/de\/wp-json\/wp\/v2\/comments?post=16035"}],"wp:featuredmedia":[{"embeddable":true,"href":"https:\/\/dekohra.eu\/de\/wp-json\/wp\/v2\/media\/16042"}],"wp:attachment":[{"href":"https:\/\/dekohra.eu\/de\/wp-json\/wp\/v2\/media?parent=16035"}],"wp:term":[{"taxonomy":"product_brand","embeddable":true,"href":"https:\/\/dekohra.eu\/de\/wp-json\/wp\/v2\/product_brand?post=16035"},{"taxonomy":"product_cat","embeddable":true,"href":"https:\/\/dekohra.eu\/de\/wp-json\/wp\/v2\/product_cat?post=16035"},{"taxonomy":"product_tag","embeddable":true,"href":"https:\/\/dekohra.eu\/de\/wp-json\/wp\/v2\/product_tag?post=16035"}],"curies":[{"name":"wp","href":"https:\/\/api.w.org\/{rel}","templated":true}]}}