{"id":16259,"date":"2025-05-26T09:16:55","date_gmt":"2025-05-26T07:16:55","guid":{"rendered":"https:\/\/dekohra.eu\/?post_type=product&#038;p=16259"},"modified":"2025-05-26T09:20:58","modified_gmt":"2025-05-26T07:20:58","slug":"obalka-na-penize-originalni-vanocni-darek","status":"publish","type":"product","link":"https:\/\/dekohra.eu\/de\/produkt\/obalka-na-penize-originalni-vanocni-darek\/","title":{"rendered":"Geldumschlag \u2013 Originelles Weihnachtsgeschenk"},"content":{"rendered":"<h2 style=\"text-align: left;\">Geldumschlag \u2013 Originelles Weihnachtsgeschenk.<\/h2>\n<p>Ein Geldumschlag ist eine tolle M\u00f6glichkeit, das Schenken von Weihnachtsgeschenken unterhaltsamer zu gestalten und ihnen ein lustiges Element hinzuzuf\u00fcgen.<\/p>\n<h3>Design und Kreativit\u00e4t<\/h3>\n<ul>\n<li>Dieses Produkt ist speziell f\u00fcr <strong>Tschechische Banknoten 100, 200, 500, 1000, 2000 und 5000 CZK. <\/strong><\/li>\n<\/ul>\n<h3>Praktischer Nutzen<\/h3>\n<ul>\n<li>Dieses Geschenk eignet sich f\u00fcr viele Anl\u00e4sse, nicht nur f\u00fcr Weihnachten. Sie k\u00f6nnen es als Teil eines Spiels, als Scherzgeschenk oder als Dekoration bei verschiedenen Feiern verwenden.<\/li>\n<\/ul>\n<h4><\/h4>\n<p><strong>Schenken Sie zu Weihnachten ein au\u00dfergew\u00f6hnliches und originelles Geschenk und machen Sie Ihren Liebsten eine Freude. <\/strong><\/p>\n<h3>Parameter:<\/h3>\n<ul>\n<li><strong style=\"font-size: 16px;\">Material:<\/strong><span style=\"font-size: 16px;\">\u00a0<\/span>Pappelsperrholz<\/li>\n<li><strong>Produktdicke:\u00a0<\/strong>3 mm<\/li>\n<li><strong>Hersteller:\u00a0<\/strong><a href=\"http:\/\/dekohra.de\/\" target=\"_blank\" rel=\"noopener\">Dekohra.eu<\/a><\/li>\n<li><strong>Kategorie:<\/strong> <a href=\"https:\/\/dekohra.eu\/de\/produkt-kategorie\/darky\/vanocni-darky\/\">Weihnachtsgeschenke<\/a><\/li>\n<li><strong>Abmessungen: <\/strong>9\u00d716,2 cm<\/li>\n<li><strong>Farbe:<\/strong> Holz<\/li>\n<\/ul>\n<p>&nbsp;<\/p>","protected":false},"excerpt":{"rendered":"<p>Ob\u00e1lka na pen\u00edze &#8211; Origin\u00e1ln\u00ed V\u00e1no\u010dn\u00ed d\u00e1rek. Ob\u00e1lka na pen\u00edze je skv\u011bl\u00fdm zp\u016fsobem, jak pobavit a p\u0159idat z\u00e1bavn\u00fd prvek k [&hellip;]<\/p>","protected":false},"featured_media":16262,"comment_status":"open","ping_status":"closed","template":"","meta":{"site-sidebar-layout":"default","site-content-layout":"","ast-site-content-layout":"default","site-content-style":"default","site-sidebar-style":"default","ast-global-header-display":"","ast-banner-title-visibility":"","ast-main-header-display":"","ast-hfb-above-header-display":"","ast-hfb-below-header-display":"","ast-hfb-mobile-header-display":"","site-post-title":"","ast-breadcrumbs-content":"","ast-featured-img":"","footer-sml-layout":"","theme-transparent-header-meta":"default","adv-header-id-meta":"","stick-header-meta":"","header-above-stick-meta":"","header-main-stick-meta":"","header-below-stick-meta":"","astra-migrate-meta-layouts":"set","ast-page-background-enabled":"default","ast-page-background-meta":{"desktop":{"background-color":"var(--ast-global-color-4)","background-image":"","background-repeat":"repeat","background-position":"center center","background-size":"auto","background-attachment":"scroll","background-type":"","background-media":"","overlay-type":"","overlay-color":"","overlay-opacity":"","overlay-gradient":""},"tablet":{"background-color":"","background-image":"","background-repeat":"repeat","background-position":"center center","background-size":"auto","background-attachment":"scroll","background-type":"","background-media":"","overlay-type":"","overlay-color":"","overlay-opacity":"","overlay-gradient":""},"mobile":{"background-color":"","background-image":"","background-repeat":"repeat","background-position":"center center","background-size":"auto","background-attachment":"scroll","background-type":"","background-media":"","overlay-type":"","overlay-color":"","overlay-opacity":"","overlay-gradient":""}},"ast-content-background-meta":{"desktop":{"background-color":"var(--ast-global-color-5)","background-image":"","background-repeat":"repeat","background-position":"center center","background-size":"auto","background-attachment":"scroll","background-type":"","background-media":"","overlay-type":"","overlay-color":"","overlay-opacity":"","overlay-gradient":""},"tablet":{"background-color":"var(--ast-global-color-5)","background-image":"","background-repeat":"repeat","background-position":"center center","background-size":"auto","background-attachment":"scroll","background-type":"","background-media":"","overlay-type":"","overlay-color":"","overlay-opacity":"","overlay-gradient":""},"mobile":{"background-color":"var(--ast-global-color-5)","background-image":"","background-repeat":"repeat","background-position":"center center","background-size":"auto","background-attachment":"scroll","background-type":"","background-media":"","overlay-type":"","overlay-color":"","overlay-opacity":"","overlay-gradient":""}},"jetpack_post_was_ever_published":false},"product_brand":[],"product_cat":[624],"product_tag":[],"class_list":{"0":"post-16259","1":"product","2":"type-product","3":"status-publish","4":"has-post-thumbnail","6":"product_cat-vanocni-darky","7":"pa_barva-cerna","8":"pa_barva-antracit","9":"pa_barva-bila","10":"pa_barva-cervena","11":"pa_barva-fialova","12":"pa_barva-modra","13":"pa_barva-oranzova","14":"pa_barva-orech","15":"pa_barva-ruzova","16":"pa_barva-zelena","17":"pa_barva-zluta","18":"desktop-align-left","19":"tablet-align-left","20":"mobile-align-left","22":"first","23":"instock","24":"shipping-taxable","25":"purchasable","26":"product-type-simple"},"jetpack_sharing_enabled":true,"_links":{"self":[{"href":"https:\/\/dekohra.eu\/de\/wp-json\/wp\/v2\/product\/16259","targetHints":{"allow":["GET"]}}],"collection":[{"href":"https:\/\/dekohra.eu\/de\/wp-json\/wp\/v2\/product"}],"about":[{"href":"https:\/\/dekohra.eu\/de\/wp-json\/wp\/v2\/types\/product"}],"replies":[{"embeddable":true,"href":"https:\/\/dekohra.eu\/de\/wp-json\/wp\/v2\/comments?post=16259"}],"wp:featuredmedia":[{"embeddable":true,"href":"https:\/\/dekohra.eu\/de\/wp-json\/wp\/v2\/media\/16262"}],"wp:attachment":[{"href":"https:\/\/dekohra.eu\/de\/wp-json\/wp\/v2\/media?parent=16259"}],"wp:term":[{"taxonomy":"product_brand","embeddable":true,"href":"https:\/\/dekohra.eu\/de\/wp-json\/wp\/v2\/product_brand?post=16259"},{"taxonomy":"product_cat","embeddable":true,"href":"https:\/\/dekohra.eu\/de\/wp-json\/wp\/v2\/product_cat?post=16259"},{"taxonomy":"product_tag","embeddable":true,"href":"https:\/\/dekohra.eu\/de\/wp-json\/wp\/v2\/product_tag?post=16259"}],"curies":[{"name":"wp","href":"https:\/\/api.w.org\/{rel}","templated":true}]}}