{"id":16356,"date":"2025-05-26T10:49:39","date_gmt":"2025-05-26T08:49:39","guid":{"rendered":"https:\/\/dekohra.eu\/?post_type=product&#038;p=16356"},"modified":"2025-06-11T11:52:05","modified_gmt":"2025-06-11T09:52:05","slug":"drevena-srdicka-mala-10-ks","status":"publish","type":"product","link":"https:\/\/dekohra.eu\/de\/produkt\/drevena-srdicka-mala-10-ks\/","title":{"rendered":"Holzherzen klein 10 Stk"},"content":{"rendered":"<h2 style=\"text-align: left;\">Kleine Holzherzen 10 St.<\/h2>\n<p style=\"text-align: left;\">Kleine Holzherzen, 10 St\u00fcck, schm\u00fccken Ihr Interieur<strong>.<\/strong> Einzigartige Fertigung aus hochwertigem Holz kombiniert mit filigranem Design <strong>schafft die perfekte Dekoration f\u00fcr Ihr Zuhause.<\/strong> Dieses Herz passt zu jeder Inneneinrichtung und kann leicht eine romantische Atmosph\u00e4re im Raum schaffen. Sie k\u00f6nnen es an einer Wand, T\u00fcr oder einem Regal anbringen und es sieht allein oder in Kombination mit anderen Dekorationen gro\u00dfartig aus. Dieses Produkt kann auch <strong>ein tolles Geschenk f\u00fcr Ihre Lieben,<\/strong> die seine Einzigartigkeit und Sch\u00f6nheit zu sch\u00e4tzen wissen.<\/p>\n<ul>\n<li>Abmessungen: <strong>2 x 2 cm<\/strong><\/li>\n<\/ul>\n<ul>\n<li style=\"text-align: left;\">Material: 3 mm Pappelsperrholz<\/li>\n<\/ul>\n<ul>\n<li style=\"text-align: left;\">Set mit 10 St\u00fcck<\/li>\n<\/ul>\n<ul>\n<li>Farbe: Holz<\/li>\n<\/ul>\n<h3>Parameter:<\/h3>\n<ul>\n<li><strong>Material:<\/strong> Pappelsperrholz<\/li>\n<li><strong>Produktdicke:\u00a0<\/strong>3 mm<\/li>\n<li><strong>Hersteller:\u00a0<\/strong><a href=\"http:\/\/dekohra.de\/\" target=\"_blank\" rel=\"noopener\">Dekohra.eu<\/a><\/li>\n<li><strong>Kategorie:<\/strong><a href=\"https:\/\/dekohra.eu\/de\/produkt-kategorie\/sezonni-dekorace\/valentyn\/\">Dekorationen zum Valentinstag<\/a><\/li>\n<li><strong>Technologie: <\/strong><a href=\"https:\/\/dekohra.eu\/de\/moderni-laserova-technologie-rezani-a-gravirovani\/\">Moderne Laserschneidtechnologie<\/a><\/li>\n<\/ul>","protected":false},"excerpt":{"rendered":"<p>D\u0159ev\u011bn\u00e1 srd\u00ed\u010dka mal\u00e1 10 ks . D\u0159ev\u011bn\u00e1 srd\u00ed\u010dka mal\u00e1 10 ks ozdob\u00ed v\u00e1\u0161 interi\u00e9r. Jedine\u010dn\u00e1 v\u00fdroba z kvalitn\u00edho d\u0159eva v [&hellip;]<\/p>","protected":false},"featured_media":16359,"comment_status":"open","ping_status":"closed","template":"","meta":{"site-sidebar-layout":"default","site-content-layout":"","ast-site-content-layout":"default","site-content-style":"default","site-sidebar-style":"default","ast-global-header-display":"","ast-banner-title-visibility":"","ast-main-header-display":"","ast-hfb-above-header-display":"","ast-hfb-below-header-display":"","ast-hfb-mobile-header-display":"","site-post-title":"","ast-breadcrumbs-content":"","ast-featured-img":"","footer-sml-layout":"","theme-transparent-header-meta":"default","adv-header-id-meta":"","stick-header-meta":"","header-above-stick-meta":"","header-main-stick-meta":"","header-below-stick-meta":"","astra-migrate-meta-layouts":"set","ast-page-background-enabled":"default","ast-page-background-meta":{"desktop":{"background-color":"var(--ast-global-color-4)","background-image":"","background-repeat":"repeat","background-position":"center center","background-size":"auto","background-attachment":"scroll","background-type":"","background-media":"","overlay-type":"","overlay-color":"","overlay-opacity":"","overlay-gradient":""},"tablet":{"background-color":"","background-image":"","background-repeat":"repeat","background-position":"center center","background-size":"auto","background-attachment":"scroll","background-type":"","background-media":"","overlay-type":"","overlay-color":"","overlay-opacity":"","overlay-gradient":""},"mobile":{"background-color":"","background-image":"","background-repeat":"repeat","background-position":"center center","background-size":"auto","background-attachment":"scroll","background-type":"","background-media":"","overlay-type":"","overlay-color":"","overlay-opacity":"","overlay-gradient":""}},"ast-content-background-meta":{"desktop":{"background-color":"var(--ast-global-color-5)","background-image":"","background-repeat":"repeat","background-position":"center center","background-size":"auto","background-attachment":"scroll","background-type":"","background-media":"","overlay-type":"","overlay-color":"","overlay-opacity":"","overlay-gradient":""},"tablet":{"background-color":"var(--ast-global-color-5)","background-image":"","background-repeat":"repeat","background-position":"center center","background-size":"auto","background-attachment":"scroll","background-type":"","background-media":"","overlay-type":"","overlay-color":"","overlay-opacity":"","overlay-gradient":""},"mobile":{"background-color":"var(--ast-global-color-5)","background-image":"","background-repeat":"repeat","background-position":"center center","background-size":"auto","background-attachment":"scroll","background-type":"","background-media":"","overlay-type":"","overlay-color":"","overlay-opacity":"","overlay-gradient":""}},"jetpack_post_was_ever_published":false},"product_brand":[],"product_cat":[566],"product_tag":[],"class_list":{"0":"post-16356","1":"product","2":"type-product","3":"status-publish","4":"has-post-thumbnail","6":"product_cat-valentynske-dekorace","7":"desktop-align-left","8":"tablet-align-left","9":"mobile-align-left","11":"first","12":"instock","13":"shipping-taxable","14":"purchasable","15":"product-type-simple"},"jetpack_sharing_enabled":true,"_links":{"self":[{"href":"https:\/\/dekohra.eu\/de\/wp-json\/wp\/v2\/product\/16356","targetHints":{"allow":["GET"]}}],"collection":[{"href":"https:\/\/dekohra.eu\/de\/wp-json\/wp\/v2\/product"}],"about":[{"href":"https:\/\/dekohra.eu\/de\/wp-json\/wp\/v2\/types\/product"}],"replies":[{"embeddable":true,"href":"https:\/\/dekohra.eu\/de\/wp-json\/wp\/v2\/comments?post=16356"}],"wp:featuredmedia":[{"embeddable":true,"href":"https:\/\/dekohra.eu\/de\/wp-json\/wp\/v2\/media\/16359"}],"wp:attachment":[{"href":"https:\/\/dekohra.eu\/de\/wp-json\/wp\/v2\/media?parent=16356"}],"wp:term":[{"taxonomy":"product_brand","embeddable":true,"href":"https:\/\/dekohra.eu\/de\/wp-json\/wp\/v2\/product_brand?post=16356"},{"taxonomy":"product_cat","embeddable":true,"href":"https:\/\/dekohra.eu\/de\/wp-json\/wp\/v2\/product_cat?post=16356"},{"taxonomy":"product_tag","embeddable":true,"href":"https:\/\/dekohra.eu\/de\/wp-json\/wp\/v2\/product_tag?post=16356"}],"curies":[{"name":"wp","href":"https:\/\/api.w.org\/{rel}","templated":true}]}}