{"id":16610,"date":"2025-06-09T09:22:45","date_gmt":"2025-06-09T07:22:45","guid":{"rendered":"https:\/\/dekohra.eu\/?post_type=product&#038;p=16610"},"modified":"2025-06-16T10:26:00","modified_gmt":"2025-06-16T08:26:00","slug":"drevene-svatebni-blahoprani-srdce","status":"publish","type":"product","link":"https:\/\/dekohra.eu\/de\/produkt\/drevene-svatebni-blahoprani-srdce\/","title":{"rendered":"Hochzeitsgru\u00dfkarte aus Holz \u2013 Herz"},"content":{"rendered":"<h2 style=\"text-align: left;\">Hochzeitsgru\u00dfkarte aus Holz \u2013 Herz.<\/h2>\n<p>Die Hochzeitsgru\u00dfkarte aus Holz - Herz ist eine perfekte Erg\u00e4nzung f\u00fcr Ihr Zuhause oder als Geschenk f\u00fcr einen geliebten Menschen. Das aus hochwertigem Holz gefertigte und pr\u00e4zise verarbeitete Herz beeindruckt nicht nur durch sein Design, sondern auch durch die M\u00f6glichkeit, einen eigenen Text auszuw\u00e4hlen.<\/p>\n<h3>Produktspezifikationen:<\/h3>\n<ul>\n<li><strong>Material:<\/strong> Naturholz<\/li>\n<li><strong>Oberfl\u00e4chenbehandlung:<\/strong> Fein gemahlen<\/li>\n<li><strong>Verwenden:<\/strong> Dekoration f\u00fcr Wand, Regal oder Tisch<\/li>\n<\/ul>\n<h3>Hauptmerkmale:<\/h3>\n<ul>\n<li>Originelles und handgefertigtes Design<\/li>\n<li>\u00d6kologisches Produkt aus nachwachsenden Rohstoffen<\/li>\n<\/ul>\n<p>Dieses Produkt eignet sich sowohl f\u00fcr moderne als auch f\u00fcr rustikale Inneneinrichtungen. Es bringt Subtilit\u00e4t, Eleganz und Zeitlosigkeit.<\/p>\n<h3>Parameter:<\/h3>\n<ul>\n<li><strong>Material:<\/strong> Pappelsperrholz<\/li>\n<li><strong>Produktdicke:\u00a0<\/strong>3 mm<\/li>\n<li><strong>Hersteller:\u00a0<\/strong><a href=\"http:\/\/dekohra.de\/\" target=\"_blank\" rel=\"noopener\">Dekohra.eu<\/a><\/li>\n<li><strong>Kategorie: <\/strong><a href=\"https:\/\/dekohra.eu\/de\/produkt-kategorie\/svatebni-vyzdoba\/\">Hochzeitsdekoration<\/a><\/li>\n<li><strong style=\"font-size: 16px;\">Produktabmessungen: je nach gew\u00e4hlter Variante<\/strong><\/li>\n<li>Verpackung: 1 St\u00fcck<\/li>\n<\/ul>\n<p>&nbsp;<\/p>","protected":false},"excerpt":{"rendered":"<p>D\u0159ev\u011bn\u00e9 svatebn\u00ed blahop\u0159\u00e1n\u00ed &#8211; Srdce. D\u0159ev\u011bn\u00e9 svatebn\u00ed blahop\u0159\u00e1n\u00ed &#8211; Srdce je dokonal\u00fdm dopl\u0148kem do va\u0161eho domova nebo jako d\u00e1rek pro [&hellip;]<\/p>","protected":false},"featured_media":16613,"comment_status":"open","ping_status":"closed","template":"","meta":{"site-sidebar-layout":"default","site-content-layout":"","ast-site-content-layout":"default","site-content-style":"default","site-sidebar-style":"default","ast-global-header-display":"","ast-banner-title-visibility":"","ast-main-header-display":"","ast-hfb-above-header-display":"","ast-hfb-below-header-display":"","ast-hfb-mobile-header-display":"","site-post-title":"","ast-breadcrumbs-content":"","ast-featured-img":"","footer-sml-layout":"","theme-transparent-header-meta":"default","adv-header-id-meta":"","stick-header-meta":"","header-above-stick-meta":"","header-main-stick-meta":"","header-below-stick-meta":"","astra-migrate-meta-layouts":"set","ast-page-background-enabled":"default","ast-page-background-meta":{"desktop":{"background-color":"var(--ast-global-color-4)","background-image":"","background-repeat":"repeat","background-position":"center center","background-size":"auto","background-attachment":"scroll","background-type":"","background-media":"","overlay-type":"","overlay-color":"","overlay-opacity":"","overlay-gradient":""},"tablet":{"background-color":"","background-image":"","background-repeat":"repeat","background-position":"center center","background-size":"auto","background-attachment":"scroll","background-type":"","background-media":"","overlay-type":"","overlay-color":"","overlay-opacity":"","overlay-gradient":""},"mobile":{"background-color":"","background-image":"","background-repeat":"repeat","background-position":"center center","background-size":"auto","background-attachment":"scroll","background-type":"","background-media":"","overlay-type":"","overlay-color":"","overlay-opacity":"","overlay-gradient":""}},"ast-content-background-meta":{"desktop":{"background-color":"var(--ast-global-color-5)","background-image":"","background-repeat":"repeat","background-position":"center center","background-size":"auto","background-attachment":"scroll","background-type":"","background-media":"","overlay-type":"","overlay-color":"","overlay-opacity":"","overlay-gradient":""},"tablet":{"background-color":"var(--ast-global-color-5)","background-image":"","background-repeat":"repeat","background-position":"center center","background-size":"auto","background-attachment":"scroll","background-type":"","background-media":"","overlay-type":"","overlay-color":"","overlay-opacity":"","overlay-gradient":""},"mobile":{"background-color":"var(--ast-global-color-5)","background-image":"","background-repeat":"repeat","background-position":"center center","background-size":"auto","background-attachment":"scroll","background-type":"","background-media":"","overlay-type":"","overlay-color":"","overlay-opacity":"","overlay-gradient":""}},"jetpack_post_was_ever_published":false},"product_brand":[],"product_cat":[558,573,566],"product_tag":[],"class_list":{"0":"post-16610","1":"product","2":"type-product","3":"status-publish","4":"has-post-thumbnail","6":"product_cat-svatebni-vyzdoba","7":"product_cat-darky-pro-zeny","8":"product_cat-valentynske-dekorace","9":"pa_rozmery-10-x-11cm","10":"pa_rozmery-15-x-16cm","11":"pa_rozmery-20-x-22cm","12":"pa_rozmery-30-x-33cm","13":"desktop-align-left","14":"tablet-align-left","15":"mobile-align-left","17":"first","18":"instock","19":"featured","20":"shipping-taxable","21":"purchasable","22":"product-type-variable"},"jetpack_sharing_enabled":true,"_links":{"self":[{"href":"https:\/\/dekohra.eu\/de\/wp-json\/wp\/v2\/product\/16610","targetHints":{"allow":["GET"]}}],"collection":[{"href":"https:\/\/dekohra.eu\/de\/wp-json\/wp\/v2\/product"}],"about":[{"href":"https:\/\/dekohra.eu\/de\/wp-json\/wp\/v2\/types\/product"}],"replies":[{"embeddable":true,"href":"https:\/\/dekohra.eu\/de\/wp-json\/wp\/v2\/comments?post=16610"}],"wp:featuredmedia":[{"embeddable":true,"href":"https:\/\/dekohra.eu\/de\/wp-json\/wp\/v2\/media\/16613"}],"wp:attachment":[{"href":"https:\/\/dekohra.eu\/de\/wp-json\/wp\/v2\/media?parent=16610"}],"wp:term":[{"taxonomy":"product_brand","embeddable":true,"href":"https:\/\/dekohra.eu\/de\/wp-json\/wp\/v2\/product_brand?post=16610"},{"taxonomy":"product_cat","embeddable":true,"href":"https:\/\/dekohra.eu\/de\/wp-json\/wp\/v2\/product_cat?post=16610"},{"taxonomy":"product_tag","embeddable":true,"href":"https:\/\/dekohra.eu\/de\/wp-json\/wp\/v2\/product_tag?post=16610"}],"curies":[{"name":"wp","href":"https:\/\/api.w.org\/{rel}","templated":true}]}}