{"id":16776,"date":"2025-06-16T09:15:01","date_gmt":"2025-06-16T07:15:01","guid":{"rendered":"https:\/\/dekohra.eu\/?post_type=product&#038;p=16776"},"modified":"2025-06-16T09:29:41","modified_gmt":"2025-06-16T07:29:41","slug":"svatebni-obalka-na-penize-darek-ke-svatbe","status":"publish","type":"product","link":"https:\/\/dekohra.eu\/de\/produkt\/svatebni-obalka-na-penize-darek-ke-svatbe\/","title":{"rendered":"Hochzeitsgeldumschlag \u2013 Hochzeitsgeschenk"},"content":{"rendered":"<h2 style=\"text-align: left;\">Geldumschlag zur Hochzeit \u2013 Hochzeitsgeschenk.<\/h2>\n<div class=\"group\/conversation-turn relative flex w-full min-w-0 flex-col agent-turn\">\n<div class=\"flex-col gap-1 md:gap-3\">\n<div class=\"flex flex-grow flex-col max-w-full\">\n<div class=\"min-h-[20px] text-message flex w-full flex-col items-end gap-2 whitespace-pre-wrap break-words [.text-message+&amp;]:mt-5 overflow-x-auto\" dir=\"auto\" data-message-author-role=\"assistant\" data-message-id=\"78d9b41f-f71f-4932-8465-41e2605e60c6\">\n<div class=\"flex w-full flex-col gap-1 empty:hidden first:pt-[3px]\">\n<div class=\"markdown prose w-full break-words dark:prose-invert light\">\n<p>Ein Hochzeitsgeldumschlag ist das perfekte Accessoire f\u00fcr eure Hochzeit! Er dient nicht nur als stilvolle M\u00f6glichkeit, Hochzeitsgeschenke zu empfangen, sondern auch als wundersch\u00f6ne Erinnerung an euren gro\u00dfen Tag. Die M\u00f6glichkeit, ihn mit einem eigenen Text oder Motiv zu personalisieren, verleiht der Spardose eine einzigartige Note.<\/p>\n<h3>Produktspezifikationen:<\/h3>\n<ul>\n<li><strong>Material:<\/strong> Hochwertiges Naturholz (Pappel)<\/li>\n<li><strong>Design:<\/strong> Geldb\u00f6rsenform mit subtilen Details, die Authentizit\u00e4t verleihen<\/li>\n<li><strong>Personalisierung:<\/strong> Eingravierter Text, Initialen, Hochzeitsdatum oder eine kurze Nachricht nach Ihren W\u00fcnschen<\/li>\n<li><strong>\u00d6ffnung:<\/strong> Einfaches System zur bequemen Entnahme des Inhalts<\/li>\n<\/ul>\n<h3>Hauptmerkmale:<\/h3>\n<ul>\n<li>Elegantes und originelles Design, inspiriert von Hochzeitsthemen<\/li>\n<li>Handgefertigtes Produkt mit Liebe zum Detail<\/li>\n<li>\u00d6kologisches und nachhaltiges Material<\/li>\n<li>Kostenlose Anpassung f\u00fcr einen einzigartigen Look<\/li>\n<\/ul>\n<p>Ein Hochzeitsgeldumschlag ist nicht nur eine praktische Erg\u00e4nzung f\u00fcr Ihren Hochzeitstag, sondern auch ein wundersch\u00f6nes Andenken, das Sie ein Leben lang sch\u00e4tzen werden. Verleihen Sie Ihrer Hochzeit mit dieser einzigartigen Holzspardose Ihre pers\u00f6nliche Note!<\/p>\n<\/div>\n<h3>Parameter:<\/h3>\n<ul>\n<li style=\"list-style-type: none;\">\n<ul>\n<li style=\"list-style-type: none;\">\n<ul>\n<li style=\"list-style-type: none;\">\n<ul>\n<li><strong>Material:<\/strong> Pappelsperrholz<\/li>\n<li><strong>Produktdicke:\u00a0<\/strong>3 mm<\/li>\n<li><strong>Hersteller:\u00a0<\/strong><a href=\"http:\/\/dekohra.de\/\" target=\"_blank\" rel=\"noopener\">Dekohra.eu<\/a><\/li>\n<li><strong>Kategorie: <\/strong><a href=\"https:\/\/dekohra.eu\/de\/produkt-kategorie\/darky\/drevene-pokladnicky\/\">Spardosen aus Holz<\/a><\/li>\n<li><strong>Technologie:\u00a0<\/strong><a href=\"https:\/\/dekohra.eu\/de\/moderni-laserova-technologie-rezani-a-gravirovani\/\">Moderne Laserschneidtechnologie<\/a><\/li>\n<li><strong>Abmessungen:<\/strong> 18 x 8,8 x 2 cm<\/li>\n<\/ul>\n<\/li>\n<\/ul>\n<\/li>\n<\/ul>\n<\/li>\n<\/ul>\n<\/div>\n<\/div>\n<\/div>\n<\/div>\n<\/div>\n<p><img decoding=\"async\" class=\"lazyloaded\" src=\"https:\/\/dekohra.eu\/_obchody\/go4874\/prilohy\/4\/vyber-velikosti.jpg.big.jpg\" alt=\"\" width=\"500\" data-src=\"https:\/\/dekohra.eu\/_obchody\/go4874\/prilohy\/4\/vyber-velikosti.jpg.big.jpg\" \/><\/p>\n<p>&nbsp;<\/p>\n<p>&nbsp;<\/p>","protected":false},"excerpt":{"rendered":"<p>Svatebn\u00ed ob\u00e1lka na pen\u00edze &#8211; D\u00e1rek ke svatb\u011b. Svatebn\u00ed ob\u00e1lka na pen\u00edze \u00a0je perfektn\u00edm dopl\u0148kem pro svatebn\u00ed den! Slou\u017e\u00ed nejen [&hellip;]<\/p>","protected":false},"featured_media":16777,"comment_status":"open","ping_status":"closed","template":"","meta":{"site-sidebar-layout":"default","site-content-layout":"","ast-site-content-layout":"default","site-content-style":"default","site-sidebar-style":"default","ast-global-header-display":"","ast-banner-title-visibility":"","ast-main-header-display":"","ast-hfb-above-header-display":"","ast-hfb-below-header-display":"","ast-hfb-mobile-header-display":"","site-post-title":"","ast-breadcrumbs-content":"","ast-featured-img":"","footer-sml-layout":"","theme-transparent-header-meta":"default","adv-header-id-meta":"","stick-header-meta":"","header-above-stick-meta":"","header-main-stick-meta":"","header-below-stick-meta":"","astra-migrate-meta-layouts":"set","ast-page-background-enabled":"default","ast-page-background-meta":{"desktop":{"background-color":"var(--ast-global-color-4)","background-image":"","background-repeat":"repeat","background-position":"center center","background-size":"auto","background-attachment":"scroll","background-type":"","background-media":"","overlay-type":"","overlay-color":"","overlay-opacity":"","overlay-gradient":""},"tablet":{"background-color":"","background-image":"","background-repeat":"repeat","background-position":"center center","background-size":"auto","background-attachment":"scroll","background-type":"","background-media":"","overlay-type":"","overlay-color":"","overlay-opacity":"","overlay-gradient":""},"mobile":{"background-color":"","background-image":"","background-repeat":"repeat","background-position":"center center","background-size":"auto","background-attachment":"scroll","background-type":"","background-media":"","overlay-type":"","overlay-color":"","overlay-opacity":"","overlay-gradient":""}},"ast-content-background-meta":{"desktop":{"background-color":"var(--ast-global-color-5)","background-image":"","background-repeat":"repeat","background-position":"center center","background-size":"auto","background-attachment":"scroll","background-type":"","background-media":"","overlay-type":"","overlay-color":"","overlay-opacity":"","overlay-gradient":""},"tablet":{"background-color":"var(--ast-global-color-5)","background-image":"","background-repeat":"repeat","background-position":"center center","background-size":"auto","background-attachment":"scroll","background-type":"","background-media":"","overlay-type":"","overlay-color":"","overlay-opacity":"","overlay-gradient":""},"mobile":{"background-color":"var(--ast-global-color-5)","background-image":"","background-repeat":"repeat","background-position":"center center","background-size":"auto","background-attachment":"scroll","background-type":"","background-media":"","overlay-type":"","overlay-color":"","overlay-opacity":"","overlay-gradient":""}},"jetpack_post_was_ever_published":false},"product_brand":[],"product_cat":[856,558],"product_tag":[],"class_list":{"0":"post-16776","1":"product","2":"type-product","3":"status-publish","4":"has-post-thumbnail","6":"product_cat-drevene-pokladnicky-a-krabicky","7":"product_cat-svatebni-vyzdoba","8":"pa_rozmery-20-x-16-x-6cm","9":"pa_rozmery-36-x-28-x-10cm","10":"pa_rozmery-54-x-43-x-16cm","11":"desktop-align-left","12":"tablet-align-left","13":"mobile-align-left","15":"first","16":"instock","17":"shipping-taxable","18":"purchasable","19":"product-type-simple"},"jetpack_sharing_enabled":true,"_links":{"self":[{"href":"https:\/\/dekohra.eu\/de\/wp-json\/wp\/v2\/product\/16776","targetHints":{"allow":["GET"]}}],"collection":[{"href":"https:\/\/dekohra.eu\/de\/wp-json\/wp\/v2\/product"}],"about":[{"href":"https:\/\/dekohra.eu\/de\/wp-json\/wp\/v2\/types\/product"}],"replies":[{"embeddable":true,"href":"https:\/\/dekohra.eu\/de\/wp-json\/wp\/v2\/comments?post=16776"}],"wp:featuredmedia":[{"embeddable":true,"href":"https:\/\/dekohra.eu\/de\/wp-json\/wp\/v2\/media\/16777"}],"wp:attachment":[{"href":"https:\/\/dekohra.eu\/de\/wp-json\/wp\/v2\/media?parent=16776"}],"wp:term":[{"taxonomy":"product_brand","embeddable":true,"href":"https:\/\/dekohra.eu\/de\/wp-json\/wp\/v2\/product_brand?post=16776"},{"taxonomy":"product_cat","embeddable":true,"href":"https:\/\/dekohra.eu\/de\/wp-json\/wp\/v2\/product_cat?post=16776"},{"taxonomy":"product_tag","embeddable":true,"href":"https:\/\/dekohra.eu\/de\/wp-json\/wp\/v2\/product_tag?post=16776"}],"curies":[{"name":"wp","href":"https:\/\/api.w.org\/{rel}","templated":true}]}}