{"id":16824,"date":"2025-06-16T10:33:45","date_gmt":"2025-06-16T08:33:45","guid":{"rendered":"https:\/\/dekohra.eu\/?post_type=product&#038;p=16824"},"modified":"2025-06-16T10:42:05","modified_gmt":"2025-06-16T08:42:05","slug":"dreveny-pohar-pro-viteze","status":"publish","type":"product","link":"https:\/\/dekohra.eu\/de\/produkt\/dreveny-pohar-pro-viteze\/","title":{"rendered":"Holzpokal f\u00fcr den Sieger"},"content":{"rendered":"<p><!-- upraveno html4output --><\/p>\n<h3 data-start=\"91\" data-end=\"141\">Holzpokal f\u00fcr den Sieger.<\/h3>\n<p data-start=\"143\" data-end=\"429\">Die Holztroph\u00e4e f\u00fcr den Gewinner eignet sich ideal zur Auszeichnung von Gewinnern bei verschiedenen Wettbewerben, Turnieren oder gesellschaftlichen Veranstaltungen. Jede Troph\u00e4e ist pr\u00e4zise aus Holz geschnitzt, was den Troph\u00e4en ein einzigartiges nat\u00fcrliches Aussehen und Wert verleiht.<\/p>\n<h4 data-start=\"431\" data-end=\"447\">Merkmale:<\/h4>\n<ul data-start=\"448\" data-end=\"779\">\n<li data-start=\"448\" data-end=\"489\">\n<p data-start=\"450\" data-end=\"489\"><strong data-start=\"450\" data-end=\"463\">Material:<\/strong> hochwertiges Naturholz<\/p>\n<\/li>\n<li data-start=\"490\" data-end=\"560\">\n<p data-start=\"492\" data-end=\"560\"><strong data-start=\"492\" data-end=\"507\">St\u00fcckzahl:<\/strong> 1 St\u00fcck<\/p>\n<\/li>\n<li data-start=\"490\" data-end=\"560\">\n<p data-start=\"492\" data-end=\"560\"><strong style=\"font-size: 16px;\" data-start=\"563\" data-end=\"584\">Oberfl\u00e4chenbehandlung:<\/strong><span style=\"font-size: 16px;\"> fein geschliffene Oberfl\u00e4che, nat\u00fcrliche Optik<\/span><\/p>\n<\/li>\n<li data-start=\"640\" data-end=\"706\">\n<p data-start=\"642\" data-end=\"706\"><strong data-start=\"642\" data-end=\"653\">Design:<\/strong> rustikal und elegant, geeignet f\u00fcr verschiedene Arten von Veranstaltungen<\/p>\n<\/li>\n<li data-start=\"707\" data-end=\"779\">\n<p data-start=\"709\" data-end=\"779\"><strong data-start=\"709\" data-end=\"733\">Gravuroption: <\/strong>Namen, Daten, Wettbewerbstitel \u2026<\/p>\n<\/li>\n<\/ul>\n<h4 data-start=\"781\" data-end=\"809\"><\/h4>\n<p data-start=\"904\" data-end=\"1042\">Ein Siegerpokal aus Holz ist eine tolle Alternative zu herk\u00f6mmlichen Metalltroph\u00e4en \u2013 er sieht originell aus, ist umweltfreundlich und zugleich zeitlos.<\/p>\n<p>&nbsp;<\/p>\n<h3>Parameter:<\/h3>\n<ul>\n<li style=\"list-style-type: none;\">\n<ul>\n<li><strong>Material:<\/strong> Pappelsperrholz<\/li>\n<li><strong>Produktabmessungen: <\/strong>31 x 11 x 6 cm<\/li>\n<li><strong>Hersteller:\u00a0<\/strong><a href=\"http:\/\/dekohra.de\/\" target=\"_blank\" rel=\"noopener\">Dekohra.eu<\/a><\/li>\n<li><strong>Kategorie: <\/strong><a href=\"https:\/\/dekohra.eu\/de\/produkt-kategorie\/darky\/sportovni-aktivity\/\">Geschenke f\u00fcr Sportler<\/a><\/li>\n<\/ul>\n<\/li>\n<\/ul>\n<p>&nbsp;<\/p>\n<p>&nbsp;<\/p>\n<p><a href=\"https:\/\/dekohra.eu\/de\/clanek\/velikost-drevenych-obrazu-prakticky-pruvodce\/\"><img decoding=\"async\" src=\"https:\/\/dekohra.eu\/_obchody\/go4874\/prilohy\/4\/vyber-velikosti.jpg.big.jpg\" alt=\"\" width=\"400\" \/><\/a><\/p>\n<p>&nbsp;<\/p>","protected":false},"excerpt":{"rendered":"<p>D\u0159ev\u011bn\u00fd poh\u00e1r pro v\u00edt\u011bze. D\u0159ev\u011bn\u00fd poh\u00e1r pro v\u00edt\u011bze je ide\u00e1ln\u00ed pro ocen\u011bn\u00ed v\u00edt\u011bz\u016f v r\u016fzn\u00fdch sout\u011b\u017e\u00edch, turnaj\u00edch nebo spole\u010densk\u00fdch akc\u00edch. [&hellip;]<\/p>","protected":false},"featured_media":16827,"comment_status":"open","ping_status":"closed","template":"","meta":{"site-sidebar-layout":"default","site-content-layout":"","ast-site-content-layout":"default","site-content-style":"default","site-sidebar-style":"default","ast-global-header-display":"","ast-banner-title-visibility":"","ast-main-header-display":"","ast-hfb-above-header-display":"","ast-hfb-below-header-display":"","ast-hfb-mobile-header-display":"","site-post-title":"","ast-breadcrumbs-content":"","ast-featured-img":"","footer-sml-layout":"","theme-transparent-header-meta":"default","adv-header-id-meta":"","stick-header-meta":"","header-above-stick-meta":"","header-main-stick-meta":"","header-below-stick-meta":"","astra-migrate-meta-layouts":"set","ast-page-background-enabled":"default","ast-page-background-meta":{"desktop":{"background-color":"var(--ast-global-color-4)","background-image":"","background-repeat":"repeat","background-position":"center center","background-size":"auto","background-attachment":"scroll","background-type":"","background-media":"","overlay-type":"","overlay-color":"","overlay-opacity":"","overlay-gradient":""},"tablet":{"background-color":"","background-image":"","background-repeat":"repeat","background-position":"center center","background-size":"auto","background-attachment":"scroll","background-type":"","background-media":"","overlay-type":"","overlay-color":"","overlay-opacity":"","overlay-gradient":""},"mobile":{"background-color":"","background-image":"","background-repeat":"repeat","background-position":"center center","background-size":"auto","background-attachment":"scroll","background-type":"","background-media":"","overlay-type":"","overlay-color":"","overlay-opacity":"","overlay-gradient":""}},"ast-content-background-meta":{"desktop":{"background-color":"var(--ast-global-color-5)","background-image":"","background-repeat":"repeat","background-position":"center center","background-size":"auto","background-attachment":"scroll","background-type":"","background-media":"","overlay-type":"","overlay-color":"","overlay-opacity":"","overlay-gradient":""},"tablet":{"background-color":"var(--ast-global-color-5)","background-image":"","background-repeat":"repeat","background-position":"center center","background-size":"auto","background-attachment":"scroll","background-type":"","background-media":"","overlay-type":"","overlay-color":"","overlay-opacity":"","overlay-gradient":""},"mobile":{"background-color":"var(--ast-global-color-5)","background-image":"","background-repeat":"repeat","background-position":"center center","background-size":"auto","background-attachment":"scroll","background-type":"","background-media":"","overlay-type":"","overlay-color":"","overlay-opacity":"","overlay-gradient":""}},"jetpack_post_was_ever_published":false},"product_brand":[],"product_cat":[552],"product_tag":[],"class_list":{"0":"post-16824","1":"product","2":"type-product","3":"status-publish","4":"has-post-thumbnail","6":"product_cat-darky-pro-sportovce","7":"pa_barva-cerna","8":"pa_barva-antracit","9":"pa_barva-bila","10":"pa_barva-cervena","11":"pa_barva-fialova","12":"pa_barva-modra","13":"pa_barva-oranzova","14":"pa_barva-orech","15":"pa_barva-ruzova","16":"pa_barva-zelena","17":"pa_barva-zluta","18":"pa_rozmery-30x11-cm","19":"pa_rozmery-45x17-cm","20":"pa_rozmery-60x22-cm","21":"desktop-align-left","22":"tablet-align-left","23":"mobile-align-left","25":"first","26":"instock","27":"shipping-taxable","28":"purchasable","29":"product-type-simple"},"jetpack_sharing_enabled":true,"_links":{"self":[{"href":"https:\/\/dekohra.eu\/de\/wp-json\/wp\/v2\/product\/16824","targetHints":{"allow":["GET"]}}],"collection":[{"href":"https:\/\/dekohra.eu\/de\/wp-json\/wp\/v2\/product"}],"about":[{"href":"https:\/\/dekohra.eu\/de\/wp-json\/wp\/v2\/types\/product"}],"replies":[{"embeddable":true,"href":"https:\/\/dekohra.eu\/de\/wp-json\/wp\/v2\/comments?post=16824"}],"wp:featuredmedia":[{"embeddable":true,"href":"https:\/\/dekohra.eu\/de\/wp-json\/wp\/v2\/media\/16827"}],"wp:attachment":[{"href":"https:\/\/dekohra.eu\/de\/wp-json\/wp\/v2\/media?parent=16824"}],"wp:term":[{"taxonomy":"product_brand","embeddable":true,"href":"https:\/\/dekohra.eu\/de\/wp-json\/wp\/v2\/product_brand?post=16824"},{"taxonomy":"product_cat","embeddable":true,"href":"https:\/\/dekohra.eu\/de\/wp-json\/wp\/v2\/product_cat?post=16824"},{"taxonomy":"product_tag","embeddable":true,"href":"https:\/\/dekohra.eu\/de\/wp-json\/wp\/v2\/product_tag?post=16824"}],"curies":[{"name":"wp","href":"https:\/\/api.w.org\/{rel}","templated":true}]}}