{"id":16848,"date":"2025-06-19T07:37:29","date_gmt":"2025-06-19T05:37:29","guid":{"rendered":"https:\/\/dekohra.eu\/?post_type=product&#038;p=16848"},"modified":"2025-06-19T09:38:12","modified_gmt":"2025-06-19T07:38:12","slug":"pokladnicka-kadibudka","status":"publish","type":"product","link":"https:\/\/dekohra.eu\/de\/produkt\/pokladnicka-kadibudka\/","title":{"rendered":"Spardose Kadibudka \u2013 ab 10 Stk."},"content":{"rendered":"<h2 style=\"text-align: left;\">Holzspardose Kadibudka.<\/h2>\n<div class=\"group\/conversation-turn relative flex w-full min-w-0 flex-col agent-turn\">\n<div class=\"flex-col gap-1 md:gap-3\">\n<div class=\"flex flex-grow flex-col max-w-full\">\n<div class=\"min-h-[20px] text-message flex w-full flex-col items-end gap-2 whitespace-pre-wrap break-words [.text-message+&amp;]:mt-5 overflow-x-auto\" dir=\"auto\" data-message-author-role=\"assistant\" data-message-id=\"78d9b41f-f71f-4932-8465-41e2605e60c6\">\n<div class=\"flex w-full flex-col gap-1 empty:hidden first:pt-[3px]\">\n<div class=\"markdown prose w-full break-words dark:prose-invert light\">\n<p>Die originelle Holzspardose Kadibudka ist eine lustige und praktische Erg\u00e4nzung f\u00fcr jedes Zuhause. Diese handgefertigte Spardose begeistert nicht nur durch ihr originelles Design, sondern auch durch ihre Funktionalit\u00e4t. Ein tolles Geschenk f\u00fcr alle mit Humor!<\/p>\n<h3>Produktspezifikationen:<\/h3>\n<ul>\n<li><strong>Material:<\/strong> Qualit\u00e4tsholz (Pappelsperrholz)<\/li>\n<li><strong>Design:<\/strong> Detaillierte Verarbeitung in Form einer Toilette mit witzigen Elementen<\/li>\n<li><strong>M\u00fcnzeinwurf:<\/strong> Auf dem Dach der H\u00fctte<\/li>\n<li><strong>Geld abladen:<\/strong> Boden oder T\u00fcr leicht abnehmbar<\/li>\n<\/ul>\n<h3>Hauptmerkmale:<\/h3>\n<ul>\n<li>Handgefertigt und \u00f6kologisch<\/li>\n<li>Praktisch und dekorativ zugleich<\/li>\n<li>Ein tolles Geschenk f\u00fcr Freunde, Familie oder Kollegen<\/li>\n<\/ul>\n<p><strong>Gesch\u00e4ftsvorteile:<\/strong> Floristen und kleine Gesch\u00e4fte k\u00f6nnen Holzprodukte in unserem E-Shop kaufen <strong>zum erm\u00e4\u00dfigten Preis bei Gro\u00dfbestellungen<\/strong>\u00a0und diese dann zu einem h\u00f6heren Preis weiterzuverkaufen, wobei der Endkunde die Versandkosten in unserem E-Shop spart.<\/p>\n<p><strong>Verf\u00fcgbarkeit:<\/strong> Produktion ab 10 St\u00fcck und Versand innerhalb von 4 Wochen nach Bestellung.<\/p>\n<\/div>\n<h3>Parameter:<\/h3>\n<ul>\n<li style=\"list-style-type: none;\">\n<ul>\n<li style=\"list-style-type: none;\">\n<ul>\n<li style=\"list-style-type: none;\">\n<ul>\n<li><strong>Material:<\/strong> Pappelsperrholz<\/li>\n<li><strong>Produktdicke:\u00a0<\/strong>3 mm<\/li>\n<li><strong>Hersteller:\u00a0<\/strong><a href=\"http:\/\/dekohra.de\/\" target=\"_blank\" rel=\"noopener\">Dekohra.eu<\/a><\/li>\n<li><strong>Technologie:\u00a0<\/strong><a href=\"https:\/\/dekohra.eu\/de\/moderni-laserova-technologie-rezani-a-gravirovani\/\">Moderne Laserschneidtechnologie<\/a><\/li>\n<li><strong>Abmessungen:<\/strong> 8,5 x 8,5 x 11 cm<\/li>\n<\/ul>\n<\/li>\n<\/ul>\n<\/li>\n<\/ul>\n<\/li>\n<\/ul>\n<\/div>\n<\/div>\n<\/div>\n<\/div>\n<\/div>\n<p><img decoding=\"async\" class=\"lazyloaded\" src=\"https:\/\/dekohra.eu\/_obchody\/go4874\/prilohy\/4\/vyber-velikosti.jpg.big.jpg\" alt=\"\" width=\"500\" data-src=\"https:\/\/dekohra.eu\/_obchody\/go4874\/prilohy\/4\/vyber-velikosti.jpg.big.jpg\" \/><strong>Teilen Sie uns die Anforderungen Ihrer Kunden mit und wir pr\u00fcfen, ob diese gegen einen Sonderpreis in die Serienproduktion einbezogen werden k\u00f6nnen.<\/strong><\/p>\n<p>&nbsp;<\/p>\n<p>&nbsp;<\/p>","protected":false},"excerpt":{"rendered":"<p>D\u0159ev\u011bn\u00e1 pokladni\u010dka Kadibudka. Origin\u00e1ln\u00ed d\u0159ev\u011bn\u00e1 pokladni\u010dka Kadibudka je z\u00e1bavn\u00fdm a praktick\u00fdm dopl\u0148kem do ka\u017ed\u00e9 dom\u00e1cnosti. Tato ru\u010dn\u011b vyr\u00e1b\u011bn\u00e1 pokladni\u010dka pot\u011b\u0161\u00ed [&hellip;]<\/p>","protected":false},"featured_media":15975,"comment_status":"open","ping_status":"closed","template":"","meta":{"site-sidebar-layout":"default","site-content-layout":"","ast-site-content-layout":"default","site-content-style":"default","site-sidebar-style":"default","ast-global-header-display":"","ast-banner-title-visibility":"","ast-main-header-display":"","ast-hfb-above-header-display":"","ast-hfb-below-header-display":"","ast-hfb-mobile-header-display":"","site-post-title":"","ast-breadcrumbs-content":"","ast-featured-img":"","footer-sml-layout":"","theme-transparent-header-meta":"default","adv-header-id-meta":"","stick-header-meta":"","header-above-stick-meta":"","header-main-stick-meta":"","header-below-stick-meta":"","astra-migrate-meta-layouts":"set","ast-page-background-enabled":"default","ast-page-background-meta":{"desktop":{"background-color":"var(--ast-global-color-4)","background-image":"","background-repeat":"repeat","background-position":"center center","background-size":"auto","background-attachment":"scroll","background-type":"","background-media":"","overlay-type":"","overlay-color":"","overlay-opacity":"","overlay-gradient":""},"tablet":{"background-color":"","background-image":"","background-repeat":"repeat","background-position":"center center","background-size":"auto","background-attachment":"scroll","background-type":"","background-media":"","overlay-type":"","overlay-color":"","overlay-opacity":"","overlay-gradient":""},"mobile":{"background-color":"","background-image":"","background-repeat":"repeat","background-position":"center center","background-size":"auto","background-attachment":"scroll","background-type":"","background-media":"","overlay-type":"","overlay-color":"","overlay-opacity":"","overlay-gradient":""}},"ast-content-background-meta":{"desktop":{"background-color":"var(--ast-global-color-5)","background-image":"","background-repeat":"repeat","background-position":"center center","background-size":"auto","background-attachment":"scroll","background-type":"","background-media":"","overlay-type":"","overlay-color":"","overlay-opacity":"","overlay-gradient":""},"tablet":{"background-color":"var(--ast-global-color-5)","background-image":"","background-repeat":"repeat","background-position":"center center","background-size":"auto","background-attachment":"scroll","background-type":"","background-media":"","overlay-type":"","overlay-color":"","overlay-opacity":"","overlay-gradient":""},"mobile":{"background-color":"var(--ast-global-color-5)","background-image":"","background-repeat":"repeat","background-position":"center center","background-size":"auto","background-attachment":"scroll","background-type":"","background-media":"","overlay-type":"","overlay-color":"","overlay-opacity":"","overlay-gradient":""}},"jetpack_post_was_ever_published":false},"product_brand":[],"product_cat":[831],"product_tag":[],"class_list":{"0":"post-16848","1":"product","2":"type-product","3":"status-publish","4":"has-post-thumbnail","6":"product_cat-velkoobchodni-nabidky","7":"pa_vlastni-text-bez-vlastniho-textu","8":"pa_vlastni-text-s-vlastnim-textem","9":"desktop-align-left","10":"tablet-align-left","11":"mobile-align-left","13":"first","14":"instock","15":"shipping-taxable","16":"purchasable","17":"product-type-simple"},"jetpack_sharing_enabled":true,"_links":{"self":[{"href":"https:\/\/dekohra.eu\/de\/wp-json\/wp\/v2\/product\/16848","targetHints":{"allow":["GET"]}}],"collection":[{"href":"https:\/\/dekohra.eu\/de\/wp-json\/wp\/v2\/product"}],"about":[{"href":"https:\/\/dekohra.eu\/de\/wp-json\/wp\/v2\/types\/product"}],"replies":[{"embeddable":true,"href":"https:\/\/dekohra.eu\/de\/wp-json\/wp\/v2\/comments?post=16848"}],"wp:featuredmedia":[{"embeddable":true,"href":"https:\/\/dekohra.eu\/de\/wp-json\/wp\/v2\/media\/15975"}],"wp:attachment":[{"href":"https:\/\/dekohra.eu\/de\/wp-json\/wp\/v2\/media?parent=16848"}],"wp:term":[{"taxonomy":"product_brand","embeddable":true,"href":"https:\/\/dekohra.eu\/de\/wp-json\/wp\/v2\/product_brand?post=16848"},{"taxonomy":"product_cat","embeddable":true,"href":"https:\/\/dekohra.eu\/de\/wp-json\/wp\/v2\/product_cat?post=16848"},{"taxonomy":"product_tag","embeddable":true,"href":"https:\/\/dekohra.eu\/de\/wp-json\/wp\/v2\/product_tag?post=16848"}],"curies":[{"name":"wp","href":"https:\/\/api.w.org\/{rel}","templated":true}]}}