{"id":16855,"date":"2025-06-19T10:17:56","date_gmt":"2025-06-19T08:17:56","guid":{"rendered":"https:\/\/dekohra.eu\/?post_type=product&#038;p=16855"},"modified":"2025-06-19T10:21:20","modified_gmt":"2025-06-19T08:21:20","slug":"drevena-obalka-na-nove-auto-velkoobchodni-prodej","status":"publish","type":"product","link":"https:\/\/dekohra.eu\/de\/produkt\/drevena-obalka-na-nove-auto-velkoobchodni-prodej\/","title":{"rendered":"Holzumschlag f\u00fcr ein neues Auto - Gro\u00dfhandel - ab 10 Stk."},"content":{"rendered":"<h2 style=\"text-align: left;\">Holzumschlag f\u00fcr ein neues Auto - Gro\u00dfhandel - ab 10 Stk.<\/h2>\n<p style=\"text-align: left;\">Holzumschl\u00e4ge f\u00fcr ein neues Auto \u2013 Gro\u00dfhandel \u2013 ab 10 St\u00fcck sind die perfekte M\u00f6glichkeit, Ihren Lieben eine Freude zu machen. Dieses wundersch\u00f6n gestaltete Set bietet elegante und einzigartige M\u00f6glichkeiten, den gro\u00dfen Tag Ihrer Lieben zu feiern. Au\u00dferdem ist es f\u00fcr <strong>Tschechische Banknoten<\/strong>, was es zu einem praktischen und originellen Geschenk macht.<\/p>\n<h3>Design und Kreativit\u00e4t<\/h3>\n<ul>\n<li>Das Set ist mit Liebe zum Detail und \u00c4sthetik gestaltet. Durch die Gravur erh\u00e4lt jedes Teil eine individuelle, pers\u00f6nliche Note und wird so zu einer unvergesslichen \u00dcberraschung.<\/li>\n<\/ul>\n<h3>Produktvorteile<\/h3>\n<ul>\n<li>Das Set besticht durch seine elegante und stilvolle Optik. Gravierte Details verleihen jedem Element eine einzigartige und luxuri\u00f6se Note.<\/li>\n<\/ul>\n<p>Ein Holzumschlag f\u00fcr ein neues Auto ist ein tolles Geschenk. Moderne Lasergravur verleiht dem Set ein luxuri\u00f6ses Aussehen und erm\u00f6glicht es Ihnen, ein einzigartiges Geschenk zu kreieren. Bestellen Sie dieses einzigartige Set und <strong>Beeindrucken Sie das Geburtstagskind.<\/strong><\/p>\n<p><strong>Gesch\u00e4ftsvorteile:<\/strong>\u00a0Floristen und kleine Gesch\u00e4fte k\u00f6nnen Holzprodukte in unserem E-Shop kaufen\u00a0<strong>zum erm\u00e4\u00dfigten Preis bei Gro\u00dfbestellungen<\/strong>\u00a0und diese dann zu einem h\u00f6heren Preis weiterzuverkaufen, wobei der Endkunde die Versandkosten in unserem E-Shop spart.<\/p>\n<p><strong>Verf\u00fcgbarkeit:<\/strong>\u00a0Produktion ab 10 St\u00fcck und Versand innerhalb von 4 Wochen nach Bestellung.<\/p>\n<h3>Parameter:<\/h3>\n<ul>\n<li style=\"list-style-type: none;\">\n<ul>\n<li style=\"list-style-type: none;\">\n<ul>\n<li style=\"list-style-type: none;\">\n<ul>\n<li style=\"list-style-type: none;\">\n<ul>\n<li><strong>Material:<\/strong> Pappelsperrholz<\/li>\n<li><strong>Produktdicke:\u00a0<\/strong>3 mm<\/li>\n<li><strong>Hersteller:\u00a0<\/strong><a href=\"http:\/\/dekohra.de\/\" target=\"_blank\" rel=\"noopener\">Dekohra.eu<\/a><\/li>\n<li><strong>Abmessungen: <\/strong>10 x 15 cm<\/li>\n<li><strong>Farbe: <\/strong>Naturholz<\/li>\n<\/ul>\n<\/li>\n<\/ul>\n<\/li>\n<\/ul>\n<\/li>\n<\/ul>\n<\/li>\n<\/ul>\n<div class=\"woocommerce-tabs wc-tabs-wrapper\">\n<div id=\"tab-description\" class=\"woocommerce-Tabs-panel woocommerce-Tabs-panel--description panel entry-content wc-tab\" role=\"tabpanel\" aria-labelledby=\"tab-title-description\">\n<p><strong>Teilen Sie uns die Anforderungen Ihrer Kunden mit und wir pr\u00fcfen, ob diese gegen einen Sonderpreis in die Serienproduktion einbezogen werden k\u00f6nnen.<\/strong><\/p>\n<\/div>\n<\/div>","protected":false},"excerpt":{"rendered":"<p>D\u0159ev\u011bn\u00e1 ob\u00e1lka na nov\u00e9 auto &#8211; velkoobchodn\u00ed prodej &#8211; od 10 ks. D\u0159ev\u011bn\u00e1 ob\u00e1lka na nov\u00e9 auto &#8211; velkoobchodn\u00ed prodej [&hellip;]<\/p>","protected":false},"featured_media":16204,"comment_status":"open","ping_status":"closed","template":"","meta":{"site-sidebar-layout":"default","site-content-layout":"","ast-site-content-layout":"default","site-content-style":"default","site-sidebar-style":"default","ast-global-header-display":"","ast-banner-title-visibility":"","ast-main-header-display":"","ast-hfb-above-header-display":"","ast-hfb-below-header-display":"","ast-hfb-mobile-header-display":"","site-post-title":"","ast-breadcrumbs-content":"","ast-featured-img":"","footer-sml-layout":"","theme-transparent-header-meta":"default","adv-header-id-meta":"","stick-header-meta":"","header-above-stick-meta":"","header-main-stick-meta":"","header-below-stick-meta":"","astra-migrate-meta-layouts":"set","ast-page-background-enabled":"default","ast-page-background-meta":{"desktop":{"background-color":"var(--ast-global-color-4)","background-image":"","background-repeat":"repeat","background-position":"center center","background-size":"auto","background-attachment":"scroll","background-type":"","background-media":"","overlay-type":"","overlay-color":"","overlay-opacity":"","overlay-gradient":""},"tablet":{"background-color":"","background-image":"","background-repeat":"repeat","background-position":"center center","background-size":"auto","background-attachment":"scroll","background-type":"","background-media":"","overlay-type":"","overlay-color":"","overlay-opacity":"","overlay-gradient":""},"mobile":{"background-color":"","background-image":"","background-repeat":"repeat","background-position":"center center","background-size":"auto","background-attachment":"scroll","background-type":"","background-media":"","overlay-type":"","overlay-color":"","overlay-opacity":"","overlay-gradient":""}},"ast-content-background-meta":{"desktop":{"background-color":"var(--ast-global-color-5)","background-image":"","background-repeat":"repeat","background-position":"center center","background-size":"auto","background-attachment":"scroll","background-type":"","background-media":"","overlay-type":"","overlay-color":"","overlay-opacity":"","overlay-gradient":""},"tablet":{"background-color":"var(--ast-global-color-5)","background-image":"","background-repeat":"repeat","background-position":"center center","background-size":"auto","background-attachment":"scroll","background-type":"","background-media":"","overlay-type":"","overlay-color":"","overlay-opacity":"","overlay-gradient":""},"mobile":{"background-color":"var(--ast-global-color-5)","background-image":"","background-repeat":"repeat","background-position":"center center","background-size":"auto","background-attachment":"scroll","background-type":"","background-media":"","overlay-type":"","overlay-color":"","overlay-opacity":"","overlay-gradient":""}},"jetpack_post_was_ever_published":false},"product_brand":[],"product_cat":[831],"product_tag":[],"class_list":{"0":"post-16855","1":"product","2":"type-product","3":"status-publish","4":"has-post-thumbnail","6":"product_cat-velkoobchodni-nabidky","7":"pa_barva-cerna","8":"pa_barva-antracit","9":"pa_barva-bila","10":"pa_barva-cervena","11":"pa_barva-fialova","12":"pa_barva-modra","13":"pa_barva-oranzova","14":"pa_barva-orech","15":"pa_barva-ruzova","16":"pa_barva-zelena","17":"pa_barva-zluta","18":"desktop-align-left","19":"tablet-align-left","20":"mobile-align-left","22":"first","23":"instock","24":"shipping-taxable","25":"purchasable","26":"product-type-simple"},"jetpack_sharing_enabled":true,"_links":{"self":[{"href":"https:\/\/dekohra.eu\/de\/wp-json\/wp\/v2\/product\/16855","targetHints":{"allow":["GET"]}}],"collection":[{"href":"https:\/\/dekohra.eu\/de\/wp-json\/wp\/v2\/product"}],"about":[{"href":"https:\/\/dekohra.eu\/de\/wp-json\/wp\/v2\/types\/product"}],"replies":[{"embeddable":true,"href":"https:\/\/dekohra.eu\/de\/wp-json\/wp\/v2\/comments?post=16855"}],"wp:featuredmedia":[{"embeddable":true,"href":"https:\/\/dekohra.eu\/de\/wp-json\/wp\/v2\/media\/16204"}],"wp:attachment":[{"href":"https:\/\/dekohra.eu\/de\/wp-json\/wp\/v2\/media?parent=16855"}],"wp:term":[{"taxonomy":"product_brand","embeddable":true,"href":"https:\/\/dekohra.eu\/de\/wp-json\/wp\/v2\/product_brand?post=16855"},{"taxonomy":"product_cat","embeddable":true,"href":"https:\/\/dekohra.eu\/de\/wp-json\/wp\/v2\/product_cat?post=16855"},{"taxonomy":"product_tag","embeddable":true,"href":"https:\/\/dekohra.eu\/de\/wp-json\/wp\/v2\/product_tag?post=16855"}],"curies":[{"name":"wp","href":"https:\/\/api.w.org\/{rel}","templated":true}]}}