{"id":16856,"date":"2025-06-19T10:26:17","date_gmt":"2025-06-19T08:26:17","guid":{"rendered":"https:\/\/dekohra.eu\/?post_type=product&#038;p=16856"},"modified":"2025-06-19T10:33:47","modified_gmt":"2025-06-19T08:33:47","slug":"drevena-kytice-ruzi-velkoobchodni-spoluprace-od-10-ks","status":"publish","type":"product","link":"https:\/\/dekohra.eu\/de\/produkt\/drevena-kytice-ruzi-velkoobchodni-spoluprace-od-10-ks\/","title":{"rendered":"Rosenstrau\u00df aus Holz \u2013 Gro\u00dfhandelskooperation \u2013 ab 10 St\u00fcck"},"content":{"rendered":"<h2 style=\"text-align: left;\"><strong>Rosenstrau\u00df aus Holz \u2013 Gro\u00dfhandelskooperation.<\/strong><\/h2>\n<p>Ein Rosenstrau\u00df aus Holz \u2013 eine Gro\u00dfhandelskooperation ist ideal, um Liebe und Dankbarkeit auszudr\u00fccken. Die Rose besteht aus hochwertigem Pappelsperrholz und verleiht jedem Interieur einen Hauch von Natur.<\/p>\n<p>&nbsp;<\/p>\n<ul>\n<li><strong>Material:<\/strong> Pappelsperrholz 3mm<\/li>\n<li><strong>Verwenden:<\/strong> Dekoration f\u00fcr Regal, Schreibtisch, Nachttisch oder als schm\u00fcckendes Accessoire f\u00fcr besondere Anl\u00e4sse.<\/li>\n<li>Bei der Dekoration wurde Wert auf Details und \u00c4sthetik gelegt.\u00a0<strong>Moderner Laserschnitt sorgt f\u00fcr pr\u00e4zises und elegantes Design<\/strong>, das in jedes Interieur passt.<\/li>\n<\/ul>\n<p><strong>Gesch\u00e4ftsvorteile:<\/strong>\u00a0Floristen und kleine Gesch\u00e4fte k\u00f6nnen Holzprodukte in unserem E-Shop kaufen\u00a0<strong>zum erm\u00e4\u00dfigten Preis bei Gro\u00dfbestellungen<\/strong>\u00a0und diese dann zu einem h\u00f6heren Preis weiterzuverkaufen, wobei der Endkunde die Versandkosten in unserem E-Shop spart.<\/p>\n<p><strong>Verf\u00fcgbarkeit:<\/strong>\u00a0Produktion ab 10 St\u00fcck und Versand innerhalb von 4 Wochen nach Bestellung.<\/p>\n<h3>Parameter:<\/h3>\n<ul>\n<li><strong>Material:<\/strong> Pappelsperrholz<\/li>\n<li><strong>Produktdicke: <\/strong>3 mm<\/li>\n<li><strong>Hersteller:\u00a0<\/strong><a href=\"http:\/\/dekohra.de\/\" target=\"_blank\" rel=\"noopener\">Dekohra.eu<\/a><\/li>\n<li><strong>Kategorie:<\/strong> <a href=\"https:\/\/dekohra.eu\/de\/produkt-kategorie\/darky\/darky-pro-zeny\/\">Geschenke f\u00fcr Frauen<\/a><\/li>\n<li><strong>Abmessungen:\u00a0<\/strong> 25 x 21 cm<\/li>\n<\/ul>\n<div class=\"woocommerce-tabs wc-tabs-wrapper\">\n<div id=\"tab-description\" class=\"woocommerce-Tabs-panel woocommerce-Tabs-panel--description panel entry-content wc-tab\" role=\"tabpanel\" aria-labelledby=\"tab-title-description\">\n<p><img decoding=\"async\" class=\"lazyloaded\" src=\"https:\/\/dekohra.eu\/_obchody\/go4874\/prilohy\/4\/vyber-velikosti.jpg.big.jpg\" alt=\"\" width=\"500\" data-src=\"https:\/\/dekohra.eu\/_obchody\/go4874\/prilohy\/4\/vyber-velikosti.jpg.big.jpg\" \/><strong>Teilen Sie uns die Anforderungen Ihrer Kunden mit und wir pr\u00fcfen, ob diese gegen einen Sonderpreis in die Serienproduktion einbezogen werden k\u00f6nnen.<\/strong><\/p>\n<\/div>\n<\/div>","protected":false},"excerpt":{"rendered":"<p>D\u0159ev\u011bn\u00e1 kytice r\u016f\u017e\u00ed &#8211; velkoobchodn\u00ed spolupr\u00e1ce. D\u0159ev\u011bn\u00e1 kytice r\u016f\u017e\u00ed &#8211; velkoobchodn\u00ed spolupr\u00e1ce je ide\u00e1ln\u00ed pro vyj\u00e1d\u0159en\u00ed l\u00e1sky a vd\u011b\u010dnosti. R\u016f\u017ee [&hellip;]<\/p>","protected":false},"featured_media":16820,"comment_status":"open","ping_status":"closed","template":"","meta":{"site-sidebar-layout":"default","site-content-layout":"","ast-site-content-layout":"default","site-content-style":"default","site-sidebar-style":"default","ast-global-header-display":"","ast-banner-title-visibility":"","ast-main-header-display":"","ast-hfb-above-header-display":"","ast-hfb-below-header-display":"","ast-hfb-mobile-header-display":"","site-post-title":"","ast-breadcrumbs-content":"","ast-featured-img":"","footer-sml-layout":"","theme-transparent-header-meta":"default","adv-header-id-meta":"","stick-header-meta":"","header-above-stick-meta":"","header-main-stick-meta":"","header-below-stick-meta":"","astra-migrate-meta-layouts":"set","ast-page-background-enabled":"default","ast-page-background-meta":{"desktop":{"background-color":"var(--ast-global-color-4)","background-image":"","background-repeat":"repeat","background-position":"center center","background-size":"auto","background-attachment":"scroll","background-type":"","background-media":"","overlay-type":"","overlay-color":"","overlay-opacity":"","overlay-gradient":""},"tablet":{"background-color":"","background-image":"","background-repeat":"repeat","background-position":"center center","background-size":"auto","background-attachment":"scroll","background-type":"","background-media":"","overlay-type":"","overlay-color":"","overlay-opacity":"","overlay-gradient":""},"mobile":{"background-color":"","background-image":"","background-repeat":"repeat","background-position":"center center","background-size":"auto","background-attachment":"scroll","background-type":"","background-media":"","overlay-type":"","overlay-color":"","overlay-opacity":"","overlay-gradient":""}},"ast-content-background-meta":{"desktop":{"background-color":"var(--ast-global-color-5)","background-image":"","background-repeat":"repeat","background-position":"center center","background-size":"auto","background-attachment":"scroll","background-type":"","background-media":"","overlay-type":"","overlay-color":"","overlay-opacity":"","overlay-gradient":""},"tablet":{"background-color":"var(--ast-global-color-5)","background-image":"","background-repeat":"repeat","background-position":"center center","background-size":"auto","background-attachment":"scroll","background-type":"","background-media":"","overlay-type":"","overlay-color":"","overlay-opacity":"","overlay-gradient":""},"mobile":{"background-color":"var(--ast-global-color-5)","background-image":"","background-repeat":"repeat","background-position":"center center","background-size":"auto","background-attachment":"scroll","background-type":"","background-media":"","overlay-type":"","overlay-color":"","overlay-opacity":"","overlay-gradient":""}},"jetpack_post_was_ever_published":false},"product_brand":[],"product_cat":[831],"product_tag":[],"class_list":{"0":"post-16856","1":"product","2":"type-product","3":"status-publish","4":"has-post-thumbnail","6":"product_cat-velkoobchodni-nabidky","7":"pa_rozmery-25-x-21cm","8":"pa_rozmery-30-x-25cm","9":"pa_rozmery-38-x-32cm","10":"desktop-align-left","11":"tablet-align-left","12":"mobile-align-left","14":"first","15":"instock","16":"shipping-taxable","17":"purchasable","18":"product-type-simple"},"jetpack_sharing_enabled":true,"_links":{"self":[{"href":"https:\/\/dekohra.eu\/de\/wp-json\/wp\/v2\/product\/16856","targetHints":{"allow":["GET"]}}],"collection":[{"href":"https:\/\/dekohra.eu\/de\/wp-json\/wp\/v2\/product"}],"about":[{"href":"https:\/\/dekohra.eu\/de\/wp-json\/wp\/v2\/types\/product"}],"replies":[{"embeddable":true,"href":"https:\/\/dekohra.eu\/de\/wp-json\/wp\/v2\/comments?post=16856"}],"wp:featuredmedia":[{"embeddable":true,"href":"https:\/\/dekohra.eu\/de\/wp-json\/wp\/v2\/media\/16820"}],"wp:attachment":[{"href":"https:\/\/dekohra.eu\/de\/wp-json\/wp\/v2\/media?parent=16856"}],"wp:term":[{"taxonomy":"product_brand","embeddable":true,"href":"https:\/\/dekohra.eu\/de\/wp-json\/wp\/v2\/product_brand?post=16856"},{"taxonomy":"product_cat","embeddable":true,"href":"https:\/\/dekohra.eu\/de\/wp-json\/wp\/v2\/product_cat?post=16856"},{"taxonomy":"product_tag","embeddable":true,"href":"https:\/\/dekohra.eu\/de\/wp-json\/wp\/v2\/product_tag?post=16856"}],"curies":[{"name":"wp","href":"https:\/\/api.w.org\/{rel}","templated":true}]}}