{"id":16941,"date":"2025-07-01T10:30:37","date_gmt":"2025-07-01T08:30:37","guid":{"rendered":"https:\/\/dekohra.eu\/?post_type=product&#038;p=16941"},"modified":"2025-07-02T07:19:26","modified_gmt":"2025-07-02T05:19:26","slug":"vtipny-darek-pro-kamarada","status":"publish","type":"product","link":"https:\/\/dekohra.eu\/de\/produkt\/vtipny-darek-pro-kamarada\/","title":{"rendered":"Lustiges Geschenk f\u00fcr einen Freund \u2013 Beste-Freund-Urkunde"},"content":{"rendered":"<h1 data-start=\"149\" data-end=\"219\"><strong data-start=\"149\" data-end=\"219\">Lustiges Geschenk f\u00fcr einen Freund \u2013 Beste-Freund-Urkunde aus Holz<\/strong><\/h1>\n<p data-start=\"221\" data-end=\"501\">Suchst du ein originelles und lustiges Geschenk f\u00fcr einen Freund? Mit dieser h\u00f6lzernen Best-Friend-Urkunde zeigst du, dass dein Freund der Beste ist. Die Urkunde aus hochwertigem Holz mit pr\u00e4ziser Gravur und stilvollem Design wird garantiert jedem Freund gefallen.<\/p>\n<p data-start=\"503\" data-end=\"732\">Perfekt als Geburtstagsgeschenk, Jubil\u00e4umsgeschenk, Weihnachtsgeschenk oder als originelle \u00dcberraschung \u201eeinfach so\u201c. Diese Beste-Freunde-Urkunde ist ein witziges und zugleich bleibendes Geschenk, das euch t\u00e4glich an eure starke Freundschaft erinnert.<\/p>\n<p data-start=\"734\" data-end=\"841\">Schenken Sie Ihrem Freund eine einzigartige Urkunde und zeigen Sie ihm, dass er ein echter Partner f\u00fcrs Leben ist!<\/p>\n<h3>Parameter:<\/h3>\n<ul>\n<li style=\"list-style-type: none;\">\n<ul>\n<li style=\"list-style-type: none;\">\n<ul>\n<li style=\"list-style-type: none;\">\n<ul>\n<li style=\"list-style-type: none;\">\n<ul>\n<li><strong>Material:<\/strong> Pappelsperrholz<\/li>\n<li><strong>Produktdicke:\u00a0<\/strong>3 mm<\/li>\n<li><strong>Hersteller:\u00a0<\/strong><a href=\"http:\/\/dekohra.de\/\" target=\"_blank\" rel=\"noopener\">Dekohra.eu<\/a><\/li>\n<li><strong>Kategorie:<\/strong> <a href=\"https:\/\/dekohra.eu\/de\/produkt-kategorie\/darky\/narozeninove-darky\/\">Geburtstagsgeschenke und Dekorationen<\/a><\/li>\n<li><strong>Abmessungen: <\/strong>20 x 15 x 9,5 cm<\/li>\n<li><strong>Farbe: <\/strong>Naturholz<\/li>\n<li><strong>Personalisierung:<\/strong> M\u00f6glichkeit, einen eigenen Namen zu w\u00e4hlen<\/li>\n<\/ul>\n<\/li>\n<\/ul>\n<\/li>\n<\/ul>\n<\/li>\n<\/ul>\n<\/li>\n<\/ul>","protected":false},"excerpt":{"rendered":"<p>Vtipn\u00fd d\u00e1rek pro kamar\u00e1da \u2013 D\u0159ev\u011bn\u00fd certifik\u00e1t nejlep\u0161\u00edho kamar\u00e1da Hled\u00e1te origin\u00e1ln\u00ed a vtipn\u00fd d\u00e1rek pro kamar\u00e1da? Tento d\u0159ev\u011bn\u00fd certifik\u00e1t nejlep\u0161\u00edho [&hellip;]<\/p>","protected":false},"featured_media":16944,"comment_status":"open","ping_status":"closed","template":"","meta":{"site-sidebar-layout":"default","site-content-layout":"","ast-site-content-layout":"default","site-content-style":"default","site-sidebar-style":"default","ast-global-header-display":"","ast-banner-title-visibility":"","ast-main-header-display":"","ast-hfb-above-header-display":"","ast-hfb-below-header-display":"","ast-hfb-mobile-header-display":"","site-post-title":"","ast-breadcrumbs-content":"","ast-featured-img":"","footer-sml-layout":"","theme-transparent-header-meta":"default","adv-header-id-meta":"","stick-header-meta":"","header-above-stick-meta":"","header-main-stick-meta":"","header-below-stick-meta":"","astra-migrate-meta-layouts":"set","ast-page-background-enabled":"default","ast-page-background-meta":{"desktop":{"background-color":"var(--ast-global-color-4)","background-image":"","background-repeat":"repeat","background-position":"center center","background-size":"auto","background-attachment":"scroll","background-type":"","background-media":"","overlay-type":"","overlay-color":"","overlay-opacity":"","overlay-gradient":""},"tablet":{"background-color":"","background-image":"","background-repeat":"repeat","background-position":"center center","background-size":"auto","background-attachment":"scroll","background-type":"","background-media":"","overlay-type":"","overlay-color":"","overlay-opacity":"","overlay-gradient":""},"mobile":{"background-color":"","background-image":"","background-repeat":"repeat","background-position":"center center","background-size":"auto","background-attachment":"scroll","background-type":"","background-media":"","overlay-type":"","overlay-color":"","overlay-opacity":"","overlay-gradient":""}},"ast-content-background-meta":{"desktop":{"background-color":"var(--ast-global-color-5)","background-image":"","background-repeat":"repeat","background-position":"center center","background-size":"auto","background-attachment":"scroll","background-type":"","background-media":"","overlay-type":"","overlay-color":"","overlay-opacity":"","overlay-gradient":""},"tablet":{"background-color":"var(--ast-global-color-5)","background-image":"","background-repeat":"repeat","background-position":"center center","background-size":"auto","background-attachment":"scroll","background-type":"","background-media":"","overlay-type":"","overlay-color":"","overlay-opacity":"","overlay-gradient":""},"mobile":{"background-color":"var(--ast-global-color-5)","background-image":"","background-repeat":"repeat","background-position":"center center","background-size":"auto","background-attachment":"scroll","background-type":"","background-media":"","overlay-type":"","overlay-color":"","overlay-opacity":"","overlay-gradient":""}},"jetpack_post_was_ever_published":false},"product_brand":[],"product_cat":[554],"product_tag":[],"class_list":{"0":"post-16941","1":"product","2":"type-product","3":"status-publish","4":"has-post-thumbnail","6":"product_cat-narozeninove-darky","7":"pa_barva-cerna","8":"pa_barva-antracit","9":"pa_barva-bila","10":"pa_barva-cervena","11":"pa_barva-fialova","12":"pa_barva-modra","13":"pa_barva-oranzova","14":"pa_barva-orech","15":"pa_barva-ruzova","16":"pa_barva-zelena","17":"pa_barva-zluta","18":"desktop-align-left","19":"tablet-align-left","20":"mobile-align-left","22":"first","23":"instock","24":"shipping-taxable","25":"purchasable","26":"product-type-simple"},"jetpack_sharing_enabled":true,"_links":{"self":[{"href":"https:\/\/dekohra.eu\/de\/wp-json\/wp\/v2\/product\/16941","targetHints":{"allow":["GET"]}}],"collection":[{"href":"https:\/\/dekohra.eu\/de\/wp-json\/wp\/v2\/product"}],"about":[{"href":"https:\/\/dekohra.eu\/de\/wp-json\/wp\/v2\/types\/product"}],"replies":[{"embeddable":true,"href":"https:\/\/dekohra.eu\/de\/wp-json\/wp\/v2\/comments?post=16941"}],"wp:featuredmedia":[{"embeddable":true,"href":"https:\/\/dekohra.eu\/de\/wp-json\/wp\/v2\/media\/16944"}],"wp:attachment":[{"href":"https:\/\/dekohra.eu\/de\/wp-json\/wp\/v2\/media?parent=16941"}],"wp:term":[{"taxonomy":"product_brand","embeddable":true,"href":"https:\/\/dekohra.eu\/de\/wp-json\/wp\/v2\/product_brand?post=16941"},{"taxonomy":"product_cat","embeddable":true,"href":"https:\/\/dekohra.eu\/de\/wp-json\/wp\/v2\/product_cat?post=16941"},{"taxonomy":"product_tag","embeddable":true,"href":"https:\/\/dekohra.eu\/de\/wp-json\/wp\/v2\/product_tag?post=16941"}],"curies":[{"name":"wp","href":"https:\/\/api.w.org\/{rel}","templated":true}]}}