{"id":16964,"date":"2025-07-01T11:55:41","date_gmt":"2025-07-01T09:55:41","guid":{"rendered":"https:\/\/dekohra.eu\/?post_type=product&#038;p=16964"},"modified":"2025-07-01T12:13:03","modified_gmt":"2025-07-01T10:13:03","slug":"originalni-darek-k-narozeni-miminka","status":"publish","type":"product","link":"https:\/\/dekohra.eu\/de\/produkt\/originalni-darek-k-narozeni-miminka\/","title":{"rendered":"Originelles Geschenk zur Geburt eines Babys - Baby-Gru\u00dfkarte aus Holz"},"content":{"rendered":"<h2 style=\"text-align: left;\"><strong>Originelles Geschenk zur Geburt eines Babys \u2013 Baby-Gru\u00dfkarte aus Holz.<\/strong><\/h2>\n<p>&nbsp;<\/p>\n<p>Ein originelles Geschenk zur Geburt eines Babys ist ein ideales Geschenk, das Sie<strong> die sch\u00f6nsten Momente der Ankunft eines neuen Familienmitglieds.<\/strong> Dieses sch\u00f6ne Geschenk ist aus hochwertigem Pappelsperrholz gefertigt, das seine Festigkeit gew\u00e4hrleistet und <strong>lange Lebensdauer<\/strong>.<\/p>\n<h3>Hochwertige Materialien<\/h3>\n<ul>\n<li>Die Dekoration besteht aus <strong>hochwertiges Pappelsperrholz<\/strong> 3 mm dick, was Festigkeit und Haltbarkeit gew\u00e4hrleistet. Das Finish ist langlebig und pflegeleicht und gew\u00e4hrleistet, dass <strong>es wird viele Jahre lang gro\u00dfartig aussehen.<\/strong><\/li>\n<\/ul>\n<h3>\u00c4sthetisches Design<\/h3>\n<ul>\n<li><strong>Modernes Laserschneiden<\/strong> sorgt f\u00fcr ein pr\u00e4zises und \u00e4sthetisch ansprechendes Design, das in jedes Interieur passt und dieses Babygeschenk zu einer idealen Erg\u00e4nzung f\u00fcr jedes Zuhause macht.<\/li>\n<\/ul>\n<h3>Pers\u00f6nliche Note<\/h3>\n<ul>\n<li>Ein originelles Babyparty-Geschenk soll die sch\u00f6nsten Momente der Geburt eines Kindes festhalten.<\/li>\n<\/ul>\n<p>&nbsp;<\/p>\n<h3>Parameter:<\/h3>\n<ul>\n<li style=\"list-style-type: none;\">\n<ul>\n<li><strong>Material:<\/strong> Pappelsperrholz<\/li>\n<li><strong>Produktdicke:\u00a0<\/strong>3 mm<\/li>\n<li><strong>Hersteller:\u00a0<\/strong><a href=\"http:\/\/dekohra.de\/\" target=\"_blank\" rel=\"noopener\">Dekohra.eu<\/a><\/li>\n<li><strong>Kategorie:<\/strong> <a href=\"https:\/\/dekohra.eu\/de\/produkt-kategorie\/darky\/darky-pro-deti\/\">Geschenke f\u00fcr Kinder<\/a><\/li>\n<li><strong>Abmessungen:<\/strong> 11 x 15 cm<\/li>\n<\/ul>\n<\/li>\n<\/ul>\n<p>&nbsp;<\/p>","protected":false},"excerpt":{"rendered":"<p>Origin\u00e1ln\u00ed d\u00e1rek k narozen\u00ed miminka &#8211; D\u0159ev\u011bn\u00e9 blahop\u0159\u00e1n\u00ed k miminku. &nbsp; Origin\u00e1ln\u00ed d\u00e1rek k narozen\u00ed miminka je ide\u00e1ln\u00edm d\u00e1rkem, kter\u00fd [&hellip;]<\/p>","protected":false},"featured_media":16966,"comment_status":"open","ping_status":"closed","template":"","meta":{"site-sidebar-layout":"default","site-content-layout":"","ast-site-content-layout":"default","site-content-style":"default","site-sidebar-style":"default","ast-global-header-display":"","ast-banner-title-visibility":"","ast-main-header-display":"","ast-hfb-above-header-display":"","ast-hfb-below-header-display":"","ast-hfb-mobile-header-display":"","site-post-title":"","ast-breadcrumbs-content":"","ast-featured-img":"","footer-sml-layout":"","theme-transparent-header-meta":"default","adv-header-id-meta":"","stick-header-meta":"","header-above-stick-meta":"","header-main-stick-meta":"","header-below-stick-meta":"","astra-migrate-meta-layouts":"set","ast-page-background-enabled":"default","ast-page-background-meta":{"desktop":{"background-color":"var(--ast-global-color-4)","background-image":"","background-repeat":"repeat","background-position":"center center","background-size":"auto","background-attachment":"scroll","background-type":"","background-media":"","overlay-type":"","overlay-color":"","overlay-opacity":"","overlay-gradient":""},"tablet":{"background-color":"","background-image":"","background-repeat":"repeat","background-position":"center center","background-size":"auto","background-attachment":"scroll","background-type":"","background-media":"","overlay-type":"","overlay-color":"","overlay-opacity":"","overlay-gradient":""},"mobile":{"background-color":"","background-image":"","background-repeat":"repeat","background-position":"center center","background-size":"auto","background-attachment":"scroll","background-type":"","background-media":"","overlay-type":"","overlay-color":"","overlay-opacity":"","overlay-gradient":""}},"ast-content-background-meta":{"desktop":{"background-color":"var(--ast-global-color-5)","background-image":"","background-repeat":"repeat","background-position":"center center","background-size":"auto","background-attachment":"scroll","background-type":"","background-media":"","overlay-type":"","overlay-color":"","overlay-opacity":"","overlay-gradient":""},"tablet":{"background-color":"var(--ast-global-color-5)","background-image":"","background-repeat":"repeat","background-position":"center center","background-size":"auto","background-attachment":"scroll","background-type":"","background-media":"","overlay-type":"","overlay-color":"","overlay-opacity":"","overlay-gradient":""},"mobile":{"background-color":"var(--ast-global-color-5)","background-image":"","background-repeat":"repeat","background-position":"center center","background-size":"auto","background-attachment":"scroll","background-type":"","background-media":"","overlay-type":"","overlay-color":"","overlay-opacity":"","overlay-gradient":""}},"jetpack_post_was_ever_published":false},"product_brand":[],"product_cat":[550],"product_tag":[],"class_list":{"0":"post-16964","1":"product","2":"type-product","3":"status-publish","4":"has-post-thumbnail","6":"product_cat-darky-pro-deti","7":"pa_rozmery-pro-fotografie-10x15-cm","8":"desktop-align-left","9":"tablet-align-left","10":"mobile-align-left","12":"first","13":"instock","14":"shipping-taxable","15":"purchasable","16":"product-type-simple"},"jetpack_sharing_enabled":true,"_links":{"self":[{"href":"https:\/\/dekohra.eu\/de\/wp-json\/wp\/v2\/product\/16964","targetHints":{"allow":["GET"]}}],"collection":[{"href":"https:\/\/dekohra.eu\/de\/wp-json\/wp\/v2\/product"}],"about":[{"href":"https:\/\/dekohra.eu\/de\/wp-json\/wp\/v2\/types\/product"}],"replies":[{"embeddable":true,"href":"https:\/\/dekohra.eu\/de\/wp-json\/wp\/v2\/comments?post=16964"}],"wp:featuredmedia":[{"embeddable":true,"href":"https:\/\/dekohra.eu\/de\/wp-json\/wp\/v2\/media\/16966"}],"wp:attachment":[{"href":"https:\/\/dekohra.eu\/de\/wp-json\/wp\/v2\/media?parent=16964"}],"wp:term":[{"taxonomy":"product_brand","embeddable":true,"href":"https:\/\/dekohra.eu\/de\/wp-json\/wp\/v2\/product_brand?post=16964"},{"taxonomy":"product_cat","embeddable":true,"href":"https:\/\/dekohra.eu\/de\/wp-json\/wp\/v2\/product_cat?post=16964"},{"taxonomy":"product_tag","embeddable":true,"href":"https:\/\/dekohra.eu\/de\/wp-json\/wp\/v2\/product_tag?post=16964"}],"curies":[{"name":"wp","href":"https:\/\/api.w.org\/{rel}","templated":true}]}}