{"id":16972,"date":"2025-07-01T12:16:39","date_gmt":"2025-07-01T10:16:39","guid":{"rendered":"https:\/\/dekohra.eu\/?post_type=product&#038;p=16972"},"modified":"2025-07-01T12:30:31","modified_gmt":"2025-07-01T10:30:31","slug":"originalni-svatebni-darek-drevena-obalka","status":"publish","type":"product","link":"https:\/\/dekohra.eu\/de\/produkt\/originalni-svatebni-darek-drevena-obalka\/","title":{"rendered":"Originelles Hochzeitsgeschenk \u2013 Holzumschlag \u2013 Wof\u00fcr man Geld zur Hochzeit einstecken kann"},"content":{"rendered":"<h2 style=\"text-align: left;\">Originelles Hochzeitsgeschenk \u2013 Holzumschlag<\/h2>\n<p style=\"text-align: left;\">Originelles Hochzeitsgeschenk \u2013 Holzumschlag ist<strong>\u00a0Eine originelle und unterhaltsame Art, dem Brautpaar Geld zu schenken.<\/strong> Dieser stilvolle Umschlag mit originalgetreuem Design des Hochzeitsdatums bietet eine einzigartige und witzige M\u00f6glichkeit, zu ihrem gemeinsamen Leben beizutragen.<\/p>\n<h3>Hochwertige Materialien<\/h3>\n<ul>\n<li>Die H\u00fclle besteht aus hochwertigem, 3 mm starkem Pappelsperrholz, was Stabilit\u00e4t und Haltbarkeit gew\u00e4hrleistet.<\/li>\n<li>Dieses Produkt ist speziell f\u00fcr <strong>Tschechische Banknoten 100, 200, 500, 1000, 2000 und 5000 CZK. <\/strong><\/li>\n<\/ul>\n<h3>Lustiges und originelles Geschenk<\/h3>\n<ul>\n<li>Originelles Hochzeitsgeschenk \u2013 Ein Holzumschlag ist eine lustige und originelle M\u00f6glichkeit, dem Brautpaar Geld zu schenken.<\/li>\n<\/ul>\n<p style=\"text-align: left;\"><strong>Ein Hochzeitsumschlag aus Holz ist die perfekte M\u00f6glichkeit, Ihrer Hochzeitsfeier Spa\u00df und Humor zu verleihen. Dieses einzigartige und originelle Geschenk mit der M\u00f6glichkeit, echtes Geld einzuwerfen, ist mit Sicherheit eine unvergessliche Erg\u00e4nzung, die jedes Brautpaar begeistern wird.<\/strong><\/p>\n<h3>Parameter:<\/h3>\n<ul>\n<li><strong>Material:<\/strong> Pappelsperrholz<\/li>\n<li><strong>Produktdicke:\u00a0<\/strong>3 mm<\/li>\n<li><strong>Hersteller:\u00a0<\/strong><a href=\"http:\/\/dekohra.de\/\" target=\"_blank\" rel=\"noopener\">Dekohra.eu<\/a><\/li>\n<li><strong>Kategorie: <\/strong><a href=\"https:\/\/dekohra.eu\/de\/produkt-kategorie\/svatebni-vyzdoba\/\">Hochzeitsdekoration<\/a><\/li>\n<li><strong>Technologie: <\/strong><a href=\"https:\/\/dekohra.eu\/de\/moderni-laserova-technologie-rezani-a-gravirovani\/\">Moderne Laserschneidtechnologie<\/a><\/li>\n<li><strong>Abmessungen: <\/strong>15,5 x 11 cm<\/li>\n<li><strong>Farbe:<\/strong> Holz<\/li>\n<li><strong>Personalisierung:<\/strong> Namen, Jahr, Monat und Tag der Hochzeit<\/li>\n<\/ul>","protected":false},"excerpt":{"rendered":"<p>Origin\u00e1ln\u00ed svatebn\u00ed d\u00e1rek &#8211; D\u0159ev\u011bn\u00e1 ob\u00e1lka Origin\u00e1ln\u00ed svatebn\u00ed d\u00e1rek &#8211; D\u0159ev\u011bn\u00e1 ob\u00e1lka je\u00a0origin\u00e1ln\u00ed a z\u00e1bavn\u00fd zp\u016fsob, jak darovat novoman\u017eel\u016fm pen\u00edze. [&hellip;]<\/p>","protected":false},"featured_media":16974,"comment_status":"open","ping_status":"closed","template":"","meta":{"site-sidebar-layout":"default","site-content-layout":"","ast-site-content-layout":"default","site-content-style":"default","site-sidebar-style":"default","ast-global-header-display":"","ast-banner-title-visibility":"","ast-main-header-display":"","ast-hfb-above-header-display":"","ast-hfb-below-header-display":"","ast-hfb-mobile-header-display":"","site-post-title":"","ast-breadcrumbs-content":"","ast-featured-img":"","footer-sml-layout":"","theme-transparent-header-meta":"default","adv-header-id-meta":"","stick-header-meta":"","header-above-stick-meta":"","header-main-stick-meta":"","header-below-stick-meta":"","astra-migrate-meta-layouts":"set","ast-page-background-enabled":"default","ast-page-background-meta":{"desktop":{"background-color":"var(--ast-global-color-4)","background-image":"","background-repeat":"repeat","background-position":"center center","background-size":"auto","background-attachment":"scroll","background-type":"","background-media":"","overlay-type":"","overlay-color":"","overlay-opacity":"","overlay-gradient":""},"tablet":{"background-color":"","background-image":"","background-repeat":"repeat","background-position":"center center","background-size":"auto","background-attachment":"scroll","background-type":"","background-media":"","overlay-type":"","overlay-color":"","overlay-opacity":"","overlay-gradient":""},"mobile":{"background-color":"","background-image":"","background-repeat":"repeat","background-position":"center center","background-size":"auto","background-attachment":"scroll","background-type":"","background-media":"","overlay-type":"","overlay-color":"","overlay-opacity":"","overlay-gradient":""}},"ast-content-background-meta":{"desktop":{"background-color":"var(--ast-global-color-5)","background-image":"","background-repeat":"repeat","background-position":"center center","background-size":"auto","background-attachment":"scroll","background-type":"","background-media":"","overlay-type":"","overlay-color":"","overlay-opacity":"","overlay-gradient":""},"tablet":{"background-color":"var(--ast-global-color-5)","background-image":"","background-repeat":"repeat","background-position":"center center","background-size":"auto","background-attachment":"scroll","background-type":"","background-media":"","overlay-type":"","overlay-color":"","overlay-opacity":"","overlay-gradient":""},"mobile":{"background-color":"var(--ast-global-color-5)","background-image":"","background-repeat":"repeat","background-position":"center center","background-size":"auto","background-attachment":"scroll","background-type":"","background-media":"","overlay-type":"","overlay-color":"","overlay-opacity":"","overlay-gradient":""}},"jetpack_post_was_ever_published":false},"product_brand":[],"product_cat":[558],"product_tag":[],"class_list":{"0":"post-16972","1":"product","2":"type-product","3":"status-publish","4":"has-post-thumbnail","6":"product_cat-svatebni-vyzdoba","7":"pa_barva-cerna","8":"pa_barva-antracit","9":"pa_barva-bila","10":"pa_barva-cervena","11":"pa_barva-fialova","12":"pa_barva-modra","13":"pa_barva-oranzova","14":"pa_barva-orech","15":"pa_barva-ruzova","16":"pa_barva-zelena","17":"pa_barva-zluta","18":"desktop-align-left","19":"tablet-align-left","20":"mobile-align-left","22":"first","23":"instock","24":"shipping-taxable","25":"purchasable","26":"product-type-simple"},"jetpack_sharing_enabled":true,"_links":{"self":[{"href":"https:\/\/dekohra.eu\/de\/wp-json\/wp\/v2\/product\/16972","targetHints":{"allow":["GET"]}}],"collection":[{"href":"https:\/\/dekohra.eu\/de\/wp-json\/wp\/v2\/product"}],"about":[{"href":"https:\/\/dekohra.eu\/de\/wp-json\/wp\/v2\/types\/product"}],"replies":[{"embeddable":true,"href":"https:\/\/dekohra.eu\/de\/wp-json\/wp\/v2\/comments?post=16972"}],"wp:featuredmedia":[{"embeddable":true,"href":"https:\/\/dekohra.eu\/de\/wp-json\/wp\/v2\/media\/16974"}],"wp:attachment":[{"href":"https:\/\/dekohra.eu\/de\/wp-json\/wp\/v2\/media?parent=16972"}],"wp:term":[{"taxonomy":"product_brand","embeddable":true,"href":"https:\/\/dekohra.eu\/de\/wp-json\/wp\/v2\/product_brand?post=16972"},{"taxonomy":"product_cat","embeddable":true,"href":"https:\/\/dekohra.eu\/de\/wp-json\/wp\/v2\/product_cat?post=16972"},{"taxonomy":"product_tag","embeddable":true,"href":"https:\/\/dekohra.eu\/de\/wp-json\/wp\/v2\/product_tag?post=16972"}],"curies":[{"name":"wp","href":"https:\/\/api.w.org\/{rel}","templated":true}]}}