{"id":17382,"date":"2025-09-04T10:44:32","date_gmt":"2025-09-04T08:44:32","guid":{"rendered":"https:\/\/dekohra.eu\/?post_type=product&#038;p=17382"},"modified":"2025-09-04T11:10:59","modified_gmt":"2025-09-04T09:10:59","slug":"darek-k-55-narozeninam-pro-zenu","status":"publish","type":"product","link":"https:\/\/dekohra.eu\/de\/produkt\/darek-k-55-narozeninam-pro-zenu\/","title":{"rendered":"Geschenk zum 55. Geburtstag f\u00fcr eine Frau \u2013 Holzmedaille"},"content":{"rendered":"<h2 style=\"text-align: left;\">Geschenk zum 55. Geburtstag f\u00fcr eine Frau \u2013 Holzmedaille.<\/h2>\n<p>Geschenk zum 55. Geburtstag f\u00fcr eine Frau - Die Holzmedaille wurde speziell f\u00fcr die Feier des 55. Geburtstags entworfen. Sie eignet sich perfekt als originelles Geschenk, das dem Geburtstagskind Freude bereitet und gleichzeitig eine sch\u00f6ne Erinnerung an einen besonderen Tag ist. Die Medaille kann mit Ihrem eigenen Text personalisiert werden, z. B. mit einem Namen, einem Datum oder einem kurzen Wunsch.<\/p>\n<h3>Produktspezifikationen:<\/h3>\n<ul>\n<li><strong>Material:<\/strong> Qualit\u00e4tsholz (Pappel)<\/li>\n<li><strong>Farbe:<\/strong> Naturholz<\/li>\n<li><strong>Text:<\/strong> M\u00f6glichkeit zur Gravur eines eigenen Textes (z. B. \u201eAlles Gute zum 55. Geburtstag, Jana!\u201c)<\/li>\n<\/ul>\n<h3>Verwenden:<\/h3>\n<ul>\n<li>Geschenk zum 55. Geburtstag<\/li>\n<li>Dekorationen f\u00fcr Geburtstagspartys<\/li>\n<li>Ein bleibendes Denkmal f\u00fcr ein bedeutendes Jubil\u00e4um<\/li>\n<\/ul>\n<p>Geschenk zum 55. Geburtstag f\u00fcr eine Frau \u2013 Eine Holzmedaille ist eine originelle M\u00f6glichkeit, dem Geburtstagskind alles Gute zu w\u00fcnschen und ihm gleichzeitig ein Geschenk mit pers\u00f6nlicher Bedeutung zu machen. \ud83c\udf89<\/p>\n<h3>Parameter:<\/h3>\n<ul>\n<li><strong>Material:<\/strong> Pappelsperrholz<\/li>\n<li><strong>Produktdicke:\u00a0<\/strong>3 mm<\/li>\n<li><strong>Hersteller:\u00a0<\/strong><a href=\"http:\/\/dekohra.de\/\" target=\"_blank\" rel=\"noopener\">Dekohra.eu<\/a><\/li>\n<li><strong>Kategorie: <\/strong><a href=\"https:\/\/dekohra.eu\/de\/produkt-kategorie\/darky\/narozeninove-darky\/\">Geburtstagsgeschenke<\/a><\/li>\n<li><strong style=\"font-size: 16px;\">Produktabmessungen: 11 x 13 cm<\/strong><\/li>\n<li>Verpackung: 1 St\u00fcck<\/li>\n<li><strong>Im Lieferumfang ist kein Band enthalten.<\/strong><\/li>\n<\/ul>","protected":false},"excerpt":{"rendered":"<p>D\u00e1rek k 55.narozenin\u00e1m pro \u017eenu &#8211; D\u0159ev\u011bn\u00e1 medaile. D\u00e1rek k 55.narozenin\u00e1m pro \u017eenu &#8211; D\u0159ev\u011bn\u00e1 medaile je navr\u017een\u00e9 speci\u00e1ln\u011b k [&hellip;]<\/p>","protected":false},"featured_media":17387,"comment_status":"open","ping_status":"closed","template":"","meta":{"site-sidebar-layout":"default","site-content-layout":"","ast-site-content-layout":"default","site-content-style":"default","site-sidebar-style":"default","ast-global-header-display":"","ast-banner-title-visibility":"","ast-main-header-display":"","ast-hfb-above-header-display":"","ast-hfb-below-header-display":"","ast-hfb-mobile-header-display":"","site-post-title":"","ast-breadcrumbs-content":"","ast-featured-img":"","footer-sml-layout":"","theme-transparent-header-meta":"default","adv-header-id-meta":"","stick-header-meta":"","header-above-stick-meta":"","header-main-stick-meta":"","header-below-stick-meta":"","astra-migrate-meta-layouts":"set","ast-page-background-enabled":"default","ast-page-background-meta":{"desktop":{"background-color":"var(--ast-global-color-4)","background-image":"","background-repeat":"repeat","background-position":"center center","background-size":"auto","background-attachment":"scroll","background-type":"","background-media":"","overlay-type":"","overlay-color":"","overlay-opacity":"","overlay-gradient":""},"tablet":{"background-color":"","background-image":"","background-repeat":"repeat","background-position":"center center","background-size":"auto","background-attachment":"scroll","background-type":"","background-media":"","overlay-type":"","overlay-color":"","overlay-opacity":"","overlay-gradient":""},"mobile":{"background-color":"","background-image":"","background-repeat":"repeat","background-position":"center center","background-size":"auto","background-attachment":"scroll","background-type":"","background-media":"","overlay-type":"","overlay-color":"","overlay-opacity":"","overlay-gradient":""}},"ast-content-background-meta":{"desktop":{"background-color":"var(--ast-global-color-5)","background-image":"","background-repeat":"repeat","background-position":"center center","background-size":"auto","background-attachment":"scroll","background-type":"","background-media":"","overlay-type":"","overlay-color":"","overlay-opacity":"","overlay-gradient":""},"tablet":{"background-color":"var(--ast-global-color-5)","background-image":"","background-repeat":"repeat","background-position":"center center","background-size":"auto","background-attachment":"scroll","background-type":"","background-media":"","overlay-type":"","overlay-color":"","overlay-opacity":"","overlay-gradient":""},"mobile":{"background-color":"var(--ast-global-color-5)","background-image":"","background-repeat":"repeat","background-position":"center center","background-size":"auto","background-attachment":"scroll","background-type":"","background-media":"","overlay-type":"","overlay-color":"","overlay-opacity":"","overlay-gradient":""}},"jetpack_post_was_ever_published":false},"product_brand":[],"product_cat":[554,573],"product_tag":[],"class_list":{"0":"post-17382","1":"product","2":"type-product","3":"status-publish","4":"has-post-thumbnail","6":"product_cat-narozeninove-darky","7":"product_cat-darky-pro-zeny","8":"pa_vlastni-text-bez-vlastniho-textu","9":"pa_vlastni-text-s-vlastnim-textem","10":"desktop-align-left","11":"tablet-align-left","12":"mobile-align-left","14":"first","15":"instock","16":"featured","17":"shipping-taxable","18":"purchasable","19":"product-type-variable"},"jetpack_sharing_enabled":true,"_links":{"self":[{"href":"https:\/\/dekohra.eu\/de\/wp-json\/wp\/v2\/product\/17382","targetHints":{"allow":["GET"]}}],"collection":[{"href":"https:\/\/dekohra.eu\/de\/wp-json\/wp\/v2\/product"}],"about":[{"href":"https:\/\/dekohra.eu\/de\/wp-json\/wp\/v2\/types\/product"}],"replies":[{"embeddable":true,"href":"https:\/\/dekohra.eu\/de\/wp-json\/wp\/v2\/comments?post=17382"}],"wp:featuredmedia":[{"embeddable":true,"href":"https:\/\/dekohra.eu\/de\/wp-json\/wp\/v2\/media\/17387"}],"wp:attachment":[{"href":"https:\/\/dekohra.eu\/de\/wp-json\/wp\/v2\/media?parent=17382"}],"wp:term":[{"taxonomy":"product_brand","embeddable":true,"href":"https:\/\/dekohra.eu\/de\/wp-json\/wp\/v2\/product_brand?post=17382"},{"taxonomy":"product_cat","embeddable":true,"href":"https:\/\/dekohra.eu\/de\/wp-json\/wp\/v2\/product_cat?post=17382"},{"taxonomy":"product_tag","embeddable":true,"href":"https:\/\/dekohra.eu\/de\/wp-json\/wp\/v2\/product_tag?post=17382"}],"curies":[{"name":"wp","href":"https:\/\/api.w.org\/{rel}","templated":true}]}}