{"id":17529,"date":"2025-09-28T09:14:58","date_gmt":"2025-09-28T07:14:58","guid":{"rendered":"https:\/\/dekohra.eu\/?post_type=product&#038;p=17529"},"modified":"2025-11-10T10:02:46","modified_gmt":"2025-11-10T09:02:46","slug":"drevene-zalozky-do-knih","status":"publish","type":"product","link":"https:\/\/dekohra.eu\/de\/produkt\/drevene-zalozky-do-knih\/","title":{"rendered":"Lesezeichen aus Holz f\u00fcr B\u00fccher"},"content":{"rendered":"<h3 data-start=\"60\" data-end=\"138\">\ud83d\udcd6 <strong data-start=\"67\" data-end=\"123\">Lesezeichen aus Holz f\u00fcr B\u00fccher\u00a0<\/strong><\/h3>\n<p data-start=\"140\" data-end=\"313\">Edle Lesezeichen aus Holz f\u00fcr B\u00fccher, die Ihnen die Navigation beim Lesen erleichtern. Dank ihres nat\u00fcrlichen Designs und der robusten Verarbeitung sind sie nicht nur praktisch, sondern auch eine sch\u00f6ne Erg\u00e4nzung f\u00fcr jedes Buch.<\/p>\n<p data-start=\"315\" data-end=\"469\">Das minimalistische Design aus Pappelsperrholz eignet sich f\u00fcr jeden Leser \u2013 vom Studenten bis zum Romanliebhaber. Sie gleiten leicht zwischen den Seiten und besch\u00e4digen das Papier nicht.<\/p>\n<p data-start=\"315\" data-end=\"469\">Lesezeichen aus Holz f\u00fcr B\u00fccher.<\/p>\n<p data-start=\"471\" data-end=\"493\"><strong data-start=\"471\" data-end=\"491\">Produktvorteile:<\/strong><\/p>\n<ul data-start=\"494\" data-end=\"613\">\n<li data-start=\"494\" data-end=\"526\">\n<p data-start=\"496\" data-end=\"526\">Eine praktische Lesehilfe<\/p>\n<\/li>\n<li data-start=\"527\" data-end=\"554\">\n<p data-start=\"529\" data-end=\"554\">Nat\u00fcrliches Holzdesign<\/p>\n<\/li>\n<li data-start=\"555\" data-end=\"580\">\n<p data-start=\"557\" data-end=\"580\">Leicht, d\u00fcnn und langlebig<\/p>\n<\/li>\n<li data-start=\"581\" data-end=\"613\">\n<p data-start=\"583\" data-end=\"613\">Ein originelles Geschenk f\u00fcr Leser<\/p>\n<\/li>\n<\/ul>\n<p data-start=\"615\" data-end=\"631\"><strong data-start=\"615\" data-end=\"629\">Parameter:<\/strong><\/p>\n<ul data-start=\"632\" data-end=\"852\">\n<li data-start=\"632\" data-end=\"648\">\n<p data-start=\"634\" data-end=\"648\">Paket: 2 St\u00fcck<\/p>\n<\/li>\n<li data-start=\"649\" data-end=\"681\">\n<p data-start=\"651\" data-end=\"681\">Material: Pappelsperrholz<\/p>\n<\/li>\n<li data-start=\"682\" data-end=\"700\">\n<p data-start=\"684\" data-end=\"700\">Dicke: 3 mm<\/p>\n<\/li>\n<li data-start=\"701\" data-end=\"743\">\n<p data-start=\"703\" data-end=\"743\">Abmessungen: 21,5 x 4 cm<\/p>\n<\/li>\n<li data-start=\"744\" data-end=\"769\">\n<p data-start=\"746\" data-end=\"769\">Farbe: Naturholz<\/p>\n<\/li>\n<li data-start=\"770\" data-end=\"793\">\n<p data-start=\"772\" data-end=\"793\">Hersteller: Dekohra.eu<\/p>\n<\/li>\n<\/ul>","protected":false},"excerpt":{"rendered":"<p>\ud83d\udcd6 D\u0159ev\u011bn\u00e9 z\u00e1lo\u017eky do knihy\u00a0 Elegantn\u00ed d\u0159ev\u011bn\u00e9 z\u00e1lo\u017eky do knih, kter\u00e9 v\u00e1m usnadn\u00ed orientaci p\u0159i \u010dten\u00ed. D\u00edky p\u0159\u00edrodn\u00edmu designu a [&hellip;]<\/p>","protected":false},"featured_media":17530,"comment_status":"open","ping_status":"closed","template":"","meta":{"site-sidebar-layout":"default","site-content-layout":"","ast-site-content-layout":"default","site-content-style":"default","site-sidebar-style":"default","ast-global-header-display":"","ast-banner-title-visibility":"","ast-main-header-display":"","ast-hfb-above-header-display":"","ast-hfb-below-header-display":"","ast-hfb-mobile-header-display":"","site-post-title":"","ast-breadcrumbs-content":"","ast-featured-img":"","footer-sml-layout":"","theme-transparent-header-meta":"default","adv-header-id-meta":"","stick-header-meta":"","header-above-stick-meta":"","header-main-stick-meta":"","header-below-stick-meta":"","astra-migrate-meta-layouts":"set","ast-page-background-enabled":"default","ast-page-background-meta":{"desktop":{"background-color":"var(--ast-global-color-4)","background-image":"","background-repeat":"repeat","background-position":"center center","background-size":"auto","background-attachment":"scroll","background-type":"","background-media":"","overlay-type":"","overlay-color":"","overlay-opacity":"","overlay-gradient":""},"tablet":{"background-color":"","background-image":"","background-repeat":"repeat","background-position":"center center","background-size":"auto","background-attachment":"scroll","background-type":"","background-media":"","overlay-type":"","overlay-color":"","overlay-opacity":"","overlay-gradient":""},"mobile":{"background-color":"","background-image":"","background-repeat":"repeat","background-position":"center center","background-size":"auto","background-attachment":"scroll","background-type":"","background-media":"","overlay-type":"","overlay-color":"","overlay-opacity":"","overlay-gradient":""}},"ast-content-background-meta":{"desktop":{"background-color":"var(--ast-global-color-5)","background-image":"","background-repeat":"repeat","background-position":"center center","background-size":"auto","background-attachment":"scroll","background-type":"","background-media":"","overlay-type":"","overlay-color":"","overlay-opacity":"","overlay-gradient":""},"tablet":{"background-color":"var(--ast-global-color-5)","background-image":"","background-repeat":"repeat","background-position":"center center","background-size":"auto","background-attachment":"scroll","background-type":"","background-media":"","overlay-type":"","overlay-color":"","overlay-opacity":"","overlay-gradient":""},"mobile":{"background-color":"var(--ast-global-color-5)","background-image":"","background-repeat":"repeat","background-position":"center center","background-size":"auto","background-attachment":"scroll","background-type":"","background-media":"","overlay-type":"","overlay-color":"","overlay-opacity":"","overlay-gradient":""}},"jetpack_post_was_ever_published":false},"product_brand":[],"product_cat":[554],"product_tag":[],"class_list":{"0":"post-17529","1":"product","2":"type-product","3":"status-publish","4":"has-post-thumbnail","6":"product_cat-narozeninove-darky","7":"desktop-align-left","8":"tablet-align-left","9":"mobile-align-left","11":"first","12":"instock","13":"shipping-taxable","14":"purchasable","15":"product-type-simple"},"jetpack_sharing_enabled":true,"_links":{"self":[{"href":"https:\/\/dekohra.eu\/de\/wp-json\/wp\/v2\/product\/17529","targetHints":{"allow":["GET"]}}],"collection":[{"href":"https:\/\/dekohra.eu\/de\/wp-json\/wp\/v2\/product"}],"about":[{"href":"https:\/\/dekohra.eu\/de\/wp-json\/wp\/v2\/types\/product"}],"replies":[{"embeddable":true,"href":"https:\/\/dekohra.eu\/de\/wp-json\/wp\/v2\/comments?post=17529"}],"wp:featuredmedia":[{"embeddable":true,"href":"https:\/\/dekohra.eu\/de\/wp-json\/wp\/v2\/media\/17530"}],"wp:attachment":[{"href":"https:\/\/dekohra.eu\/de\/wp-json\/wp\/v2\/media?parent=17529"}],"wp:term":[{"taxonomy":"product_brand","embeddable":true,"href":"https:\/\/dekohra.eu\/de\/wp-json\/wp\/v2\/product_brand?post=17529"},{"taxonomy":"product_cat","embeddable":true,"href":"https:\/\/dekohra.eu\/de\/wp-json\/wp\/v2\/product_cat?post=17529"},{"taxonomy":"product_tag","embeddable":true,"href":"https:\/\/dekohra.eu\/de\/wp-json\/wp\/v2\/product_tag?post=17529"}],"curies":[{"name":"wp","href":"https:\/\/api.w.org\/{rel}","templated":true}]}}