{"id":17539,"date":"2025-09-28T09:05:22","date_gmt":"2025-09-28T07:05:22","guid":{"rendered":"https:\/\/dekohra.eu\/?post_type=product&#038;p=17539"},"modified":"2025-10-02T20:13:17","modified_gmt":"2025-10-02T18:13:17","slug":"drevena-zalozka-do-knihy","status":"publish","type":"product","link":"https:\/\/dekohra.eu\/de\/produkt\/drevena-zalozka-do-knihy\/","title":{"rendered":"Lesezeichen aus Holz mit eigenem Text"},"content":{"rendered":"<p data-start=\"228\" data-end=\"298\">\ud83d\udcd6 <strong data-start=\"231\" data-end=\"284\">Holzlesezeichen f\u00fcr ein Buch mit Ihrem eigenen Text (1 Stk.)<\/strong><\/p>\n<p data-start=\"300\" data-end=\"518\">Ein originelles Lesezeichen aus Holz, das jedes Buch zu einem pers\u00f6nlichen Erlebnis macht. Mit der M\u00f6glichkeit, einen eigenen Text eingravieren zu lassen \u2013 sei es ein Name, ein Lieblingszitat, eine Widmung oder ein Motto \u2013 erhalten Sie ein einzigartiges St\u00fcck, das nur Ihnen geh\u00f6rt.<\/p>\n<p data-start=\"520\" data-end=\"709\">Die minimalistische, nat\u00fcrliche Optik von Pappelsperrholz passt wunderbar zu jedem Buch. Das Lesezeichen ist d\u00fcnn, sodass es die Seiten nicht besch\u00e4digt, aber dennoch robust und langlebig genug f\u00fcr den t\u00e4glichen Gebrauch.<\/p>\n<p data-start=\"711\" data-end=\"778\">\ud83c\udf81 Eine tolle Geschenkidee \u2013 f\u00fcr Sch\u00fcler, Lehrer und begeisterte Leser.<\/p>\n<hr data-start=\"780\" data-end=\"783\" \/>\n<h3 data-start=\"785\" data-end=\"804\">Produktvorteile<\/h3>\n<ul data-start=\"805\" data-end=\"1047\">\n<li data-start=\"805\" data-end=\"867\">\n<p data-start=\"807\" data-end=\"867\">Personalisierung \u2013 M\u00f6glichkeit eines eigenen Textes, Namens oder einer Widmung<\/p>\n<\/li>\n<li data-start=\"868\" data-end=\"918\">\n<p data-start=\"870\" data-end=\"918\">Edles Naturdesign aus Pappelsperrholz<\/p>\n<\/li>\n<li data-start=\"919\" data-end=\"951\">\n<p data-start=\"921\" data-end=\"951\">Leicht, d\u00fcnn und dennoch robust<\/p>\n<\/li>\n<li data-start=\"952\" data-end=\"997\">\n<p data-start=\"954\" data-end=\"997\">Pr\u00e4zise und langlebige Lasergravur<\/p>\n<\/li>\n<li data-start=\"998\" data-end=\"1047\">\n<p data-start=\"1000\" data-end=\"1047\">Ein originelles kleines Geschenk f\u00fcr jeden Leseratten<\/p>\n<\/li>\n<\/ul>\n<hr data-start=\"1049\" data-end=\"1052\" \/>\n<h3 data-start=\"1054\" data-end=\"1067\">Parameter<\/h3>\n<ul data-start=\"1068\" data-end=\"1254\">\n<li data-start=\"1068\" data-end=\"1100\">\n<p data-start=\"1070\" data-end=\"1100\">Material: Pappelsperrholz<\/p>\n<\/li>\n<li data-start=\"1101\" data-end=\"1119\">\n<p data-start=\"1103\" data-end=\"1119\">Dicke: 3 mm<\/p>\n<\/li>\n<li data-start=\"1120\" data-end=\"1146\">\n<p data-start=\"1122\" data-end=\"1146\">Ma\u00dfe: ca. 21,5 \u00d7 4 cm<\/p>\n<\/li>\n<li data-start=\"1120\" data-end=\"1146\">\n<p data-start=\"1122\" data-end=\"1146\"><span style=\"font-size: 16px;\">Farbe: Naturholz<\/span><\/p>\n<\/li>\n<li data-start=\"1173\" data-end=\"1196\">\n<p data-start=\"1175\" data-end=\"1196\">Hersteller: Dekohra.eu<\/p>\n<\/li>\n<\/ul>","protected":false},"excerpt":{"rendered":"<p>\ud83d\udcd6 D\u0159ev\u011bn\u00e1 z\u00e1lo\u017eka do knihy s vlastn\u00edm textem (1 ks) Origin\u00e1ln\u00ed d\u0159ev\u011bn\u00e1 z\u00e1lo\u017eka do knihy, kter\u00e1 prom\u011bn\u00ed ka\u017edou knihu v [&hellip;]<\/p>","protected":false},"featured_media":17540,"comment_status":"open","ping_status":"closed","template":"","meta":{"site-sidebar-layout":"default","site-content-layout":"","ast-site-content-layout":"default","site-content-style":"default","site-sidebar-style":"default","ast-global-header-display":"","ast-banner-title-visibility":"","ast-main-header-display":"","ast-hfb-above-header-display":"","ast-hfb-below-header-display":"","ast-hfb-mobile-header-display":"","site-post-title":"","ast-breadcrumbs-content":"","ast-featured-img":"","footer-sml-layout":"","theme-transparent-header-meta":"default","adv-header-id-meta":"","stick-header-meta":"","header-above-stick-meta":"","header-main-stick-meta":"","header-below-stick-meta":"","astra-migrate-meta-layouts":"set","ast-page-background-enabled":"default","ast-page-background-meta":{"desktop":{"background-color":"var(--ast-global-color-4)","background-image":"","background-repeat":"repeat","background-position":"center center","background-size":"auto","background-attachment":"scroll","background-type":"","background-media":"","overlay-type":"","overlay-color":"","overlay-opacity":"","overlay-gradient":""},"tablet":{"background-color":"","background-image":"","background-repeat":"repeat","background-position":"center center","background-size":"auto","background-attachment":"scroll","background-type":"","background-media":"","overlay-type":"","overlay-color":"","overlay-opacity":"","overlay-gradient":""},"mobile":{"background-color":"","background-image":"","background-repeat":"repeat","background-position":"center center","background-size":"auto","background-attachment":"scroll","background-type":"","background-media":"","overlay-type":"","overlay-color":"","overlay-opacity":"","overlay-gradient":""}},"ast-content-background-meta":{"desktop":{"background-color":"var(--ast-global-color-5)","background-image":"","background-repeat":"repeat","background-position":"center center","background-size":"auto","background-attachment":"scroll","background-type":"","background-media":"","overlay-type":"","overlay-color":"","overlay-opacity":"","overlay-gradient":""},"tablet":{"background-color":"var(--ast-global-color-5)","background-image":"","background-repeat":"repeat","background-position":"center center","background-size":"auto","background-attachment":"scroll","background-type":"","background-media":"","overlay-type":"","overlay-color":"","overlay-opacity":"","overlay-gradient":""},"mobile":{"background-color":"var(--ast-global-color-5)","background-image":"","background-repeat":"repeat","background-position":"center center","background-size":"auto","background-attachment":"scroll","background-type":"","background-media":"","overlay-type":"","overlay-color":"","overlay-opacity":"","overlay-gradient":""}},"jetpack_post_was_ever_published":false},"product_brand":[],"product_cat":[554],"product_tag":[],"class_list":{"0":"post-17539","1":"product","2":"type-product","3":"status-publish","4":"has-post-thumbnail","6":"product_cat-narozeninove-darky","7":"desktop-align-left","8":"tablet-align-left","9":"mobile-align-left","11":"first","12":"instock","13":"shipping-taxable","14":"purchasable","15":"product-type-simple"},"jetpack_sharing_enabled":true,"_links":{"self":[{"href":"https:\/\/dekohra.eu\/de\/wp-json\/wp\/v2\/product\/17539","targetHints":{"allow":["GET"]}}],"collection":[{"href":"https:\/\/dekohra.eu\/de\/wp-json\/wp\/v2\/product"}],"about":[{"href":"https:\/\/dekohra.eu\/de\/wp-json\/wp\/v2\/types\/product"}],"replies":[{"embeddable":true,"href":"https:\/\/dekohra.eu\/de\/wp-json\/wp\/v2\/comments?post=17539"}],"wp:featuredmedia":[{"embeddable":true,"href":"https:\/\/dekohra.eu\/de\/wp-json\/wp\/v2\/media\/17540"}],"wp:attachment":[{"href":"https:\/\/dekohra.eu\/de\/wp-json\/wp\/v2\/media?parent=17539"}],"wp:term":[{"taxonomy":"product_brand","embeddable":true,"href":"https:\/\/dekohra.eu\/de\/wp-json\/wp\/v2\/product_brand?post=17539"},{"taxonomy":"product_cat","embeddable":true,"href":"https:\/\/dekohra.eu\/de\/wp-json\/wp\/v2\/product_cat?post=17539"},{"taxonomy":"product_tag","embeddable":true,"href":"https:\/\/dekohra.eu\/de\/wp-json\/wp\/v2\/product_tag?post=17539"}],"curies":[{"name":"wp","href":"https:\/\/api.w.org\/{rel}","templated":true}]}}