{"id":17543,"date":"2025-09-28T09:08:23","date_gmt":"2025-09-28T07:08:23","guid":{"rendered":"https:\/\/dekohra.eu\/?post_type=product&#038;p=17543"},"modified":"2025-10-02T20:11:40","modified_gmt":"2025-10-02T18:11:40","slug":"osobni-zalozka-pro-kazdou-knihy","status":"publish","type":"product","link":"https:\/\/dekohra.eu\/de\/produkt\/osobni-zalozka-pro-kazdou-knihy\/","title":{"rendered":"Pers\u00f6nliches Lesezeichen f\u00fcr jedes Buch \u2013 mit eigenem Text"},"content":{"rendered":"<h3 data-start=\"201\" data-end=\"270\"><strong data-start=\"221\" data-end=\"256\">Pers\u00f6nliches Lesezeichen f\u00fcr jedes Buch<\/strong><\/h3>\n<p data-start=\"272\" data-end=\"481\">Ein pers\u00f6nliches Lesezeichen f\u00fcr jedes Buch - machen Sie Ihre Lekt\u00fcre zu etwas Besonderem. Dieses Lesezeichen aus Holz bietet die M\u00f6glichkeit <strong data-start=\"350\" data-end=\"381\">Gravur Ihres eigenen Textes<\/strong>, ob Name, Zitat, Motto oder Widmung. Jedes St\u00fcck ist ein Unikat und genau nach Ihren W\u00fcnschen.<\/p>\n<p data-start=\"483\" data-end=\"662\">Das minimalistische Naturdesign aus Pappelsperrholz erg\u00e4nzt jedes Buch, es ist leicht, aber langlebig und dank pr\u00e4ziser Lasergravur verblasst der Text auch bei h\u00e4ufigem Gebrauch nicht.<\/p>\n<hr data-start=\"664\" data-end=\"667\" \/>\n<p data-start=\"669\" data-end=\"690\"><strong data-start=\"669\" data-end=\"688\">Produktvorteile<\/strong><\/p>\n<ul data-start=\"691\" data-end=\"898\">\n<li data-start=\"691\" data-end=\"745\">\n<p data-start=\"693\" data-end=\"745\">Personalisierung \u2013 Text, Spruch oder Name nach Wunsch<\/p>\n<\/li>\n<li data-start=\"746\" data-end=\"776\">\n<p data-start=\"748\" data-end=\"776\">Nat\u00fcrlicher, eleganter Look<\/p>\n<\/li>\n<li data-start=\"777\" data-end=\"821\">\n<p data-start=\"779\" data-end=\"821\">Leicht und langlebig \u2013 besch\u00e4digt die Buchseiten nicht<\/p>\n<\/li>\n<li data-start=\"822\" data-end=\"855\">\n<p data-start=\"824\" data-end=\"855\">Pr\u00e4zise Lasergravur<\/p>\n<\/li>\n<li data-start=\"856\" data-end=\"898\">\n<p data-start=\"858\" data-end=\"898\">Das ideale kleine Geschenk f\u00fcr jeden Leser<\/p>\n<\/li>\n<\/ul>\n<p data-start=\"900\" data-end=\"915\"><strong data-start=\"900\" data-end=\"913\">Parameter<\/strong><\/p>\n<ul data-start=\"916\" data-end=\"1102\">\n<li data-start=\"916\" data-end=\"948\">\n<p data-start=\"918\" data-end=\"948\">Material: Pappelsperrholz<\/p>\n<\/li>\n<li data-start=\"949\" data-end=\"967\">\n<p data-start=\"951\" data-end=\"967\">Dicke: 3 mm<\/p>\n<\/li>\n<li data-start=\"968\" data-end=\"994\">\n<p data-start=\"970\" data-end=\"994\">Ma\u00dfe: ca. 21,5 \u00d7 4 cm<\/p>\n<\/li>\n<li data-start=\"995\" data-end=\"1020\">\n<p data-start=\"997\" data-end=\"1020\">Farbe: Naturholz<\/p>\n<\/li>\n<li data-start=\"1021\" data-end=\"1044\">\n<p data-start=\"1023\" data-end=\"1044\">Hersteller: Dekohra.eu<\/p>\n<\/li>\n<\/ul>","protected":false},"excerpt":{"rendered":"<p>Osobn\u00ed z\u00e1lo\u017eka pro ka\u017edou knihu Osobn\u00ed z\u00e1lo\u017eka pro ka\u017edou knihy &#8211; ud\u011blejte ze sv\u00e9ho \u010dten\u00ed n\u011bco v\u00fdjime\u010dn\u00e9ho. Tato d\u0159ev\u011bn\u00e1 z\u00e1lo\u017eka [&hellip;]<\/p>","protected":false},"featured_media":17546,"comment_status":"open","ping_status":"closed","template":"","meta":{"site-sidebar-layout":"default","site-content-layout":"","ast-site-content-layout":"default","site-content-style":"default","site-sidebar-style":"default","ast-global-header-display":"","ast-banner-title-visibility":"","ast-main-header-display":"","ast-hfb-above-header-display":"","ast-hfb-below-header-display":"","ast-hfb-mobile-header-display":"","site-post-title":"","ast-breadcrumbs-content":"","ast-featured-img":"","footer-sml-layout":"","theme-transparent-header-meta":"default","adv-header-id-meta":"","stick-header-meta":"","header-above-stick-meta":"","header-main-stick-meta":"","header-below-stick-meta":"","astra-migrate-meta-layouts":"set","ast-page-background-enabled":"default","ast-page-background-meta":{"desktop":{"background-color":"var(--ast-global-color-4)","background-image":"","background-repeat":"repeat","background-position":"center center","background-size":"auto","background-attachment":"scroll","background-type":"","background-media":"","overlay-type":"","overlay-color":"","overlay-opacity":"","overlay-gradient":""},"tablet":{"background-color":"","background-image":"","background-repeat":"repeat","background-position":"center center","background-size":"auto","background-attachment":"scroll","background-type":"","background-media":"","overlay-type":"","overlay-color":"","overlay-opacity":"","overlay-gradient":""},"mobile":{"background-color":"","background-image":"","background-repeat":"repeat","background-position":"center center","background-size":"auto","background-attachment":"scroll","background-type":"","background-media":"","overlay-type":"","overlay-color":"","overlay-opacity":"","overlay-gradient":""}},"ast-content-background-meta":{"desktop":{"background-color":"var(--ast-global-color-5)","background-image":"","background-repeat":"repeat","background-position":"center center","background-size":"auto","background-attachment":"scroll","background-type":"","background-media":"","overlay-type":"","overlay-color":"","overlay-opacity":"","overlay-gradient":""},"tablet":{"background-color":"var(--ast-global-color-5)","background-image":"","background-repeat":"repeat","background-position":"center center","background-size":"auto","background-attachment":"scroll","background-type":"","background-media":"","overlay-type":"","overlay-color":"","overlay-opacity":"","overlay-gradient":""},"mobile":{"background-color":"var(--ast-global-color-5)","background-image":"","background-repeat":"repeat","background-position":"center center","background-size":"auto","background-attachment":"scroll","background-type":"","background-media":"","overlay-type":"","overlay-color":"","overlay-opacity":"","overlay-gradient":""}},"jetpack_post_was_ever_published":false},"product_brand":[],"product_cat":[554],"product_tag":[],"class_list":{"0":"post-17543","1":"product","2":"type-product","3":"status-publish","4":"has-post-thumbnail","6":"product_cat-narozeninove-darky","7":"desktop-align-left","8":"tablet-align-left","9":"mobile-align-left","11":"first","12":"instock","13":"shipping-taxable","14":"purchasable","15":"product-type-simple"},"jetpack_sharing_enabled":true,"_links":{"self":[{"href":"https:\/\/dekohra.eu\/de\/wp-json\/wp\/v2\/product\/17543","targetHints":{"allow":["GET"]}}],"collection":[{"href":"https:\/\/dekohra.eu\/de\/wp-json\/wp\/v2\/product"}],"about":[{"href":"https:\/\/dekohra.eu\/de\/wp-json\/wp\/v2\/types\/product"}],"replies":[{"embeddable":true,"href":"https:\/\/dekohra.eu\/de\/wp-json\/wp\/v2\/comments?post=17543"}],"wp:featuredmedia":[{"embeddable":true,"href":"https:\/\/dekohra.eu\/de\/wp-json\/wp\/v2\/media\/17546"}],"wp:attachment":[{"href":"https:\/\/dekohra.eu\/de\/wp-json\/wp\/v2\/media?parent=17543"}],"wp:term":[{"taxonomy":"product_brand","embeddable":true,"href":"https:\/\/dekohra.eu\/de\/wp-json\/wp\/v2\/product_brand?post=17543"},{"taxonomy":"product_cat","embeddable":true,"href":"https:\/\/dekohra.eu\/de\/wp-json\/wp\/v2\/product_cat?post=17543"},{"taxonomy":"product_tag","embeddable":true,"href":"https:\/\/dekohra.eu\/de\/wp-json\/wp\/v2\/product_tag?post=17543"}],"curies":[{"name":"wp","href":"https:\/\/api.w.org\/{rel}","templated":true}]}}