{"id":17599,"date":"2025-09-28T08:54:19","date_gmt":"2025-09-28T06:54:19","guid":{"rendered":"https:\/\/dekohra.eu\/?post_type=product&#038;p=17599"},"modified":"2025-11-10T10:05:56","modified_gmt":"2025-11-10T09:05:56","slug":"detsky-dreveny-metr-na-zed","status":"publish","type":"product","link":"https:\/\/dekohra.eu\/de\/produkt\/detsky-dreveny-metr-na-zed\/","title":{"rendered":"Kinder-Holzma\u00dfband an der Wand"},"content":{"rendered":"<h3 data-start=\"122\" data-end=\"161\">Kinder-Holzma\u00dfband an der Wand<\/h3>\n<p data-start=\"163\" data-end=\"408\">Kinder-Wandma\u00dfband aus Holz \u2013 beobachten Sie Ihr Kind stilvoll und unterhaltsam beim Wachsen! Das h\u00f6lzerne Wandma\u00dfband ist eine praktische und dekorative Erg\u00e4nzung f\u00fcr das Kinderzimmer. Dank ihm behalten Sie das Wachstum Ihres kleinen Entdeckers im Auge und machen das Interieur gleichzeitig mit einem originellen St\u00fcck gem\u00fctlich.<\/p>\n<p data-start=\"410\" data-end=\"714\">Das Ma\u00dfband besteht aus hochwertigem Pappelsperrholz und wird mittels moderner Lasertechnik pr\u00e4zise bearbeitet. Dank seines nat\u00fcrlichen Designs passt es in jedes Kinderzimmer, kann aber auch nach Ihren W\u00fcnschen farblich gestaltet werden. Zus\u00e4tzlich k\u00f6nnen Sie eine Variante mit dem Namen des Kindes w\u00e4hlen, was das Ma\u00dfband zu einem einzigartigen und pers\u00f6nlichen Geschenk macht.<\/p>\n<hr data-start=\"716\" data-end=\"719\" \/>\n<h3 data-start=\"721\" data-end=\"746\"><strong data-start=\"725\" data-end=\"744\">Produktvorteile<\/strong><\/h3>\n<ul data-start=\"747\" data-end=\"977\">\n<li data-start=\"747\" data-end=\"795\">\n<p data-start=\"749\" data-end=\"795\">Ein praktisches Tool zur \u00dcberwachung des Wachstums Ihres Kindes<\/p>\n<\/li>\n<li data-start=\"796\" data-end=\"848\">\n<p data-start=\"798\" data-end=\"848\">Modernes und verspieltes Design passend zum Kinderzimmer<\/p>\n<\/li>\n<li data-start=\"849\" data-end=\"895\">\n<p data-start=\"851\" data-end=\"895\">Hochwertige Holzkonstruktion, leicht und langlebig<\/p>\n<\/li>\n<li data-start=\"896\" data-end=\"938\">\n<p data-start=\"898\" data-end=\"938\">M\u00f6glichkeit der Personalisierung mit dem Namen des Kindes<\/p>\n<\/li>\n<li data-start=\"939\" data-end=\"977\">\n<p data-start=\"941\" data-end=\"977\">Ein originelles Geschenk f\u00fcr Eltern und Kinder<\/p>\n<\/li>\n<\/ul>\n<hr data-start=\"979\" data-end=\"982\" \/>\n<h3 data-start=\"984\" data-end=\"1004\"><strong data-start=\"988\" data-end=\"1002\">Parameter:<\/strong><\/h3>\n<ul data-start=\"1005\" data-end=\"1196\">\n<li data-start=\"1005\" data-end=\"1037\">\n<p data-start=\"1007\" data-end=\"1037\">Material: Pappelsperrholz<\/p>\n<\/li>\n<li data-start=\"1038\" data-end=\"1064\">\n<p data-start=\"1040\" data-end=\"1064\">Produktdicke: 3 mm<\/p>\n<\/li>\n<li data-start=\"1065\" data-end=\"1094\">\n<p data-start=\"1067\" data-end=\"1094\">Ma\u00dfe: H\u00f6he 160 cm<\/p>\n<\/li>\n<li data-start=\"1095\" data-end=\"1141\">\n<p data-start=\"1097\" data-end=\"1141\">Farbe: Naturholz<\/p>\n<\/li>\n<li data-start=\"1142\" data-end=\"1165\">\n<p data-start=\"1144\" data-end=\"1165\">Hersteller: Dekohra.eu<\/p>\n<\/li>\n<li data-start=\"1166\" data-end=\"1196\">\n<p data-start=\"1168\" data-end=\"1196\">Kategorie: Kinderdekorationen<\/p>\n<\/li>\n<\/ul>","protected":false},"excerpt":{"rendered":"<p>D\u011btsk\u00fd d\u0159ev\u011bn\u00fd metr na ze\u010f D\u011btsk\u00fd d\u0159ev\u011bn\u00fd metr na ze\u010f &#8211; sledujte, jak va\u0161e d\u00edt\u011b roste, stylov\u011b a z\u00e1bavn\u011b! D\u0159ev\u011bn\u00fd [&hellip;]<\/p>","protected":false},"featured_media":17628,"comment_status":"open","ping_status":"closed","template":"","meta":{"site-sidebar-layout":"default","site-content-layout":"","ast-site-content-layout":"default","site-content-style":"default","site-sidebar-style":"default","ast-global-header-display":"","ast-banner-title-visibility":"","ast-main-header-display":"","ast-hfb-above-header-display":"","ast-hfb-below-header-display":"","ast-hfb-mobile-header-display":"","site-post-title":"","ast-breadcrumbs-content":"","ast-featured-img":"","footer-sml-layout":"","theme-transparent-header-meta":"default","adv-header-id-meta":"","stick-header-meta":"","header-above-stick-meta":"","header-main-stick-meta":"","header-below-stick-meta":"","astra-migrate-meta-layouts":"set","ast-page-background-enabled":"default","ast-page-background-meta":{"desktop":{"background-color":"var(--ast-global-color-4)","background-image":"","background-repeat":"repeat","background-position":"center center","background-size":"auto","background-attachment":"scroll","background-type":"","background-media":"","overlay-type":"","overlay-color":"","overlay-opacity":"","overlay-gradient":""},"tablet":{"background-color":"","background-image":"","background-repeat":"repeat","background-position":"center center","background-size":"auto","background-attachment":"scroll","background-type":"","background-media":"","overlay-type":"","overlay-color":"","overlay-opacity":"","overlay-gradient":""},"mobile":{"background-color":"","background-image":"","background-repeat":"repeat","background-position":"center center","background-size":"auto","background-attachment":"scroll","background-type":"","background-media":"","overlay-type":"","overlay-color":"","overlay-opacity":"","overlay-gradient":""}},"ast-content-background-meta":{"desktop":{"background-color":"var(--ast-global-color-5)","background-image":"","background-repeat":"repeat","background-position":"center center","background-size":"auto","background-attachment":"scroll","background-type":"","background-media":"","overlay-type":"","overlay-color":"","overlay-opacity":"","overlay-gradient":""},"tablet":{"background-color":"var(--ast-global-color-5)","background-image":"","background-repeat":"repeat","background-position":"center center","background-size":"auto","background-attachment":"scroll","background-type":"","background-media":"","overlay-type":"","overlay-color":"","overlay-opacity":"","overlay-gradient":""},"mobile":{"background-color":"var(--ast-global-color-5)","background-image":"","background-repeat":"repeat","background-position":"center center","background-size":"auto","background-attachment":"scroll","background-type":"","background-media":"","overlay-type":"","overlay-color":"","overlay-opacity":"","overlay-gradient":""}},"jetpack_post_was_ever_published":false},"product_brand":[],"product_cat":[556,550],"product_tag":[],"class_list":{"0":"post-17599","1":"product","2":"type-product","3":"status-publish","4":"has-post-thumbnail","6":"product_cat-obrazy-do-detskeho-pokoje","7":"product_cat-darky-pro-deti","8":"desktop-align-left","9":"tablet-align-left","10":"mobile-align-left","12":"first","13":"instock","14":"shipping-taxable","15":"purchasable","16":"product-type-simple"},"jetpack_sharing_enabled":true,"_links":{"self":[{"href":"https:\/\/dekohra.eu\/de\/wp-json\/wp\/v2\/product\/17599","targetHints":{"allow":["GET"]}}],"collection":[{"href":"https:\/\/dekohra.eu\/de\/wp-json\/wp\/v2\/product"}],"about":[{"href":"https:\/\/dekohra.eu\/de\/wp-json\/wp\/v2\/types\/product"}],"replies":[{"embeddable":true,"href":"https:\/\/dekohra.eu\/de\/wp-json\/wp\/v2\/comments?post=17599"}],"wp:featuredmedia":[{"embeddable":true,"href":"https:\/\/dekohra.eu\/de\/wp-json\/wp\/v2\/media\/17628"}],"wp:attachment":[{"href":"https:\/\/dekohra.eu\/de\/wp-json\/wp\/v2\/media?parent=17599"}],"wp:term":[{"taxonomy":"product_brand","embeddable":true,"href":"https:\/\/dekohra.eu\/de\/wp-json\/wp\/v2\/product_brand?post=17599"},{"taxonomy":"product_cat","embeddable":true,"href":"https:\/\/dekohra.eu\/de\/wp-json\/wp\/v2\/product_cat?post=17599"},{"taxonomy":"product_tag","embeddable":true,"href":"https:\/\/dekohra.eu\/de\/wp-json\/wp\/v2\/product_tag?post=17599"}],"curies":[{"name":"wp","href":"https:\/\/api.w.org\/{rel}","templated":true}]}}