{"id":17630,"date":"2025-09-28T10:00:34","date_gmt":"2025-09-28T08:00:34","guid":{"rendered":"https:\/\/dekohra.eu\/?post_type=product&#038;p=17630"},"modified":"2026-02-15T20:40:57","modified_gmt":"2026-02-15T19:40:57","slug":"3d-firemni-logo-na-zed-vyroba-na-zakazku","status":"publish","type":"product","link":"https:\/\/dekohra.eu\/de\/produkt\/3d-firemni-logo-na-zed-vyroba-na-zakazku\/","title":{"rendered":"3D Firmenlogo an der Wand \u2013 individuell angefertigt"},"content":{"rendered":"<h1 data-start=\"135\" data-end=\"472\"><strong>3D Firmenlogo an der Wand \u2013 individuell angefertigt<\/strong><\/h1>\n<p data-start=\"135\" data-end=\"472\">3D-Firmenlogo an der Wand \u2013 dekorieren Sie Ihren Raum <strong data-start=\"156\" data-end=\"209\">mit einem originalen, lasergeschnittenen Logo oder Schriftzug<\/strong>, das sofort ins Auge f\u00e4llt. Perfekt f\u00fcr Unternehmen, Wohnungen, B\u00fcros und Wohnr\u00e4ume. Sie k\u00f6nnen Gr\u00f6\u00dfe und Text nach Ihren W\u00fcnschen w\u00e4hlen, sodass Ihr Logo gut sichtbar und stilvoll ist. Jedes Detail ist pr\u00e4zise lasergeschnitten und sorgt f\u00fcr einen modernen und eleganten Look.<\/p>\n<hr data-start=\"474\" data-end=\"477\" \/>\n<h3 data-start=\"479\" data-end=\"516\"><strong data-start=\"483\" data-end=\"514\">Hochwertige Materialien und Design<\/strong><\/h3>\n<ul data-start=\"517\" data-end=\"740\">\n<li data-start=\"517\" data-end=\"583\">\n<p data-start=\"519\" data-end=\"583\">Hergestellt aus <strong data-start=\"530\" data-end=\"565\">3 mm dicke Faserplatte<\/strong>, langlebig und stark<\/p>\n<\/li>\n<li data-start=\"584\" data-end=\"637\">\n<p data-start=\"586\" data-end=\"637\">Pr\u00e4zise <strong data-start=\"595\" data-end=\"614\">Laserschneiden<\/strong> f\u00fcr perfekte Details<\/p>\n<\/li>\n<li data-start=\"638\" data-end=\"695\">\n<p data-start=\"640\" data-end=\"695\">Eleganter und moderner Look, passend f\u00fcr jeden Raum<\/p>\n<\/li>\n<li data-start=\"638\" data-end=\"695\">Z\u00e1kladn\u00ed deska na nalepen\u00ed je b\u00edl\u00e1.<\/li>\n<\/ul>\n<hr data-start=\"742\" data-end=\"745\" \/>\n<h3 data-start=\"747\" data-end=\"773\"><strong data-start=\"751\" data-end=\"771\">Einfache Installation<\/strong><\/h3>\n<ul data-start=\"774\" data-end=\"938\">\n<li data-start=\"774\" data-end=\"802\">\n<p data-start=\"776\" data-end=\"802\">Schnelle Wandmontage<\/p>\n<\/li>\n<li data-start=\"803\" data-end=\"881\">\n<p data-start=\"805\" data-end=\"881\">Montagem\u00f6glichkeit mittels <strong data-start=\"828\" data-end=\"856\">doppelseitige Klebeb\u00e4nder<\/strong> oder <strong data-start=\"862\" data-end=\"879\">Mini-Nelken<\/strong><\/p>\n<\/li>\n<li data-start=\"882\" data-end=\"938\">\n<p data-start=\"884\" data-end=\"938\">Sofort einsatzbereit \u2013 kein aufwendiger Aufbau n\u00f6tig<\/p>\n<\/li>\n<\/ul>\n<hr data-start=\"940\" data-end=\"943\" \/>\n<p data-start=\"945\" data-end=\"970\">\ud83c\udfaf <strong data-start=\"948\" data-end=\"968\">Produktvorteile:<\/strong><\/p>\n<ul data-start=\"971\" data-end=\"1135\">\n<li data-start=\"971\" data-end=\"1016\">\n<p data-start=\"973\" data-end=\"1016\">Professionelle und stilvolle Platzmarkierung<\/p>\n<\/li>\n<li data-start=\"1017\" data-end=\"1073\">\n<p data-start=\"1019\" data-end=\"1073\">Personalisierung nach Ihren W\u00fcnschen \u2013 Text und Ma\u00dfe<\/p>\n<\/li>\n<li data-start=\"1074\" data-end=\"1104\">\n<p data-start=\"1076\" data-end=\"1104\">Langlebiges und hochwertiges Material<\/p>\n<\/li>\n<li data-start=\"1105\" data-end=\"1135\">\n<p data-start=\"1107\" data-end=\"1135\">Einfache und schnelle Montage<\/p>\n<h3>Parameter:<\/h3>\n<ul>\n<li><strong>Produktdicke:\u00a0<\/strong>3 mm<\/li>\n<li><strong>Material:<\/strong>\u00a0<a href=\"https:\/\/dekohra.eu\/de\/drevovlaknita-deska-3mm-idealni-material-pro-vyrobu-obrazu\/\">Faserplatte, einseitig lackiert<\/a><\/li>\n<li><strong>Hersteller:\u00a0<\/strong><a href=\"http:\/\/dekohra.de\/\" target=\"_blank\" rel=\"noopener\">Dekohra.eu<\/a><\/li>\n<li><strong>Kategorie:<\/strong>\u00a0<a href=\"https:\/\/dekohra.eu\/de\/produkt-kategorie\/vyroba-na-zakazku\/logo-firmy-a-firemni-darky\/\">Logo und Firmengeschenke<\/a><\/li>\n<li><strong>Konstruktion:<\/strong>\u00a0<a href=\"https:\/\/dekohra.eu\/de\/navod-k-obsluze-a-montazi\/\">Mit doppelseitigem Klebeband oder Minin\u00e4geln<\/a><\/li>\n<li><strong>Technologie:\u00a0<\/strong><a href=\"https:\/\/dekohra.eu\/de\/moderni-laserova-technologie-rezani-a-gravirovani\/\">Moderne Laserschneidtechnologie<\/a><\/li>\n<\/ul>\n<ul>\n<li><strong>Produktabmessungen: <\/strong>Je nach gew\u00e4hlter Variante k\u00f6nnen Sie die Ma\u00dfe des Logos w\u00e4hlen.<\/li>\n<li><strong>Montageband ist nicht im Lieferumfang enthalten.<\/strong><\/li>\n<\/ul>\n<p><img decoding=\"async\" src=\"https:\/\/dekohra.eu\/_obchody\/go4874\/prilohy\/4\/untitled-1-0.png.big.jpg\" alt=\"\" width=\"400\" \/><\/p>\n<p>Wandmontage durch Kleben, Kleber ist nicht im Lieferumfang enthalten.<\/p>\n<p>Einsatzbereich: Innenbereich<\/li>\n<\/ul>","protected":false},"excerpt":{"rendered":"<p>3D Firemn\u00ed logo na ze\u010f \u2013 v\u00fdroba na zak\u00e1zku 3D Firemn\u00ed logo na ze\u010f &#8211; ozdobte sv\u016fj prostor origin\u00e1ln\u00edm laserov\u011b [&hellip;]<\/p>","protected":false},"featured_media":17569,"comment_status":"open","ping_status":"closed","template":"","meta":{"site-sidebar-layout":"default","site-content-layout":"","ast-site-content-layout":"default","site-content-style":"default","site-sidebar-style":"default","ast-global-header-display":"","ast-banner-title-visibility":"","ast-main-header-display":"","ast-hfb-above-header-display":"","ast-hfb-below-header-display":"","ast-hfb-mobile-header-display":"","site-post-title":"","ast-breadcrumbs-content":"","ast-featured-img":"","footer-sml-layout":"","theme-transparent-header-meta":"default","adv-header-id-meta":"","stick-header-meta":"","header-above-stick-meta":"","header-main-stick-meta":"","header-below-stick-meta":"","astra-migrate-meta-layouts":"set","ast-page-background-enabled":"default","ast-page-background-meta":{"desktop":{"background-color":"var(--ast-global-color-4)","background-image":"","background-repeat":"repeat","background-position":"center center","background-size":"auto","background-attachment":"scroll","background-type":"","background-media":"","overlay-type":"","overlay-color":"","overlay-opacity":"","overlay-gradient":""},"tablet":{"background-color":"","background-image":"","background-repeat":"repeat","background-position":"center center","background-size":"auto","background-attachment":"scroll","background-type":"","background-media":"","overlay-type":"","overlay-color":"","overlay-opacity":"","overlay-gradient":""},"mobile":{"background-color":"","background-image":"","background-repeat":"repeat","background-position":"center center","background-size":"auto","background-attachment":"scroll","background-type":"","background-media":"","overlay-type":"","overlay-color":"","overlay-opacity":"","overlay-gradient":""}},"ast-content-background-meta":{"desktop":{"background-color":"var(--ast-global-color-5)","background-image":"","background-repeat":"repeat","background-position":"center center","background-size":"auto","background-attachment":"scroll","background-type":"","background-media":"","overlay-type":"","overlay-color":"","overlay-opacity":"","overlay-gradient":""},"tablet":{"background-color":"var(--ast-global-color-5)","background-image":"","background-repeat":"repeat","background-position":"center center","background-size":"auto","background-attachment":"scroll","background-type":"","background-media":"","overlay-type":"","overlay-color":"","overlay-opacity":"","overlay-gradient":""},"mobile":{"background-color":"var(--ast-global-color-5)","background-image":"","background-repeat":"repeat","background-position":"center center","background-size":"auto","background-attachment":"scroll","background-type":"","background-media":"","overlay-type":"","overlay-color":"","overlay-opacity":"","overlay-gradient":""}},"jetpack_post_was_ever_published":false},"product_brand":[],"product_cat":[570],"product_tag":[],"class_list":{"0":"post-17630","1":"product","2":"type-product","3":"status-publish","4":"has-post-thumbnail","6":"product_cat-reklamni-predmety-a-firemni-darky","7":"pa_barva-cerna","8":"pa_barva-antracit","9":"pa_barva-bila","10":"pa_barva-cervena","11":"pa_barva-fialova","12":"pa_barva-modra","13":"pa_barva-oranzova","14":"pa_barva-orech","15":"pa_barva-ruzova","16":"pa_barva-zelena","17":"pa_barva-zluta","18":"pa_rozmery-rozmer-loga-100x28-cm","19":"pa_rozmery-rozmer-loga-50x14-cm","20":"desktop-align-left","21":"tablet-align-left","22":"mobile-align-left","24":"first","25":"instock","26":"shipping-taxable","27":"purchasable","28":"product-type-variable"},"jetpack_sharing_enabled":true,"_links":{"self":[{"href":"https:\/\/dekohra.eu\/de\/wp-json\/wp\/v2\/product\/17630","targetHints":{"allow":["GET"]}}],"collection":[{"href":"https:\/\/dekohra.eu\/de\/wp-json\/wp\/v2\/product"}],"about":[{"href":"https:\/\/dekohra.eu\/de\/wp-json\/wp\/v2\/types\/product"}],"replies":[{"embeddable":true,"href":"https:\/\/dekohra.eu\/de\/wp-json\/wp\/v2\/comments?post=17630"}],"wp:featuredmedia":[{"embeddable":true,"href":"https:\/\/dekohra.eu\/de\/wp-json\/wp\/v2\/media\/17569"}],"wp:attachment":[{"href":"https:\/\/dekohra.eu\/de\/wp-json\/wp\/v2\/media?parent=17630"}],"wp:term":[{"taxonomy":"product_brand","embeddable":true,"href":"https:\/\/dekohra.eu\/de\/wp-json\/wp\/v2\/product_brand?post=17630"},{"taxonomy":"product_cat","embeddable":true,"href":"https:\/\/dekohra.eu\/de\/wp-json\/wp\/v2\/product_cat?post=17630"},{"taxonomy":"product_tag","embeddable":true,"href":"https:\/\/dekohra.eu\/de\/wp-json\/wp\/v2\/product_tag?post=17630"}],"curies":[{"name":"wp","href":"https:\/\/api.w.org\/{rel}","templated":true}]}}