{"id":17859,"date":"2025-11-10T09:38:16","date_gmt":"2025-11-10T08:38:16","guid":{"rendered":"https:\/\/dekohra.eu\/?post_type=product&#038;p=17859"},"modified":"2025-11-10T09:52:30","modified_gmt":"2025-11-10T08:52:30","slug":"drevene-pravitko-pro-deti-raketa","status":"publish","type":"product","link":"https:\/\/dekohra.eu\/de\/produkt\/drevene-pravitko-pro-deti-raketa\/","title":{"rendered":"Holzlineal f\u00fcr Kinder \u2013 Rakete 20 cm"},"content":{"rendered":"<p data-start=\"45\" data-end=\"384\">Holzlineal f\u00fcr Kinder \u2013 Rakete. Entdecke die Magie des Messens mit unserem Lineal aus Holz. <strong data-start=\"75\" data-end=\"113\">ein h\u00f6lzernes Lineal in Form einer Rakete<\/strong>Das wird jede Aktivit\u00e4t in der Schule und zu Hause zum Vergn\u00fcgen machen!<br data-start=\"170\" data-end=\"173\" \/>Das Lineal ist aus hochwertigem, \u00f6kologischem Holz gefertigt, leicht, langlebig und f\u00fchlt sich angenehm an. Dank des verspielten Designs mit einem Motiv <strong data-start=\"294\" data-end=\"304\">Raketen<\/strong> Kinder werden es lieben und viel Freude daran haben, damit zu zeichnen, zu schreiben und Geometrie zu \u00fcben.<\/p>\n<p data-start=\"386\" data-end=\"575\">\u2705 Aus Naturholz gefertigt<br data-start=\"415\" data-end=\"418\" \/>\u2705 L\u00e4nge: 20 cm\u00a0<br data-start=\"455\" data-end=\"458\" \/>\u2705 M\u00f6glichkeit der Personalisierung<br data-start=\"495\" data-end=\"498\" \/>\u2705 Sichere, abgerundete Kanten<br data-start=\"523\" data-end=\"526\" \/>\u2705 Ideal f\u00fcr Schulkinder und kleine Weltraumforscher<\/p>\n<p data-start=\"577\" data-end=\"651\">Ein tolles Geschenk f\u00fcr kleine Astronauten, die die Welt mit einem L\u00e4cheln entdecken wollen! \ud83d\ude80\u2728<\/p>\n<h3>Parameter:<\/h3>\n<ul>\n<li><strong>Material:<\/strong>\u00a0Pappelsperrholz<\/li>\n<li><strong>Produktdicke:\u00a0<\/strong>3 mm<\/li>\n<li><strong>Hersteller:\u00a0<\/strong><a href=\"http:\/\/dekohra.de\/\" target=\"_blank\" rel=\"noopener\">Dekohra.eu<\/a><\/li>\n<li><strong>Kategorie:\u00a0<\/strong><a href=\"https:\/\/dekohra.eu\/de\/produkt-kategorie\/hracky-pro-deti\/\">Spielzeug f\u00fcr Kinder<\/a><\/li>\n<li><strong>Farbe:<\/strong> Pappelsperrholz<\/li>\n<li><strong>Abmessungen:<\/strong> 20 \u00d7 5 cm<\/li>\n<li><strong>Anzahl der Teile:<\/strong> 1 St\u00fcck<\/li>\n<\/ul>\n<p style=\"text-align: left;\"><em>Notiz:<\/em>\u00a0Das Produkt ist nicht f\u00fcr Kinder unter 3 Jahren geeignet.<\/p>","protected":false},"excerpt":{"rendered":"<p>D\u0159ev\u011bn\u00e9 prav\u00edtko pro d\u011bti &#8211; Raketa. Objevte kouzlo m\u011b\u0159en\u00ed s na\u0161\u00edm d\u0159ev\u011bn\u00fdm prav\u00edtkem ve tvaru rakety, kter\u00e9 prom\u011bn\u00ed ka\u017edou \u0161koln\u00ed [&hellip;]<\/p>","protected":false},"featured_media":17861,"comment_status":"open","ping_status":"closed","template":"","meta":{"site-sidebar-layout":"default","site-content-layout":"","ast-site-content-layout":"default","site-content-style":"default","site-sidebar-style":"default","ast-global-header-display":"","ast-banner-title-visibility":"","ast-main-header-display":"","ast-hfb-above-header-display":"","ast-hfb-below-header-display":"","ast-hfb-mobile-header-display":"","site-post-title":"","ast-breadcrumbs-content":"","ast-featured-img":"","footer-sml-layout":"","theme-transparent-header-meta":"default","adv-header-id-meta":"","stick-header-meta":"","header-above-stick-meta":"","header-main-stick-meta":"","header-below-stick-meta":"","astra-migrate-meta-layouts":"set","ast-page-background-enabled":"default","ast-page-background-meta":{"desktop":{"background-color":"var(--ast-global-color-4)","background-image":"","background-repeat":"repeat","background-position":"center center","background-size":"auto","background-attachment":"scroll","background-type":"","background-media":"","overlay-type":"","overlay-color":"","overlay-opacity":"","overlay-gradient":""},"tablet":{"background-color":"","background-image":"","background-repeat":"repeat","background-position":"center center","background-size":"auto","background-attachment":"scroll","background-type":"","background-media":"","overlay-type":"","overlay-color":"","overlay-opacity":"","overlay-gradient":""},"mobile":{"background-color":"","background-image":"","background-repeat":"repeat","background-position":"center center","background-size":"auto","background-attachment":"scroll","background-type":"","background-media":"","overlay-type":"","overlay-color":"","overlay-opacity":"","overlay-gradient":""}},"ast-content-background-meta":{"desktop":{"background-color":"var(--ast-global-color-5)","background-image":"","background-repeat":"repeat","background-position":"center center","background-size":"auto","background-attachment":"scroll","background-type":"","background-media":"","overlay-type":"","overlay-color":"","overlay-opacity":"","overlay-gradient":""},"tablet":{"background-color":"var(--ast-global-color-5)","background-image":"","background-repeat":"repeat","background-position":"center center","background-size":"auto","background-attachment":"scroll","background-type":"","background-media":"","overlay-type":"","overlay-color":"","overlay-opacity":"","overlay-gradient":""},"mobile":{"background-color":"var(--ast-global-color-5)","background-image":"","background-repeat":"repeat","background-position":"center center","background-size":"auto","background-attachment":"scroll","background-type":"","background-media":"","overlay-type":"","overlay-color":"","overlay-opacity":"","overlay-gradient":""}},"jetpack_post_was_ever_published":false},"product_brand":[],"product_cat":[550,568],"product_tag":[],"class_list":{"0":"post-17859","1":"product","2":"type-product","3":"status-publish","4":"has-post-thumbnail","6":"product_cat-darky-pro-deti","7":"product_cat-hracky-pro-deti","8":"pa_barva-cerna","9":"pa_barva-antracit","10":"pa_barva-bila","11":"pa_barva-cervena","12":"pa_barva-fialova","13":"pa_barva-modra","14":"pa_barva-oranzova","15":"pa_barva-orech","16":"pa_barva-ruzova","17":"pa_barva-zelena","18":"pa_barva-zluta","19":"desktop-align-left","20":"tablet-align-left","21":"mobile-align-left","23":"first","24":"instock","25":"shipping-taxable","26":"purchasable","27":"product-type-simple"},"jetpack_sharing_enabled":true,"_links":{"self":[{"href":"https:\/\/dekohra.eu\/de\/wp-json\/wp\/v2\/product\/17859","targetHints":{"allow":["GET"]}}],"collection":[{"href":"https:\/\/dekohra.eu\/de\/wp-json\/wp\/v2\/product"}],"about":[{"href":"https:\/\/dekohra.eu\/de\/wp-json\/wp\/v2\/types\/product"}],"replies":[{"embeddable":true,"href":"https:\/\/dekohra.eu\/de\/wp-json\/wp\/v2\/comments?post=17859"}],"wp:featuredmedia":[{"embeddable":true,"href":"https:\/\/dekohra.eu\/de\/wp-json\/wp\/v2\/media\/17861"}],"wp:attachment":[{"href":"https:\/\/dekohra.eu\/de\/wp-json\/wp\/v2\/media?parent=17859"}],"wp:term":[{"taxonomy":"product_brand","embeddable":true,"href":"https:\/\/dekohra.eu\/de\/wp-json\/wp\/v2\/product_brand?post=17859"},{"taxonomy":"product_cat","embeddable":true,"href":"https:\/\/dekohra.eu\/de\/wp-json\/wp\/v2\/product_cat?post=17859"},{"taxonomy":"product_tag","embeddable":true,"href":"https:\/\/dekohra.eu\/de\/wp-json\/wp\/v2\/product_tag?post=17859"}],"curies":[{"name":"wp","href":"https:\/\/api.w.org\/{rel}","templated":true}]}}