{"id":17872,"date":"2025-11-10T10:11:55","date_gmt":"2025-11-10T09:11:55","guid":{"rendered":"https:\/\/dekohra.eu\/?post_type=product&#038;p=17872"},"modified":"2025-11-10T10:22:08","modified_gmt":"2025-11-10T09:22:08","slug":"drevene-pravitko-pro-deti-motyl-20cm","status":"publish","type":"product","link":"https:\/\/dekohra.eu\/de\/produkt\/drevene-pravitko-pro-deti-motyl-20cm\/","title":{"rendered":"Holzlineal f\u00fcr Kinder \u2013 Schmetterling 20 cm"},"content":{"rendered":"<p data-start=\"0\" data-end=\"48\"><strong data-start=\"0\" data-end=\"46\">Lineal aus Holz f\u00fcr Kinder - Schmetterling 20 cm \ud83e\udd8b. <\/strong>F\u00f6rdern Sie die Kreativit\u00e4t Ihrer Kinder mit unserem <strong data-start=\"86\" data-end=\"124\">ein h\u00f6lzernes Lineal in Form eines Schmetterlings<\/strong>Dieser niedliche Helfer f\u00fcr Schule und Zuhause wird Sie beeindrucken mit seiner <strong data-start=\"184\" data-end=\"224\">nat\u00fcrliches Aussehen und verspieltes Design<\/strong>, wodurch gew\u00f6hnliches Messen zum Vergn\u00fcgen wird. Hergestellt aus <strong data-start=\"277\" data-end=\"297\" data-is-only-node=\"\">Qualit\u00e4tsholz<\/strong> Dank der glatt verarbeiteten Kanten ist es auch f\u00fcr kleinere Kinder ideal.<\/p>\n<p data-start=\"386\" data-end=\"575\">\u2705 Aus Naturholz gefertigt<br data-start=\"415\" data-end=\"418\" \/>\u2705 L\u00e4nge: 20 cm\u00a0<br data-start=\"455\" data-end=\"458\" \/>\u2705 M\u00f6glichkeit der Personalisierung<br data-start=\"495\" data-end=\"498\" \/>\u2705 Sichere, abgerundete Kanten<br data-start=\"523\" data-end=\"526\" \/>\u2705 Ideal f\u00fcr Schulkinder und kleine Entdecker<\/p>\n<p data-start=\"577\" data-end=\"651\">Ein wundersch\u00f6nes, robustes und verspieltes Lineal, das jede Messung zum Vergn\u00fcgen macht! \ud83c\udf38\u2728<\/p>\n<h3>Parameter:<\/h3>\n<ul>\n<li><strong>Material:<\/strong>\u00a0Pappelsperrholz<\/li>\n<li><strong>Produktdicke:\u00a0<\/strong>3 mm<\/li>\n<li><strong>Hersteller:\u00a0<\/strong><a href=\"http:\/\/dekohra.de\/\" target=\"_blank\" rel=\"noopener\">Dekohra.eu<\/a><\/li>\n<li><strong>Kategorie:\u00a0<\/strong><a href=\"https:\/\/dekohra.eu\/de\/produkt-kategorie\/hracky-pro-deti\/\">Spielzeug f\u00fcr Kinder<\/a><\/li>\n<li><strong>Farbe:<\/strong> Pappelsperrholz<\/li>\n<li><strong>Abmessungen:<\/strong> 20 \u00d7 5 cm<\/li>\n<li><strong>Anzahl der Teile:<\/strong> 1 St\u00fcck<\/li>\n<\/ul>\n<p style=\"text-align: left;\"><em>Notiz:<\/em>\u00a0Das Produkt ist nicht f\u00fcr Kinder unter 3 Jahren geeignet.<\/p>","protected":false},"excerpt":{"rendered":"<p>D\u0159ev\u011bn\u00e9 prav\u00edtko pro d\u011bti \u2013 Mot\u00fdl 20 cm \ud83e\udd8b. Rozvi\u0148te d\u011btskou kreativitu s na\u0161\u00edm d\u0159ev\u011bn\u00fdm prav\u00edtkem ve tvaru mot\u00fdla! Tento [&hellip;]<\/p>","protected":false},"featured_media":17874,"comment_status":"open","ping_status":"closed","template":"","meta":{"site-sidebar-layout":"default","site-content-layout":"","ast-site-content-layout":"default","site-content-style":"default","site-sidebar-style":"default","ast-global-header-display":"","ast-banner-title-visibility":"","ast-main-header-display":"","ast-hfb-above-header-display":"","ast-hfb-below-header-display":"","ast-hfb-mobile-header-display":"","site-post-title":"","ast-breadcrumbs-content":"","ast-featured-img":"","footer-sml-layout":"","theme-transparent-header-meta":"default","adv-header-id-meta":"","stick-header-meta":"","header-above-stick-meta":"","header-main-stick-meta":"","header-below-stick-meta":"","astra-migrate-meta-layouts":"set","ast-page-background-enabled":"default","ast-page-background-meta":{"desktop":{"background-color":"var(--ast-global-color-4)","background-image":"","background-repeat":"repeat","background-position":"center center","background-size":"auto","background-attachment":"scroll","background-type":"","background-media":"","overlay-type":"","overlay-color":"","overlay-opacity":"","overlay-gradient":""},"tablet":{"background-color":"","background-image":"","background-repeat":"repeat","background-position":"center center","background-size":"auto","background-attachment":"scroll","background-type":"","background-media":"","overlay-type":"","overlay-color":"","overlay-opacity":"","overlay-gradient":""},"mobile":{"background-color":"","background-image":"","background-repeat":"repeat","background-position":"center center","background-size":"auto","background-attachment":"scroll","background-type":"","background-media":"","overlay-type":"","overlay-color":"","overlay-opacity":"","overlay-gradient":""}},"ast-content-background-meta":{"desktop":{"background-color":"var(--ast-global-color-5)","background-image":"","background-repeat":"repeat","background-position":"center center","background-size":"auto","background-attachment":"scroll","background-type":"","background-media":"","overlay-type":"","overlay-color":"","overlay-opacity":"","overlay-gradient":""},"tablet":{"background-color":"var(--ast-global-color-5)","background-image":"","background-repeat":"repeat","background-position":"center center","background-size":"auto","background-attachment":"scroll","background-type":"","background-media":"","overlay-type":"","overlay-color":"","overlay-opacity":"","overlay-gradient":""},"mobile":{"background-color":"var(--ast-global-color-5)","background-image":"","background-repeat":"repeat","background-position":"center center","background-size":"auto","background-attachment":"scroll","background-type":"","background-media":"","overlay-type":"","overlay-color":"","overlay-opacity":"","overlay-gradient":""}},"jetpack_post_was_ever_published":false},"product_brand":[],"product_cat":[550,568],"product_tag":[],"class_list":{"0":"post-17872","1":"product","2":"type-product","3":"status-publish","4":"has-post-thumbnail","6":"product_cat-darky-pro-deti","7":"product_cat-hracky-pro-deti","8":"pa_barva-cerna","9":"pa_barva-antracit","10":"pa_barva-bila","11":"pa_barva-cervena","12":"pa_barva-fialova","13":"pa_barva-modra","14":"pa_barva-oranzova","15":"pa_barva-orech","16":"pa_barva-ruzova","17":"pa_barva-zelena","18":"pa_barva-zluta","19":"desktop-align-left","20":"tablet-align-left","21":"mobile-align-left","23":"first","24":"instock","25":"shipping-taxable","26":"purchasable","27":"product-type-simple"},"jetpack_sharing_enabled":true,"_links":{"self":[{"href":"https:\/\/dekohra.eu\/de\/wp-json\/wp\/v2\/product\/17872","targetHints":{"allow":["GET"]}}],"collection":[{"href":"https:\/\/dekohra.eu\/de\/wp-json\/wp\/v2\/product"}],"about":[{"href":"https:\/\/dekohra.eu\/de\/wp-json\/wp\/v2\/types\/product"}],"replies":[{"embeddable":true,"href":"https:\/\/dekohra.eu\/de\/wp-json\/wp\/v2\/comments?post=17872"}],"wp:featuredmedia":[{"embeddable":true,"href":"https:\/\/dekohra.eu\/de\/wp-json\/wp\/v2\/media\/17874"}],"wp:attachment":[{"href":"https:\/\/dekohra.eu\/de\/wp-json\/wp\/v2\/media?parent=17872"}],"wp:term":[{"taxonomy":"product_brand","embeddable":true,"href":"https:\/\/dekohra.eu\/de\/wp-json\/wp\/v2\/product_brand?post=17872"},{"taxonomy":"product_cat","embeddable":true,"href":"https:\/\/dekohra.eu\/de\/wp-json\/wp\/v2\/product_cat?post=17872"},{"taxonomy":"product_tag","embeddable":true,"href":"https:\/\/dekohra.eu\/de\/wp-json\/wp\/v2\/product_tag?post=17872"}],"curies":[{"name":"wp","href":"https:\/\/api.w.org\/{rel}","templated":true}]}}