{"id":17993,"date":"2025-11-17T21:24:33","date_gmt":"2025-11-17T20:24:33","guid":{"rendered":"https:\/\/dekohra.eu\/?post_type=product&#038;p=17993"},"modified":"2025-11-17T21:32:58","modified_gmt":"2025-11-17T20:32:58","slug":"darek-pro-ucitele-na-konci-roku-sova","status":"publish","type":"product","link":"https:\/\/dekohra.eu\/de\/produkt\/darek-pro-ucitele-na-konci-roku-sova\/","title":{"rendered":"Geschenk zum Schuljahresende f\u00fcr Lehrer \u2013 Eule"},"content":{"rendered":"<h2 style=\"text-align: left;\"><strong>Geschenk zum Schuljahresende f\u00fcr Lehrer \u2013 Eule.<\/strong><\/h2>\n<p>Ein ideales Geschenk f\u00fcr Lehrer zum Schuljahresende mit der M\u00f6glichkeit zur individuellen Gravur, um Dankbarkeit auszudr\u00fccken. Die Eule ist aus hochwertigem Pappel-Sperrholz gefertigt und bringt einen Hauch Natur in jedes Interieur.<\/p>\n<ul>\n<li><strong>Abmessungen:<\/strong> 15 cm hoch, 11 cm breit.<\/li>\n<li><strong>Material:<\/strong> Pappelsperrholz<\/li>\n<li><strong>Verwenden:<\/strong> Dekoration f\u00fcr Regal, Schreibtisch, Nachttisch oder als schm\u00fcckendes Accessoire f\u00fcr besondere Anl\u00e4sse.<\/li>\n<li><strong>Personalisierung:\u00a0<\/strong>M\u00f6glichkeit zur Gravur Ihres eigenen Textes<\/li>\n<\/ul>\n<h3 data-start=\"463\" data-end=\"494\">\ud83c\udf81 Warum dieses Geschenk w\u00e4hlen?<\/h3>\n<p data-start=\"496\" data-end=\"614\"><span class=\"relative -mx-px my-[-0.2rem] rounded px-px py-[0.2rem] transition-colors duration-100 ease-in-out\">Diese Holzdekoration ist nicht nur \u00e4sthetisch ansprechend, sondern auch praktisch und langlebig.<\/span> <span class=\"relative -mx-px my-[-0.2rem] rounded px-px py-[0.2rem] transition-colors duration-100 ease-in-out\">\u00a0Es dr\u00fcckt Dankbarkeit und Wertsch\u00e4tzung aus und ist somit das perfekte Geschenk zum Schuljahresende, zum Geburtstag oder als Dankesch\u00f6n f\u00fcr Ihre F\u00fcrsorge und Geduld.<\/span><\/p>\n<h3>Parameter:<\/h3>\n<ul>\n<li><strong>Material:<\/strong> Pappelsperrholz<\/li>\n<li><strong>Verpackung:<\/strong> 1 St\u00fcck<\/li>\n<li><strong>Produktdicke:\u00a0<\/strong>3 mm<\/li>\n<li><strong>Hersteller:\u00a0<\/strong><a href=\"http:\/\/dekohra.de\/\" target=\"_blank\" rel=\"noopener\">Dekohra.eu<\/a><\/li>\n<li><strong>Kategorie:<\/strong> <a href=\"https:\/\/dekohra.eu\/de\/produkt-kategorie\/darky\/darky-pro-ucitele\/\">Geschenke f\u00fcr Lehrer<\/a><\/li>\n<\/ul>","protected":false},"excerpt":{"rendered":"<p>D\u00e1rek pro u\u010ditele na konci roku &#8211; Sova. D\u00e1rek pro u\u010ditele na konci roku s mo\u017enost\u00ed grav\u00edro\u00e1n\u00ed vlastn\u00edho textu je [&hellip;]<\/p>","protected":false},"featured_media":17995,"comment_status":"open","ping_status":"closed","template":"","meta":{"site-sidebar-layout":"default","site-content-layout":"","ast-site-content-layout":"default","site-content-style":"default","site-sidebar-style":"default","ast-global-header-display":"","ast-banner-title-visibility":"","ast-main-header-display":"","ast-hfb-above-header-display":"","ast-hfb-below-header-display":"","ast-hfb-mobile-header-display":"","site-post-title":"","ast-breadcrumbs-content":"","ast-featured-img":"","footer-sml-layout":"","theme-transparent-header-meta":"default","adv-header-id-meta":"","stick-header-meta":"","header-above-stick-meta":"","header-main-stick-meta":"","header-below-stick-meta":"","astra-migrate-meta-layouts":"set","ast-page-background-enabled":"default","ast-page-background-meta":{"desktop":{"background-color":"var(--ast-global-color-4)","background-image":"","background-repeat":"repeat","background-position":"center center","background-size":"auto","background-attachment":"scroll","background-type":"","background-media":"","overlay-type":"","overlay-color":"","overlay-opacity":"","overlay-gradient":""},"tablet":{"background-color":"","background-image":"","background-repeat":"repeat","background-position":"center center","background-size":"auto","background-attachment":"scroll","background-type":"","background-media":"","overlay-type":"","overlay-color":"","overlay-opacity":"","overlay-gradient":""},"mobile":{"background-color":"","background-image":"","background-repeat":"repeat","background-position":"center center","background-size":"auto","background-attachment":"scroll","background-type":"","background-media":"","overlay-type":"","overlay-color":"","overlay-opacity":"","overlay-gradient":""}},"ast-content-background-meta":{"desktop":{"background-color":"var(--ast-global-color-5)","background-image":"","background-repeat":"repeat","background-position":"center center","background-size":"auto","background-attachment":"scroll","background-type":"","background-media":"","overlay-type":"","overlay-color":"","overlay-opacity":"","overlay-gradient":""},"tablet":{"background-color":"var(--ast-global-color-5)","background-image":"","background-repeat":"repeat","background-position":"center center","background-size":"auto","background-attachment":"scroll","background-type":"","background-media":"","overlay-type":"","overlay-color":"","overlay-opacity":"","overlay-gradient":""},"mobile":{"background-color":"var(--ast-global-color-5)","background-image":"","background-repeat":"repeat","background-position":"center center","background-size":"auto","background-attachment":"scroll","background-type":"","background-media":"","overlay-type":"","overlay-color":"","overlay-opacity":"","overlay-gradient":""}},"jetpack_post_was_ever_published":false},"product_brand":[],"product_cat":[877],"product_tag":[],"class_list":{"0":"post-17993","1":"product","2":"type-product","3":"status-publish","4":"has-post-thumbnail","6":"product_cat-darky-pro-ucitele","7":"pa_rozmery-varianta-1","8":"pa_rozmery-varianta-2","9":"desktop-align-left","10":"tablet-align-left","11":"mobile-align-left","13":"first","14":"instock","15":"shipping-taxable","16":"purchasable","17":"product-type-simple"},"jetpack_sharing_enabled":true,"_links":{"self":[{"href":"https:\/\/dekohra.eu\/de\/wp-json\/wp\/v2\/product\/17993","targetHints":{"allow":["GET"]}}],"collection":[{"href":"https:\/\/dekohra.eu\/de\/wp-json\/wp\/v2\/product"}],"about":[{"href":"https:\/\/dekohra.eu\/de\/wp-json\/wp\/v2\/types\/product"}],"replies":[{"embeddable":true,"href":"https:\/\/dekohra.eu\/de\/wp-json\/wp\/v2\/comments?post=17993"}],"wp:featuredmedia":[{"embeddable":true,"href":"https:\/\/dekohra.eu\/de\/wp-json\/wp\/v2\/media\/17995"}],"wp:attachment":[{"href":"https:\/\/dekohra.eu\/de\/wp-json\/wp\/v2\/media?parent=17993"}],"wp:term":[{"taxonomy":"product_brand","embeddable":true,"href":"https:\/\/dekohra.eu\/de\/wp-json\/wp\/v2\/product_brand?post=17993"},{"taxonomy":"product_cat","embeddable":true,"href":"https:\/\/dekohra.eu\/de\/wp-json\/wp\/v2\/product_cat?post=17993"},{"taxonomy":"product_tag","embeddable":true,"href":"https:\/\/dekohra.eu\/de\/wp-json\/wp\/v2\/product_tag?post=17993"}],"curies":[{"name":"wp","href":"https:\/\/api.w.org\/{rel}","templated":true}]}}