{"id":17999,"date":"2025-11-17T21:40:21","date_gmt":"2025-11-17T20:40:21","guid":{"rendered":"https:\/\/dekohra.eu\/?post_type=product&#038;p=17999"},"modified":"2025-11-17T21:49:02","modified_gmt":"2025-11-17T20:49:02","slug":"originalni-darek-pro-ucitele-andel","status":"publish","type":"product","link":"https:\/\/dekohra.eu\/de\/produkt\/originalni-darek-pro-ucitele-andel\/","title":{"rendered":"Originelles Geschenk f\u00fcr Lehrer \u2013 Engel"},"content":{"rendered":"<h2 style=\"text-align: left;\"><strong>Ein originelles Geschenk f\u00fcr eine Lehrerin \u2013 ein Engel.<\/strong><\/h2>\n<p>Ein originelles Geschenk f\u00fcr Lehrer: Ein Engel mit der M\u00f6glichkeit zur individuellen Gravur (auf der Unterseite) ist ideal, um Dankbarkeit auszudr\u00fccken. Der Engel ist aus hochwertigem Pappelholz gefertigt und bringt einen Hauch von Natur in jedes Interieur.<\/p>\n<ul>\n<li><strong>Abmessungen:<\/strong> 17 cm hoch, 16 cm breit.<\/li>\n<li><strong>Material:<\/strong> Pappelsperrholz<\/li>\n<li><strong>Verwenden:<\/strong> Dekoration f\u00fcr Regal, Schreibtisch, Nachttisch oder als schm\u00fcckendes Accessoire f\u00fcr besondere Anl\u00e4sse.<\/li>\n<li><strong>Personalisierung:\u00a0<\/strong>M\u00f6glichkeit zur Gravur Ihres eigenen Textes (an der Unterseite des Produkts)<\/li>\n<\/ul>\n<h3 data-start=\"463\" data-end=\"494\">\ud83c\udf81 Warum dieses Geschenk w\u00e4hlen?<\/h3>\n<p data-start=\"496\" data-end=\"614\"><span class=\"relative -mx-px my-[-0.2rem] rounded px-px py-[0.2rem] transition-colors duration-100 ease-in-out\">Diese Holzdekoration ist nicht nur \u00e4sthetisch ansprechend, sondern auch praktisch und langlebig.<\/span> <span class=\"relative -mx-px my-[-0.2rem] rounded px-px py-[0.2rem] transition-colors duration-100 ease-in-out\">\u00a0Es dr\u00fcckt Dankbarkeit und Wertsch\u00e4tzung aus und ist somit das perfekte Geschenk zum Schuljahresende, zum Geburtstag oder als Dankesch\u00f6n f\u00fcr Ihre F\u00fcrsorge und Geduld.<\/span><\/p>\n<h3>Parameter:<\/h3>\n<ul>\n<li><strong>Material:<\/strong> Pappelsperrholz<\/li>\n<li><strong>Verpackung:<\/strong> 1 St\u00fcck<\/li>\n<li><strong>Produktdicke:\u00a0<\/strong>3 mm<\/li>\n<li><strong>Hersteller:\u00a0<\/strong><a href=\"http:\/\/dekohra.de\/\" target=\"_blank\" rel=\"noopener\">Dekohra.eu<\/a><\/li>\n<li><strong>Kategorie:<\/strong> <a href=\"https:\/\/dekohra.eu\/de\/produkt-kategorie\/darky\/darky-pro-ucitele\/\">Geschenke f\u00fcr Lehrer<\/a><\/li>\n<\/ul>","protected":false},"excerpt":{"rendered":"<p>Origin\u00e1ln\u00ed d\u00e1rek pro u\u010ditele &#8211; And\u011bl. Origin\u00e1ln\u00ed d\u00e1rek pro u\u010ditele &#8211; And\u011bl s mo\u017enost\u00ed grav\u00edro\u00e1n\u00ed vlastn\u00edho textu (ve spodn\u00ed \u010d\u00e1sti [&hellip;]<\/p>","protected":false},"featured_media":18005,"comment_status":"open","ping_status":"closed","template":"","meta":{"site-sidebar-layout":"default","site-content-layout":"","ast-site-content-layout":"default","site-content-style":"default","site-sidebar-style":"default","ast-global-header-display":"","ast-banner-title-visibility":"","ast-main-header-display":"","ast-hfb-above-header-display":"","ast-hfb-below-header-display":"","ast-hfb-mobile-header-display":"","site-post-title":"","ast-breadcrumbs-content":"","ast-featured-img":"","footer-sml-layout":"","theme-transparent-header-meta":"default","adv-header-id-meta":"","stick-header-meta":"","header-above-stick-meta":"","header-main-stick-meta":"","header-below-stick-meta":"","astra-migrate-meta-layouts":"set","ast-page-background-enabled":"default","ast-page-background-meta":{"desktop":{"background-color":"var(--ast-global-color-4)","background-image":"","background-repeat":"repeat","background-position":"center center","background-size":"auto","background-attachment":"scroll","background-type":"","background-media":"","overlay-type":"","overlay-color":"","overlay-opacity":"","overlay-gradient":""},"tablet":{"background-color":"","background-image":"","background-repeat":"repeat","background-position":"center center","background-size":"auto","background-attachment":"scroll","background-type":"","background-media":"","overlay-type":"","overlay-color":"","overlay-opacity":"","overlay-gradient":""},"mobile":{"background-color":"","background-image":"","background-repeat":"repeat","background-position":"center center","background-size":"auto","background-attachment":"scroll","background-type":"","background-media":"","overlay-type":"","overlay-color":"","overlay-opacity":"","overlay-gradient":""}},"ast-content-background-meta":{"desktop":{"background-color":"var(--ast-global-color-5)","background-image":"","background-repeat":"repeat","background-position":"center center","background-size":"auto","background-attachment":"scroll","background-type":"","background-media":"","overlay-type":"","overlay-color":"","overlay-opacity":"","overlay-gradient":""},"tablet":{"background-color":"var(--ast-global-color-5)","background-image":"","background-repeat":"repeat","background-position":"center center","background-size":"auto","background-attachment":"scroll","background-type":"","background-media":"","overlay-type":"","overlay-color":"","overlay-opacity":"","overlay-gradient":""},"mobile":{"background-color":"var(--ast-global-color-5)","background-image":"","background-repeat":"repeat","background-position":"center center","background-size":"auto","background-attachment":"scroll","background-type":"","background-media":"","overlay-type":"","overlay-color":"","overlay-opacity":"","overlay-gradient":""}},"jetpack_post_was_ever_published":false},"product_brand":[],"product_cat":[877],"product_tag":[],"class_list":{"0":"post-17999","1":"product","2":"type-product","3":"status-publish","4":"has-post-thumbnail","6":"product_cat-darky-pro-ucitele","7":"pa_rozmery-varianta-1","8":"pa_rozmery-varianta-2","9":"desktop-align-left","10":"tablet-align-left","11":"mobile-align-left","13":"first","14":"instock","15":"shipping-taxable","16":"purchasable","17":"product-type-simple"},"jetpack_sharing_enabled":true,"_links":{"self":[{"href":"https:\/\/dekohra.eu\/de\/wp-json\/wp\/v2\/product\/17999","targetHints":{"allow":["GET"]}}],"collection":[{"href":"https:\/\/dekohra.eu\/de\/wp-json\/wp\/v2\/product"}],"about":[{"href":"https:\/\/dekohra.eu\/de\/wp-json\/wp\/v2\/types\/product"}],"replies":[{"embeddable":true,"href":"https:\/\/dekohra.eu\/de\/wp-json\/wp\/v2\/comments?post=17999"}],"wp:featuredmedia":[{"embeddable":true,"href":"https:\/\/dekohra.eu\/de\/wp-json\/wp\/v2\/media\/18005"}],"wp:attachment":[{"href":"https:\/\/dekohra.eu\/de\/wp-json\/wp\/v2\/media?parent=17999"}],"wp:term":[{"taxonomy":"product_brand","embeddable":true,"href":"https:\/\/dekohra.eu\/de\/wp-json\/wp\/v2\/product_brand?post=17999"},{"taxonomy":"product_cat","embeddable":true,"href":"https:\/\/dekohra.eu\/de\/wp-json\/wp\/v2\/product_cat?post=17999"},{"taxonomy":"product_tag","embeddable":true,"href":"https:\/\/dekohra.eu\/de\/wp-json\/wp\/v2\/product_tag?post=17999"}],"curies":[{"name":"wp","href":"https:\/\/api.w.org\/{rel}","templated":true}]}}