{"id":18482,"date":"2026-01-09T14:36:37","date_gmt":"2026-01-09T13:36:37","guid":{"rendered":"https:\/\/dekohra.eu\/?post_type=product&#038;p=18482"},"modified":"2026-03-19T11:19:40","modified_gmt":"2026-03-19T10:19:40","slug":"drevene-vysvedceni-pro-ucitele","status":"publish","type":"product","link":"https:\/\/dekohra.eu\/de\/produkt\/drevene-vysvedceni-pro-ucitele\/","title":{"rendered":"Holzurkunde f\u00fcr Lehrer"},"content":{"rendered":"<h3 data-path-to-node=\"10\">Holzurkunde f\u00fcr Lehrer<\/h3>\n<p data-path-to-node=\"11\"><b data-path-to-node=\"11\" data-index-in-node=\"0\">Urspr\u00fcnglicher Dank<\/b> \u2013 Suchen Sie zum Schuljahresende oder zum Lehrertag ein ungew\u00f6hnliches Geschenk f\u00fcr Ihre Lehrkraft? Dieses Zeugnis aus Holz ist eine tolle M\u00f6glichkeit, Dankbarkeit auf elegante und stilvolle Weise auszudr\u00fccken.<\/p>\n<p data-path-to-node=\"12\"><b data-path-to-node=\"12\" data-index-in-node=\"0\">Design und Kreativit\u00e4t<\/b> Das Zertifikat ist mit filigranen Ornamenten und Symbolen der Bildung (Buch, Apfel) verziert. Der Text ist tief in das Holz eingraviert und erzeugt so einen sch\u00f6nen plastischen Effekt. Es ist ein bleibendes Geschenk, das den Sch\u00fclern der Lehrerin als liebevolle Erinnerung in Erinnerung bleiben wird.<\/p>\n<p data-path-to-node=\"13\"><b data-path-to-node=\"13\" data-index-in-node=\"0\">Praktische Anwendung<\/b> Dieses Produkt ist perfekt geeignet als:<\/p>\n<ul data-path-to-node=\"14\">\n<li>\n<p data-path-to-node=\"14,0,0\">Ein Geschenk zum Ende des Schuljahres oder zum Abschied von der neunten Klasse\/dem Kindergarten.<\/p>\n<\/li>\n<li>\n<p data-path-to-node=\"14,1,0\">Eine Hommage an den Tag der Lehrer.<\/p>\n<\/li>\n<li>\n<p data-path-to-node=\"14,2,0\">Ein Accessoire zu einer Blume, das im Gegensatz zu ihr niemals verwelkt.<\/p>\n<\/li>\n<\/ul>\n<h3>Parameter:<\/h3>\n<ul>\n<li style=\"list-style-type: none;\">\n<ul>\n<li style=\"list-style-type: none;\">\n<ul>\n<li style=\"list-style-type: none;\">\n<ul>\n<li style=\"list-style-type: none;\">\n<ul>\n<li><strong>Material:<\/strong> Pappelsperrholz<\/li>\n<li><strong>Produktdicke:\u00a0<\/strong>3 mm<\/li>\n<li><strong>Hersteller:\u00a0<\/strong><a href=\"http:\/\/dekohra.de\/\" target=\"_blank\" rel=\"noopener\">Dekohra.eu<\/a><\/li>\n<li><strong>Kategorie:<\/strong> <a href=\"https:\/\/dekohra.eu\/de\/produkt-kategorie\/darky\/narozeninove-darky\/\">Geburtstagsgeschenke und Dekorationen<\/a><\/li>\n<li><strong>Abmessungen: <\/strong>22 x 13,5 x 9,5 cm<\/li>\n<li><strong>Farbe: <\/strong>Naturholz<\/li>\n<li><strong>Personalisierung:<\/strong> M\u00f6glichkeit zur Auswahl Ihres eigenen Namens, Textes oder Ihrer Widmung<\/li>\n<\/ul>\n<\/li>\n<\/ul>\n<\/li>\n<\/ul>\n<\/li>\n<\/ul>\n<\/li>\n<\/ul>","protected":false},"excerpt":{"rendered":"<p>D\u0159ev\u011bn\u00e9 vysv\u011bd\u010den\u00ed pro u\u010ditele Origin\u00e1ln\u00ed pod\u011bkov\u00e1n\u00ed \u2013 Hled\u00e1te netradi\u010dn\u00ed d\u00e1rek pro pan\u00ed u\u010ditelku na konci \u0161koln\u00edho roku nebo ke Dni [&hellip;]<\/p>","protected":false},"featured_media":19088,"comment_status":"open","ping_status":"closed","template":"","meta":{"site-sidebar-layout":"default","site-content-layout":"","ast-site-content-layout":"default","site-content-style":"default","site-sidebar-style":"default","ast-global-header-display":"","ast-banner-title-visibility":"","ast-main-header-display":"","ast-hfb-above-header-display":"","ast-hfb-below-header-display":"","ast-hfb-mobile-header-display":"","site-post-title":"","ast-breadcrumbs-content":"","ast-featured-img":"","footer-sml-layout":"","theme-transparent-header-meta":"default","adv-header-id-meta":"","stick-header-meta":"","header-above-stick-meta":"","header-main-stick-meta":"","header-below-stick-meta":"","astra-migrate-meta-layouts":"set","ast-page-background-enabled":"default","ast-page-background-meta":{"desktop":{"background-color":"var(--ast-global-color-4)","background-image":"","background-repeat":"repeat","background-position":"center center","background-size":"auto","background-attachment":"scroll","background-type":"","background-media":"","overlay-type":"","overlay-color":"","overlay-opacity":"","overlay-gradient":""},"tablet":{"background-color":"","background-image":"","background-repeat":"repeat","background-position":"center center","background-size":"auto","background-attachment":"scroll","background-type":"","background-media":"","overlay-type":"","overlay-color":"","overlay-opacity":"","overlay-gradient":""},"mobile":{"background-color":"","background-image":"","background-repeat":"repeat","background-position":"center center","background-size":"auto","background-attachment":"scroll","background-type":"","background-media":"","overlay-type":"","overlay-color":"","overlay-opacity":"","overlay-gradient":""}},"ast-content-background-meta":{"desktop":{"background-color":"var(--ast-global-color-5)","background-image":"","background-repeat":"repeat","background-position":"center center","background-size":"auto","background-attachment":"scroll","background-type":"","background-media":"","overlay-type":"","overlay-color":"","overlay-opacity":"","overlay-gradient":""},"tablet":{"background-color":"var(--ast-global-color-5)","background-image":"","background-repeat":"repeat","background-position":"center center","background-size":"auto","background-attachment":"scroll","background-type":"","background-media":"","overlay-type":"","overlay-color":"","overlay-opacity":"","overlay-gradient":""},"mobile":{"background-color":"var(--ast-global-color-5)","background-image":"","background-repeat":"repeat","background-position":"center center","background-size":"auto","background-attachment":"scroll","background-type":"","background-media":"","overlay-type":"","overlay-color":"","overlay-opacity":"","overlay-gradient":""}},"jetpack_post_was_ever_published":false},"product_brand":[],"product_cat":[877,554],"product_tag":[],"class_list":{"0":"post-18482","1":"product","2":"type-product","3":"status-publish","4":"has-post-thumbnail","6":"product_cat-darky-pro-ucitele","7":"product_cat-narozeninove-darky","8":"pa_barva-cerna","9":"pa_barva-antracit","10":"pa_barva-bila","11":"pa_barva-cervena","12":"pa_barva-fialova","13":"pa_barva-modra","14":"pa_barva-oranzova","15":"pa_barva-orech","16":"pa_barva-ruzova","17":"pa_barva-zelena","18":"pa_barva-zluta","19":"desktop-align-left","20":"tablet-align-left","21":"mobile-align-left","23":"first","24":"instock","25":"shipping-taxable","26":"purchasable","27":"product-type-simple"},"jetpack_sharing_enabled":true,"_links":{"self":[{"href":"https:\/\/dekohra.eu\/de\/wp-json\/wp\/v2\/product\/18482","targetHints":{"allow":["GET"]}}],"collection":[{"href":"https:\/\/dekohra.eu\/de\/wp-json\/wp\/v2\/product"}],"about":[{"href":"https:\/\/dekohra.eu\/de\/wp-json\/wp\/v2\/types\/product"}],"replies":[{"embeddable":true,"href":"https:\/\/dekohra.eu\/de\/wp-json\/wp\/v2\/comments?post=18482"}],"wp:featuredmedia":[{"embeddable":true,"href":"https:\/\/dekohra.eu\/de\/wp-json\/wp\/v2\/media\/19088"}],"wp:attachment":[{"href":"https:\/\/dekohra.eu\/de\/wp-json\/wp\/v2\/media?parent=18482"}],"wp:term":[{"taxonomy":"product_brand","embeddable":true,"href":"https:\/\/dekohra.eu\/de\/wp-json\/wp\/v2\/product_brand?post=18482"},{"taxonomy":"product_cat","embeddable":true,"href":"https:\/\/dekohra.eu\/de\/wp-json\/wp\/v2\/product_cat?post=18482"},{"taxonomy":"product_tag","embeddable":true,"href":"https:\/\/dekohra.eu\/de\/wp-json\/wp\/v2\/product_tag?post=18482"}],"curies":[{"name":"wp","href":"https:\/\/api.w.org\/{rel}","templated":true}]}}