{"id":18494,"date":"2026-01-11T20:37:50","date_gmt":"2026-01-11T19:37:50","guid":{"rendered":"https:\/\/dekohra.eu\/?post_type=product&#038;p=18494"},"modified":"2026-03-19T11:15:45","modified_gmt":"2026-03-19T10:15:45","slug":"drevene-vysvedceni-s-vlastnim-textem-darek-zcela-na-miru","status":"publish","type":"product","link":"https:\/\/dekohra.eu\/de\/produkt\/drevene-vysvedceni-s-vlastnim-textem-darek-zcela-na-miru\/","title":{"rendered":"Holzurkunde mit Ihrem Wunschtext \u2013 Ein komplett ma\u00dfgeschneidertes Geschenk"},"content":{"rendered":"<h1 data-path-to-node=\"3\">\u00a0Holzurkunde mit Ihrem Wunschtext \u2013 Ein komplett ma\u00dfgeschneidertes Geschenk<\/h1>\n<p data-path-to-node=\"4\"><b data-path-to-node=\"4\" data-index-in-node=\"0\">Suchen Sie ein Geschenk, das beeindruckt und ein Leben lang eine Erinnerung bleibt?<\/b> Unsere Zeugnisse aus Holz m\u00fcssen nicht mehr nur Lehrern vorbehalten sein. Dank der M\u00f6glichkeit <b data-path-to-node=\"4\" data-index-in-node=\"134\">eigener Text<\/b> Damit k\u00f6nnen Sie eine einzigartige Auszeichnung f\u00fcr jeden gestalten, der Ihnen am Herzen liegt.<\/p>\n<h3 data-path-to-node=\"5\">\u00a0F\u00fcr wen kann es sein?<\/h3>\n<p data-path-to-node=\"6\">Dank der vollst\u00e4ndigen Personalisierung eignet sich dieses Zeugnis perfekt als:<\/p>\n<ul data-path-to-node=\"7\">\n<li>\n<p data-path-to-node=\"7,0,0\"><b data-path-to-node=\"7,0,0\" data-index-in-node=\"0\">F\u00fcr Eltern:<\/b> &quot;Zertifikat f\u00fcr die beste Mama\/den besten Papa&quot; (Themen: Liebe, Geduld, Kochen...).<\/p>\n<\/li>\n<li>\n<p data-path-to-node=\"7,1,0\"><b data-path-to-node=\"7,1,0\" data-index-in-node=\"0\">F\u00fcr Gro\u00dfeltern:<\/b> \u201eUrkunde f\u00fcr Oma und Opa\u201c zum Jahrestag oder zu Weihnachten.<\/p>\n<\/li>\n<li>\n<p data-path-to-node=\"7,2,0\"><b data-path-to-node=\"7,2,0\" data-index-in-node=\"0\">F\u00fcr Trainer und F\u00fchrungskr\u00e4fte:<\/b> Vielen Dank f\u00fcr die Leitung eines Vereins oder einer Sportmannschaft.<\/p>\n<\/li>\n<li>\n<p data-path-to-node=\"7,3,0\"><b data-path-to-node=\"7,3,0\" data-index-in-node=\"0\">F\u00fcr Freunde:<\/b> Ein originelles Geschenk zum Geburtstag oder zur Hochzeit.<\/p>\n<\/li>\n<\/ul>\n<h3 data-path-to-node=\"8\">\u00a0Entwurf und Ausf\u00fchrung<\/h3>\n<h1 data-path-to-node=\"3\"><\/h1>\n<p data-path-to-node=\"9\">Das Zertifikat ist mit viel Liebe zum Detail gefertigt. Fein gravierte Ornamente und Symbole verleihen dem Geschenk eine luxuri\u00f6se Optik. Der Text ist in Holz ge\u00e4tzt. <b data-path-to-node=\"9\" data-index-in-node=\"129\">tief verbrannt<\/b>Dadurch wird sichergestellt, dass die Schriftart niemals verblasst. Ebenfalls enthalten sind <b data-path-to-node=\"9\" data-index-in-node=\"206\">praktische F\u00fc\u00dfe<\/b>, wodurch das Zeugnis eine sch\u00f6ne Optik im Regal oder auf dem Tisch erh\u00e4lt.<\/p>\n<h3 data-path-to-node=\"10\">\u00a0Was kannst du \u00e4ndern?<\/h3>\n<ol start=\"1\" data-path-to-node=\"11\">\n<li>\n<p data-path-to-node=\"11,0,0\"><b data-path-to-node=\"11,0,0\" data-index-in-node=\"0\">Titel:<\/b> Statt \u201ef\u00fcr den Lehrer\u201c k\u00f6nnte es beispielsweise \u201ef\u00fcr meine Frau\u201c, \u201ef\u00fcr den besten Chef\u201c usw. hei\u00dfen.<\/p>\n<\/li>\n<li>\n<p data-path-to-node=\"11,1,0\"><b data-path-to-node=\"11,1,0\" data-index-in-node=\"0\">Liste der &quot;Themen&quot;:<\/b> W\u00e4hlen Sie Ihre eigenen Eigenschaften (z. B. Hingabe, Humor, Beste Kuchen).<\/p>\n<\/li>\n<li>\n<p data-path-to-node=\"11,2,0\"><b data-path-to-node=\"11,2,0\" data-index-in-node=\"0\">Hingabe:<\/b> Der Name des Spenders oder das Datum kann unten hinzugef\u00fcgt werden.<\/p>\n<\/li>\n<\/ol>\n<h3>Parameter:<\/h3>\n<ul>\n<li style=\"list-style-type: none;\">\n<ul>\n<li style=\"list-style-type: none;\">\n<ul>\n<li style=\"list-style-type: none;\">\n<ul>\n<li style=\"list-style-type: none;\">\n<ul>\n<li><strong>Material:<\/strong> Pappelsperrholz<\/li>\n<li><strong>Produktdicke:\u00a0<\/strong>3 mm<\/li>\n<li><strong>Hersteller:\u00a0<\/strong><a href=\"http:\/\/dekohra.de\/\" target=\"_blank\" rel=\"noopener\">Dekohra.eu<\/a><\/li>\n<li><strong>Kategorie:<\/strong> <a href=\"https:\/\/dekohra.eu\/de\/produkt-kategorie\/darky\/narozeninove-darky\/\">Geburtstagsgeschenke und Dekorationen<\/a><\/li>\n<li><strong>Abmessungen: <\/strong>22 x 13,5 x 9,5 cm<\/li>\n<li><strong>Farbe: <\/strong>Naturholz<\/li>\n<\/ul>\n<\/li>\n<\/ul>\n<\/li>\n<\/ul>\n<\/li>\n<\/ul>\n<\/li>\n<\/ul>","protected":false},"excerpt":{"rendered":"<p>\u00a0D\u0159ev\u011bn\u00e9 vysv\u011bd\u010den\u00ed s vlastn\u00edm textem \u2013 D\u00e1rek zcela na m\u00edru Hled\u00e1te d\u00e1rek, kter\u00fd dojme a z\u016fstane jako pam\u00e1tka na cel\u00fd [&hellip;]<\/p>","protected":false},"featured_media":19086,"comment_status":"open","ping_status":"closed","template":"","meta":{"site-sidebar-layout":"default","site-content-layout":"","ast-site-content-layout":"default","site-content-style":"default","site-sidebar-style":"default","ast-global-header-display":"","ast-banner-title-visibility":"","ast-main-header-display":"","ast-hfb-above-header-display":"","ast-hfb-below-header-display":"","ast-hfb-mobile-header-display":"","site-post-title":"","ast-breadcrumbs-content":"","ast-featured-img":"","footer-sml-layout":"","theme-transparent-header-meta":"default","adv-header-id-meta":"","stick-header-meta":"","header-above-stick-meta":"","header-main-stick-meta":"","header-below-stick-meta":"","astra-migrate-meta-layouts":"set","ast-page-background-enabled":"default","ast-page-background-meta":{"desktop":{"background-color":"var(--ast-global-color-4)","background-image":"","background-repeat":"repeat","background-position":"center center","background-size":"auto","background-attachment":"scroll","background-type":"","background-media":"","overlay-type":"","overlay-color":"","overlay-opacity":"","overlay-gradient":""},"tablet":{"background-color":"","background-image":"","background-repeat":"repeat","background-position":"center center","background-size":"auto","background-attachment":"scroll","background-type":"","background-media":"","overlay-type":"","overlay-color":"","overlay-opacity":"","overlay-gradient":""},"mobile":{"background-color":"","background-image":"","background-repeat":"repeat","background-position":"center center","background-size":"auto","background-attachment":"scroll","background-type":"","background-media":"","overlay-type":"","overlay-color":"","overlay-opacity":"","overlay-gradient":""}},"ast-content-background-meta":{"desktop":{"background-color":"var(--ast-global-color-5)","background-image":"","background-repeat":"repeat","background-position":"center center","background-size":"auto","background-attachment":"scroll","background-type":"","background-media":"","overlay-type":"","overlay-color":"","overlay-opacity":"","overlay-gradient":""},"tablet":{"background-color":"var(--ast-global-color-5)","background-image":"","background-repeat":"repeat","background-position":"center center","background-size":"auto","background-attachment":"scroll","background-type":"","background-media":"","overlay-type":"","overlay-color":"","overlay-opacity":"","overlay-gradient":""},"mobile":{"background-color":"var(--ast-global-color-5)","background-image":"","background-repeat":"repeat","background-position":"center center","background-size":"auto","background-attachment":"scroll","background-type":"","background-media":"","overlay-type":"","overlay-color":"","overlay-opacity":"","overlay-gradient":""}},"jetpack_post_was_ever_published":false},"product_brand":[],"product_cat":[877,554],"product_tag":[],"class_list":{"0":"post-18494","1":"product","2":"type-product","3":"status-publish","4":"has-post-thumbnail","6":"product_cat-darky-pro-ucitele","7":"product_cat-narozeninove-darky","8":"pa_barva-cerna","9":"pa_barva-antracit","10":"pa_barva-bila","11":"pa_barva-cervena","12":"pa_barva-fialova","13":"pa_barva-modra","14":"pa_barva-oranzova","15":"pa_barva-orech","16":"pa_barva-ruzova","17":"pa_barva-zelena","18":"pa_barva-zluta","19":"desktop-align-left","20":"tablet-align-left","21":"mobile-align-left","23":"first","24":"instock","25":"shipping-taxable","26":"purchasable","27":"product-type-simple"},"jetpack_sharing_enabled":true,"_links":{"self":[{"href":"https:\/\/dekohra.eu\/de\/wp-json\/wp\/v2\/product\/18494","targetHints":{"allow":["GET"]}}],"collection":[{"href":"https:\/\/dekohra.eu\/de\/wp-json\/wp\/v2\/product"}],"about":[{"href":"https:\/\/dekohra.eu\/de\/wp-json\/wp\/v2\/types\/product"}],"replies":[{"embeddable":true,"href":"https:\/\/dekohra.eu\/de\/wp-json\/wp\/v2\/comments?post=18494"}],"wp:featuredmedia":[{"embeddable":true,"href":"https:\/\/dekohra.eu\/de\/wp-json\/wp\/v2\/media\/19086"}],"wp:attachment":[{"href":"https:\/\/dekohra.eu\/de\/wp-json\/wp\/v2\/media?parent=18494"}],"wp:term":[{"taxonomy":"product_brand","embeddable":true,"href":"https:\/\/dekohra.eu\/de\/wp-json\/wp\/v2\/product_brand?post=18494"},{"taxonomy":"product_cat","embeddable":true,"href":"https:\/\/dekohra.eu\/de\/wp-json\/wp\/v2\/product_cat?post=18494"},{"taxonomy":"product_tag","embeddable":true,"href":"https:\/\/dekohra.eu\/de\/wp-json\/wp\/v2\/product_tag?post=18494"}],"curies":[{"name":"wp","href":"https:\/\/api.w.org\/{rel}","templated":true}]}}