{"id":18506,"date":"2026-01-13T07:55:24","date_gmt":"2026-01-13T06:55:24","guid":{"rendered":"https:\/\/dekohra.eu\/?post_type=product&#038;p=18506"},"modified":"2026-01-13T08:42:37","modified_gmt":"2026-01-13T07:42:37","slug":"dreveny-vesak-na-medaile-mazoretka","status":"publish","type":"product","link":"https:\/\/dekohra.eu\/de\/produkt\/dreveny-vesak-na-medaile-mazoretka\/","title":{"rendered":"Medaillenaufh\u00e4nger aus Holz, Majorette"},"content":{"rendered":"<p><!-- upraveno html4output --><\/p>\n<h2 data-path-to-node=\"2\">Medaillenaufh\u00e4nger aus Holz, Majorette<\/h2>\n<p data-path-to-node=\"3\"><b data-path-to-node=\"3\" data-index-in-node=\"0\">Medaillenaufh\u00e4nger aus Holz, Majorette<\/b> ist ein ideales Geschenk f\u00fcr alle M\u00e4dchen und Frauen, die dem Zauber des Baton Twirling und des Marschtanzes verfallen sind. Dieser stilvolle Kleiderb\u00fcgel ist aus hochwertiger Faserplatte gefertigt und bietet <b data-path-to-node=\"3\" data-index-in-node=\"210\">M\u00f6glichkeit der individuellen Namensgravur<\/b>Dadurch wird der Kleiderb\u00fcgel zu einem einzigartigen, pers\u00f6nlichen Erinnerungsst\u00fcck an all Ihre Erfolge. Das Design mit dem Motiv einer Majorette in typischer Pose verleiht jedem Raum die richtige sportliche Note und Eleganz. Der Kleiderb\u00fcgel ist in drei Gr\u00f6\u00dfen erh\u00e4ltlich.<\/p>\n<h3 data-path-to-node=\"4\">Hochwertige Materialien und pr\u00e4zise Verarbeitung<\/h3>\n<ul data-path-to-node=\"5\">\n<li>\n<p data-path-to-node=\"5,0,0\"><b data-path-to-node=\"5,0,0\" data-index-in-node=\"0\">Festigkeit und Haltbarkeit:<\/b> Die Dekoration besteht aus hochwertiger, 3 mm dicker Faserplatte, die auch bei einer gro\u00dfen Anzahl aufgeh\u00e4ngter Medaillen Stabilit\u00e4t gew\u00e4hrleistet.<\/p>\n<\/li>\n<li>\n<p data-path-to-node=\"5,1,0\"><b data-path-to-node=\"5,1,0\" data-index-in-node=\"0\">Elegantes Design:<\/b> Dank moderner Laserschneidtechnologie besticht der Kleiderb\u00fcgel durch pr\u00e4zise Details, wie die Silhouette einer Majorette mit Stab. Klare Linien und geschmackvolles Design sorgen daf\u00fcr, dass der Kleiderb\u00fcgel in jedem Interieur zum Blickfang wird.<\/p>\n<\/li>\n<li>\n<p data-path-to-node=\"5,2,0\"><b data-path-to-node=\"5,2,0\" data-index-in-node=\"0\">Farbvarianten:<\/b> Sie k\u00f6nnen aus verschiedenen farbenfrohen Dekoren w\u00e4hlen, sodass der Kleiderb\u00fcgel perfekt zur Einrichtung des Zimmers passt.<\/p>\n<\/li>\n<\/ul>\n<h3 data-path-to-node=\"6\">Einfache und schonende Installation<\/h3>\n<p data-path-to-node=\"7\">Der Kleiderb\u00fcgel wurde mit Blick auf Praktikabilit\u00e4t entwickelt. Die Montage ist schnell und von jedem durchf\u00fchrbar:<\/p>\n<ol start=\"1\" data-path-to-node=\"8\">\n<li>\n<p data-path-to-node=\"8,0,0\"><b data-path-to-node=\"8,0,0\" data-index-in-node=\"0\">Doppelseitiges Klebeband:<\/b> F\u00fcr leichtere Lasten und Montage ohne Bohren.<\/p>\n<\/li>\n<li>\n<p data-path-to-node=\"8,1,0\"><b data-path-to-node=\"8,1,0\" data-index-in-node=\"0\">Mini-Nelken:<\/b> F\u00fcr einen festen und sicheren Halt, auch bei voller Beladung mit Medaillen. Beide Methoden gew\u00e4hrleisten, dass der Kleiderb\u00fcgel sicher und \u00e4sthetisch an der Wand befestigt bleibt.<\/p>\n<\/li>\n<\/ol>\n<h3 data-path-to-node=\"9\">Warum sollte man sich f\u00fcr den Majorette-Kleiderb\u00fcgel entscheiden?<\/h3>\n<p data-path-to-node=\"10\">Ein Kleiderb\u00fcgel mit Namen ist nicht nur ein praktischer Organizer, sondern vor allem <b data-path-to-node=\"10\" data-index-in-node=\"63\">ein Symbol f\u00fcr Flei\u00df, Disziplin und Freude an der Bewegung<\/b>Jeder Blick auf die ausgestellten Medaillen erinnert an stundenlanges Training, gewonnene Meisterschaften und den Teamgeist. Es ist die perfekte M\u00f6glichkeit, Sporttroph\u00e4en in wundersch\u00f6ne Wohnaccessoires zu verwandeln.<\/p>\n<div class=\"flex flex-grow flex-col max-w-full\">\n<div class=\"min-h-[20px] text-message flex w-full flex-col items-end gap-2 whitespace-pre-wrap break-words [.text-message+&amp;]:mt-5 overflow-x-auto\" dir=\"auto\" data-message-author-role=\"assistant\" data-message-id=\"d9d77c60-7872-436a-98f0-436dfe538b71\">\n<div class=\"flex w-full flex-col gap-1 empty:hidden first:pt-[3px]\">\n<div class=\"markdown prose w-full break-words dark:prose-invert light\">\n<div class=\"mt-1 flex gap-3 empty:hidden -ml-2\">\n<div class=\"items-center justify-start rounded-xl p-1 flex\">\n<div class=\"flex items-center\">\n<div class=\"flex\"><\/div>\n<\/div>\n<\/div>\n<\/div>\n<\/div>\n<\/div>\n<\/div>\n<\/div>\n<p>&nbsp;<\/p>\n<h3>Parameter:<\/h3>\n<ul>\n<li><strong>Material:<\/strong>\u00a0<a href=\"https:\/\/dekohra.eu\/de\/drevovlaknita-deska-3mm-idealni-material-pro-vyrobu-obrazu\/\">Faserplatte, einseitig lackiert<\/a><\/li>\n<li><strong>Produktdicke:\u00a0<\/strong>3 mm<\/li>\n<li><strong>Hersteller:\u00a0<\/strong><a href=\"http:\/\/dekohra.de\/\" target=\"_blank\" rel=\"noopener\">Dekohra.eu<\/a><\/li>\n<li><strong>Kategorie: <\/strong><a href=\"https:\/\/dekohra.eu\/de\/produkt-kategorie\/darky\/sportovni-aktivity\/\">Geschenke f\u00fcr Sportler<\/a><\/li>\n<li><strong>Montage:<\/strong>\u00a0<a href=\"https:\/\/dekohra.eu\/de\/navod-k-obsluze-a-montazi\/\">Mit doppelseitigem Klebeband oder Minin\u00e4geln<\/a><\/li>\n<\/ul>\n<p>&nbsp;<\/p>\n<p><a href=\"https:\/\/dekohra.eu\/de\/clanek\/velikost-drevenych-obrazu-prakticky-pruvodce\/\"><img decoding=\"async\" src=\"https:\/\/dekohra.eu\/_obchody\/go4874\/prilohy\/4\/vyber-velikosti.jpg.big.jpg\" alt=\"\" width=\"400\" \/><\/a><\/p>\n<p>Wandmontage durch Kleben, Kleber ist nicht im Lieferumfang enthalten.<\/p>","protected":false},"excerpt":{"rendered":"<p>D\u0159ev\u011bn\u00fd v\u011b\u0161\u00e1k na medaile Ma\u017eoretka D\u0159ev\u011bn\u00fd v\u011b\u0161\u00e1k na medaile Ma\u017eoretka je ide\u00e1ln\u00edm d\u00e1rkem pro v\u0161echny d\u00edvky a \u017eeny, kter\u00e9 propadly [&hellip;]<\/p>","protected":false},"featured_media":18519,"comment_status":"open","ping_status":"closed","template":"","meta":{"site-sidebar-layout":"default","site-content-layout":"","ast-site-content-layout":"default","site-content-style":"default","site-sidebar-style":"default","ast-global-header-display":"","ast-banner-title-visibility":"","ast-main-header-display":"","ast-hfb-above-header-display":"","ast-hfb-below-header-display":"","ast-hfb-mobile-header-display":"","site-post-title":"","ast-breadcrumbs-content":"","ast-featured-img":"","footer-sml-layout":"","theme-transparent-header-meta":"default","adv-header-id-meta":"","stick-header-meta":"","header-above-stick-meta":"","header-main-stick-meta":"","header-below-stick-meta":"","astra-migrate-meta-layouts":"set","ast-page-background-enabled":"default","ast-page-background-meta":{"desktop":{"background-color":"var(--ast-global-color-4)","background-image":"","background-repeat":"repeat","background-position":"center center","background-size":"auto","background-attachment":"scroll","background-type":"","background-media":"","overlay-type":"","overlay-color":"","overlay-opacity":"","overlay-gradient":""},"tablet":{"background-color":"","background-image":"","background-repeat":"repeat","background-position":"center center","background-size":"auto","background-attachment":"scroll","background-type":"","background-media":"","overlay-type":"","overlay-color":"","overlay-opacity":"","overlay-gradient":""},"mobile":{"background-color":"","background-image":"","background-repeat":"repeat","background-position":"center center","background-size":"auto","background-attachment":"scroll","background-type":"","background-media":"","overlay-type":"","overlay-color":"","overlay-opacity":"","overlay-gradient":""}},"ast-content-background-meta":{"desktop":{"background-color":"var(--ast-global-color-5)","background-image":"","background-repeat":"repeat","background-position":"center center","background-size":"auto","background-attachment":"scroll","background-type":"","background-media":"","overlay-type":"","overlay-color":"","overlay-opacity":"","overlay-gradient":""},"tablet":{"background-color":"var(--ast-global-color-5)","background-image":"","background-repeat":"repeat","background-position":"center center","background-size":"auto","background-attachment":"scroll","background-type":"","background-media":"","overlay-type":"","overlay-color":"","overlay-opacity":"","overlay-gradient":""},"mobile":{"background-color":"var(--ast-global-color-5)","background-image":"","background-repeat":"repeat","background-position":"center center","background-size":"auto","background-attachment":"scroll","background-type":"","background-media":"","overlay-type":"","overlay-color":"","overlay-opacity":"","overlay-gradient":""}},"jetpack_post_was_ever_published":false},"product_brand":[],"product_cat":[552],"product_tag":[],"class_list":{"0":"post-18506","1":"product","2":"type-product","3":"status-publish","4":"has-post-thumbnail","6":"product_cat-darky-pro-sportovce","7":"pa_barva-cerna","8":"pa_barva-antracit","9":"pa_barva-bila","10":"pa_barva-cervena","11":"pa_barva-fialova","12":"pa_barva-modra","13":"pa_barva-oranzova","14":"pa_barva-orech","15":"pa_barva-ruzova","16":"pa_barva-zelena","17":"pa_barva-zluta","18":"pa_rozmery-30x14-cm","19":"pa_rozmery-45x21-cm","20":"pa_rozmery-60x28-cm","21":"desktop-align-left","22":"tablet-align-left","23":"mobile-align-left","25":"first","26":"instock","27":"shipping-taxable","28":"purchasable","29":"product-type-variable"},"jetpack_sharing_enabled":true,"_links":{"self":[{"href":"https:\/\/dekohra.eu\/de\/wp-json\/wp\/v2\/product\/18506","targetHints":{"allow":["GET"]}}],"collection":[{"href":"https:\/\/dekohra.eu\/de\/wp-json\/wp\/v2\/product"}],"about":[{"href":"https:\/\/dekohra.eu\/de\/wp-json\/wp\/v2\/types\/product"}],"replies":[{"embeddable":true,"href":"https:\/\/dekohra.eu\/de\/wp-json\/wp\/v2\/comments?post=18506"}],"wp:featuredmedia":[{"embeddable":true,"href":"https:\/\/dekohra.eu\/de\/wp-json\/wp\/v2\/media\/18519"}],"wp:attachment":[{"href":"https:\/\/dekohra.eu\/de\/wp-json\/wp\/v2\/media?parent=18506"}],"wp:term":[{"taxonomy":"product_brand","embeddable":true,"href":"https:\/\/dekohra.eu\/de\/wp-json\/wp\/v2\/product_brand?post=18506"},{"taxonomy":"product_cat","embeddable":true,"href":"https:\/\/dekohra.eu\/de\/wp-json\/wp\/v2\/product_cat?post=18506"},{"taxonomy":"product_tag","embeddable":true,"href":"https:\/\/dekohra.eu\/de\/wp-json\/wp\/v2\/product_tag?post=18506"}],"curies":[{"name":"wp","href":"https:\/\/api.w.org\/{rel}","templated":true}]}}