{"id":18541,"date":"2026-01-13T09:10:19","date_gmt":"2026-01-13T08:10:19","guid":{"rendered":"https:\/\/dekohra.eu\/?post_type=product&#038;p=18541"},"modified":"2026-04-09T10:41:32","modified_gmt":"2026-04-09T08:41:32","slug":"pozor-pes-cedule-plastova-cedule","status":"publish","type":"product","link":"https:\/\/dekohra.eu\/de\/produkt\/pozor-pes-cedule-plastova-cedule\/","title":{"rendered":"Warnschild \u201eVorsicht Hund\u201c \u2013 Kunststoffschild"},"content":{"rendered":"<p><!-- upraveno html4output --><\/p>\n<h2 data-path-to-node=\"2\">Warnschild \u201eVorsicht Hund\u201c \u2013 Kunststoffschild<\/h2>\n<p data-path-to-node=\"3\">Vorsicht, bissiger Hund! \u2013 Kunststoffschild. Sch\u00fctzen Sie Ihre Privatsph\u00e4re und warnen Sie Besucher stilvoll. <b data-path-to-node=\"3\" data-index-in-node=\"61\">modernes Sicherheitsschild<\/b> Mit Pfotenmotiv und der deutlichen Aufschrift \u201eVORSICHT HUND\u201c ist dieses Warnschild die ideale L\u00f6sung f\u00fcr jeden Besitzer eines vierbeinigen Wachhundes. Dank seiner pr\u00e4zisen Verarbeitung und des minimalistischen Designs wirkt es nicht aufdringlich, erf\u00fcllt aber dennoch seine Warnfunktion perfekt.<\/p>\n<p>&nbsp;<\/p>\n<h3><strong>Plastik<\/strong><strong> Platte<\/strong> (Ausseneinsatz, Temperaturbest\u00e4ndigkeit bis +90\u00b0C) St\u00e4rke 3mm.<\/h3>\n<ul>\n<li><strong>HOHE FESTIGKEIT<\/strong> \u2013 Als Polymer weist Acrylat eine un\u00fcbertroffene <strong>Best\u00e4ndigkeit gegen Sonnenlicht<\/strong> und Umgebungsbedingungen und ist als robustes Element \u00fcber viele Jahre einsetzbar!<\/li>\n<\/ul>\n<ul>\n<li><strong>WETTERBEST\u00c4NDIGE OBERFL\u00c4CHE <\/strong>\u2013 Beschreibende Hausnummer \u2013 Silber vergilbt nicht und unterliegt keinen nennenswerten physikalischen Ver\u00e4nderungen, sodass die urspr\u00fcngliche Farbe und die Oberfl\u00e4cheneigenschaften erhalten bleiben <strong>wird viele Jahre halten!<\/strong><\/li>\n<\/ul>\n<ul>\n<li><strong>PRODUKTMERKMALE<\/strong> \u2013 Gewicht: 900 g (50 x 50 cm) \/ 3600 g (100 x 100 cm) \/\/ Dicke: 3 mm \/\/ Zugfestigkeit: 70 MPa \/\/ Bruchdehnung: 4 %<\/li>\n<\/ul>\n<ul>\n<li><strong>MATERIAL: <a href=\"https:\/\/floordirekt.com\/\" target=\"_blank\" rel=\"noopener\">Bodendirekt <img decoding=\"async\" src=\"https:\/\/dekohra.eu\/_obchody\/go4874\/prilohy\/3\/vlajka-sxc.jpg.big.jpg\" alt=\"\" width=\"20\" \/><\/a><\/strong><\/li>\n<\/ul>\n<ul>\n<li><strong>EINFACHE MONTAGE <\/strong>\u2013 Durchmesser der L\u00f6cher f\u00fcr die Schraube 5 mm, durch Kleben (Sie k\u00f6nnen ein Brett ohne L\u00f6cher anfordern, schreiben Sie es einfach in die Anmerkungen bei der Bestellung)<\/li>\n<\/ul>\n<ul>\n<li><strong>FARBE<\/strong> \u2013 Abh\u00e4ngig von der gew\u00e4hlten Variante<\/li>\n<\/ul>\n<ul>\n<li><strong>GARANTIE \u2013 5 Jahre<\/strong><\/li>\n<\/ul>\n<ul>\n<li><strong><strong>ABMESSUNGEN<\/strong> &#8211;<\/strong> Abh\u00e4ngig von der gew\u00e4hlten Variante<\/li>\n<\/ul>\n<p>&nbsp;<\/p>\n<p>&nbsp;<\/p>\n<p><strong>Wir laserschneiden Ihren Text.<\/strong><\/p>\n<p>&nbsp;<\/p>\n<p>Artikel:<\/p>\n<p><a href=\"https:\/\/dekohra.eu\/de\/jak-spravne-umistit-ceduli-cislo-popisne-na-budove-pro-snadnou-identifikaci\/\">Wie platziert man die Hausnummer richtig?<\/a><\/p>\n<p><a href=\"https:\/\/dekohra.eu\/de\/co-je-cislo-popisne-vyznam-a-historie-cisel-popisnych\/\">Was ist eine beschreibende Nummer?<\/a><\/p>","protected":false},"excerpt":{"rendered":"<p>Pozor pes cedule \u2013 Plastov\u00e1 cedule Pozor pes cedule \u2013 Plastov\u00e1 cedule. Ochra\u0148te sv\u00e9 soukrom\u00ed a upozorn\u011bte n\u00e1v\u0161t\u011bvn\u00edky stylov\u011b. Tato [&hellip;]<\/p>","protected":false},"featured_media":18544,"comment_status":"open","ping_status":"closed","template":"","meta":{"site-sidebar-layout":"default","site-content-layout":"","ast-site-content-layout":"default","site-content-style":"default","site-sidebar-style":"default","ast-global-header-display":"","ast-banner-title-visibility":"","ast-main-header-display":"","ast-hfb-above-header-display":"","ast-hfb-below-header-display":"","ast-hfb-mobile-header-display":"","site-post-title":"","ast-breadcrumbs-content":"","ast-featured-img":"","footer-sml-layout":"","theme-transparent-header-meta":"default","adv-header-id-meta":"","stick-header-meta":"","header-above-stick-meta":"","header-main-stick-meta":"","header-below-stick-meta":"","astra-migrate-meta-layouts":"set","ast-page-background-enabled":"default","ast-page-background-meta":{"desktop":{"background-color":"var(--ast-global-color-4)","background-image":"","background-repeat":"repeat","background-position":"center center","background-size":"auto","background-attachment":"scroll","background-type":"","background-media":"","overlay-type":"","overlay-color":"","overlay-opacity":"","overlay-gradient":""},"tablet":{"background-color":"","background-image":"","background-repeat":"repeat","background-position":"center center","background-size":"auto","background-attachment":"scroll","background-type":"","background-media":"","overlay-type":"","overlay-color":"","overlay-opacity":"","overlay-gradient":""},"mobile":{"background-color":"","background-image":"","background-repeat":"repeat","background-position":"center center","background-size":"auto","background-attachment":"scroll","background-type":"","background-media":"","overlay-type":"","overlay-color":"","overlay-opacity":"","overlay-gradient":""}},"ast-content-background-meta":{"desktop":{"background-color":"var(--ast-global-color-5)","background-image":"","background-repeat":"repeat","background-position":"center center","background-size":"auto","background-attachment":"scroll","background-type":"","background-media":"","overlay-type":"","overlay-color":"","overlay-opacity":"","overlay-gradient":""},"tablet":{"background-color":"var(--ast-global-color-5)","background-image":"","background-repeat":"repeat","background-position":"center center","background-size":"auto","background-attachment":"scroll","background-type":"","background-media":"","overlay-type":"","overlay-color":"","overlay-opacity":"","overlay-gradient":""},"mobile":{"background-color":"var(--ast-global-color-5)","background-image":"","background-repeat":"repeat","background-position":"center center","background-size":"auto","background-attachment":"scroll","background-type":"","background-media":"","overlay-type":"","overlay-color":"","overlay-opacity":"","overlay-gradient":""}},"jetpack_post_was_ever_published":false},"product_brand":[],"product_cat":[557],"product_tag":[],"class_list":{"0":"post-18541","1":"product","2":"type-product","3":"status-publish","4":"has-post-thumbnail","6":"product_cat-cislo-popisne","7":"pa_rozmery-plastova-deska-10-x-20cm","8":"pa_rozmery-plastova-deska-20-x-40cm","9":"desktop-align-left","10":"tablet-align-left","11":"mobile-align-left","13":"first","14":"instock","15":"shipping-taxable","16":"purchasable","17":"product-type-variable"},"jetpack_sharing_enabled":true,"_links":{"self":[{"href":"https:\/\/dekohra.eu\/de\/wp-json\/wp\/v2\/product\/18541","targetHints":{"allow":["GET"]}}],"collection":[{"href":"https:\/\/dekohra.eu\/de\/wp-json\/wp\/v2\/product"}],"about":[{"href":"https:\/\/dekohra.eu\/de\/wp-json\/wp\/v2\/types\/product"}],"replies":[{"embeddable":true,"href":"https:\/\/dekohra.eu\/de\/wp-json\/wp\/v2\/comments?post=18541"}],"wp:featuredmedia":[{"embeddable":true,"href":"https:\/\/dekohra.eu\/de\/wp-json\/wp\/v2\/media\/18544"}],"wp:attachment":[{"href":"https:\/\/dekohra.eu\/de\/wp-json\/wp\/v2\/media?parent=18541"}],"wp:term":[{"taxonomy":"product_brand","embeddable":true,"href":"https:\/\/dekohra.eu\/de\/wp-json\/wp\/v2\/product_brand?post=18541"},{"taxonomy":"product_cat","embeddable":true,"href":"https:\/\/dekohra.eu\/de\/wp-json\/wp\/v2\/product_cat?post=18541"},{"taxonomy":"product_tag","embeddable":true,"href":"https:\/\/dekohra.eu\/de\/wp-json\/wp\/v2\/product_tag?post=18541"}],"curies":[{"name":"wp","href":"https:\/\/api.w.org\/{rel}","templated":true}]}}