{"id":18586,"date":"2026-01-16T08:55:04","date_gmt":"2026-01-16T07:55:04","guid":{"rendered":"https:\/\/dekohra.eu\/?post_type=product&#038;p=18586"},"modified":"2026-03-20T14:03:44","modified_gmt":"2026-03-20T13:03:44","slug":"dreveny-darkovy-poukaz-hlidani-vnoucatek","status":"publish","type":"product","link":"https:\/\/dekohra.eu\/de\/produkt\/dreveny-darkovy-poukaz-hlidani-vnoucatek\/","title":{"rendered":"Geschenkgutschein aus Holz \u2013 Babysitting"},"content":{"rendered":"<h2 data-path-to-node=\"2\">Geschenkgutschein aus Holz \u2013 Babysitting<\/h2>\n<p data-path-to-node=\"3\"><b data-path-to-node=\"3\" data-index-in-node=\"0\">Lustiger Geschenkgutschein<\/b> \u2013 Dieser h\u00f6lzerne Gutschein f\u00fcr \u201eganzj\u00e4hriges Babysitten\u201c ist eine originelle und fr\u00f6hliche Art, Gro\u00dfeltern eine Freude zu machen und der Familienbescherung eine humorvolle Note zu verleihen.<\/p>\n<h3 data-path-to-node=\"4\">Design und Kreativit\u00e4t<\/h3>\n<p data-path-to-node=\"5\">Der Gutschein ist mit viel Liebe zum Detail gestaltet. Er enth\u00e4lt eine pr\u00e4zise Lasergravur mit einem Motiv von spielenden Kindern und einem witzigen Text: <b data-path-to-node=\"5\" data-index-in-node=\"119\">\u201eBeschwerden werden nicht ber\u00fccksichtigt!\u201c<\/b>Die nat\u00fcrliche Optik des Pappelholzes verleiht dem Geschenk eine warme und pers\u00f6nliche Note, die viel mehr Freude bereitet als eine gew\u00f6hnliche Papierkarte.<\/p>\n<h3 data-path-to-node=\"6\">Praktische Anwendung<\/h3>\n<p data-path-to-node=\"7\">Dieses Geschenk eignet sich perfekt f\u00fcr verschiedene Anl\u00e4sse:<\/p>\n<ul data-path-to-node=\"8\">\n<li>\n<p data-path-to-node=\"8,0,0\"><b data-path-to-node=\"8,0,0\" data-index-in-node=\"0\">Zum Geburtstag oder Feiertag<\/b> f\u00fcr frischgebackene und verdiente Gro\u00dfeltern.<\/p>\n<\/li>\n<li>\n<p data-path-to-node=\"8,1,0\">Wie <b data-path-to-node=\"8,1,0\" data-index-in-node=\"5\">urspr\u00fcngliche Ank\u00fcndigung<\/b>dass die Familie um ein weiteres Mitglied wachsen wird.<\/p>\n<\/li>\n<li>\n<p data-path-to-node=\"8,2,0\">Als witzige Erg\u00e4nzung zum Hauptgeschenk, die dem Empf\u00e4nger erhalten bleibt <b data-path-to-node=\"8,2,0\" data-index-in-node=\"69\">dauerhaftes Denkmal<\/b> und Dekoration.<\/p>\n<\/li>\n<li>\n<p data-path-to-node=\"8,3,0\">Dank des Aufdrucks \u201eG\u00fcltigkeit unbegrenzt\u201c wird es viele Jahre Freude bereiten.<\/p>\n<\/li>\n<\/ul>\n<p data-path-to-node=\"9\">Verschenken Sie ein ungew\u00f6hnliches und originelles Geschenk, das Ihnen ein L\u00e4cheln ins Gesicht zaubert und Ihnen best\u00e4tigt, dass die Zeit mit der Familie das Wertvollste ist.<\/p>\n<h3 data-path-to-node=\"10\">Parameter:<\/h3>\n<ul data-path-to-node=\"11\">\n<li>\n<p data-path-to-node=\"11,0,0\"><b data-path-to-node=\"11,0,0\" data-index-in-node=\"0\">Material:<\/b> Pappelsperrholz<\/p>\n<\/li>\n<li>\n<p data-path-to-node=\"11,1,0\"><b data-path-to-node=\"11,1,0\" data-index-in-node=\"0\">Produktdicke:<\/b> 3 mm<\/p>\n<\/li>\n<li>\n<p data-path-to-node=\"11,2,0\"><b data-path-to-node=\"11,2,0\" data-index-in-node=\"0\">Hersteller:<\/b> Dekohra.eu<\/p>\n<\/li>\n<li>\n<p data-path-to-node=\"11,3,0\"><b data-path-to-node=\"11,3,0\" data-index-in-node=\"0\">Abmessungen:<\/b> 20 x 13 cm<\/p>\n<\/li>\n<li>\n<p data-path-to-node=\"11,4,0\"><b data-path-to-node=\"11,4,0\" data-index-in-node=\"0\">Farbe:<\/b> Naturholz<\/p>\n<\/li>\n<\/ul>\n<p>&nbsp;<\/p>","protected":false},"excerpt":{"rendered":"<p>D\u0159ev\u011bn\u00fd d\u00e1rkov\u00fd poukaz \u2013 Hl\u00edd\u00e1n\u00ed vnou\u010d\u00e1tek Vtipn\u00fd d\u00e1rkov\u00fd poukaz \u2013 Tento d\u0159ev\u011bn\u00fd poukaz na \u201eceloro\u010dn\u00ed hl\u00edd\u00e1n\u00ed\u201c je origin\u00e1ln\u00edm a vesel\u00fdm [&hellip;]<\/p>","protected":false},"featured_media":19092,"comment_status":"open","ping_status":"closed","template":"","meta":{"site-sidebar-layout":"default","site-content-layout":"","ast-site-content-layout":"default","site-content-style":"default","site-sidebar-style":"default","ast-global-header-display":"","ast-banner-title-visibility":"","ast-main-header-display":"","ast-hfb-above-header-display":"","ast-hfb-below-header-display":"","ast-hfb-mobile-header-display":"","site-post-title":"","ast-breadcrumbs-content":"","ast-featured-img":"","footer-sml-layout":"","theme-transparent-header-meta":"default","adv-header-id-meta":"","stick-header-meta":"","header-above-stick-meta":"","header-main-stick-meta":"","header-below-stick-meta":"","astra-migrate-meta-layouts":"set","ast-page-background-enabled":"default","ast-page-background-meta":{"desktop":{"background-color":"var(--ast-global-color-4)","background-image":"","background-repeat":"repeat","background-position":"center center","background-size":"auto","background-attachment":"scroll","background-type":"","background-media":"","overlay-type":"","overlay-color":"","overlay-opacity":"","overlay-gradient":""},"tablet":{"background-color":"","background-image":"","background-repeat":"repeat","background-position":"center center","background-size":"auto","background-attachment":"scroll","background-type":"","background-media":"","overlay-type":"","overlay-color":"","overlay-opacity":"","overlay-gradient":""},"mobile":{"background-color":"","background-image":"","background-repeat":"repeat","background-position":"center center","background-size":"auto","background-attachment":"scroll","background-type":"","background-media":"","overlay-type":"","overlay-color":"","overlay-opacity":"","overlay-gradient":""}},"ast-content-background-meta":{"desktop":{"background-color":"var(--ast-global-color-5)","background-image":"","background-repeat":"repeat","background-position":"center center","background-size":"auto","background-attachment":"scroll","background-type":"","background-media":"","overlay-type":"","overlay-color":"","overlay-opacity":"","overlay-gradient":""},"tablet":{"background-color":"var(--ast-global-color-5)","background-image":"","background-repeat":"repeat","background-position":"center center","background-size":"auto","background-attachment":"scroll","background-type":"","background-media":"","overlay-type":"","overlay-color":"","overlay-opacity":"","overlay-gradient":""},"mobile":{"background-color":"var(--ast-global-color-5)","background-image":"","background-repeat":"repeat","background-position":"center center","background-size":"auto","background-attachment":"scroll","background-type":"","background-media":"","overlay-type":"","overlay-color":"","overlay-opacity":"","overlay-gradient":""}},"jetpack_post_was_ever_published":false},"product_brand":[],"product_cat":[554,550],"product_tag":[],"class_list":{"0":"post-18586","1":"product","2":"type-product","3":"status-publish","4":"has-post-thumbnail","6":"product_cat-narozeninove-darky","7":"product_cat-darky-pro-deti","8":"pa_barva-cerna","9":"pa_barva-antracit","10":"pa_barva-bila","11":"pa_barva-cervena","12":"pa_barva-fialova","13":"pa_barva-modra","14":"pa_barva-oranzova","15":"pa_barva-orech","16":"pa_barva-ruzova","17":"pa_barva-zelena","18":"pa_barva-zluta","19":"desktop-align-left","20":"tablet-align-left","21":"mobile-align-left","23":"first","24":"instock","25":"shipping-taxable","26":"purchasable","27":"product-type-simple"},"jetpack_sharing_enabled":true,"_links":{"self":[{"href":"https:\/\/dekohra.eu\/de\/wp-json\/wp\/v2\/product\/18586","targetHints":{"allow":["GET"]}}],"collection":[{"href":"https:\/\/dekohra.eu\/de\/wp-json\/wp\/v2\/product"}],"about":[{"href":"https:\/\/dekohra.eu\/de\/wp-json\/wp\/v2\/types\/product"}],"replies":[{"embeddable":true,"href":"https:\/\/dekohra.eu\/de\/wp-json\/wp\/v2\/comments?post=18586"}],"wp:featuredmedia":[{"embeddable":true,"href":"https:\/\/dekohra.eu\/de\/wp-json\/wp\/v2\/media\/19092"}],"wp:attachment":[{"href":"https:\/\/dekohra.eu\/de\/wp-json\/wp\/v2\/media?parent=18586"}],"wp:term":[{"taxonomy":"product_brand","embeddable":true,"href":"https:\/\/dekohra.eu\/de\/wp-json\/wp\/v2\/product_brand?post=18586"},{"taxonomy":"product_cat","embeddable":true,"href":"https:\/\/dekohra.eu\/de\/wp-json\/wp\/v2\/product_cat?post=18586"},{"taxonomy":"product_tag","embeddable":true,"href":"https:\/\/dekohra.eu\/de\/wp-json\/wp\/v2\/product_tag?post=18586"}],"curies":[{"name":"wp","href":"https:\/\/api.w.org\/{rel}","templated":true}]}}