{"id":18633,"date":"2026-01-24T11:33:41","date_gmt":"2026-01-24T10:33:41","guid":{"rendered":"https:\/\/dekohra.eu\/?post_type=product&#038;p=18633"},"modified":"2026-01-24T12:00:05","modified_gmt":"2026-01-24T11:00:05","slug":"originalni-dreveny-darek-andel-s-vlastnim-textem","status":"publish","type":"product","link":"https:\/\/dekohra.eu\/de\/produkt\/originalni-dreveny-darek-andel-s-vlastnim-textem\/","title":{"rendered":"Originelles Holzgeschenk \u2013 Engel mit Ihrem Wunschtext"},"content":{"rendered":"<h3 data-start=\"221\" data-end=\"275\">Originelles Holzgeschenk \u2013 Engel mit Ihrem Wunschtext<\/h3>\n<p data-start=\"277\" data-end=\"516\">Eine zarte Dekoration mit tieferer Bedeutung, die zu jedem Anlass Freude bereitet. Ein Holzengel mit der M\u00f6glichkeit zur individuellen Gravur ist ein wundersch\u00f6nes, pers\u00f6nliches Geschenk \u2013 ob als Dankesch\u00f6n f\u00fcr eine Lehrerin oder einen Lehrer oder als universelles Geschenk f\u00fcr einen lieben Menschen.<\/p>\n<p data-start=\"518\" data-end=\"757\">Zur Auswahl stehen folgende M\u00f6glichkeiten: <strong data-start=\"532\" data-end=\"556\">zwei Farbvarianten<\/strong> \u2013 Naturbelassenes Sperrholz f\u00fcr Liebhaber des nat\u00fcrlichen Stils oder eine elegante wei\u00dfe Variante, die sich harmonisch in moderne Einrichtungen einf\u00fcgt. Eine individuelle Gravur auf der Unterseite verleiht dem Geschenk eine einzigartige und pers\u00f6nliche Note.<\/p>\n<h4 data-start=\"759\" data-end=\"782\">\u2728 Farbvariationen<\/h4>\n<ul data-start=\"783\" data-end=\"827\">\n<li data-start=\"783\" data-end=\"807\">\n<p data-start=\"785\" data-end=\"807\"><strong data-start=\"785\" data-end=\"807\">Natursperrholz<\/strong><\/p>\n<\/li>\n<li data-start=\"808\" data-end=\"827\">\n<p data-start=\"810\" data-end=\"827\"><strong data-start=\"810\" data-end=\"827\">Wei\u00dfe Variante<\/strong><\/p>\n<\/li>\n<\/ul>\n<h4 data-start=\"829\" data-end=\"843\">\u2728 Verwendung<\/h4>\n<ul data-start=\"844\" data-end=\"1051\">\n<li data-start=\"844\" data-end=\"901\">\n<p data-start=\"846\" data-end=\"901\">Geschenk f\u00fcr <strong data-start=\"856\" data-end=\"867\">Lehrer<\/strong> (Ende des Schuljahres, danke)<\/p>\n<\/li>\n<li data-start=\"902\" data-end=\"954\">\n<p data-start=\"904\" data-end=\"954\">pers\u00f6nliches Geschenk f\u00fcr <strong data-start=\"919\" data-end=\"954\">Geburtstag, Feiertag oder Jahrestag<\/strong><\/p>\n<\/li>\n<li data-start=\"955\" data-end=\"1011\">\n<p data-start=\"957\" data-end=\"1011\">Dekoration auf <strong data-start=\"969\" data-end=\"1011\">Regal, Schreibtisch oder Nachttisch<\/strong><\/p>\n<\/li>\n<li data-start=\"1012\" data-end=\"1051\">\n<p data-start=\"1014\" data-end=\"1051\">ein freundliches Dankesch\u00f6n oder ein symbolischer Wunsch<\/p>\n<\/li>\n<\/ul>\n<h4 data-start=\"1053\" data-end=\"1087\">\ud83c\udf81 Warum diesen Engel w\u00e4hlen?<\/h4>\n<ul data-start=\"1088\" data-end=\"1300\">\n<li data-start=\"1088\" data-end=\"1129\">\n<p data-start=\"1090\" data-end=\"1129\">Wahrscheinlichkeit <strong data-start=\"1098\" data-end=\"1129\">Gravur Ihres eigenen Textes<\/strong><\/p>\n<\/li>\n<li data-start=\"1130\" data-end=\"1165\">\n<p data-start=\"1132\" data-end=\"1165\">Auswahl aus zwei Farboptionen<\/p>\n<\/li>\n<li data-start=\"1166\" data-end=\"1209\">\n<p data-start=\"1168\" data-end=\"1209\">nat\u00fcrliche Materialien und hochwertige Verarbeitung<\/p>\n<\/li>\n<li data-start=\"1210\" data-end=\"1262\">\n<p data-start=\"1212\" data-end=\"1262\">Universelles Design, geeignet f\u00fcr jeden Anlass<\/p>\n<\/li>\n<li data-start=\"1263\" data-end=\"1300\">\n<p data-start=\"1265\" data-end=\"1300\">eine bleibende Erinnerung mit pers\u00f6nlicher Bedeutung<\/p>\n<\/li>\n<\/ul>\n<hr data-start=\"1302\" data-end=\"1305\" \/>\n<h3 data-start=\"1307\" data-end=\"1329\">Produktparameter<\/h3>\n<ul data-start=\"1330\" data-end=\"1646\">\n<li data-start=\"1330\" data-end=\"1366\">\n<p data-start=\"1332\" data-end=\"1366\"><strong data-start=\"1332\" data-end=\"1345\">Material:<\/strong> Pappelsperrholz<\/p>\n<\/li>\n<li data-start=\"1367\" data-end=\"1397\">\n<p data-start=\"1369\" data-end=\"1397\"><strong data-start=\"1369\" data-end=\"1379\">Farbe:<\/strong> Natur \/ Wei\u00df<\/p>\n<\/li>\n<li data-start=\"1398\" data-end=\"1439\">\n<p data-start=\"1400\" data-end=\"1439\"><strong data-start=\"1400\" data-end=\"1412\">Abmessungen:<\/strong> H\u00f6he 12,5 cm, Breite mit Fl\u00fcgeln 20 cm<\/p>\n<\/li>\n<li data-start=\"1440\" data-end=\"1462\">\n<p data-start=\"1442\" data-end=\"1462\"><strong data-start=\"1442\" data-end=\"1455\">Dicke:<\/strong> 3 mm<\/p>\n<\/li>\n<li data-start=\"1463\" data-end=\"1483\">\n<p data-start=\"1465\" data-end=\"1483\"><strong data-start=\"1465\" data-end=\"1476\">Verpackung:<\/strong> 1 St\u00fcck<\/p>\n<\/li>\n<li data-start=\"1484\" data-end=\"1557\">\n<p data-start=\"1486\" data-end=\"1557\"><strong data-start=\"1486\" data-end=\"1504\">Personalisierung:<\/strong> Gravur Ihres eigenen Textes<\/p>\n<\/li>\n<li data-start=\"1558\" data-end=\"1585\">\n<p data-start=\"1560\" data-end=\"1585\"><strong data-start=\"1560\" data-end=\"1572\">Hersteller:<\/strong> Dekohra.eu<\/p>\n<\/li>\n<li data-start=\"1586\" data-end=\"1646\">\n<p data-start=\"1588\" data-end=\"1646\"><strong data-start=\"1588\" data-end=\"1602\">Kategorie:<\/strong> Geschenke f\u00fcr Lehrer \/ Personalisierte Geschenke<\/p>\n<\/li>\n<\/ul>","protected":false},"excerpt":{"rendered":"<p>Origin\u00e1ln\u00ed d\u0159ev\u011bn\u00fd d\u00e1rek \u2013 And\u011bl s vlastn\u00edm textem Jemn\u00e1 dekorace s hlub\u0161\u00edm v\u00fdznamem, kter\u00e1 pot\u011b\u0161\u00ed p\u0159i jak\u00e9koli p\u0159\u00edle\u017eitosti. D\u0159ev\u011bn\u00fd and\u011bl [&hellip;]<\/p>","protected":false},"featured_media":18634,"comment_status":"open","ping_status":"closed","template":"","meta":{"site-sidebar-layout":"default","site-content-layout":"","ast-site-content-layout":"default","site-content-style":"default","site-sidebar-style":"default","ast-global-header-display":"","ast-banner-title-visibility":"","ast-main-header-display":"","ast-hfb-above-header-display":"","ast-hfb-below-header-display":"","ast-hfb-mobile-header-display":"","site-post-title":"","ast-breadcrumbs-content":"","ast-featured-img":"","footer-sml-layout":"","theme-transparent-header-meta":"default","adv-header-id-meta":"","stick-header-meta":"","header-above-stick-meta":"","header-main-stick-meta":"","header-below-stick-meta":"","astra-migrate-meta-layouts":"set","ast-page-background-enabled":"default","ast-page-background-meta":{"desktop":{"background-color":"var(--ast-global-color-4)","background-image":"","background-repeat":"repeat","background-position":"center center","background-size":"auto","background-attachment":"scroll","background-type":"","background-media":"","overlay-type":"","overlay-color":"","overlay-opacity":"","overlay-gradient":""},"tablet":{"background-color":"","background-image":"","background-repeat":"repeat","background-position":"center center","background-size":"auto","background-attachment":"scroll","background-type":"","background-media":"","overlay-type":"","overlay-color":"","overlay-opacity":"","overlay-gradient":""},"mobile":{"background-color":"","background-image":"","background-repeat":"repeat","background-position":"center center","background-size":"auto","background-attachment":"scroll","background-type":"","background-media":"","overlay-type":"","overlay-color":"","overlay-opacity":"","overlay-gradient":""}},"ast-content-background-meta":{"desktop":{"background-color":"var(--ast-global-color-5)","background-image":"","background-repeat":"repeat","background-position":"center center","background-size":"auto","background-attachment":"scroll","background-type":"","background-media":"","overlay-type":"","overlay-color":"","overlay-opacity":"","overlay-gradient":""},"tablet":{"background-color":"var(--ast-global-color-5)","background-image":"","background-repeat":"repeat","background-position":"center center","background-size":"auto","background-attachment":"scroll","background-type":"","background-media":"","overlay-type":"","overlay-color":"","overlay-opacity":"","overlay-gradient":""},"mobile":{"background-color":"var(--ast-global-color-5)","background-image":"","background-repeat":"repeat","background-position":"center center","background-size":"auto","background-attachment":"scroll","background-type":"","background-media":"","overlay-type":"","overlay-color":"","overlay-opacity":"","overlay-gradient":""}},"jetpack_post_was_ever_published":false},"product_brand":[],"product_cat":[877,554],"product_tag":[],"class_list":{"0":"post-18633","1":"product","2":"type-product","3":"status-publish","4":"has-post-thumbnail","6":"product_cat-darky-pro-ucitele","7":"product_cat-narozeninove-darky","8":"pa_barva-bila","9":"pa_barva-topolova-preklizka","10":"desktop-align-left","11":"tablet-align-left","12":"mobile-align-left","14":"first","15":"instock","16":"shipping-taxable","17":"purchasable","18":"product-type-simple"},"jetpack_sharing_enabled":true,"_links":{"self":[{"href":"https:\/\/dekohra.eu\/de\/wp-json\/wp\/v2\/product\/18633","targetHints":{"allow":["GET"]}}],"collection":[{"href":"https:\/\/dekohra.eu\/de\/wp-json\/wp\/v2\/product"}],"about":[{"href":"https:\/\/dekohra.eu\/de\/wp-json\/wp\/v2\/types\/product"}],"replies":[{"embeddable":true,"href":"https:\/\/dekohra.eu\/de\/wp-json\/wp\/v2\/comments?post=18633"}],"wp:featuredmedia":[{"embeddable":true,"href":"https:\/\/dekohra.eu\/de\/wp-json\/wp\/v2\/media\/18634"}],"wp:attachment":[{"href":"https:\/\/dekohra.eu\/de\/wp-json\/wp\/v2\/media?parent=18633"}],"wp:term":[{"taxonomy":"product_brand","embeddable":true,"href":"https:\/\/dekohra.eu\/de\/wp-json\/wp\/v2\/product_brand?post=18633"},{"taxonomy":"product_cat","embeddable":true,"href":"https:\/\/dekohra.eu\/de\/wp-json\/wp\/v2\/product_cat?post=18633"},{"taxonomy":"product_tag","embeddable":true,"href":"https:\/\/dekohra.eu\/de\/wp-json\/wp\/v2\/product_tag?post=18633"}],"curies":[{"name":"wp","href":"https:\/\/api.w.org\/{rel}","templated":true}]}}